{"id":10897,"date":"2025-01-13T17:55:10","date_gmt":"2025-01-13T17:55:10","guid":{"rendered":"https:\/\/casajaguarstudio.com\/?page_id=10897"},"modified":"2025-09-19T17:03:50","modified_gmt":"2025-09-19T17:03:50","slug":"maxima","status":"publish","type":"page","link":"https:\/\/casajaguarstudio.com\/es\/maxima\/","title":{"rendered":"M\u00e1xima Acu\u00f1a"},"content":{"rendered":"<div data-elementor-type=\"wp-page\" data-elementor-id=\"10897\" class=\"elementor elementor-10897\">\n\t\t\t\t\t\t<section class=\"elementor-section elementor-top-section elementor-element elementor-element-06295fe elementor-section-full_width elementor-section-height-default elementor-section-height-default wd-section-disabled\" data-id=\"06295fe\" data-element_type=\"section\">\n\t\t\t\t\t\t<div class=\"elementor-container elementor-column-gap-default\">\n\t\t\t\t\t<div class=\"elementor-column elementor-col-50 elementor-top-column elementor-element elementor-element-3e63fcf\" data-id=\"3e63fcf\" data-element_type=\"column\">\n\t\t\t<div class=\"elementor-widget-wrap elementor-element-populated\">\n\t\t\t\t\t\t<div class=\"elementor-element elementor-element-04c1e67 elementor-widget elementor-widget-image\" data-id=\"04c1e67\" data-element_type=\"widget\" data-widget_type=\"image.default\">\n\t\t\t\t<div class=\"elementor-widget-container\">\n\t\t\t\t\t\t\t\t\t\t\t\t\t<img fetchpriority=\"high\" decoding=\"async\" width=\"1400\" height=\"2100\" src=\"https:\/\/casajaguarstudio.com\/wp-content\/uploads\/2025\/01\/Negative0-17-231-rotated.jpg\" class=\"attachment-full size-full wp-image-10838\" alt=\"\" srcset=\"https:\/\/casajaguarstudio.com\/wp-content\/uploads\/2025\/01\/Negative0-17-231-rotated.jpg 1400w, https:\/\/casajaguarstudio.com\/wp-content\/uploads\/2025\/01\/Negative0-17-231-200x300.jpg 200w, https:\/\/casajaguarstudio.com\/wp-content\/uploads\/2025\/01\/Negative0-17-231-533x800.jpg 533w, https:\/\/casajaguarstudio.com\/wp-content\/uploads\/2025\/01\/Negative0-17-231-768x1152.jpg 768w, https:\/\/casajaguarstudio.com\/wp-content\/uploads\/2025\/01\/Negative0-17-231-1024x1536.jpg 1024w, https:\/\/casajaguarstudio.com\/wp-content\/uploads\/2025\/01\/Negative0-17-231-1365x2048.jpg 1365w, https:\/\/casajaguarstudio.com\/wp-content\/uploads\/2025\/01\/Negative0-17-231-8x12.jpg 8w\" sizes=\"(max-width: 1400px) 100vw, 1400px\" \/>\t\t\t\t\t\t\t\t\t\t\t\t\t<\/div>\n\t\t\t\t<\/div>\n\t\t\t\t\t<\/div>\n\t\t<\/div>\n\t\t\t\t<div class=\"elementor-column elementor-col-50 elementor-top-column elementor-element elementor-element-f14f6f9\" data-id=\"f14f6f9\" data-element_type=\"column\">\n\t\t\t<div class=\"elementor-widget-wrap elementor-element-populated\">\n\t\t\t\t\t\t<div class=\"elementor-element elementor-element-be28ea9 color-scheme-inherit text-left elementor-widget elementor-widget-text-editor\" data-id=\"be28ea9\" data-element_type=\"widget\" data-widget_type=\"text-editor.default\">\n\t\t\t\t<div class=\"elementor-widget-container\">\n\t\t\t\t\t\t\t<p>Nombre: M\u00e1xima Acu\u00f1a<br \/>Dimensiones: <span data-sheets-root=\"1\">60 x 90 cm<\/span><br \/>T\u00e9cnica: <span data-sheets-root=\"1\">Fotograf\u00eda anal\u00f3gica de doble exposici\u00f3n sobre chromaluxe<\/span><\/p>\t\t\t\t\t\t<\/div>\n\t\t\t\t<\/div>\n\t\t\t\t<div class=\"elementor-element elementor-element-d189693 color-scheme-inherit text-left elementor-widget elementor-widget-text-editor\" data-id=\"d189693\" data-element_type=\"widget\" data-widget_type=\"text-editor.default\">\n\t\t\t\t<div class=\"elementor-widget-container\">\n\t\t\t\t\t\t\t<p><span style=\"font-weight: 400;\">Esta obra es parte de la serie Mujeres Indelebles\u2014un proyecto multidisciplinar que comenz\u00f3 con una investigaci\u00f3n hist\u00f3rica realizada por la ec\u00f3loga humana Ana Mar\u00eda Zabala sobre las vidas de mujeres ind\u00edgenas que han dejado huella en la historia de Abya Yala. A partir de la lectura de los textos, la artista visual Ivonne Portillo Sierra cre\u00f3 una pintura para cada mujer. A su vez, el poeta Arj\u00e0n \u00c0lvarez escribi\u00f3 un poema inspirado en cada historia. Por \u00faltimo, la fot\u00f3grafa Alba Maury tom\u00f3 fotograf\u00edas anal\u00f3gicas de doble exposici\u00f3n que superponen im\u00e1genes de paisajes con las im\u00e1genes de los cuadros de Ivonne, conectando a estas mujeres con la tierra por la que luchan.<\/span><\/p>\t\t\t\t\t\t<\/div>\n\t\t\t\t<\/div>\n\t\t\t\t\t<\/div>\n\t\t<\/div>\n\t\t\t\t\t<\/div>\n\t\t<\/section>\n\t\t\t\t<\/div>","protected":false},"excerpt":{"rendered":"<p>Name: M\u00e1xima Acu\u00f1aSize: 60 x 90 cmMedium: Double exposure analog photography on chromaluxe This work is part of the series<\/p>","protected":false},"author":1,"featured_media":0,"parent":0,"menu_order":0,"comment_status":"closed","ping_status":"closed","template":"","meta":{"footnotes":""},"class_list":["post-10897","page","type-page","status-publish","hentry"],"yoast_head":"<!-- This site is optimized with the Yoast SEO plugin v26.8 - https:\/\/yoast.com\/product\/yoast-seo-wordpress\/ -->\n<title>M\u00e1xima Acu\u00f1a - Casa Jaguar<\/title>\n<meta name=\"robots\" content=\"index, follow, max-snippet:-1, max-image-preview:large, max-video-preview:-1\" \/>\n<link rel=\"canonical\" href=\"https:\/\/casajaguarstudio.com\/es\/maxima\/\" \/>\n<meta property=\"og:locale\" content=\"es_ES\" \/>\n<meta property=\"og:type\" content=\"article\" \/>\n<meta property=\"og:title\" content=\"M\u00e1xima Acu\u00f1a - Casa Jaguar\" \/>\n<meta property=\"og:description\" content=\"Name: M\u00e1xima Acu\u00f1aSize: 60 x 90 cmMedium: Double exposure analog photography on chromaluxe This work is part of the series\" \/>\n<meta property=\"og:url\" content=\"https:\/\/casajaguarstudio.com\/es\/maxima\/\" \/>\n<meta property=\"og:site_name\" content=\"Casa Jaguar\" \/>\n<meta property=\"article:modified_time\" content=\"2025-09-19T17:03:50+00:00\" \/>\n<meta property=\"og:image\" content=\"https:\/\/casajaguarstudio.com\/wp-content\/uploads\/2025\/01\/Negative0-17-231-rotated.jpg\" \/>\n\t<meta property=\"og:image:width\" content=\"1400\" \/>\n\t<meta property=\"og:image:height\" content=\"2100\" \/>\n\t<meta property=\"og:image:type\" content=\"image\/jpeg\" \/>\n<meta name=\"twitter:card\" content=\"summary_large_image\" \/>\n<meta name=\"twitter:label1\" content=\"Tiempo de lectura\" \/>\n\t<meta name=\"twitter:data1\" content=\"1 minuto\" \/>\n<script type=\"application\/ld+json\" class=\"yoast-schema-graph\">{\"@context\":\"https:\/\/schema.org\",\"@graph\":[{\"@type\":\"WebPage\",\"@id\":\"https:\/\/casajaguarstudio.com\/maxima\/\",\"url\":\"https:\/\/casajaguarstudio.com\/maxima\/\",\"name\":\"M\u00e1xima Acu\u00f1a - Casa Jaguar\",\"isPartOf\":{\"@id\":\"https:\/\/casajaguarstudio.com\/#website\"},\"primaryImageOfPage\":{\"@id\":\"https:\/\/casajaguarstudio.com\/maxima\/#primaryimage\"},\"image\":{\"@id\":\"https:\/\/casajaguarstudio.com\/maxima\/#primaryimage\"},\"thumbnailUrl\":\"https:\/\/casajaguarstudio.com\/wp-content\/uploads\/2025\/01\/Negative0-17-231-rotated.jpg\",\"datePublished\":\"2025-01-13T17:55:10+00:00\",\"dateModified\":\"2025-09-19T17:03:50+00:00\",\"breadcrumb\":{\"@id\":\"https:\/\/casajaguarstudio.com\/maxima\/#breadcrumb\"},\"inLanguage\":\"es-CO\",\"potentialAction\":[{\"@type\":\"ReadAction\",\"target\":[\"https:\/\/casajaguarstudio.com\/maxima\/\"]}]},{\"@type\":\"ImageObject\",\"inLanguage\":\"es-CO\",\"@id\":\"https:\/\/casajaguarstudio.com\/maxima\/#primaryimage\",\"url\":\"https:\/\/casajaguarstudio.com\/wp-content\/uploads\/2025\/01\/Negative0-17-231-rotated.jpg\",\"contentUrl\":\"https:\/\/casajaguarstudio.com\/wp-content\/uploads\/2025\/01\/Negative0-17-231-rotated.jpg\"},{\"@type\":\"BreadcrumbList\",\"@id\":\"https:\/\/casajaguarstudio.com\/maxima\/#breadcrumb\",\"itemListElement\":[{\"@type\":\"ListItem\",\"position\":1,\"name\":\"Home\",\"item\":\"https:\/\/casajaguarstudio.com\/\"},{\"@type\":\"ListItem\",\"position\":2,\"name\":\"M\u00e1xima Acu\u00f1a\"}]},{\"@type\":\"WebSite\",\"@id\":\"https:\/\/casajaguarstudio.com\/#website\",\"url\":\"https:\/\/casajaguarstudio.com\/\",\"name\":\"Casa Jaguar\",\"description\":\"Studio\",\"potentialAction\":[{\"@type\":\"SearchAction\",\"target\":{\"@type\":\"EntryPoint\",\"urlTemplate\":\"https:\/\/casajaguarstudio.com\/?s={search_term_string}\"},\"query-input\":{\"@type\":\"PropertyValueSpecification\",\"valueRequired\":true,\"valueName\":\"search_term_string\"}}],\"inLanguage\":\"es-CO\"}]}<\/script>\n<!-- \/ Yoast SEO plugin. -->","yoast_head_json":{"title":"M\u00e1xima Acu\u00f1a - Casa Jaguar","robots":{"index":"index","follow":"follow","max-snippet":"max-snippet:-1","max-image-preview":"max-image-preview:large","max-video-preview":"max-video-preview:-1"},"canonical":"https:\/\/casajaguarstudio.com\/es\/maxima\/","og_locale":"es_ES","og_type":"article","og_title":"M\u00e1xima Acu\u00f1a - Casa Jaguar","og_description":"Name: M\u00e1xima Acu\u00f1aSize: 60 x 90 cmMedium: Double exposure analog photography on chromaluxe This work is part of the series","og_url":"https:\/\/casajaguarstudio.com\/es\/maxima\/","og_site_name":"Casa Jaguar","article_modified_time":"2025-09-19T17:03:50+00:00","og_image":[{"width":1400,"height":2100,"url":"https:\/\/casajaguarstudio.com\/wp-content\/uploads\/2025\/01\/Negative0-17-231-rotated.jpg","type":"image\/jpeg"}],"twitter_card":"summary_large_image","twitter_misc":{"Tiempo de lectura":"1 minuto"},"schema":{"@context":"https:\/\/schema.org","@graph":[{"@type":"WebPage","@id":"https:\/\/casajaguarstudio.com\/maxima\/","url":"https:\/\/casajaguarstudio.com\/maxima\/","name":"M\u00e1xima Acu\u00f1a - Casa Jaguar","isPartOf":{"@id":"https:\/\/casajaguarstudio.com\/#website"},"primaryImageOfPage":{"@id":"https:\/\/casajaguarstudio.com\/maxima\/#primaryimage"},"image":{"@id":"https:\/\/casajaguarstudio.com\/maxima\/#primaryimage"},"thumbnailUrl":"https:\/\/casajaguarstudio.com\/wp-content\/uploads\/2025\/01\/Negative0-17-231-rotated.jpg","datePublished":"2025-01-13T17:55:10+00:00","dateModified":"2025-09-19T17:03:50+00:00","breadcrumb":{"@id":"https:\/\/casajaguarstudio.com\/maxima\/#breadcrumb"},"inLanguage":"es-CO","potentialAction":[{"@type":"ReadAction","target":["https:\/\/casajaguarstudio.com\/maxima\/"]}]},{"@type":"ImageObject","inLanguage":"es-CO","@id":"https:\/\/casajaguarstudio.com\/maxima\/#primaryimage","url":"https:\/\/casajaguarstudio.com\/wp-content\/uploads\/2025\/01\/Negative0-17-231-rotated.jpg","contentUrl":"https:\/\/casajaguarstudio.com\/wp-content\/uploads\/2025\/01\/Negative0-17-231-rotated.jpg"},{"@type":"BreadcrumbList","@id":"https:\/\/casajaguarstudio.com\/maxima\/#breadcrumb","itemListElement":[{"@type":"ListItem","position":1,"name":"Home","item":"https:\/\/casajaguarstudio.com\/"},{"@type":"ListItem","position":2,"name":"M\u00e1xima Acu\u00f1a"}]},{"@type":"WebSite","@id":"https:\/\/casajaguarstudio.com\/#website","url":"https:\/\/casajaguarstudio.com\/","name":"Casa Jaguar","description":"Studio","potentialAction":[{"@type":"SearchAction","target":{"@type":"EntryPoint","urlTemplate":"https:\/\/casajaguarstudio.com\/?s={search_term_string}"},"query-input":{"@type":"PropertyValueSpecification","valueRequired":true,"valueName":"search_term_string"}}],"inLanguage":"es-CO"}]}},"_links":{"self":[{"href":"https:\/\/casajaguarstudio.com\/es\/wp-json\/wp\/v2\/pages\/10897","targetHints":{"allow":["GET"]}}],"collection":[{"href":"https:\/\/casajaguarstudio.com\/es\/wp-json\/wp\/v2\/pages"}],"about":[{"href":"https:\/\/casajaguarstudio.com\/es\/wp-json\/wp\/v2\/types\/page"}],"author":[{"embeddable":true,"href":"https:\/\/casajaguarstudio.com\/es\/wp-json\/wp\/v2\/users\/1"}],"replies":[{"embeddable":true,"href":"https:\/\/casajaguarstudio.com\/es\/wp-json\/wp\/v2\/comments?post=10897"}],"version-history":[{"count":11,"href":"https:\/\/casajaguarstudio.com\/es\/wp-json\/wp\/v2\/pages\/10897\/revisions"}],"predecessor-version":[{"id":11291,"href":"https:\/\/casajaguarstudio.com\/es\/wp-json\/wp\/v2\/pages\/10897\/revisions\/11291"}],"wp:attachment":[{"href":"https:\/\/casajaguarstudio.com\/es\/wp-json\/wp\/v2\/media?parent=10897"}],"curies":[{"name":"wp","href":"https:\/\/api.w.org\/{rel}","templated":true}]}}