{"id":10917,"date":"2025-01-13T18:06:17","date_gmt":"2025-01-13T18:06:17","guid":{"rendered":"https:\/\/casajaguarstudio.com\/?page_id=10917"},"modified":"2026-04-12T21:09:32","modified_gmt":"2026-04-12T21:09:32","slug":"chagra","status":"publish","type":"page","link":"https:\/\/casajaguarstudio.com\/es\/chagra\/","title":{"rendered":"Chagra"},"content":{"rendered":"<div data-elementor-type=\"wp-page\" data-elementor-id=\"10917\" class=\"elementor elementor-10917\">\n\t\t\t\t\t\t<section class=\"elementor-section elementor-top-section elementor-element elementor-element-c58bb24 elementor-section-full_width elementor-section-height-default elementor-section-height-default wd-section-disabled\" data-id=\"c58bb24\" data-element_type=\"section\">\n\t\t\t\t\t\t<div class=\"elementor-container elementor-column-gap-default\">\n\t\t\t\t\t<div class=\"elementor-column elementor-col-50 elementor-top-column elementor-element elementor-element-0d6478e\" data-id=\"0d6478e\" data-element_type=\"column\">\n\t\t\t<div class=\"elementor-widget-wrap elementor-element-populated\">\n\t\t\t\t\t\t<div class=\"elementor-element elementor-element-8bff708 elementor-widget elementor-widget-image\" data-id=\"8bff708\" data-element_type=\"widget\" data-widget_type=\"image.default\">\n\t\t\t\t<div class=\"elementor-widget-container\">\n\t\t\t\t\t\t\t\t\t\t\t\t\t<img fetchpriority=\"high\" decoding=\"async\" width=\"556\" height=\"800\" src=\"https:\/\/casajaguarstudio.com\/wp-content\/uploads\/2025\/11\/Chagra-556x800.jpg\" class=\"attachment-large size-large wp-image-11356\" alt=\"\" srcset=\"https:\/\/casajaguarstudio.com\/wp-content\/uploads\/2025\/11\/Chagra-556x800.jpg 556w, https:\/\/casajaguarstudio.com\/wp-content\/uploads\/2025\/11\/Chagra-208x300.jpg 208w, https:\/\/casajaguarstudio.com\/wp-content\/uploads\/2025\/11\/Chagra-768x1105.jpg 768w, https:\/\/casajaguarstudio.com\/wp-content\/uploads\/2025\/11\/Chagra-8x12.jpg 8w, https:\/\/casajaguarstudio.com\/wp-content\/uploads\/2025\/11\/Chagra.jpg 1000w\" sizes=\"(max-width: 556px) 100vw, 556px\" \/>\t\t\t\t\t\t\t\t\t\t\t\t\t<\/div>\n\t\t\t\t<\/div>\n\t\t\t\t\t<\/div>\n\t\t<\/div>\n\t\t\t\t<div class=\"elementor-column elementor-col-50 elementor-top-column elementor-element elementor-element-2a18075\" data-id=\"2a18075\" data-element_type=\"column\">\n\t\t\t<div class=\"elementor-widget-wrap elementor-element-populated\">\n\t\t\t\t\t\t<div class=\"elementor-element elementor-element-81893c4 color-scheme-inherit text-left elementor-widget elementor-widget-text-editor\" data-id=\"81893c4\" data-element_type=\"widget\" data-widget_type=\"text-editor.default\">\n\t\t\t\t<div class=\"elementor-widget-container\">\n\t\t\t\t\t\t\t<p>Nombre: Chagra<br \/>Tama\u00f1o: 100 x 146<span data-sheets-root=\"1\">\u00a0cm<\/span><br \/>T\u00e9cnica: Acr\u00edlico, collage, grabado y \u00f3leo sobre tela<br \/>A\u00f1o: 2025<\/p>\t\t\t\t\t\t<\/div>\n\t\t\t\t<\/div>\n\t\t\t\t\t<\/div>\n\t\t<\/div>\n\t\t\t\t\t<\/div>\n\t\t<\/section>\n\t\t\t\t<section class=\"elementor-section elementor-top-section elementor-element elementor-element-1217c05 elementor-section-full_width elementor-section-height-default elementor-section-height-default wd-section-disabled\" data-id=\"1217c05\" data-element_type=\"section\">\n\t\t\t\t\t\t<div class=\"elementor-container elementor-column-gap-default\">\n\t\t\t\t\t<div class=\"elementor-column elementor-col-100 elementor-top-column elementor-element elementor-element-b2bab3f\" data-id=\"b2bab3f\" data-element_type=\"column\">\n\t\t\t<div class=\"elementor-widget-wrap elementor-element-populated\">\n\t\t\t\t\t\t<div class=\"elementor-element elementor-element-a038a28 color-scheme-inherit text-left elementor-widget elementor-widget-text-editor\" data-id=\"a038a28\" data-element_type=\"widget\" data-widget_type=\"text-editor.default\">\n\t\t\t\t<div class=\"elementor-widget-container\">\n\t\t\t\t\t\t\t<p class=\"p1\">La chagra es un espacio de vida donde conviven cultivos, frutas y plantas medicinales junto con ense\u00f1anzas profundas sobre c\u00f3mo debemos convivir las personas en un mismo espacio: as\u00ed como todas estas plantas lo hacen en la chagra. Las mujeres cuidan la chagra y all\u00ed transmiten sus saberes ancestrales. Para la gente de la Amazon\u00eda la chagra es un ser vivo, es una madre que sustenta a la comunidad y debe cuidarse. Para empezar una chagra, las comunidades talan una parte de bosque y cuando el ciclo de la chagra se cumple lo dejan descansar para regenerarse y abren espacio en otra parte del bosque para cultivar la siguiente chagra.<\/p>\t\t\t\t\t\t<\/div>\n\t\t\t\t<\/div>\n\t\t\t\t\t<\/div>\n\t\t<\/div>\n\t\t\t\t\t<\/div>\n\t\t<\/section>\n\t\t\t\t<\/div>","protected":false},"excerpt":{"rendered":"<p>Name: ChagraSize: 100 x 146\u00a0cmMedium: Acrylic, oil, collage, engraving on fabricYear: 2025 A chagra is a space of life where<\/p>","protected":false},"author":1,"featured_media":0,"parent":0,"menu_order":0,"comment_status":"closed","ping_status":"closed","template":"","meta":{"footnotes":""},"class_list":["post-10917","page","type-page","status-publish","hentry"],"yoast_head":"<!-- This site is optimized with the Yoast SEO plugin v26.8 - https:\/\/yoast.com\/product\/yoast-seo-wordpress\/ -->\n<title>Chagra - Casa Jaguar<\/title>\n<meta name=\"robots\" content=\"index, follow, max-snippet:-1, max-image-preview:large, max-video-preview:-1\" \/>\n<link rel=\"canonical\" href=\"https:\/\/casajaguarstudio.com\/es\/chagra\/\" \/>\n<meta property=\"og:locale\" content=\"es_ES\" \/>\n<meta property=\"og:type\" content=\"article\" \/>\n<meta property=\"og:title\" content=\"Chagra - Casa Jaguar\" \/>\n<meta property=\"og:description\" content=\"Name: ChagraSize: 100 x 146\u00a0cmMedium: Acrylic, oil, collage, engraving on fabricYear: 2025 A chagra is a space of life where\" \/>\n<meta property=\"og:url\" content=\"https:\/\/casajaguarstudio.com\/es\/chagra\/\" \/>\n<meta property=\"og:site_name\" content=\"Casa Jaguar\" \/>\n<meta property=\"article:modified_time\" content=\"2026-04-12T21:09:32+00:00\" \/>\n<meta property=\"og:image\" content=\"https:\/\/casajaguarstudio.com\/wp-content\/uploads\/2025\/11\/Chagra.jpg\" \/>\n\t<meta property=\"og:image:width\" content=\"1000\" \/>\n\t<meta property=\"og:image:height\" content=\"1439\" \/>\n\t<meta property=\"og:image:type\" content=\"image\/jpeg\" \/>\n<meta name=\"twitter:card\" content=\"summary_large_image\" \/>\n<meta name=\"twitter:label1\" content=\"Tiempo de lectura\" \/>\n\t<meta name=\"twitter:data1\" content=\"1 minuto\" \/>\n<script type=\"application\/ld+json\" class=\"yoast-schema-graph\">{\"@context\":\"https:\/\/schema.org\",\"@graph\":[{\"@type\":\"WebPage\",\"@id\":\"https:\/\/casajaguarstudio.com\/chagra\/\",\"url\":\"https:\/\/casajaguarstudio.com\/chagra\/\",\"name\":\"Chagra - Casa Jaguar\",\"isPartOf\":{\"@id\":\"https:\/\/casajaguarstudio.com\/#website\"},\"primaryImageOfPage\":{\"@id\":\"https:\/\/casajaguarstudio.com\/chagra\/#primaryimage\"},\"image\":{\"@id\":\"https:\/\/casajaguarstudio.com\/chagra\/#primaryimage\"},\"thumbnailUrl\":\"https:\/\/casajaguarstudio.com\/wp-content\/uploads\/2025\/11\/Chagra-556x800.jpg\",\"datePublished\":\"2025-01-13T18:06:17+00:00\",\"dateModified\":\"2026-04-12T21:09:32+00:00\",\"breadcrumb\":{\"@id\":\"https:\/\/casajaguarstudio.com\/chagra\/#breadcrumb\"},\"inLanguage\":\"es-CO\",\"potentialAction\":[{\"@type\":\"ReadAction\",\"target\":[\"https:\/\/casajaguarstudio.com\/chagra\/\"]}]},{\"@type\":\"ImageObject\",\"inLanguage\":\"es-CO\",\"@id\":\"https:\/\/casajaguarstudio.com\/chagra\/#primaryimage\",\"url\":\"https:\/\/casajaguarstudio.com\/wp-content\/uploads\/2025\/11\/Chagra-556x800.jpg\",\"contentUrl\":\"https:\/\/casajaguarstudio.com\/wp-content\/uploads\/2025\/11\/Chagra-556x800.jpg\"},{\"@type\":\"BreadcrumbList\",\"@id\":\"https:\/\/casajaguarstudio.com\/chagra\/#breadcrumb\",\"itemListElement\":[{\"@type\":\"ListItem\",\"position\":1,\"name\":\"Home\",\"item\":\"https:\/\/casajaguarstudio.com\/\"},{\"@type\":\"ListItem\",\"position\":2,\"name\":\"Chagra\"}]},{\"@type\":\"WebSite\",\"@id\":\"https:\/\/casajaguarstudio.com\/#website\",\"url\":\"https:\/\/casajaguarstudio.com\/\",\"name\":\"Casa Jaguar\",\"description\":\"Studio\",\"potentialAction\":[{\"@type\":\"SearchAction\",\"target\":{\"@type\":\"EntryPoint\",\"urlTemplate\":\"https:\/\/casajaguarstudio.com\/?s={search_term_string}\"},\"query-input\":{\"@type\":\"PropertyValueSpecification\",\"valueRequired\":true,\"valueName\":\"search_term_string\"}}],\"inLanguage\":\"es-CO\"}]}<\/script>\n<!-- \/ Yoast SEO plugin. -->","yoast_head_json":{"title":"Chagra - Casa Jaguar","robots":{"index":"index","follow":"follow","max-snippet":"max-snippet:-1","max-image-preview":"max-image-preview:large","max-video-preview":"max-video-preview:-1"},"canonical":"https:\/\/casajaguarstudio.com\/es\/chagra\/","og_locale":"es_ES","og_type":"article","og_title":"Chagra - Casa Jaguar","og_description":"Name: ChagraSize: 100 x 146\u00a0cmMedium: Acrylic, oil, collage, engraving on fabricYear: 2025 A chagra is a space of life where","og_url":"https:\/\/casajaguarstudio.com\/es\/chagra\/","og_site_name":"Casa Jaguar","article_modified_time":"2026-04-12T21:09:32+00:00","og_image":[{"width":1000,"height":1439,"url":"https:\/\/casajaguarstudio.com\/wp-content\/uploads\/2025\/11\/Chagra.jpg","type":"image\/jpeg"}],"twitter_card":"summary_large_image","twitter_misc":{"Tiempo de lectura":"1 minuto"},"schema":{"@context":"https:\/\/schema.org","@graph":[{"@type":"WebPage","@id":"https:\/\/casajaguarstudio.com\/chagra\/","url":"https:\/\/casajaguarstudio.com\/chagra\/","name":"Chagra - Casa Jaguar","isPartOf":{"@id":"https:\/\/casajaguarstudio.com\/#website"},"primaryImageOfPage":{"@id":"https:\/\/casajaguarstudio.com\/chagra\/#primaryimage"},"image":{"@id":"https:\/\/casajaguarstudio.com\/chagra\/#primaryimage"},"thumbnailUrl":"https:\/\/casajaguarstudio.com\/wp-content\/uploads\/2025\/11\/Chagra-556x800.jpg","datePublished":"2025-01-13T18:06:17+00:00","dateModified":"2026-04-12T21:09:32+00:00","breadcrumb":{"@id":"https:\/\/casajaguarstudio.com\/chagra\/#breadcrumb"},"inLanguage":"es-CO","potentialAction":[{"@type":"ReadAction","target":["https:\/\/casajaguarstudio.com\/chagra\/"]}]},{"@type":"ImageObject","inLanguage":"es-CO","@id":"https:\/\/casajaguarstudio.com\/chagra\/#primaryimage","url":"https:\/\/casajaguarstudio.com\/wp-content\/uploads\/2025\/11\/Chagra-556x800.jpg","contentUrl":"https:\/\/casajaguarstudio.com\/wp-content\/uploads\/2025\/11\/Chagra-556x800.jpg"},{"@type":"BreadcrumbList","@id":"https:\/\/casajaguarstudio.com\/chagra\/#breadcrumb","itemListElement":[{"@type":"ListItem","position":1,"name":"Home","item":"https:\/\/casajaguarstudio.com\/"},{"@type":"ListItem","position":2,"name":"Chagra"}]},{"@type":"WebSite","@id":"https:\/\/casajaguarstudio.com\/#website","url":"https:\/\/casajaguarstudio.com\/","name":"Casa Jaguar","description":"Studio","potentialAction":[{"@type":"SearchAction","target":{"@type":"EntryPoint","urlTemplate":"https:\/\/casajaguarstudio.com\/?s={search_term_string}"},"query-input":{"@type":"PropertyValueSpecification","valueRequired":true,"valueName":"search_term_string"}}],"inLanguage":"es-CO"}]}},"_links":{"self":[{"href":"https:\/\/casajaguarstudio.com\/es\/wp-json\/wp\/v2\/pages\/10917","targetHints":{"allow":["GET"]}}],"collection":[{"href":"https:\/\/casajaguarstudio.com\/es\/wp-json\/wp\/v2\/pages"}],"about":[{"href":"https:\/\/casajaguarstudio.com\/es\/wp-json\/wp\/v2\/types\/page"}],"author":[{"embeddable":true,"href":"https:\/\/casajaguarstudio.com\/es\/wp-json\/wp\/v2\/users\/1"}],"replies":[{"embeddable":true,"href":"https:\/\/casajaguarstudio.com\/es\/wp-json\/wp\/v2\/comments?post=10917"}],"version-history":[{"count":18,"href":"https:\/\/casajaguarstudio.com\/es\/wp-json\/wp\/v2\/pages\/10917\/revisions"}],"predecessor-version":[{"id":12146,"href":"https:\/\/casajaguarstudio.com\/es\/wp-json\/wp\/v2\/pages\/10917\/revisions\/12146"}],"wp:attachment":[{"href":"https:\/\/casajaguarstudio.com\/es\/wp-json\/wp\/v2\/media?parent=10917"}],"curies":[{"name":"wp","href":"https:\/\/api.w.org\/{rel}","templated":true}]}}