{"id":11132,"date":"2025-09-17T19:29:00","date_gmt":"2025-09-17T19:29:00","guid":{"rendered":"https:\/\/casajaguarstudio.com\/?page_id=11132"},"modified":"2025-09-19T18:29:13","modified_gmt":"2025-09-19T18:29:13","slug":"susurro","status":"publish","type":"page","link":"https:\/\/casajaguarstudio.com\/es\/susurro\/","title":{"rendered":"El susurro de lo antiguo"},"content":{"rendered":"<div data-elementor-type=\"wp-page\" data-elementor-id=\"11132\" class=\"elementor elementor-11132\">\n\t\t\t\t\t\t<section class=\"elementor-section elementor-top-section elementor-element elementor-element-4b94642a elementor-section-boxed elementor-section-height-default elementor-section-height-default wd-section-disabled\" data-id=\"4b94642a\" data-element_type=\"section\">\n\t\t\t\t\t\t<div class=\"elementor-container elementor-column-gap-default\">\n\t\t\t\t\t<div class=\"elementor-column elementor-col-100 elementor-top-column elementor-element elementor-element-18ccdb0c\" data-id=\"18ccdb0c\" data-element_type=\"column\">\n\t\t\t<div class=\"elementor-widget-wrap elementor-element-populated\">\n\t\t\t\t\t\t<div class=\"elementor-element elementor-element-560c6298 elementor-widget elementor-widget-image\" data-id=\"560c6298\" data-element_type=\"widget\" data-widget_type=\"image.default\">\n\t\t\t\t<div class=\"elementor-widget-container\">\n\t\t\t\t\t\t\t\t\t\t\t\t\t<img fetchpriority=\"high\" decoding=\"async\" width=\"1300\" height=\"763\" src=\"https:\/\/casajaguarstudio.com\/wp-content\/uploads\/2025\/09\/El-susurro-de-lo-antiguo-1300x763.jpg\" class=\"attachment-large size-large wp-image-11082\" alt=\"\" srcset=\"https:\/\/casajaguarstudio.com\/wp-content\/uploads\/2025\/09\/El-susurro-de-lo-antiguo-1300x763.jpg 1300w, https:\/\/casajaguarstudio.com\/wp-content\/uploads\/2025\/09\/El-susurro-de-lo-antiguo-400x235.jpg 400w, https:\/\/casajaguarstudio.com\/wp-content\/uploads\/2025\/09\/El-susurro-de-lo-antiguo-768x450.jpg 768w, https:\/\/casajaguarstudio.com\/wp-content\/uploads\/2025\/09\/El-susurro-de-lo-antiguo-1536x901.jpg 1536w, https:\/\/casajaguarstudio.com\/wp-content\/uploads\/2025\/09\/El-susurro-de-lo-antiguo-2048x1201.jpg 2048w, https:\/\/casajaguarstudio.com\/wp-content\/uploads\/2025\/09\/El-susurro-de-lo-antiguo-18x12.jpg 18w\" sizes=\"(max-width: 1300px) 100vw, 1300px\" \/>\t\t\t\t\t\t\t\t\t\t\t\t\t<\/div>\n\t\t\t\t<\/div>\n\t\t\t\t\t<\/div>\n\t\t<\/div>\n\t\t\t\t\t<\/div>\n\t\t<\/section>\n\t\t\t\t<section class=\"elementor-section elementor-top-section elementor-element elementor-element-4c3823f9 elementor-section-boxed elementor-section-height-default elementor-section-height-default wd-section-disabled\" data-id=\"4c3823f9\" data-element_type=\"section\">\n\t\t\t\t\t\t<div class=\"elementor-container elementor-column-gap-default\">\n\t\t\t\t\t<div class=\"elementor-column elementor-col-100 elementor-top-column elementor-element elementor-element-60881225\" data-id=\"60881225\" data-element_type=\"column\">\n\t\t\t<div class=\"elementor-widget-wrap elementor-element-populated\">\n\t\t\t\t\t\t<div class=\"elementor-element elementor-element-788e19b5 color-scheme-inherit text-left elementor-widget elementor-widget-text-editor\" data-id=\"788e19b5\" data-element_type=\"widget\" data-widget_type=\"text-editor.default\">\n\t\t\t\t<div class=\"elementor-widget-container\">\n\t\t\t\t\t\t\t<p>Nombre: El susurro de lo antiguo<\/p><p>Medidas: 88 x 52 cm<\/p><p>T\u00e9cnica: Acr\u00edlico, collage, acuarela, aguada de nogalina, pigmentos y \u00f3leo sobre tela<\/p><p>A\u00f1o: 2025<\/p>\t\t\t\t\t\t<\/div>\n\t\t\t\t<\/div>\n\t\t\t\t<div class=\"elementor-element elementor-element-1cc233ba color-scheme-inherit text-left elementor-widget elementor-widget-text-editor\" data-id=\"1cc233ba\" data-element_type=\"widget\" data-widget_type=\"text-editor.default\">\n\t\t\t\t<div class=\"elementor-widget-container\">\n\t\t\t\t\t\t\t<p class=\"p1\">La inspiraci\u00f3n de esta pieza son las <i>palmas de cera <\/i>del Valle del Cocor\u00e1 en Quind\u00edo, Colombia. Estas palmas son las m\u00e1s altas del mundo, pueden llegar hasta los 60 metros de altura y vivir hasta doscientos a\u00f1os. Son palmas \u00fanicas pues crecen a la mayor altitud sobre el nivel del mar, en los bosques nubosos andinos y no prosperan en ambientes con luz solar directa. Esta obra me hizo sentir que estaba entrando en un lugar sagrado, antiguo y lleno de silencio donde las palmas centenarias son seres que han estado ah\u00ed desde siempre observ\u00e1ndolo todo. El paisaje respira con calma envuelto por una especie de manta expansiva y antigua. La tierra y el cielo susurran en la neblina que hace posible la vida de las palmas.<\/p>\t\t\t\t\t\t<\/div>\n\t\t\t\t<\/div>\n\t\t\t\t\t<\/div>\n\t\t<\/div>\n\t\t\t\t\t<\/div>\n\t\t<\/section>\n\t\t\t\t<\/div>","protected":false},"excerpt":{"rendered":"<p>Name: The whisper of the ancient Size: 88 x 52 cm Medium: Acrylic, collage, watercolor, walnut stain, pigments and oil<\/p>","protected":false},"author":1,"featured_media":0,"parent":0,"menu_order":0,"comment_status":"closed","ping_status":"closed","template":"","meta":{"footnotes":""},"class_list":["post-11132","page","type-page","status-publish","hentry"],"yoast_head":"<!-- This site is optimized with the Yoast SEO plugin v26.8 - https:\/\/yoast.com\/product\/yoast-seo-wordpress\/ -->\n<title>El susurro de lo antiguo - Casa Jaguar<\/title>\n<meta name=\"robots\" content=\"index, follow, max-snippet:-1, max-image-preview:large, max-video-preview:-1\" \/>\n<link rel=\"canonical\" href=\"https:\/\/casajaguarstudio.com\/es\/susurro\/\" \/>\n<meta property=\"og:locale\" content=\"es_ES\" \/>\n<meta property=\"og:type\" content=\"article\" \/>\n<meta property=\"og:title\" content=\"El susurro de lo antiguo - Casa Jaguar\" \/>\n<meta property=\"og:description\" content=\"Name: The whisper of the ancient Size: 88 x 52 cm Medium: Acrylic, collage, watercolor, walnut stain, pigments and oil\" \/>\n<meta property=\"og:url\" content=\"https:\/\/casajaguarstudio.com\/es\/susurro\/\" \/>\n<meta property=\"og:site_name\" content=\"Casa Jaguar\" \/>\n<meta property=\"article:modified_time\" content=\"2025-09-19T18:29:13+00:00\" \/>\n<meta property=\"og:image\" content=\"https:\/\/casajaguarstudio.com\/wp-content\/uploads\/2025\/09\/El-susurro-de-lo-antiguo-scaled.jpg\" \/>\n\t<meta property=\"og:image:width\" content=\"2560\" \/>\n\t<meta property=\"og:image:height\" content=\"1502\" \/>\n\t<meta property=\"og:image:type\" content=\"image\/jpeg\" \/>\n<meta name=\"twitter:card\" content=\"summary_large_image\" \/>\n<meta name=\"twitter:label1\" content=\"Tiempo de lectura\" \/>\n\t<meta name=\"twitter:data1\" content=\"1 minuto\" \/>\n<script type=\"application\/ld+json\" class=\"yoast-schema-graph\">{\"@context\":\"https:\/\/schema.org\",\"@graph\":[{\"@type\":\"WebPage\",\"@id\":\"https:\/\/casajaguarstudio.com\/susurro\/\",\"url\":\"https:\/\/casajaguarstudio.com\/susurro\/\",\"name\":\"El susurro de lo antiguo - Casa Jaguar\",\"isPartOf\":{\"@id\":\"https:\/\/casajaguarstudio.com\/#website\"},\"primaryImageOfPage\":{\"@id\":\"https:\/\/casajaguarstudio.com\/susurro\/#primaryimage\"},\"image\":{\"@id\":\"https:\/\/casajaguarstudio.com\/susurro\/#primaryimage\"},\"thumbnailUrl\":\"https:\/\/casajaguarstudio.com\/wp-content\/uploads\/2025\/09\/El-susurro-de-lo-antiguo-1300x763.jpg\",\"datePublished\":\"2025-09-17T19:29:00+00:00\",\"dateModified\":\"2025-09-19T18:29:13+00:00\",\"breadcrumb\":{\"@id\":\"https:\/\/casajaguarstudio.com\/susurro\/#breadcrumb\"},\"inLanguage\":\"es-CO\",\"potentialAction\":[{\"@type\":\"ReadAction\",\"target\":[\"https:\/\/casajaguarstudio.com\/susurro\/\"]}]},{\"@type\":\"ImageObject\",\"inLanguage\":\"es-CO\",\"@id\":\"https:\/\/casajaguarstudio.com\/susurro\/#primaryimage\",\"url\":\"https:\/\/casajaguarstudio.com\/wp-content\/uploads\/2025\/09\/El-susurro-de-lo-antiguo-1300x763.jpg\",\"contentUrl\":\"https:\/\/casajaguarstudio.com\/wp-content\/uploads\/2025\/09\/El-susurro-de-lo-antiguo-1300x763.jpg\"},{\"@type\":\"BreadcrumbList\",\"@id\":\"https:\/\/casajaguarstudio.com\/susurro\/#breadcrumb\",\"itemListElement\":[{\"@type\":\"ListItem\",\"position\":1,\"name\":\"Home\",\"item\":\"https:\/\/casajaguarstudio.com\/\"},{\"@type\":\"ListItem\",\"position\":2,\"name\":\"El susurro de lo antiguo\"}]},{\"@type\":\"WebSite\",\"@id\":\"https:\/\/casajaguarstudio.com\/#website\",\"url\":\"https:\/\/casajaguarstudio.com\/\",\"name\":\"Casa Jaguar\",\"description\":\"Studio\",\"potentialAction\":[{\"@type\":\"SearchAction\",\"target\":{\"@type\":\"EntryPoint\",\"urlTemplate\":\"https:\/\/casajaguarstudio.com\/?s={search_term_string}\"},\"query-input\":{\"@type\":\"PropertyValueSpecification\",\"valueRequired\":true,\"valueName\":\"search_term_string\"}}],\"inLanguage\":\"es-CO\"}]}<\/script>\n<!-- \/ Yoast SEO plugin. -->","yoast_head_json":{"title":"El susurro de lo antiguo - Casa Jaguar","robots":{"index":"index","follow":"follow","max-snippet":"max-snippet:-1","max-image-preview":"max-image-preview:large","max-video-preview":"max-video-preview:-1"},"canonical":"https:\/\/casajaguarstudio.com\/es\/susurro\/","og_locale":"es_ES","og_type":"article","og_title":"El susurro de lo antiguo - Casa Jaguar","og_description":"Name: The whisper of the ancient Size: 88 x 52 cm Medium: Acrylic, collage, watercolor, walnut stain, pigments and oil","og_url":"https:\/\/casajaguarstudio.com\/es\/susurro\/","og_site_name":"Casa Jaguar","article_modified_time":"2025-09-19T18:29:13+00:00","og_image":[{"width":2560,"height":1502,"url":"https:\/\/casajaguarstudio.com\/wp-content\/uploads\/2025\/09\/El-susurro-de-lo-antiguo-scaled.jpg","type":"image\/jpeg"}],"twitter_card":"summary_large_image","twitter_misc":{"Tiempo de lectura":"1 minuto"},"schema":{"@context":"https:\/\/schema.org","@graph":[{"@type":"WebPage","@id":"https:\/\/casajaguarstudio.com\/susurro\/","url":"https:\/\/casajaguarstudio.com\/susurro\/","name":"El susurro de lo antiguo - Casa Jaguar","isPartOf":{"@id":"https:\/\/casajaguarstudio.com\/#website"},"primaryImageOfPage":{"@id":"https:\/\/casajaguarstudio.com\/susurro\/#primaryimage"},"image":{"@id":"https:\/\/casajaguarstudio.com\/susurro\/#primaryimage"},"thumbnailUrl":"https:\/\/casajaguarstudio.com\/wp-content\/uploads\/2025\/09\/El-susurro-de-lo-antiguo-1300x763.jpg","datePublished":"2025-09-17T19:29:00+00:00","dateModified":"2025-09-19T18:29:13+00:00","breadcrumb":{"@id":"https:\/\/casajaguarstudio.com\/susurro\/#breadcrumb"},"inLanguage":"es-CO","potentialAction":[{"@type":"ReadAction","target":["https:\/\/casajaguarstudio.com\/susurro\/"]}]},{"@type":"ImageObject","inLanguage":"es-CO","@id":"https:\/\/casajaguarstudio.com\/susurro\/#primaryimage","url":"https:\/\/casajaguarstudio.com\/wp-content\/uploads\/2025\/09\/El-susurro-de-lo-antiguo-1300x763.jpg","contentUrl":"https:\/\/casajaguarstudio.com\/wp-content\/uploads\/2025\/09\/El-susurro-de-lo-antiguo-1300x763.jpg"},{"@type":"BreadcrumbList","@id":"https:\/\/casajaguarstudio.com\/susurro\/#breadcrumb","itemListElement":[{"@type":"ListItem","position":1,"name":"Home","item":"https:\/\/casajaguarstudio.com\/"},{"@type":"ListItem","position":2,"name":"El susurro de lo antiguo"}]},{"@type":"WebSite","@id":"https:\/\/casajaguarstudio.com\/#website","url":"https:\/\/casajaguarstudio.com\/","name":"Casa Jaguar","description":"Studio","potentialAction":[{"@type":"SearchAction","target":{"@type":"EntryPoint","urlTemplate":"https:\/\/casajaguarstudio.com\/?s={search_term_string}"},"query-input":{"@type":"PropertyValueSpecification","valueRequired":true,"valueName":"search_term_string"}}],"inLanguage":"es-CO"}]}},"_links":{"self":[{"href":"https:\/\/casajaguarstudio.com\/es\/wp-json\/wp\/v2\/pages\/11132","targetHints":{"allow":["GET"]}}],"collection":[{"href":"https:\/\/casajaguarstudio.com\/es\/wp-json\/wp\/v2\/pages"}],"about":[{"href":"https:\/\/casajaguarstudio.com\/es\/wp-json\/wp\/v2\/types\/page"}],"author":[{"embeddable":true,"href":"https:\/\/casajaguarstudio.com\/es\/wp-json\/wp\/v2\/users\/1"}],"replies":[{"embeddable":true,"href":"https:\/\/casajaguarstudio.com\/es\/wp-json\/wp\/v2\/comments?post=11132"}],"version-history":[{"count":17,"href":"https:\/\/casajaguarstudio.com\/es\/wp-json\/wp\/v2\/pages\/11132\/revisions"}],"predecessor-version":[{"id":11340,"href":"https:\/\/casajaguarstudio.com\/es\/wp-json\/wp\/v2\/pages\/11132\/revisions\/11340"}],"wp:attachment":[{"href":"https:\/\/casajaguarstudio.com\/es\/wp-json\/wp\/v2\/media?parent=11132"}],"curies":[{"name":"wp","href":"https:\/\/api.w.org\/{rel}","templated":true}]}}