{"id":11195,"date":"2025-09-18T21:05:29","date_gmt":"2025-09-18T21:05:29","guid":{"rendered":"https:\/\/casajaguarstudio.com\/?page_id=11195"},"modified":"2025-09-18T21:09:39","modified_gmt":"2025-09-18T21:09:39","slug":"el-mapale-frenesi-de-libertad","status":"publish","type":"page","link":"https:\/\/casajaguarstudio.com\/es\/el-mapale-frenesi-de-libertad\/","title":{"rendered":"El mapal\u00e9: frenes\u00ed de libertad"},"content":{"rendered":"<div data-elementor-type=\"wp-page\" data-elementor-id=\"11195\" class=\"elementor elementor-11195\">\n\t\t\t\t\t\t<section class=\"elementor-section elementor-top-section elementor-element elementor-element-24f7920e elementor-section-boxed elementor-section-height-default elementor-section-height-default wd-section-disabled\" data-id=\"24f7920e\" data-element_type=\"section\">\n\t\t\t\t\t\t<div class=\"elementor-container elementor-column-gap-default\">\n\t\t\t\t\t<div class=\"elementor-column elementor-col-100 elementor-top-column elementor-element elementor-element-15a9ee93\" data-id=\"15a9ee93\" data-element_type=\"column\">\n\t\t\t<div class=\"elementor-widget-wrap elementor-element-populated\">\n\t\t\t\t\t\t<div class=\"elementor-element elementor-element-28f4f87d elementor-widget elementor-widget-image\" data-id=\"28f4f87d\" data-element_type=\"widget\" data-widget_type=\"image.default\">\n\t\t\t\t<div class=\"elementor-widget-container\">\n\t\t\t\t\t\t\t\t\t\t\t\t\t<img fetchpriority=\"high\" decoding=\"async\" width=\"1080\" height=\"800\" src=\"https:\/\/casajaguarstudio.com\/wp-content\/uploads\/2025\/09\/El-Mapale-frenesi-de-libertad-1080x800.jpg\" class=\"attachment-large size-large wp-image-11027\" alt=\"\" srcset=\"https:\/\/casajaguarstudio.com\/wp-content\/uploads\/2025\/09\/El-Mapale-frenesi-de-libertad-1080x800.jpg 1080w, https:\/\/casajaguarstudio.com\/wp-content\/uploads\/2025\/09\/El-Mapale-frenesi-de-libertad-400x296.jpg 400w, https:\/\/casajaguarstudio.com\/wp-content\/uploads\/2025\/09\/El-Mapale-frenesi-de-libertad-768x569.jpg 768w, https:\/\/casajaguarstudio.com\/wp-content\/uploads\/2025\/09\/El-Mapale-frenesi-de-libertad-1536x1138.jpg 1536w, https:\/\/casajaguarstudio.com\/wp-content\/uploads\/2025\/09\/El-Mapale-frenesi-de-libertad-2048x1517.jpg 2048w, https:\/\/casajaguarstudio.com\/wp-content\/uploads\/2025\/09\/El-Mapale-frenesi-de-libertad-16x12.jpg 16w\" sizes=\"(max-width: 1080px) 100vw, 1080px\" \/>\t\t\t\t\t\t\t\t\t\t\t\t\t<\/div>\n\t\t\t\t<\/div>\n\t\t\t\t\t<\/div>\n\t\t<\/div>\n\t\t\t\t\t<\/div>\n\t\t<\/section>\n\t\t\t\t<section class=\"elementor-section elementor-top-section elementor-element elementor-element-64dcb738 elementor-section-boxed elementor-section-height-default elementor-section-height-default wd-section-disabled\" data-id=\"64dcb738\" data-element_type=\"section\">\n\t\t\t\t\t\t<div class=\"elementor-container elementor-column-gap-default\">\n\t\t\t\t\t<div class=\"elementor-column elementor-col-100 elementor-top-column elementor-element elementor-element-2d61b14e\" data-id=\"2d61b14e\" data-element_type=\"column\">\n\t\t\t<div class=\"elementor-widget-wrap elementor-element-populated\">\n\t\t\t\t\t\t<div class=\"elementor-element elementor-element-46857f5b color-scheme-inherit text-left elementor-widget elementor-widget-text-editor\" data-id=\"46857f5b\" data-element_type=\"widget\" data-widget_type=\"text-editor.default\">\n\t\t\t\t<div class=\"elementor-widget-container\">\n\t\t\t\t\t\t\t<p>Nombre:\u00a0<em>El Mapel\u00e9:\u00a0<\/em>frenes\u00ed de libertad<br \/>Medidas: 79 x 57 cm <br \/>T\u00e9cnica: Litograf\u00eda y xilograf\u00eda sobre papel<br \/>A\u00f1o: 2024<\/p>\t\t\t\t\t\t<\/div>\n\t\t\t\t<\/div>\n\t\t\t\t<div class=\"elementor-element elementor-element-7d9b3e72 color-scheme-inherit text-left elementor-widget elementor-widget-text-editor\" data-id=\"7d9b3e72\" data-element_type=\"widget\" data-widget_type=\"text-editor.default\">\n\t\t\t\t<div class=\"elementor-widget-container\">\n\t\t\t\t\t\t\t<p>El mapal\u00e9 es una danza percusiva que se realiza en parejas sueltas con movimientos vibrantes, desenfrenados y fuertes al ritmo r\u00e1pido de los tambores. El mapal\u00e9 es un pez de agua dulce y salada que s\u00f3lo se encuentra en la costa Caribe de Colombia y es la especie que dio nombre a esta danza. Naci\u00f3 en las comunidades pesqueras de la regi\u00f3n, que al final de su jornada cantaban y bailaban por la noche al ritmo de los tambores yamar\u00f3 y quitambre. Los fren\u00e9ticos movimientos y saltos de la danza mapal\u00e9 imitan los movimientos del pez cuando est\u00e1 fuera del agua. Esta danza tradicional es el legado de las comunidades afrodescendientes en el Caribe colombiano, cuyos ancestros lucharon por su liberaci\u00f3n. En esta celebraci\u00f3n, hombres y mujeres bailan cara a cara con movimientos liberadores.  Sus cuerpos conectan con la tierra a trav\u00e9s de sus pies descalzos y brillan en regocijo con el sudor de su \u00edmpetu.<\/p>\t\t\t\t\t\t<\/div>\n\t\t\t\t<\/div>\n\t\t\t\t\t<\/div>\n\t\t<\/div>\n\t\t\t\t\t<\/div>\n\t\t<\/section>\n\t\t\t\t<\/div>","protected":false},"excerpt":{"rendered":"<p>Name:\u00a0El Mapel\u00e9:\u00a0freedom frenzySize: 79 x 57 cm Medium: Lithography and woodcut on paperYear: 2024 This work is inspired by an<\/p>","protected":false},"author":1,"featured_media":0,"parent":0,"menu_order":0,"comment_status":"closed","ping_status":"closed","template":"","meta":{"footnotes":""},"class_list":["post-11195","page","type-page","status-publish","hentry"],"yoast_head":"<!-- This site is optimized with the Yoast SEO plugin v26.8 - https:\/\/yoast.com\/product\/yoast-seo-wordpress\/ -->\n<title>El mapal\u00e9: frenes\u00ed de libertad - Casa Jaguar<\/title>\n<meta name=\"robots\" content=\"index, follow, max-snippet:-1, max-image-preview:large, max-video-preview:-1\" \/>\n<link rel=\"canonical\" href=\"https:\/\/casajaguarstudio.com\/es\/el-mapale-frenesi-de-libertad\/\" \/>\n<meta property=\"og:locale\" content=\"es_ES\" \/>\n<meta property=\"og:type\" content=\"article\" \/>\n<meta property=\"og:title\" content=\"El mapal\u00e9: frenes\u00ed de libertad - Casa Jaguar\" \/>\n<meta property=\"og:description\" content=\"Name:\u00a0El Mapel\u00e9:\u00a0freedom frenzySize: 79 x 57 cm Medium: Lithography and woodcut on paperYear: 2024 This work is inspired by an\" \/>\n<meta property=\"og:url\" content=\"https:\/\/casajaguarstudio.com\/es\/el-mapale-frenesi-de-libertad\/\" \/>\n<meta property=\"og:site_name\" content=\"Casa Jaguar\" \/>\n<meta property=\"article:modified_time\" content=\"2025-09-18T21:09:39+00:00\" \/>\n<meta property=\"og:image\" content=\"https:\/\/casajaguarstudio.com\/wp-content\/uploads\/2025\/09\/El-Mapale-frenesi-de-libertad-scaled.jpg\" \/>\n\t<meta property=\"og:image:width\" content=\"2560\" \/>\n\t<meta property=\"og:image:height\" content=\"1896\" \/>\n\t<meta property=\"og:image:type\" content=\"image\/jpeg\" \/>\n<meta name=\"twitter:card\" content=\"summary_large_image\" \/>\n<meta name=\"twitter:label1\" content=\"Tiempo de lectura\" \/>\n\t<meta name=\"twitter:data1\" content=\"2 minutos\" \/>\n<script type=\"application\/ld+json\" class=\"yoast-schema-graph\">{\"@context\":\"https:\/\/schema.org\",\"@graph\":[{\"@type\":\"WebPage\",\"@id\":\"https:\/\/casajaguarstudio.com\/el-mapale-frenesi-de-libertad\/\",\"url\":\"https:\/\/casajaguarstudio.com\/el-mapale-frenesi-de-libertad\/\",\"name\":\"El mapal\u00e9: frenes\u00ed de libertad - Casa Jaguar\",\"isPartOf\":{\"@id\":\"https:\/\/casajaguarstudio.com\/#website\"},\"primaryImageOfPage\":{\"@id\":\"https:\/\/casajaguarstudio.com\/el-mapale-frenesi-de-libertad\/#primaryimage\"},\"image\":{\"@id\":\"https:\/\/casajaguarstudio.com\/el-mapale-frenesi-de-libertad\/#primaryimage\"},\"thumbnailUrl\":\"https:\/\/casajaguarstudio.com\/wp-content\/uploads\/2025\/09\/El-Mapale-frenesi-de-libertad-1080x800.jpg\",\"datePublished\":\"2025-09-18T21:05:29+00:00\",\"dateModified\":\"2025-09-18T21:09:39+00:00\",\"breadcrumb\":{\"@id\":\"https:\/\/casajaguarstudio.com\/el-mapale-frenesi-de-libertad\/#breadcrumb\"},\"inLanguage\":\"es-CO\",\"potentialAction\":[{\"@type\":\"ReadAction\",\"target\":[\"https:\/\/casajaguarstudio.com\/el-mapale-frenesi-de-libertad\/\"]}]},{\"@type\":\"ImageObject\",\"inLanguage\":\"es-CO\",\"@id\":\"https:\/\/casajaguarstudio.com\/el-mapale-frenesi-de-libertad\/#primaryimage\",\"url\":\"https:\/\/casajaguarstudio.com\/wp-content\/uploads\/2025\/09\/El-Mapale-frenesi-de-libertad-1080x800.jpg\",\"contentUrl\":\"https:\/\/casajaguarstudio.com\/wp-content\/uploads\/2025\/09\/El-Mapale-frenesi-de-libertad-1080x800.jpg\"},{\"@type\":\"BreadcrumbList\",\"@id\":\"https:\/\/casajaguarstudio.com\/el-mapale-frenesi-de-libertad\/#breadcrumb\",\"itemListElement\":[{\"@type\":\"ListItem\",\"position\":1,\"name\":\"Home\",\"item\":\"https:\/\/casajaguarstudio.com\/\"},{\"@type\":\"ListItem\",\"position\":2,\"name\":\"El mapal\u00e9: frenes\u00ed de libertad\"}]},{\"@type\":\"WebSite\",\"@id\":\"https:\/\/casajaguarstudio.com\/#website\",\"url\":\"https:\/\/casajaguarstudio.com\/\",\"name\":\"Casa Jaguar\",\"description\":\"Studio\",\"potentialAction\":[{\"@type\":\"SearchAction\",\"target\":{\"@type\":\"EntryPoint\",\"urlTemplate\":\"https:\/\/casajaguarstudio.com\/?s={search_term_string}\"},\"query-input\":{\"@type\":\"PropertyValueSpecification\",\"valueRequired\":true,\"valueName\":\"search_term_string\"}}],\"inLanguage\":\"es-CO\"}]}<\/script>\n<!-- \/ Yoast SEO plugin. -->","yoast_head_json":{"title":"El mapal\u00e9: frenes\u00ed de libertad - Casa Jaguar","robots":{"index":"index","follow":"follow","max-snippet":"max-snippet:-1","max-image-preview":"max-image-preview:large","max-video-preview":"max-video-preview:-1"},"canonical":"https:\/\/casajaguarstudio.com\/es\/el-mapale-frenesi-de-libertad\/","og_locale":"es_ES","og_type":"article","og_title":"El mapal\u00e9: frenes\u00ed de libertad - Casa Jaguar","og_description":"Name:\u00a0El Mapel\u00e9:\u00a0freedom frenzySize: 79 x 57 cm Medium: Lithography and woodcut on paperYear: 2024 This work is inspired by an","og_url":"https:\/\/casajaguarstudio.com\/es\/el-mapale-frenesi-de-libertad\/","og_site_name":"Casa Jaguar","article_modified_time":"2025-09-18T21:09:39+00:00","og_image":[{"width":2560,"height":1896,"url":"https:\/\/casajaguarstudio.com\/wp-content\/uploads\/2025\/09\/El-Mapale-frenesi-de-libertad-scaled.jpg","type":"image\/jpeg"}],"twitter_card":"summary_large_image","twitter_misc":{"Tiempo de lectura":"2 minutos"},"schema":{"@context":"https:\/\/schema.org","@graph":[{"@type":"WebPage","@id":"https:\/\/casajaguarstudio.com\/el-mapale-frenesi-de-libertad\/","url":"https:\/\/casajaguarstudio.com\/el-mapale-frenesi-de-libertad\/","name":"El mapal\u00e9: frenes\u00ed de libertad - Casa Jaguar","isPartOf":{"@id":"https:\/\/casajaguarstudio.com\/#website"},"primaryImageOfPage":{"@id":"https:\/\/casajaguarstudio.com\/el-mapale-frenesi-de-libertad\/#primaryimage"},"image":{"@id":"https:\/\/casajaguarstudio.com\/el-mapale-frenesi-de-libertad\/#primaryimage"},"thumbnailUrl":"https:\/\/casajaguarstudio.com\/wp-content\/uploads\/2025\/09\/El-Mapale-frenesi-de-libertad-1080x800.jpg","datePublished":"2025-09-18T21:05:29+00:00","dateModified":"2025-09-18T21:09:39+00:00","breadcrumb":{"@id":"https:\/\/casajaguarstudio.com\/el-mapale-frenesi-de-libertad\/#breadcrumb"},"inLanguage":"es-CO","potentialAction":[{"@type":"ReadAction","target":["https:\/\/casajaguarstudio.com\/el-mapale-frenesi-de-libertad\/"]}]},{"@type":"ImageObject","inLanguage":"es-CO","@id":"https:\/\/casajaguarstudio.com\/el-mapale-frenesi-de-libertad\/#primaryimage","url":"https:\/\/casajaguarstudio.com\/wp-content\/uploads\/2025\/09\/El-Mapale-frenesi-de-libertad-1080x800.jpg","contentUrl":"https:\/\/casajaguarstudio.com\/wp-content\/uploads\/2025\/09\/El-Mapale-frenesi-de-libertad-1080x800.jpg"},{"@type":"BreadcrumbList","@id":"https:\/\/casajaguarstudio.com\/el-mapale-frenesi-de-libertad\/#breadcrumb","itemListElement":[{"@type":"ListItem","position":1,"name":"Home","item":"https:\/\/casajaguarstudio.com\/"},{"@type":"ListItem","position":2,"name":"El mapal\u00e9: frenes\u00ed de libertad"}]},{"@type":"WebSite","@id":"https:\/\/casajaguarstudio.com\/#website","url":"https:\/\/casajaguarstudio.com\/","name":"Casa Jaguar","description":"Studio","potentialAction":[{"@type":"SearchAction","target":{"@type":"EntryPoint","urlTemplate":"https:\/\/casajaguarstudio.com\/?s={search_term_string}"},"query-input":{"@type":"PropertyValueSpecification","valueRequired":true,"valueName":"search_term_string"}}],"inLanguage":"es-CO"}]}},"_links":{"self":[{"href":"https:\/\/casajaguarstudio.com\/es\/wp-json\/wp\/v2\/pages\/11195","targetHints":{"allow":["GET"]}}],"collection":[{"href":"https:\/\/casajaguarstudio.com\/es\/wp-json\/wp\/v2\/pages"}],"about":[{"href":"https:\/\/casajaguarstudio.com\/es\/wp-json\/wp\/v2\/types\/page"}],"author":[{"embeddable":true,"href":"https:\/\/casajaguarstudio.com\/es\/wp-json\/wp\/v2\/users\/1"}],"replies":[{"embeddable":true,"href":"https:\/\/casajaguarstudio.com\/es\/wp-json\/wp\/v2\/comments?post=11195"}],"version-history":[{"count":7,"href":"https:\/\/casajaguarstudio.com\/es\/wp-json\/wp\/v2\/pages\/11195\/revisions"}],"predecessor-version":[{"id":11203,"href":"https:\/\/casajaguarstudio.com\/es\/wp-json\/wp\/v2\/pages\/11195\/revisions\/11203"}],"wp:attachment":[{"href":"https:\/\/casajaguarstudio.com\/es\/wp-json\/wp\/v2\/media?parent=11195"}],"curies":[{"name":"wp","href":"https:\/\/api.w.org\/{rel}","templated":true}]}}