{"id":11588,"date":"2025-12-12T19:18:28","date_gmt":"2025-12-12T19:18:28","guid":{"rendered":"https:\/\/casajaguarstudio.com\/?page_id=11588"},"modified":"2025-12-16T19:07:45","modified_gmt":"2025-12-16T19:07:45","slug":"macchu-picchu","status":"publish","type":"page","link":"https:\/\/casajaguarstudio.com\/es\/macchu-picchu\/","title":{"rendered":"Macchu Picchu"},"content":{"rendered":"<div data-elementor-type=\"wp-page\" data-elementor-id=\"11588\" class=\"elementor elementor-11588\">\n\t\t\t\t\t\t<section class=\"elementor-section elementor-top-section elementor-element elementor-element-65ee57b elementor-section-boxed elementor-section-height-default elementor-section-height-default wd-section-disabled\" data-id=\"65ee57b\" data-element_type=\"section\">\n\t\t\t\t\t\t<div class=\"elementor-container elementor-column-gap-default\">\n\t\t\t\t\t<div class=\"elementor-column elementor-col-50 elementor-top-column elementor-element elementor-element-414839c\" data-id=\"414839c\" data-element_type=\"column\">\n\t\t\t<div class=\"elementor-widget-wrap elementor-element-populated\">\n\t\t\t\t\t\t<div class=\"elementor-element elementor-element-0502383 elementor-widget elementor-widget-image\" data-id=\"0502383\" data-element_type=\"widget\" data-widget_type=\"image.default\">\n\t\t\t\t<div class=\"elementor-widget-container\">\n\t\t\t\t\t\t\t\t\t\t\t\t\t<img fetchpriority=\"high\" decoding=\"async\" width=\"805\" height=\"800\" src=\"https:\/\/casajaguarstudio.com\/wp-content\/uploads\/2025\/12\/Papel_17_Macchu-Picchu-805x800.jpg\" class=\"attachment-large size-large wp-image-11554\" alt=\"\" srcset=\"https:\/\/casajaguarstudio.com\/wp-content\/uploads\/2025\/12\/Papel_17_Macchu-Picchu-805x800.jpg 805w, https:\/\/casajaguarstudio.com\/wp-content\/uploads\/2025\/12\/Papel_17_Macchu-Picchu-302x300.jpg 302w, https:\/\/casajaguarstudio.com\/wp-content\/uploads\/2025\/12\/Papel_17_Macchu-Picchu-150x150.jpg 150w, https:\/\/casajaguarstudio.com\/wp-content\/uploads\/2025\/12\/Papel_17_Macchu-Picchu-768x763.jpg 768w, https:\/\/casajaguarstudio.com\/wp-content\/uploads\/2025\/12\/Papel_17_Macchu-Picchu-12x12.jpg 12w, https:\/\/casajaguarstudio.com\/wp-content\/uploads\/2025\/12\/Papel_17_Macchu-Picchu.jpg 1000w\" sizes=\"(max-width: 805px) 100vw, 805px\" \/>\t\t\t\t\t\t\t\t\t\t\t\t\t<\/div>\n\t\t\t\t<\/div>\n\t\t\t\t\t<\/div>\n\t\t<\/div>\n\t\t\t\t<div class=\"elementor-column elementor-col-50 elementor-top-column elementor-element elementor-element-bd21073\" data-id=\"bd21073\" data-element_type=\"column\">\n\t\t\t<div class=\"elementor-widget-wrap elementor-element-populated\">\n\t\t\t\t\t\t<div class=\"elementor-element elementor-element-49926dd color-scheme-inherit text-left elementor-widget elementor-widget-text-editor\" data-id=\"49926dd\" data-element_type=\"widget\" data-widget_type=\"text-editor.default\">\n\t\t\t\t<div class=\"elementor-widget-container\">\n\t\t\t\t\t\t\tNombre: Macchu Picchu\n<br>Tama\u00f1o: 50 x 50 cm\n<br>T\u00e9cnica: Xilograf\u00eda y collage sobre papel\t\t\t\t\t\t<\/div>\n\t\t\t\t<\/div>\n\t\t\t\t<div class=\"elementor-element elementor-element-ffd401a color-scheme-inherit text-left elementor-widget elementor-widget-text-editor\" data-id=\"ffd401a\" data-element_type=\"widget\" data-widget_type=\"text-editor.default\">\n\t\t\t\t<div class=\"elementor-widget-container\">\n\t\t\t\t\t\t\t<p>Para el poeta Pablo Neruda, el continente latinoamericano tom\u00f3 forma desde las alturas de Macchu Picchu. Los Incas abandonaron aquel \u201calto arrecife de la aurora humana\u201d durante la colonia espa\u00f1ola y durante siglos fue \u201cpala perdida en la primera arena.\u201d As\u00ed recuenta el poeta su ascenso por la escala andina de la tierra:<\/p><p>Me sent\u00ed infinitamente peque\u00f1o en el centro de aquel ombligo de piedra; ombligo de un mundo deshabitado, orgulloso y eminente, al que de alg\u00fan modo yo pertenec\u00eda. Sent\u00ed que mis propias manos hab\u00edan trabajado all\u00ed en alguna etapa lejana, cavando surcos, alisando pe\u00f1ascos. Me sent\u00ed chileno, peruano, americano. Hab\u00eda encontrado en aquellas alturas dif\u00edciles, entre aquellas ruinas gloriosas y dispersas, una profesi\u00f3n de fe para la continuaci\u00f3n de mi canto.<\/p>\t\t\t\t\t\t<\/div>\n\t\t\t\t<\/div>\n\t\t\t\t\t<\/div>\n\t\t<\/div>\n\t\t\t\t\t<\/div>\n\t\t<\/section>\n\t\t\t\t<\/div>","protected":false},"excerpt":{"rendered":"<p>Name: Macchu Picchu Size: 50 x 50 cm Medium: Woodcut and collage paper For the poet Pablo Neruda, the Latin<\/p>","protected":false},"author":1,"featured_media":0,"parent":0,"menu_order":0,"comment_status":"closed","ping_status":"closed","template":"","meta":{"footnotes":""},"class_list":["post-11588","page","type-page","status-publish","hentry"],"yoast_head":"<!-- This site is optimized with the Yoast SEO plugin v26.8 - https:\/\/yoast.com\/product\/yoast-seo-wordpress\/ -->\n<title>Macchu Picchu - Casa Jaguar<\/title>\n<meta name=\"robots\" content=\"index, follow, max-snippet:-1, max-image-preview:large, max-video-preview:-1\" \/>\n<link rel=\"canonical\" href=\"https:\/\/casajaguarstudio.com\/es\/macchu-picchu\/\" \/>\n<meta property=\"og:locale\" content=\"es_ES\" \/>\n<meta property=\"og:type\" content=\"article\" \/>\n<meta property=\"og:title\" content=\"Macchu Picchu - Casa Jaguar\" \/>\n<meta property=\"og:description\" content=\"Name: Macchu Picchu Size: 50 x 50 cm Medium: Woodcut and collage paper For the poet Pablo Neruda, the Latin\" \/>\n<meta property=\"og:url\" content=\"https:\/\/casajaguarstudio.com\/es\/macchu-picchu\/\" \/>\n<meta property=\"og:site_name\" content=\"Casa Jaguar\" \/>\n<meta property=\"article:modified_time\" content=\"2025-12-16T19:07:45+00:00\" \/>\n<meta property=\"og:image\" content=\"https:\/\/casajaguarstudio.com\/wp-content\/uploads\/2025\/12\/Papel_17_Macchu-Picchu.jpg\" \/>\n\t<meta property=\"og:image:width\" content=\"1000\" \/>\n\t<meta property=\"og:image:height\" content=\"994\" \/>\n\t<meta property=\"og:image:type\" content=\"image\/jpeg\" \/>\n<meta name=\"twitter:card\" content=\"summary_large_image\" \/>\n<meta name=\"twitter:label1\" content=\"Tiempo de lectura\" \/>\n\t<meta name=\"twitter:data1\" content=\"1 minuto\" \/>\n<script type=\"application\/ld+json\" class=\"yoast-schema-graph\">{\"@context\":\"https:\/\/schema.org\",\"@graph\":[{\"@type\":\"WebPage\",\"@id\":\"https:\/\/casajaguarstudio.com\/macchu-picchu\/\",\"url\":\"https:\/\/casajaguarstudio.com\/macchu-picchu\/\",\"name\":\"Macchu Picchu - Casa Jaguar\",\"isPartOf\":{\"@id\":\"https:\/\/casajaguarstudio.com\/#website\"},\"primaryImageOfPage\":{\"@id\":\"https:\/\/casajaguarstudio.com\/macchu-picchu\/#primaryimage\"},\"image\":{\"@id\":\"https:\/\/casajaguarstudio.com\/macchu-picchu\/#primaryimage\"},\"thumbnailUrl\":\"https:\/\/casajaguarstudio.com\/wp-content\/uploads\/2025\/12\/Papel_17_Macchu-Picchu-805x800.jpg\",\"datePublished\":\"2025-12-12T19:18:28+00:00\",\"dateModified\":\"2025-12-16T19:07:45+00:00\",\"breadcrumb\":{\"@id\":\"https:\/\/casajaguarstudio.com\/macchu-picchu\/#breadcrumb\"},\"inLanguage\":\"es-CO\",\"potentialAction\":[{\"@type\":\"ReadAction\",\"target\":[\"https:\/\/casajaguarstudio.com\/macchu-picchu\/\"]}]},{\"@type\":\"ImageObject\",\"inLanguage\":\"es-CO\",\"@id\":\"https:\/\/casajaguarstudio.com\/macchu-picchu\/#primaryimage\",\"url\":\"https:\/\/casajaguarstudio.com\/wp-content\/uploads\/2025\/12\/Papel_17_Macchu-Picchu-805x800.jpg\",\"contentUrl\":\"https:\/\/casajaguarstudio.com\/wp-content\/uploads\/2025\/12\/Papel_17_Macchu-Picchu-805x800.jpg\"},{\"@type\":\"BreadcrumbList\",\"@id\":\"https:\/\/casajaguarstudio.com\/macchu-picchu\/#breadcrumb\",\"itemListElement\":[{\"@type\":\"ListItem\",\"position\":1,\"name\":\"Home\",\"item\":\"https:\/\/casajaguarstudio.com\/\"},{\"@type\":\"ListItem\",\"position\":2,\"name\":\"Macchu Picchu\"}]},{\"@type\":\"WebSite\",\"@id\":\"https:\/\/casajaguarstudio.com\/#website\",\"url\":\"https:\/\/casajaguarstudio.com\/\",\"name\":\"Casa Jaguar\",\"description\":\"Studio\",\"potentialAction\":[{\"@type\":\"SearchAction\",\"target\":{\"@type\":\"EntryPoint\",\"urlTemplate\":\"https:\/\/casajaguarstudio.com\/?s={search_term_string}\"},\"query-input\":{\"@type\":\"PropertyValueSpecification\",\"valueRequired\":true,\"valueName\":\"search_term_string\"}}],\"inLanguage\":\"es-CO\"}]}<\/script>\n<!-- \/ Yoast SEO plugin. -->","yoast_head_json":{"title":"Macchu Picchu - Casa Jaguar","robots":{"index":"index","follow":"follow","max-snippet":"max-snippet:-1","max-image-preview":"max-image-preview:large","max-video-preview":"max-video-preview:-1"},"canonical":"https:\/\/casajaguarstudio.com\/es\/macchu-picchu\/","og_locale":"es_ES","og_type":"article","og_title":"Macchu Picchu - Casa Jaguar","og_description":"Name: Macchu Picchu Size: 50 x 50 cm Medium: Woodcut and collage paper For the poet Pablo Neruda, the Latin","og_url":"https:\/\/casajaguarstudio.com\/es\/macchu-picchu\/","og_site_name":"Casa Jaguar","article_modified_time":"2025-12-16T19:07:45+00:00","og_image":[{"width":1000,"height":994,"url":"https:\/\/casajaguarstudio.com\/wp-content\/uploads\/2025\/12\/Papel_17_Macchu-Picchu.jpg","type":"image\/jpeg"}],"twitter_card":"summary_large_image","twitter_misc":{"Tiempo de lectura":"1 minuto"},"schema":{"@context":"https:\/\/schema.org","@graph":[{"@type":"WebPage","@id":"https:\/\/casajaguarstudio.com\/macchu-picchu\/","url":"https:\/\/casajaguarstudio.com\/macchu-picchu\/","name":"Macchu Picchu - Casa Jaguar","isPartOf":{"@id":"https:\/\/casajaguarstudio.com\/#website"},"primaryImageOfPage":{"@id":"https:\/\/casajaguarstudio.com\/macchu-picchu\/#primaryimage"},"image":{"@id":"https:\/\/casajaguarstudio.com\/macchu-picchu\/#primaryimage"},"thumbnailUrl":"https:\/\/casajaguarstudio.com\/wp-content\/uploads\/2025\/12\/Papel_17_Macchu-Picchu-805x800.jpg","datePublished":"2025-12-12T19:18:28+00:00","dateModified":"2025-12-16T19:07:45+00:00","breadcrumb":{"@id":"https:\/\/casajaguarstudio.com\/macchu-picchu\/#breadcrumb"},"inLanguage":"es-CO","potentialAction":[{"@type":"ReadAction","target":["https:\/\/casajaguarstudio.com\/macchu-picchu\/"]}]},{"@type":"ImageObject","inLanguage":"es-CO","@id":"https:\/\/casajaguarstudio.com\/macchu-picchu\/#primaryimage","url":"https:\/\/casajaguarstudio.com\/wp-content\/uploads\/2025\/12\/Papel_17_Macchu-Picchu-805x800.jpg","contentUrl":"https:\/\/casajaguarstudio.com\/wp-content\/uploads\/2025\/12\/Papel_17_Macchu-Picchu-805x800.jpg"},{"@type":"BreadcrumbList","@id":"https:\/\/casajaguarstudio.com\/macchu-picchu\/#breadcrumb","itemListElement":[{"@type":"ListItem","position":1,"name":"Home","item":"https:\/\/casajaguarstudio.com\/"},{"@type":"ListItem","position":2,"name":"Macchu Picchu"}]},{"@type":"WebSite","@id":"https:\/\/casajaguarstudio.com\/#website","url":"https:\/\/casajaguarstudio.com\/","name":"Casa Jaguar","description":"Studio","potentialAction":[{"@type":"SearchAction","target":{"@type":"EntryPoint","urlTemplate":"https:\/\/casajaguarstudio.com\/?s={search_term_string}"},"query-input":{"@type":"PropertyValueSpecification","valueRequired":true,"valueName":"search_term_string"}}],"inLanguage":"es-CO"}]}},"_links":{"self":[{"href":"https:\/\/casajaguarstudio.com\/es\/wp-json\/wp\/v2\/pages\/11588","targetHints":{"allow":["GET"]}}],"collection":[{"href":"https:\/\/casajaguarstudio.com\/es\/wp-json\/wp\/v2\/pages"}],"about":[{"href":"https:\/\/casajaguarstudio.com\/es\/wp-json\/wp\/v2\/types\/page"}],"author":[{"embeddable":true,"href":"https:\/\/casajaguarstudio.com\/es\/wp-json\/wp\/v2\/users\/1"}],"replies":[{"embeddable":true,"href":"https:\/\/casajaguarstudio.com\/es\/wp-json\/wp\/v2\/comments?post=11588"}],"version-history":[{"count":9,"href":"https:\/\/casajaguarstudio.com\/es\/wp-json\/wp\/v2\/pages\/11588\/revisions"}],"predecessor-version":[{"id":11799,"href":"https:\/\/casajaguarstudio.com\/es\/wp-json\/wp\/v2\/pages\/11588\/revisions\/11799"}],"wp:attachment":[{"href":"https:\/\/casajaguarstudio.com\/es\/wp-json\/wp\/v2\/media?parent=11588"}],"curies":[{"name":"wp","href":"https:\/\/api.w.org\/{rel}","templated":true}]}}