{"id":11598,"date":"2025-12-12T19:29:32","date_gmt":"2025-12-12T19:29:32","guid":{"rendered":"https:\/\/casajaguarstudio.com\/?page_id=11598"},"modified":"2025-12-12T19:31:28","modified_gmt":"2025-12-12T19:31:28","slug":"cauca","status":"publish","type":"page","link":"https:\/\/casajaguarstudio.com\/es\/cauca\/","title":{"rendered":"Cauca"},"content":{"rendered":"<div data-elementor-type=\"wp-page\" data-elementor-id=\"11598\" class=\"elementor elementor-11598\">\n\t\t\t\t\t\t<section class=\"elementor-section elementor-top-section elementor-element elementor-element-1873ffdf elementor-section-boxed elementor-section-height-default elementor-section-height-default wd-section-disabled\" data-id=\"1873ffdf\" data-element_type=\"section\">\n\t\t\t\t\t\t<div class=\"elementor-container elementor-column-gap-default\">\n\t\t\t\t\t<div class=\"elementor-column elementor-col-50 elementor-top-column elementor-element elementor-element-2d7b5dc0\" data-id=\"2d7b5dc0\" data-element_type=\"column\">\n\t\t\t<div class=\"elementor-widget-wrap elementor-element-populated\">\n\t\t\t\t\t\t<div class=\"elementor-element elementor-element-546fbd23 elementor-widget elementor-widget-image\" data-id=\"546fbd23\" data-element_type=\"widget\" data-widget_type=\"image.default\">\n\t\t\t\t<div class=\"elementor-widget-container\">\n\t\t\t\t\t\t\t\t\t\t\t\t\t<img fetchpriority=\"high\" decoding=\"async\" width=\"970\" height=\"800\" src=\"https:\/\/casajaguarstudio.com\/wp-content\/uploads\/2025\/12\/Arpillera_4_Cauca-970x800.jpg\" class=\"attachment-large size-large wp-image-11553\" alt=\"\" srcset=\"https:\/\/casajaguarstudio.com\/wp-content\/uploads\/2025\/12\/Arpillera_4_Cauca-970x800.jpg 970w, https:\/\/casajaguarstudio.com\/wp-content\/uploads\/2025\/12\/Arpillera_4_Cauca-364x300.jpg 364w, https:\/\/casajaguarstudio.com\/wp-content\/uploads\/2025\/12\/Arpillera_4_Cauca-768x634.jpg 768w, https:\/\/casajaguarstudio.com\/wp-content\/uploads\/2025\/12\/Arpillera_4_Cauca-15x12.jpg 15w, https:\/\/casajaguarstudio.com\/wp-content\/uploads\/2025\/12\/Arpillera_4_Cauca.jpg 1000w\" sizes=\"(max-width: 970px) 100vw, 970px\" \/>\t\t\t\t\t\t\t\t\t\t\t\t\t<\/div>\n\t\t\t\t<\/div>\n\t\t\t\t\t<\/div>\n\t\t<\/div>\n\t\t\t\t<div class=\"elementor-column elementor-col-50 elementor-top-column elementor-element elementor-element-63a2c8a5\" data-id=\"63a2c8a5\" data-element_type=\"column\">\n\t\t\t<div class=\"elementor-widget-wrap elementor-element-populated\">\n\t\t\t\t\t\t<div class=\"elementor-element elementor-element-341d34e color-scheme-inherit text-left elementor-widget elementor-widget-text-editor\" data-id=\"341d34e\" data-element_type=\"widget\" data-widget_type=\"text-editor.default\">\n\t\t\t\t<div class=\"elementor-widget-container\">\n\t\t\t\t\t\t\t<p>Nombre: Cauca<br \/>Tama\u00f1o: 72.5 x 62 cm<br \/>T\u00e9cnica: Xilograf\u00eda y collage sobre arpillera<\/p>\t\t\t\t\t\t<\/div>\n\t\t\t\t<\/div>\n\t\t\t\t<div class=\"elementor-element elementor-element-5b1d9120 color-scheme-inherit text-left elementor-widget elementor-widget-text-editor\" data-id=\"5b1d9120\" data-element_type=\"widget\" data-widget_type=\"text-editor.default\">\n\t\t\t\t<div class=\"elementor-widget-container\">\n\t\t\t\t\t\t\t<p>Para la poeta campesina Mar\u00eda Isabel Espinosa, el r\u00edo Cauca es \u201cuna l\u00e1grima extendida, un llanto que no ha terminado\u201d.  Ella viv\u00eda a las orillas del r\u00edo en el 2003, una \u00e9poca en que Colombia ard\u00eda por el conflicto armado. Poco despu\u00e9s de llegar a esta regi\u00f3n, vio bajar el primero de muchos cad\u00e1veres arrojados r\u00edo arriba por aquellos que deseaban borrar sus huellas.<\/p>\t\t\t\t\t\t<\/div>\n\t\t\t\t<\/div>\n\t\t\t\t\t<\/div>\n\t\t<\/div>\n\t\t\t\t\t<\/div>\n\t\t<\/section>\n\t\t\t\t<\/div>","protected":false},"excerpt":{"rendered":"<p>Name: CaucaSize: 72.5 x 62 cmMedium: Woodcut and collage on burlap For the campesina poet Mar\u00eda Isabel Espinosa, the Cauca<\/p>","protected":false},"author":1,"featured_media":0,"parent":0,"menu_order":0,"comment_status":"closed","ping_status":"closed","template":"","meta":{"footnotes":""},"class_list":["post-11598","page","type-page","status-publish","hentry"],"yoast_head":"<!-- This site is optimized with the Yoast SEO plugin v26.8 - https:\/\/yoast.com\/product\/yoast-seo-wordpress\/ -->\n<title>Cauca - Casa Jaguar<\/title>\n<meta name=\"robots\" content=\"index, follow, max-snippet:-1, max-image-preview:large, max-video-preview:-1\" \/>\n<link rel=\"canonical\" href=\"https:\/\/casajaguarstudio.com\/es\/cauca\/\" \/>\n<meta property=\"og:locale\" content=\"es_ES\" \/>\n<meta property=\"og:type\" content=\"article\" \/>\n<meta property=\"og:title\" content=\"Cauca - Casa Jaguar\" \/>\n<meta property=\"og:description\" content=\"Name: CaucaSize: 72.5 x 62 cmMedium: Woodcut and collage on burlap For the campesina poet Mar\u00eda Isabel Espinosa, the Cauca\" \/>\n<meta property=\"og:url\" content=\"https:\/\/casajaguarstudio.com\/es\/cauca\/\" \/>\n<meta property=\"og:site_name\" content=\"Casa Jaguar\" \/>\n<meta property=\"article:modified_time\" content=\"2025-12-12T19:31:28+00:00\" \/>\n<meta property=\"og:image\" content=\"https:\/\/casajaguarstudio.com\/wp-content\/uploads\/2025\/12\/Arpillera_4_Cauca.jpg\" \/>\n\t<meta property=\"og:image:width\" content=\"1000\" \/>\n\t<meta property=\"og:image:height\" content=\"825\" \/>\n\t<meta property=\"og:image:type\" content=\"image\/jpeg\" \/>\n<meta name=\"twitter:card\" content=\"summary_large_image\" \/>\n<meta name=\"twitter:label1\" content=\"Tiempo de lectura\" \/>\n\t<meta name=\"twitter:data1\" content=\"1 minuto\" \/>\n<script type=\"application\/ld+json\" class=\"yoast-schema-graph\">{\"@context\":\"https:\/\/schema.org\",\"@graph\":[{\"@type\":\"WebPage\",\"@id\":\"https:\/\/casajaguarstudio.com\/cauca\/\",\"url\":\"https:\/\/casajaguarstudio.com\/cauca\/\",\"name\":\"Cauca - Casa Jaguar\",\"isPartOf\":{\"@id\":\"https:\/\/casajaguarstudio.com\/#website\"},\"primaryImageOfPage\":{\"@id\":\"https:\/\/casajaguarstudio.com\/cauca\/#primaryimage\"},\"image\":{\"@id\":\"https:\/\/casajaguarstudio.com\/cauca\/#primaryimage\"},\"thumbnailUrl\":\"https:\/\/casajaguarstudio.com\/wp-content\/uploads\/2025\/12\/Arpillera_4_Cauca-970x800.jpg\",\"datePublished\":\"2025-12-12T19:29:32+00:00\",\"dateModified\":\"2025-12-12T19:31:28+00:00\",\"breadcrumb\":{\"@id\":\"https:\/\/casajaguarstudio.com\/cauca\/#breadcrumb\"},\"inLanguage\":\"es-CO\",\"potentialAction\":[{\"@type\":\"ReadAction\",\"target\":[\"https:\/\/casajaguarstudio.com\/cauca\/\"]}]},{\"@type\":\"ImageObject\",\"inLanguage\":\"es-CO\",\"@id\":\"https:\/\/casajaguarstudio.com\/cauca\/#primaryimage\",\"url\":\"https:\/\/casajaguarstudio.com\/wp-content\/uploads\/2025\/12\/Arpillera_4_Cauca-970x800.jpg\",\"contentUrl\":\"https:\/\/casajaguarstudio.com\/wp-content\/uploads\/2025\/12\/Arpillera_4_Cauca-970x800.jpg\"},{\"@type\":\"BreadcrumbList\",\"@id\":\"https:\/\/casajaguarstudio.com\/cauca\/#breadcrumb\",\"itemListElement\":[{\"@type\":\"ListItem\",\"position\":1,\"name\":\"Home\",\"item\":\"https:\/\/casajaguarstudio.com\/\"},{\"@type\":\"ListItem\",\"position\":2,\"name\":\"Cauca\"}]},{\"@type\":\"WebSite\",\"@id\":\"https:\/\/casajaguarstudio.com\/#website\",\"url\":\"https:\/\/casajaguarstudio.com\/\",\"name\":\"Casa Jaguar\",\"description\":\"Studio\",\"potentialAction\":[{\"@type\":\"SearchAction\",\"target\":{\"@type\":\"EntryPoint\",\"urlTemplate\":\"https:\/\/casajaguarstudio.com\/?s={search_term_string}\"},\"query-input\":{\"@type\":\"PropertyValueSpecification\",\"valueRequired\":true,\"valueName\":\"search_term_string\"}}],\"inLanguage\":\"es-CO\"}]}<\/script>\n<!-- \/ Yoast SEO plugin. -->","yoast_head_json":{"title":"Cauca - Casa Jaguar","robots":{"index":"index","follow":"follow","max-snippet":"max-snippet:-1","max-image-preview":"max-image-preview:large","max-video-preview":"max-video-preview:-1"},"canonical":"https:\/\/casajaguarstudio.com\/es\/cauca\/","og_locale":"es_ES","og_type":"article","og_title":"Cauca - Casa Jaguar","og_description":"Name: CaucaSize: 72.5 x 62 cmMedium: Woodcut and collage on burlap For the campesina poet Mar\u00eda Isabel Espinosa, the Cauca","og_url":"https:\/\/casajaguarstudio.com\/es\/cauca\/","og_site_name":"Casa Jaguar","article_modified_time":"2025-12-12T19:31:28+00:00","og_image":[{"width":1000,"height":825,"url":"https:\/\/casajaguarstudio.com\/wp-content\/uploads\/2025\/12\/Arpillera_4_Cauca.jpg","type":"image\/jpeg"}],"twitter_card":"summary_large_image","twitter_misc":{"Tiempo de lectura":"1 minuto"},"schema":{"@context":"https:\/\/schema.org","@graph":[{"@type":"WebPage","@id":"https:\/\/casajaguarstudio.com\/cauca\/","url":"https:\/\/casajaguarstudio.com\/cauca\/","name":"Cauca - Casa Jaguar","isPartOf":{"@id":"https:\/\/casajaguarstudio.com\/#website"},"primaryImageOfPage":{"@id":"https:\/\/casajaguarstudio.com\/cauca\/#primaryimage"},"image":{"@id":"https:\/\/casajaguarstudio.com\/cauca\/#primaryimage"},"thumbnailUrl":"https:\/\/casajaguarstudio.com\/wp-content\/uploads\/2025\/12\/Arpillera_4_Cauca-970x800.jpg","datePublished":"2025-12-12T19:29:32+00:00","dateModified":"2025-12-12T19:31:28+00:00","breadcrumb":{"@id":"https:\/\/casajaguarstudio.com\/cauca\/#breadcrumb"},"inLanguage":"es-CO","potentialAction":[{"@type":"ReadAction","target":["https:\/\/casajaguarstudio.com\/cauca\/"]}]},{"@type":"ImageObject","inLanguage":"es-CO","@id":"https:\/\/casajaguarstudio.com\/cauca\/#primaryimage","url":"https:\/\/casajaguarstudio.com\/wp-content\/uploads\/2025\/12\/Arpillera_4_Cauca-970x800.jpg","contentUrl":"https:\/\/casajaguarstudio.com\/wp-content\/uploads\/2025\/12\/Arpillera_4_Cauca-970x800.jpg"},{"@type":"BreadcrumbList","@id":"https:\/\/casajaguarstudio.com\/cauca\/#breadcrumb","itemListElement":[{"@type":"ListItem","position":1,"name":"Home","item":"https:\/\/casajaguarstudio.com\/"},{"@type":"ListItem","position":2,"name":"Cauca"}]},{"@type":"WebSite","@id":"https:\/\/casajaguarstudio.com\/#website","url":"https:\/\/casajaguarstudio.com\/","name":"Casa Jaguar","description":"Studio","potentialAction":[{"@type":"SearchAction","target":{"@type":"EntryPoint","urlTemplate":"https:\/\/casajaguarstudio.com\/?s={search_term_string}"},"query-input":{"@type":"PropertyValueSpecification","valueRequired":true,"valueName":"search_term_string"}}],"inLanguage":"es-CO"}]}},"_links":{"self":[{"href":"https:\/\/casajaguarstudio.com\/es\/wp-json\/wp\/v2\/pages\/11598","targetHints":{"allow":["GET"]}}],"collection":[{"href":"https:\/\/casajaguarstudio.com\/es\/wp-json\/wp\/v2\/pages"}],"about":[{"href":"https:\/\/casajaguarstudio.com\/es\/wp-json\/wp\/v2\/types\/page"}],"author":[{"embeddable":true,"href":"https:\/\/casajaguarstudio.com\/es\/wp-json\/wp\/v2\/users\/1"}],"replies":[{"embeddable":true,"href":"https:\/\/casajaguarstudio.com\/es\/wp-json\/wp\/v2\/comments?post=11598"}],"version-history":[{"count":4,"href":"https:\/\/casajaguarstudio.com\/es\/wp-json\/wp\/v2\/pages\/11598\/revisions"}],"predecessor-version":[{"id":11602,"href":"https:\/\/casajaguarstudio.com\/es\/wp-json\/wp\/v2\/pages\/11598\/revisions\/11602"}],"wp:attachment":[{"href":"https:\/\/casajaguarstudio.com\/es\/wp-json\/wp\/v2\/media?parent=11598"}],"curies":[{"name":"wp","href":"https:\/\/api.w.org\/{rel}","templated":true}]}}