{"id":11617,"date":"2025-12-12T19:45:50","date_gmt":"2025-12-12T19:45:50","guid":{"rendered":"https:\/\/casajaguarstudio.com\/?page_id=11617"},"modified":"2025-12-12T19:51:51","modified_gmt":"2025-12-12T19:51:51","slug":"hanburyi","status":"publish","type":"page","link":"https:\/\/casajaguarstudio.com\/es\/hanburyi\/","title":{"rendered":"Hanburyi"},"content":{"rendered":"<div data-elementor-type=\"wp-page\" data-elementor-id=\"11617\" class=\"elementor elementor-11617\">\n\t\t\t\t\t\t<section class=\"elementor-section elementor-top-section elementor-element elementor-element-7061939 elementor-section-boxed elementor-section-height-default elementor-section-height-default wd-section-disabled\" data-id=\"7061939\" data-element_type=\"section\">\n\t\t\t\t\t\t<div class=\"elementor-container elementor-column-gap-default\">\n\t\t\t\t\t<div class=\"elementor-column elementor-col-50 elementor-top-column elementor-element elementor-element-1dada1f9\" data-id=\"1dada1f9\" data-element_type=\"column\">\n\t\t\t<div class=\"elementor-widget-wrap elementor-element-populated\">\n\t\t\t\t\t\t<div class=\"elementor-element elementor-element-4dd3d150 elementor-widget elementor-widget-image\" data-id=\"4dd3d150\" data-element_type=\"widget\" data-widget_type=\"image.default\">\n\t\t\t\t<div class=\"elementor-widget-container\">\n\t\t\t\t\t\t\t\t\t\t\t\t\t<img fetchpriority=\"high\" decoding=\"async\" width=\"566\" height=\"800\" src=\"https:\/\/casajaguarstudio.com\/wp-content\/uploads\/2025\/12\/Hanburyi-566x800.jpg\" class=\"attachment-large size-large wp-image-11549\" alt=\"\" srcset=\"https:\/\/casajaguarstudio.com\/wp-content\/uploads\/2025\/12\/Hanburyi-566x800.jpg 566w, https:\/\/casajaguarstudio.com\/wp-content\/uploads\/2025\/12\/Hanburyi-212x300.jpg 212w, https:\/\/casajaguarstudio.com\/wp-content\/uploads\/2025\/12\/Hanburyi-8x12.jpg 8w, https:\/\/casajaguarstudio.com\/wp-content\/uploads\/2025\/12\/Hanburyi.jpg 708w\" sizes=\"(max-width: 566px) 100vw, 566px\" \/>\t\t\t\t\t\t\t\t\t\t\t\t\t<\/div>\n\t\t\t\t<\/div>\n\t\t\t\t\t<\/div>\n\t\t<\/div>\n\t\t\t\t<div class=\"elementor-column elementor-col-50 elementor-top-column elementor-element elementor-element-60c2ce51\" data-id=\"60c2ce51\" data-element_type=\"column\">\n\t\t\t<div class=\"elementor-widget-wrap elementor-element-populated\">\n\t\t\t\t\t\t<div class=\"elementor-element elementor-element-469b3bb5 color-scheme-inherit text-left elementor-widget elementor-widget-text-editor\" data-id=\"469b3bb5\" data-element_type=\"widget\" data-widget_type=\"text-editor.default\">\n\t\t\t\t<div class=\"elementor-widget-container\">\n\t\t\t\t\t\t\t<p>Nombre: Hanburyi<br \/>Tama\u00f1o: 32 x 45 cm <br \/>T\u00e9cnica: Impresi\u00f3n digital y xilograf\u00eda sobre papel<br \/>A\u00f1o: 2021<\/p>\t\t\t\t\t\t<\/div>\n\t\t\t\t<\/div>\n\t\t\t\t<div class=\"elementor-element elementor-element-6cf99788 color-scheme-inherit text-left elementor-widget elementor-widget-text-editor\" data-id=\"6cf99788\" data-element_type=\"widget\" data-widget_type=\"text-editor.default\">\n\t\t\t\t<div class=\"elementor-widget-container\">\n\t\t\t\t\t\t\t<p>\u00a0<\/p><p>\"Hanburyi\" debe su nombre a una especie de orqu\u00eddea originaria de M\u00e9xico y Guatemala llamada Encyclia Hanburyi con flores ligeramente perfumadas de color naranja parduzco y p\u00e9talos rosados. Las orqu\u00eddeas llevan en la tierra 78 millones de a\u00f1os m\u00e1s que la especie humana y habitan en casi todos los ecosistemas, excepto en los que tienen nieves perpetuas o en los desiertos extremadamente \u00e1ridos. Estas flores que florecen como reinas de los bosques y selvas tienen un importante papel ecol\u00f3gico. Proporcionan alimento a los polinizadores y contribuyen a los ciclos de nutrientes y agua de los ecosistemas.<\/p>\t\t\t\t\t\t<\/div>\n\t\t\t\t<\/div>\n\t\t\t\t\t<\/div>\n\t\t<\/div>\n\t\t\t\t\t<\/div>\n\t\t<\/section>\n\t\t\t\t<\/div>","protected":false},"excerpt":{"rendered":"<p>Name: HanburyiSize: 32 x 45 cm Medium: Digital print and woodcut on paperYear: 2021 \u00a0 \u201cHanburyi\u201d is named after an<\/p>","protected":false},"author":1,"featured_media":0,"parent":0,"menu_order":0,"comment_status":"closed","ping_status":"closed","template":"","meta":{"footnotes":""},"class_list":["post-11617","page","type-page","status-publish","hentry"],"yoast_head":"<!-- This site is optimized with the Yoast SEO plugin v26.8 - https:\/\/yoast.com\/product\/yoast-seo-wordpress\/ -->\n<title>Hanburyi - Casa Jaguar<\/title>\n<meta name=\"robots\" content=\"index, follow, max-snippet:-1, max-image-preview:large, max-video-preview:-1\" \/>\n<link rel=\"canonical\" href=\"https:\/\/casajaguarstudio.com\/es\/hanburyi\/\" \/>\n<meta property=\"og:locale\" content=\"es_ES\" \/>\n<meta property=\"og:type\" content=\"article\" \/>\n<meta property=\"og:title\" content=\"Hanburyi - Casa Jaguar\" \/>\n<meta property=\"og:description\" content=\"Name: HanburyiSize: 32 x 45 cm Medium: Digital print and woodcut on paperYear: 2021 \u00a0 \u201cHanburyi\u201d is named after an\" \/>\n<meta property=\"og:url\" content=\"https:\/\/casajaguarstudio.com\/es\/hanburyi\/\" \/>\n<meta property=\"og:site_name\" content=\"Casa Jaguar\" \/>\n<meta property=\"article:modified_time\" content=\"2025-12-12T19:51:51+00:00\" \/>\n<meta property=\"og:image\" content=\"https:\/\/casajaguarstudio.com\/wp-content\/uploads\/2025\/12\/Hanburyi.jpg\" \/>\n\t<meta property=\"og:image:width\" content=\"708\" \/>\n\t<meta property=\"og:image:height\" content=\"1000\" \/>\n\t<meta property=\"og:image:type\" content=\"image\/jpeg\" \/>\n<meta name=\"twitter:card\" content=\"summary_large_image\" \/>\n<meta name=\"twitter:label1\" content=\"Tiempo de lectura\" \/>\n\t<meta name=\"twitter:data1\" content=\"1 minuto\" \/>\n<script type=\"application\/ld+json\" class=\"yoast-schema-graph\">{\"@context\":\"https:\/\/schema.org\",\"@graph\":[{\"@type\":\"WebPage\",\"@id\":\"https:\/\/casajaguarstudio.com\/hanburyi\/\",\"url\":\"https:\/\/casajaguarstudio.com\/hanburyi\/\",\"name\":\"Hanburyi - Casa Jaguar\",\"isPartOf\":{\"@id\":\"https:\/\/casajaguarstudio.com\/#website\"},\"primaryImageOfPage\":{\"@id\":\"https:\/\/casajaguarstudio.com\/hanburyi\/#primaryimage\"},\"image\":{\"@id\":\"https:\/\/casajaguarstudio.com\/hanburyi\/#primaryimage\"},\"thumbnailUrl\":\"https:\/\/casajaguarstudio.com\/wp-content\/uploads\/2025\/12\/Hanburyi-566x800.jpg\",\"datePublished\":\"2025-12-12T19:45:50+00:00\",\"dateModified\":\"2025-12-12T19:51:51+00:00\",\"breadcrumb\":{\"@id\":\"https:\/\/casajaguarstudio.com\/hanburyi\/#breadcrumb\"},\"inLanguage\":\"es-CO\",\"potentialAction\":[{\"@type\":\"ReadAction\",\"target\":[\"https:\/\/casajaguarstudio.com\/hanburyi\/\"]}]},{\"@type\":\"ImageObject\",\"inLanguage\":\"es-CO\",\"@id\":\"https:\/\/casajaguarstudio.com\/hanburyi\/#primaryimage\",\"url\":\"https:\/\/casajaguarstudio.com\/wp-content\/uploads\/2025\/12\/Hanburyi-566x800.jpg\",\"contentUrl\":\"https:\/\/casajaguarstudio.com\/wp-content\/uploads\/2025\/12\/Hanburyi-566x800.jpg\"},{\"@type\":\"BreadcrumbList\",\"@id\":\"https:\/\/casajaguarstudio.com\/hanburyi\/#breadcrumb\",\"itemListElement\":[{\"@type\":\"ListItem\",\"position\":1,\"name\":\"Home\",\"item\":\"https:\/\/casajaguarstudio.com\/\"},{\"@type\":\"ListItem\",\"position\":2,\"name\":\"Hanburyi\"}]},{\"@type\":\"WebSite\",\"@id\":\"https:\/\/casajaguarstudio.com\/#website\",\"url\":\"https:\/\/casajaguarstudio.com\/\",\"name\":\"Casa Jaguar\",\"description\":\"Studio\",\"potentialAction\":[{\"@type\":\"SearchAction\",\"target\":{\"@type\":\"EntryPoint\",\"urlTemplate\":\"https:\/\/casajaguarstudio.com\/?s={search_term_string}\"},\"query-input\":{\"@type\":\"PropertyValueSpecification\",\"valueRequired\":true,\"valueName\":\"search_term_string\"}}],\"inLanguage\":\"es-CO\"}]}<\/script>\n<!-- \/ Yoast SEO plugin. -->","yoast_head_json":{"title":"Hanburyi - Casa Jaguar","robots":{"index":"index","follow":"follow","max-snippet":"max-snippet:-1","max-image-preview":"max-image-preview:large","max-video-preview":"max-video-preview:-1"},"canonical":"https:\/\/casajaguarstudio.com\/es\/hanburyi\/","og_locale":"es_ES","og_type":"article","og_title":"Hanburyi - Casa Jaguar","og_description":"Name: HanburyiSize: 32 x 45 cm Medium: Digital print and woodcut on paperYear: 2021 \u00a0 \u201cHanburyi\u201d is named after an","og_url":"https:\/\/casajaguarstudio.com\/es\/hanburyi\/","og_site_name":"Casa Jaguar","article_modified_time":"2025-12-12T19:51:51+00:00","og_image":[{"width":708,"height":1000,"url":"https:\/\/casajaguarstudio.com\/wp-content\/uploads\/2025\/12\/Hanburyi.jpg","type":"image\/jpeg"}],"twitter_card":"summary_large_image","twitter_misc":{"Tiempo de lectura":"1 minuto"},"schema":{"@context":"https:\/\/schema.org","@graph":[{"@type":"WebPage","@id":"https:\/\/casajaguarstudio.com\/hanburyi\/","url":"https:\/\/casajaguarstudio.com\/hanburyi\/","name":"Hanburyi - Casa Jaguar","isPartOf":{"@id":"https:\/\/casajaguarstudio.com\/#website"},"primaryImageOfPage":{"@id":"https:\/\/casajaguarstudio.com\/hanburyi\/#primaryimage"},"image":{"@id":"https:\/\/casajaguarstudio.com\/hanburyi\/#primaryimage"},"thumbnailUrl":"https:\/\/casajaguarstudio.com\/wp-content\/uploads\/2025\/12\/Hanburyi-566x800.jpg","datePublished":"2025-12-12T19:45:50+00:00","dateModified":"2025-12-12T19:51:51+00:00","breadcrumb":{"@id":"https:\/\/casajaguarstudio.com\/hanburyi\/#breadcrumb"},"inLanguage":"es-CO","potentialAction":[{"@type":"ReadAction","target":["https:\/\/casajaguarstudio.com\/hanburyi\/"]}]},{"@type":"ImageObject","inLanguage":"es-CO","@id":"https:\/\/casajaguarstudio.com\/hanburyi\/#primaryimage","url":"https:\/\/casajaguarstudio.com\/wp-content\/uploads\/2025\/12\/Hanburyi-566x800.jpg","contentUrl":"https:\/\/casajaguarstudio.com\/wp-content\/uploads\/2025\/12\/Hanburyi-566x800.jpg"},{"@type":"BreadcrumbList","@id":"https:\/\/casajaguarstudio.com\/hanburyi\/#breadcrumb","itemListElement":[{"@type":"ListItem","position":1,"name":"Home","item":"https:\/\/casajaguarstudio.com\/"},{"@type":"ListItem","position":2,"name":"Hanburyi"}]},{"@type":"WebSite","@id":"https:\/\/casajaguarstudio.com\/#website","url":"https:\/\/casajaguarstudio.com\/","name":"Casa Jaguar","description":"Studio","potentialAction":[{"@type":"SearchAction","target":{"@type":"EntryPoint","urlTemplate":"https:\/\/casajaguarstudio.com\/?s={search_term_string}"},"query-input":{"@type":"PropertyValueSpecification","valueRequired":true,"valueName":"search_term_string"}}],"inLanguage":"es-CO"}]}},"_links":{"self":[{"href":"https:\/\/casajaguarstudio.com\/es\/wp-json\/wp\/v2\/pages\/11617","targetHints":{"allow":["GET"]}}],"collection":[{"href":"https:\/\/casajaguarstudio.com\/es\/wp-json\/wp\/v2\/pages"}],"about":[{"href":"https:\/\/casajaguarstudio.com\/es\/wp-json\/wp\/v2\/types\/page"}],"author":[{"embeddable":true,"href":"https:\/\/casajaguarstudio.com\/es\/wp-json\/wp\/v2\/users\/1"}],"replies":[{"embeddable":true,"href":"https:\/\/casajaguarstudio.com\/es\/wp-json\/wp\/v2\/comments?post=11617"}],"version-history":[{"count":7,"href":"https:\/\/casajaguarstudio.com\/es\/wp-json\/wp\/v2\/pages\/11617\/revisions"}],"predecessor-version":[{"id":11627,"href":"https:\/\/casajaguarstudio.com\/es\/wp-json\/wp\/v2\/pages\/11617\/revisions\/11627"}],"wp:attachment":[{"href":"https:\/\/casajaguarstudio.com\/es\/wp-json\/wp\/v2\/media?parent=11617"}],"curies":[{"name":"wp","href":"https:\/\/api.w.org\/{rel}","templated":true}]}}