{"id":11651,"date":"2025-12-12T19:59:26","date_gmt":"2025-12-12T19:59:26","guid":{"rendered":"https:\/\/casajaguarstudio.com\/?page_id=11651"},"modified":"2025-12-12T21:41:36","modified_gmt":"2025-12-12T21:41:36","slug":"terra-preta","status":"publish","type":"page","link":"https:\/\/casajaguarstudio.com\/es\/terra-preta\/","title":{"rendered":"Terra preta"},"content":{"rendered":"<div data-elementor-type=\"wp-page\" data-elementor-id=\"11651\" class=\"elementor elementor-11651\">\n\t\t\t\t\t\t<section class=\"elementor-section elementor-top-section elementor-element elementor-element-1873ffdf elementor-section-boxed elementor-section-height-default elementor-section-height-default wd-section-disabled\" data-id=\"1873ffdf\" data-element_type=\"section\">\n\t\t\t\t\t\t<div class=\"elementor-container elementor-column-gap-default\">\n\t\t\t\t\t<div class=\"elementor-column elementor-col-50 elementor-top-column elementor-element elementor-element-2d7b5dc0\" data-id=\"2d7b5dc0\" data-element_type=\"column\">\n\t\t\t<div class=\"elementor-widget-wrap elementor-element-populated\">\n\t\t\t\t\t\t<div class=\"elementor-element elementor-element-546fbd23 elementor-widget elementor-widget-image\" data-id=\"546fbd23\" data-element_type=\"widget\" data-widget_type=\"image.default\">\n\t\t\t\t<div class=\"elementor-widget-container\">\n\t\t\t\t\t\t\t\t\t\t\t\t\t<img fetchpriority=\"high\" decoding=\"async\" width=\"786\" height=\"800\" src=\"https:\/\/casajaguarstudio.com\/wp-content\/uploads\/2025\/12\/Papel_23_Terra-preta-786x800.jpg\" class=\"attachment-large size-large wp-image-11545\" alt=\"\" srcset=\"https:\/\/casajaguarstudio.com\/wp-content\/uploads\/2025\/12\/Papel_23_Terra-preta-786x800.jpg 786w, https:\/\/casajaguarstudio.com\/wp-content\/uploads\/2025\/12\/Papel_23_Terra-preta-295x300.jpg 295w, https:\/\/casajaguarstudio.com\/wp-content\/uploads\/2025\/12\/Papel_23_Terra-preta-768x782.jpg 768w, https:\/\/casajaguarstudio.com\/wp-content\/uploads\/2025\/12\/Papel_23_Terra-preta-12x12.jpg 12w, https:\/\/casajaguarstudio.com\/wp-content\/uploads\/2025\/12\/Papel_23_Terra-preta.jpg 1000w\" sizes=\"(max-width: 786px) 100vw, 786px\" \/>\t\t\t\t\t\t\t\t\t\t\t\t\t<\/div>\n\t\t\t\t<\/div>\n\t\t\t\t\t<\/div>\n\t\t<\/div>\n\t\t\t\t<div class=\"elementor-column elementor-col-50 elementor-top-column elementor-element elementor-element-63a2c8a5\" data-id=\"63a2c8a5\" data-element_type=\"column\">\n\t\t\t<div class=\"elementor-widget-wrap elementor-element-populated\">\n\t\t\t\t\t\t<div class=\"elementor-element elementor-element-341d34e color-scheme-inherit text-left elementor-widget elementor-widget-text-editor\" data-id=\"341d34e\" data-element_type=\"widget\" data-widget_type=\"text-editor.default\">\n\t\t\t\t<div class=\"elementor-widget-container\">\n\t\t\t\t\t\t\t<p>Nombre: Terra preta<br \/>Tama\u00f1o: 50 x 50 cm <br \/>T\u00e9cnica: Xilograf\u00eda y collage sobre papel<\/p>\t\t\t\t\t\t<\/div>\n\t\t\t\t<\/div>\n\t\t\t\t<div class=\"elementor-element elementor-element-5b1d9120 color-scheme-inherit text-left elementor-widget elementor-widget-text-editor\" data-id=\"5b1d9120\" data-element_type=\"widget\" data-widget_type=\"text-editor.default\">\n\t\t\t\t<div class=\"elementor-widget-container\">\n\t\t\t\t\t\t\t<p>La ecolog\u00eda de la selva Amaz\u00f3nica es el resultado de 10,000 a\u00f1os de gesti\u00f3n territorial practicada por sus pueblos quienes domesticaron y cultivaron especies de plantas como el cacao y el \u00e1rbol de caucho. Para crear suelo cultivable y sostener sus ciudades, cortaron y carborizaron \u00e1reas de la selva, creando la \u201cterra preta\u201d o \u201ctierra negra\" que todav\u00eda se encuentra a trav\u00e9s de las cuencas del r\u00edo. La gente abandon\u00f3 estos suelos f\u00e9rtiles huyendo de la colonizaci\u00f3n. La Amazon\u00eda no era selva \u201cvirgen\u201d cuando llegaron los colonizadores: era (y es) un paisaje enriquecido por el trabajo milenario de sus pueblos.<\/p>\t\t\t\t\t\t<\/div>\n\t\t\t\t<\/div>\n\t\t\t\t\t<\/div>\n\t\t<\/div>\n\t\t\t\t\t<\/div>\n\t\t<\/section>\n\t\t\t\t<\/div>","protected":false},"excerpt":{"rendered":"<p>Name: Terra pretaSize: 50 x 50 cm Medium: Woodcut and collage on paper The ecology of the Amazon rainforest is<\/p>","protected":false},"author":1,"featured_media":0,"parent":0,"menu_order":0,"comment_status":"closed","ping_status":"closed","template":"","meta":{"footnotes":""},"class_list":["post-11651","page","type-page","status-publish","hentry"],"yoast_head":"<!-- This site is optimized with the Yoast SEO plugin v26.8 - https:\/\/yoast.com\/product\/yoast-seo-wordpress\/ -->\n<title>Terra preta - Casa Jaguar<\/title>\n<meta name=\"robots\" content=\"index, follow, max-snippet:-1, max-image-preview:large, max-video-preview:-1\" \/>\n<link rel=\"canonical\" href=\"https:\/\/casajaguarstudio.com\/es\/terra-preta\/\" \/>\n<meta property=\"og:locale\" content=\"es_ES\" \/>\n<meta property=\"og:type\" content=\"article\" \/>\n<meta property=\"og:title\" content=\"Terra preta - Casa Jaguar\" \/>\n<meta property=\"og:description\" content=\"Name: Terra pretaSize: 50 x 50 cm Medium: Woodcut and collage on paper The ecology of the Amazon rainforest is\" \/>\n<meta property=\"og:url\" content=\"https:\/\/casajaguarstudio.com\/es\/terra-preta\/\" \/>\n<meta property=\"og:site_name\" content=\"Casa Jaguar\" \/>\n<meta property=\"article:modified_time\" content=\"2025-12-12T21:41:36+00:00\" \/>\n<meta property=\"og:image\" content=\"https:\/\/casajaguarstudio.com\/wp-content\/uploads\/2025\/12\/Papel_23_Terra-preta.jpg\" \/>\n\t<meta property=\"og:image:width\" content=\"1000\" \/>\n\t<meta property=\"og:image:height\" content=\"1018\" \/>\n\t<meta property=\"og:image:type\" content=\"image\/jpeg\" \/>\n<meta name=\"twitter:card\" content=\"summary_large_image\" \/>\n<meta name=\"twitter:label1\" content=\"Tiempo de lectura\" \/>\n\t<meta name=\"twitter:data1\" content=\"1 minuto\" \/>\n<script type=\"application\/ld+json\" class=\"yoast-schema-graph\">{\"@context\":\"https:\/\/schema.org\",\"@graph\":[{\"@type\":\"WebPage\",\"@id\":\"https:\/\/casajaguarstudio.com\/terra-preta\/\",\"url\":\"https:\/\/casajaguarstudio.com\/terra-preta\/\",\"name\":\"Terra preta - Casa Jaguar\",\"isPartOf\":{\"@id\":\"https:\/\/casajaguarstudio.com\/#website\"},\"primaryImageOfPage\":{\"@id\":\"https:\/\/casajaguarstudio.com\/terra-preta\/#primaryimage\"},\"image\":{\"@id\":\"https:\/\/casajaguarstudio.com\/terra-preta\/#primaryimage\"},\"thumbnailUrl\":\"https:\/\/casajaguarstudio.com\/wp-content\/uploads\/2025\/12\/Papel_23_Terra-preta-786x800.jpg\",\"datePublished\":\"2025-12-12T19:59:26+00:00\",\"dateModified\":\"2025-12-12T21:41:36+00:00\",\"breadcrumb\":{\"@id\":\"https:\/\/casajaguarstudio.com\/terra-preta\/#breadcrumb\"},\"inLanguage\":\"es-CO\",\"potentialAction\":[{\"@type\":\"ReadAction\",\"target\":[\"https:\/\/casajaguarstudio.com\/terra-preta\/\"]}]},{\"@type\":\"ImageObject\",\"inLanguage\":\"es-CO\",\"@id\":\"https:\/\/casajaguarstudio.com\/terra-preta\/#primaryimage\",\"url\":\"https:\/\/casajaguarstudio.com\/wp-content\/uploads\/2025\/12\/Papel_23_Terra-preta-786x800.jpg\",\"contentUrl\":\"https:\/\/casajaguarstudio.com\/wp-content\/uploads\/2025\/12\/Papel_23_Terra-preta-786x800.jpg\"},{\"@type\":\"BreadcrumbList\",\"@id\":\"https:\/\/casajaguarstudio.com\/terra-preta\/#breadcrumb\",\"itemListElement\":[{\"@type\":\"ListItem\",\"position\":1,\"name\":\"Home\",\"item\":\"https:\/\/casajaguarstudio.com\/\"},{\"@type\":\"ListItem\",\"position\":2,\"name\":\"Terra preta\"}]},{\"@type\":\"WebSite\",\"@id\":\"https:\/\/casajaguarstudio.com\/#website\",\"url\":\"https:\/\/casajaguarstudio.com\/\",\"name\":\"Casa Jaguar\",\"description\":\"Studio\",\"potentialAction\":[{\"@type\":\"SearchAction\",\"target\":{\"@type\":\"EntryPoint\",\"urlTemplate\":\"https:\/\/casajaguarstudio.com\/?s={search_term_string}\"},\"query-input\":{\"@type\":\"PropertyValueSpecification\",\"valueRequired\":true,\"valueName\":\"search_term_string\"}}],\"inLanguage\":\"es-CO\"}]}<\/script>\n<!-- \/ Yoast SEO plugin. -->","yoast_head_json":{"title":"Terra preta - Casa Jaguar","robots":{"index":"index","follow":"follow","max-snippet":"max-snippet:-1","max-image-preview":"max-image-preview:large","max-video-preview":"max-video-preview:-1"},"canonical":"https:\/\/casajaguarstudio.com\/es\/terra-preta\/","og_locale":"es_ES","og_type":"article","og_title":"Terra preta - Casa Jaguar","og_description":"Name: Terra pretaSize: 50 x 50 cm Medium: Woodcut and collage on paper The ecology of the Amazon rainforest is","og_url":"https:\/\/casajaguarstudio.com\/es\/terra-preta\/","og_site_name":"Casa Jaguar","article_modified_time":"2025-12-12T21:41:36+00:00","og_image":[{"width":1000,"height":1018,"url":"https:\/\/casajaguarstudio.com\/wp-content\/uploads\/2025\/12\/Papel_23_Terra-preta.jpg","type":"image\/jpeg"}],"twitter_card":"summary_large_image","twitter_misc":{"Tiempo de lectura":"1 minuto"},"schema":{"@context":"https:\/\/schema.org","@graph":[{"@type":"WebPage","@id":"https:\/\/casajaguarstudio.com\/terra-preta\/","url":"https:\/\/casajaguarstudio.com\/terra-preta\/","name":"Terra preta - Casa Jaguar","isPartOf":{"@id":"https:\/\/casajaguarstudio.com\/#website"},"primaryImageOfPage":{"@id":"https:\/\/casajaguarstudio.com\/terra-preta\/#primaryimage"},"image":{"@id":"https:\/\/casajaguarstudio.com\/terra-preta\/#primaryimage"},"thumbnailUrl":"https:\/\/casajaguarstudio.com\/wp-content\/uploads\/2025\/12\/Papel_23_Terra-preta-786x800.jpg","datePublished":"2025-12-12T19:59:26+00:00","dateModified":"2025-12-12T21:41:36+00:00","breadcrumb":{"@id":"https:\/\/casajaguarstudio.com\/terra-preta\/#breadcrumb"},"inLanguage":"es-CO","potentialAction":[{"@type":"ReadAction","target":["https:\/\/casajaguarstudio.com\/terra-preta\/"]}]},{"@type":"ImageObject","inLanguage":"es-CO","@id":"https:\/\/casajaguarstudio.com\/terra-preta\/#primaryimage","url":"https:\/\/casajaguarstudio.com\/wp-content\/uploads\/2025\/12\/Papel_23_Terra-preta-786x800.jpg","contentUrl":"https:\/\/casajaguarstudio.com\/wp-content\/uploads\/2025\/12\/Papel_23_Terra-preta-786x800.jpg"},{"@type":"BreadcrumbList","@id":"https:\/\/casajaguarstudio.com\/terra-preta\/#breadcrumb","itemListElement":[{"@type":"ListItem","position":1,"name":"Home","item":"https:\/\/casajaguarstudio.com\/"},{"@type":"ListItem","position":2,"name":"Terra preta"}]},{"@type":"WebSite","@id":"https:\/\/casajaguarstudio.com\/#website","url":"https:\/\/casajaguarstudio.com\/","name":"Casa Jaguar","description":"Studio","potentialAction":[{"@type":"SearchAction","target":{"@type":"EntryPoint","urlTemplate":"https:\/\/casajaguarstudio.com\/?s={search_term_string}"},"query-input":{"@type":"PropertyValueSpecification","valueRequired":true,"valueName":"search_term_string"}}],"inLanguage":"es-CO"}]}},"_links":{"self":[{"href":"https:\/\/casajaguarstudio.com\/es\/wp-json\/wp\/v2\/pages\/11651","targetHints":{"allow":["GET"]}}],"collection":[{"href":"https:\/\/casajaguarstudio.com\/es\/wp-json\/wp\/v2\/pages"}],"about":[{"href":"https:\/\/casajaguarstudio.com\/es\/wp-json\/wp\/v2\/types\/page"}],"author":[{"embeddable":true,"href":"https:\/\/casajaguarstudio.com\/es\/wp-json\/wp\/v2\/users\/1"}],"replies":[{"embeddable":true,"href":"https:\/\/casajaguarstudio.com\/es\/wp-json\/wp\/v2\/comments?post=11651"}],"version-history":[{"count":7,"href":"https:\/\/casajaguarstudio.com\/es\/wp-json\/wp\/v2\/pages\/11651\/revisions"}],"predecessor-version":[{"id":11663,"href":"https:\/\/casajaguarstudio.com\/es\/wp-json\/wp\/v2\/pages\/11651\/revisions\/11663"}],"wp:attachment":[{"href":"https:\/\/casajaguarstudio.com\/es\/wp-json\/wp\/v2\/media?parent=11651"}],"curies":[{"name":"wp","href":"https:\/\/api.w.org\/{rel}","templated":true}]}}