{"id":11670,"date":"2025-12-12T21:45:16","date_gmt":"2025-12-12T21:45:16","guid":{"rendered":"https:\/\/casajaguarstudio.com\/?page_id=11670"},"modified":"2025-12-12T21:48:24","modified_gmt":"2025-12-12T21:48:24","slug":"ritakuwa","status":"publish","type":"page","link":"https:\/\/casajaguarstudio.com\/es\/ritakuwa\/","title":{"rendered":"Ritak&#8217;uwa"},"content":{"rendered":"<div data-elementor-type=\"wp-page\" data-elementor-id=\"11670\" class=\"elementor elementor-11670\">\n\t\t\t\t\t\t<section class=\"elementor-section elementor-top-section elementor-element elementor-element-24cc6e66 elementor-section-boxed elementor-section-height-default elementor-section-height-default wd-section-disabled\" data-id=\"24cc6e66\" data-element_type=\"section\">\n\t\t\t\t\t\t<div class=\"elementor-container elementor-column-gap-default\">\n\t\t\t\t\t<div class=\"elementor-column elementor-col-100 elementor-top-column elementor-element elementor-element-63d46150\" data-id=\"63d46150\" data-element_type=\"column\">\n\t\t\t<div class=\"elementor-widget-wrap elementor-element-populated\">\n\t\t\t\t\t\t<div class=\"elementor-element elementor-element-73953d57 elementor-widget elementor-widget-image\" data-id=\"73953d57\" data-element_type=\"widget\" data-widget_type=\"image.default\">\n\t\t\t\t<div class=\"elementor-widget-container\">\n\t\t\t\t\t\t\t\t\t\t\t\t\t<img fetchpriority=\"high\" decoding=\"async\" width=\"1178\" height=\"800\" src=\"https:\/\/casajaguarstudio.com\/wp-content\/uploads\/2025\/12\/ritakuwa-1178x800.jpg\" class=\"attachment-large size-large wp-image-11540\" alt=\"\" srcset=\"https:\/\/casajaguarstudio.com\/wp-content\/uploads\/2025\/12\/ritakuwa-1178x800.jpg 1178w, https:\/\/casajaguarstudio.com\/wp-content\/uploads\/2025\/12\/ritakuwa-400x272.jpg 400w, https:\/\/casajaguarstudio.com\/wp-content\/uploads\/2025\/12\/ritakuwa-768x522.jpg 768w, https:\/\/casajaguarstudio.com\/wp-content\/uploads\/2025\/12\/ritakuwa-18x12.jpg 18w, https:\/\/casajaguarstudio.com\/wp-content\/uploads\/2025\/12\/ritakuwa.jpg 1200w\" sizes=\"(max-width: 1178px) 100vw, 1178px\" \/>\t\t\t\t\t\t\t\t\t\t\t\t\t<\/div>\n\t\t\t\t<\/div>\n\t\t\t\t\t<\/div>\n\t\t<\/div>\n\t\t\t\t\t<\/div>\n\t\t<\/section>\n\t\t\t\t<section class=\"elementor-section elementor-top-section elementor-element elementor-element-bfb3f7d elementor-section-boxed elementor-section-height-default elementor-section-height-default wd-section-disabled\" data-id=\"bfb3f7d\" data-element_type=\"section\">\n\t\t\t\t\t\t<div class=\"elementor-container elementor-column-gap-default\">\n\t\t\t\t\t<div class=\"elementor-column elementor-col-100 elementor-top-column elementor-element elementor-element-30567120\" data-id=\"30567120\" data-element_type=\"column\">\n\t\t\t<div class=\"elementor-widget-wrap elementor-element-populated\">\n\t\t\t\t\t\t<div class=\"elementor-element elementor-element-66b701f3 color-scheme-inherit text-left elementor-widget elementor-widget-text-editor\" data-id=\"66b701f3\" data-element_type=\"widget\" data-widget_type=\"text-editor.default\">\n\t\t\t\t<div class=\"elementor-widget-container\">\n\t\t\t\t\t\t\t<p>Nombre: Ritak'uwa<br \/>Dimensiones: <span data-sheets-root=\"1\">130 x 90<\/span> cm<br \/>T\u00e9cnica: Acr\u00edlico, collage, \u00f3leo y grabado sobre tela <br \/>A\u00f1o: 2024<\/p>\t\t\t\t\t\t<\/div>\n\t\t\t\t<\/div>\n\t\t\t\t<div class=\"elementor-element elementor-element-63c946f7 color-scheme-inherit text-left elementor-widget elementor-widget-text-editor\" data-id=\"63c946f7\" data-element_type=\"widget\" data-widget_type=\"text-editor.default\">\n\t\t\t\t<div class=\"elementor-widget-container\">\n\t\t\t\t\t\t\t<p>El Ritak'uwa es el punto m\u00e1s alto de la Cordillera Oriental en los Andes de Colombia y es uno de los 18 picos de la Sierra Nevada del Cocuy. Sus cumbres glaciares son un \u00e1rea sagrada llamada Zizuma por la naci\u00f3n U\u2019wa. La crisis clim\u00e1tica ha reducido la superficie glaciar en Colombia en un 68% desde los a\u00f1os cincuenta. La desaparici\u00f3n de Zizuma pone en riesgo el alma y el coraz\u00f3n de la naci\u00f3n U\u2019wa, quien afirma \u201csin Zizuma estamos condenados a morir lentamente.\u201d Para el pueblo u\u2019wa, el territorio es un ser vivo. La tierra es nuestra madre y por ello debemos mantener el equilibrio de sus cuatro pilares: agua, cielo, tierra y monta\u00f1as. En su cosmovisi\u00f3n, el pasto son los vellos de la madre tierra, los \u00e1rboles su cabello, las rocas sus huesos, el agua su sudor, las flores y animales sus adornos y el petr\u00f3leo es su sangre. El dios Sira es el creador del universo y la diosa Rairia administra una fracci\u00f3n. Kanuar\u2019a es el creador de los cerros y Yaksowa es el creador de las aguas. El pueblo u\u2019wa nos recuerda: \u201cLa tierra es una sola, si continuamos explot\u00e1ndola, estamos condenados a la extinci\u00f3n.\u201d<\/p>\t\t\t\t\t\t<\/div>\n\t\t\t\t<\/div>\n\t\t\t\t\t<\/div>\n\t\t<\/div>\n\t\t\t\t\t<\/div>\n\t\t<\/section>\n\t\t\t\t<\/div>","protected":false},"excerpt":{"rendered":"<p>Name: Ritak&#8217;uwaSize: 130 x 90 cmMedium: Acrylic, collage, oil and engraving on fabric Year: 2024 Ritak&#8217;uwa is the highest point<\/p>","protected":false},"author":1,"featured_media":0,"parent":0,"menu_order":0,"comment_status":"closed","ping_status":"closed","template":"","meta":{"footnotes":""},"class_list":["post-11670","page","type-page","status-publish","hentry"],"yoast_head":"<!-- This site is optimized with the Yoast SEO plugin v26.8 - https:\/\/yoast.com\/product\/yoast-seo-wordpress\/ -->\n<title>Ritak&#039;uwa - Casa Jaguar<\/title>\n<meta name=\"robots\" content=\"index, follow, max-snippet:-1, max-image-preview:large, max-video-preview:-1\" \/>\n<link rel=\"canonical\" href=\"https:\/\/casajaguarstudio.com\/es\/ritakuwa\/\" \/>\n<meta property=\"og:locale\" content=\"es_ES\" \/>\n<meta property=\"og:type\" content=\"article\" \/>\n<meta property=\"og:title\" content=\"Ritak&#039;uwa - Casa Jaguar\" \/>\n<meta property=\"og:description\" content=\"Name: Ritak&#8217;uwaSize: 130 x 90 cmMedium: Acrylic, collage, oil and engraving on fabric Year: 2024 Ritak&#8217;uwa is the highest point\" \/>\n<meta property=\"og:url\" content=\"https:\/\/casajaguarstudio.com\/es\/ritakuwa\/\" \/>\n<meta property=\"og:site_name\" content=\"Casa Jaguar\" \/>\n<meta property=\"article:modified_time\" content=\"2025-12-12T21:48:24+00:00\" \/>\n<meta property=\"og:image\" content=\"https:\/\/casajaguarstudio.com\/wp-content\/uploads\/2025\/12\/ritakuwa.jpg\" \/>\n\t<meta property=\"og:image:width\" content=\"1200\" \/>\n\t<meta property=\"og:image:height\" content=\"815\" \/>\n\t<meta property=\"og:image:type\" content=\"image\/jpeg\" \/>\n<meta name=\"twitter:card\" content=\"summary_large_image\" \/>\n<meta name=\"twitter:label1\" content=\"Tiempo de lectura\" \/>\n\t<meta name=\"twitter:data1\" content=\"2 minutos\" \/>\n<script type=\"application\/ld+json\" class=\"yoast-schema-graph\">{\"@context\":\"https:\/\/schema.org\",\"@graph\":[{\"@type\":\"WebPage\",\"@id\":\"https:\/\/casajaguarstudio.com\/ritakuwa\/\",\"url\":\"https:\/\/casajaguarstudio.com\/ritakuwa\/\",\"name\":\"Ritak'uwa - Casa Jaguar\",\"isPartOf\":{\"@id\":\"https:\/\/casajaguarstudio.com\/#website\"},\"primaryImageOfPage\":{\"@id\":\"https:\/\/casajaguarstudio.com\/ritakuwa\/#primaryimage\"},\"image\":{\"@id\":\"https:\/\/casajaguarstudio.com\/ritakuwa\/#primaryimage\"},\"thumbnailUrl\":\"https:\/\/casajaguarstudio.com\/wp-content\/uploads\/2025\/12\/ritakuwa-1178x800.jpg\",\"datePublished\":\"2025-12-12T21:45:16+00:00\",\"dateModified\":\"2025-12-12T21:48:24+00:00\",\"breadcrumb\":{\"@id\":\"https:\/\/casajaguarstudio.com\/ritakuwa\/#breadcrumb\"},\"inLanguage\":\"es-CO\",\"potentialAction\":[{\"@type\":\"ReadAction\",\"target\":[\"https:\/\/casajaguarstudio.com\/ritakuwa\/\"]}]},{\"@type\":\"ImageObject\",\"inLanguage\":\"es-CO\",\"@id\":\"https:\/\/casajaguarstudio.com\/ritakuwa\/#primaryimage\",\"url\":\"https:\/\/casajaguarstudio.com\/wp-content\/uploads\/2025\/12\/ritakuwa-1178x800.jpg\",\"contentUrl\":\"https:\/\/casajaguarstudio.com\/wp-content\/uploads\/2025\/12\/ritakuwa-1178x800.jpg\"},{\"@type\":\"BreadcrumbList\",\"@id\":\"https:\/\/casajaguarstudio.com\/ritakuwa\/#breadcrumb\",\"itemListElement\":[{\"@type\":\"ListItem\",\"position\":1,\"name\":\"Home\",\"item\":\"https:\/\/casajaguarstudio.com\/\"},{\"@type\":\"ListItem\",\"position\":2,\"name\":\"Ritak&#8217;uwa\"}]},{\"@type\":\"WebSite\",\"@id\":\"https:\/\/casajaguarstudio.com\/#website\",\"url\":\"https:\/\/casajaguarstudio.com\/\",\"name\":\"Casa Jaguar\",\"description\":\"Studio\",\"potentialAction\":[{\"@type\":\"SearchAction\",\"target\":{\"@type\":\"EntryPoint\",\"urlTemplate\":\"https:\/\/casajaguarstudio.com\/?s={search_term_string}\"},\"query-input\":{\"@type\":\"PropertyValueSpecification\",\"valueRequired\":true,\"valueName\":\"search_term_string\"}}],\"inLanguage\":\"es-CO\"}]}<\/script>\n<!-- \/ Yoast SEO plugin. -->","yoast_head_json":{"title":"Ritak'uwa - Casa Jaguar","robots":{"index":"index","follow":"follow","max-snippet":"max-snippet:-1","max-image-preview":"max-image-preview:large","max-video-preview":"max-video-preview:-1"},"canonical":"https:\/\/casajaguarstudio.com\/es\/ritakuwa\/","og_locale":"es_ES","og_type":"article","og_title":"Ritak'uwa - Casa Jaguar","og_description":"Name: Ritak&#8217;uwaSize: 130 x 90 cmMedium: Acrylic, collage, oil and engraving on fabric Year: 2024 Ritak&#8217;uwa is the highest point","og_url":"https:\/\/casajaguarstudio.com\/es\/ritakuwa\/","og_site_name":"Casa Jaguar","article_modified_time":"2025-12-12T21:48:24+00:00","og_image":[{"width":1200,"height":815,"url":"https:\/\/casajaguarstudio.com\/wp-content\/uploads\/2025\/12\/ritakuwa.jpg","type":"image\/jpeg"}],"twitter_card":"summary_large_image","twitter_misc":{"Tiempo de lectura":"2 minutos"},"schema":{"@context":"https:\/\/schema.org","@graph":[{"@type":"WebPage","@id":"https:\/\/casajaguarstudio.com\/ritakuwa\/","url":"https:\/\/casajaguarstudio.com\/ritakuwa\/","name":"Ritak'uwa - Casa Jaguar","isPartOf":{"@id":"https:\/\/casajaguarstudio.com\/#website"},"primaryImageOfPage":{"@id":"https:\/\/casajaguarstudio.com\/ritakuwa\/#primaryimage"},"image":{"@id":"https:\/\/casajaguarstudio.com\/ritakuwa\/#primaryimage"},"thumbnailUrl":"https:\/\/casajaguarstudio.com\/wp-content\/uploads\/2025\/12\/ritakuwa-1178x800.jpg","datePublished":"2025-12-12T21:45:16+00:00","dateModified":"2025-12-12T21:48:24+00:00","breadcrumb":{"@id":"https:\/\/casajaguarstudio.com\/ritakuwa\/#breadcrumb"},"inLanguage":"es-CO","potentialAction":[{"@type":"ReadAction","target":["https:\/\/casajaguarstudio.com\/ritakuwa\/"]}]},{"@type":"ImageObject","inLanguage":"es-CO","@id":"https:\/\/casajaguarstudio.com\/ritakuwa\/#primaryimage","url":"https:\/\/casajaguarstudio.com\/wp-content\/uploads\/2025\/12\/ritakuwa-1178x800.jpg","contentUrl":"https:\/\/casajaguarstudio.com\/wp-content\/uploads\/2025\/12\/ritakuwa-1178x800.jpg"},{"@type":"BreadcrumbList","@id":"https:\/\/casajaguarstudio.com\/ritakuwa\/#breadcrumb","itemListElement":[{"@type":"ListItem","position":1,"name":"Home","item":"https:\/\/casajaguarstudio.com\/"},{"@type":"ListItem","position":2,"name":"Ritak&#8217;uwa"}]},{"@type":"WebSite","@id":"https:\/\/casajaguarstudio.com\/#website","url":"https:\/\/casajaguarstudio.com\/","name":"Casa Jaguar","description":"Studio","potentialAction":[{"@type":"SearchAction","target":{"@type":"EntryPoint","urlTemplate":"https:\/\/casajaguarstudio.com\/?s={search_term_string}"},"query-input":{"@type":"PropertyValueSpecification","valueRequired":true,"valueName":"search_term_string"}}],"inLanguage":"es-CO"}]}},"_links":{"self":[{"href":"https:\/\/casajaguarstudio.com\/es\/wp-json\/wp\/v2\/pages\/11670","targetHints":{"allow":["GET"]}}],"collection":[{"href":"https:\/\/casajaguarstudio.com\/es\/wp-json\/wp\/v2\/pages"}],"about":[{"href":"https:\/\/casajaguarstudio.com\/es\/wp-json\/wp\/v2\/types\/page"}],"author":[{"embeddable":true,"href":"https:\/\/casajaguarstudio.com\/es\/wp-json\/wp\/v2\/users\/1"}],"replies":[{"embeddable":true,"href":"https:\/\/casajaguarstudio.com\/es\/wp-json\/wp\/v2\/comments?post=11670"}],"version-history":[{"count":4,"href":"https:\/\/casajaguarstudio.com\/es\/wp-json\/wp\/v2\/pages\/11670\/revisions"}],"predecessor-version":[{"id":11674,"href":"https:\/\/casajaguarstudio.com\/es\/wp-json\/wp\/v2\/pages\/11670\/revisions\/11674"}],"wp:attachment":[{"href":"https:\/\/casajaguarstudio.com\/es\/wp-json\/wp\/v2\/media?parent=11670"}],"curies":[{"name":"wp","href":"https:\/\/api.w.org\/{rel}","templated":true}]}}