{"id":11689,"date":"2025-12-12T21:53:28","date_gmt":"2025-12-12T21:53:28","guid":{"rendered":"https:\/\/casajaguarstudio.com\/?page_id=11689"},"modified":"2026-04-11T00:10:54","modified_gmt":"2026-04-11T00:10:54","slug":"titicaca","status":"publish","type":"page","link":"https:\/\/casajaguarstudio.com\/es\/titicaca\/","title":{"rendered":"El lago Titicaca: fuente del mundo Andino"},"content":{"rendered":"<div data-elementor-type=\"wp-page\" data-elementor-id=\"11689\" class=\"elementor elementor-11689\">\n\t\t\t\t\t\t<section class=\"elementor-section elementor-top-section elementor-element elementor-element-7061939 elementor-section-boxed elementor-section-height-default elementor-section-height-default wd-section-disabled\" data-id=\"7061939\" data-element_type=\"section\">\n\t\t\t\t\t\t<div class=\"elementor-container elementor-column-gap-default\">\n\t\t\t\t\t<div class=\"elementor-column elementor-col-50 elementor-top-column elementor-element elementor-element-1dada1f9\" data-id=\"1dada1f9\" data-element_type=\"column\">\n\t\t\t<div class=\"elementor-widget-wrap elementor-element-populated\">\n\t\t\t\t\t\t<div class=\"elementor-element elementor-element-4dd3d150 elementor-widget elementor-widget-image\" data-id=\"4dd3d150\" data-element_type=\"widget\" data-widget_type=\"image.default\">\n\t\t\t\t<div class=\"elementor-widget-container\">\n\t\t\t\t\t\t\t\t\t\t\t\t\t<img fetchpriority=\"high\" decoding=\"async\" width=\"576\" height=\"800\" src=\"https:\/\/casajaguarstudio.com\/wp-content\/uploads\/2026\/04\/El-lago-Titicaca-fuente-del-mundo-andino-576x800.jpg\" class=\"attachment-large size-large wp-image-11984\" alt=\"\" srcset=\"https:\/\/casajaguarstudio.com\/wp-content\/uploads\/2026\/04\/El-lago-Titicaca-fuente-del-mundo-andino-576x800.jpg 576w, https:\/\/casajaguarstudio.com\/wp-content\/uploads\/2026\/04\/El-lago-Titicaca-fuente-del-mundo-andino-216x300.jpg 216w, https:\/\/casajaguarstudio.com\/wp-content\/uploads\/2026\/04\/El-lago-Titicaca-fuente-del-mundo-andino-768x1067.jpg 768w, https:\/\/casajaguarstudio.com\/wp-content\/uploads\/2026\/04\/El-lago-Titicaca-fuente-del-mundo-andino-1105x1536.jpg 1105w, https:\/\/casajaguarstudio.com\/wp-content\/uploads\/2026\/04\/El-lago-Titicaca-fuente-del-mundo-andino-1474x2048.jpg 1474w, https:\/\/casajaguarstudio.com\/wp-content\/uploads\/2026\/04\/El-lago-Titicaca-fuente-del-mundo-andino-9x12.jpg 9w, https:\/\/casajaguarstudio.com\/wp-content\/uploads\/2026\/04\/El-lago-Titicaca-fuente-del-mundo-andino-scaled.jpg 1842w\" sizes=\"(max-width: 576px) 100vw, 576px\" \/>\t\t\t\t\t\t\t\t\t\t\t\t\t<\/div>\n\t\t\t\t<\/div>\n\t\t\t\t\t<\/div>\n\t\t<\/div>\n\t\t\t\t<div class=\"elementor-column elementor-col-50 elementor-top-column elementor-element elementor-element-60c2ce51\" data-id=\"60c2ce51\" data-element_type=\"column\">\n\t\t\t<div class=\"elementor-widget-wrap elementor-element-populated\">\n\t\t\t\t\t\t<div class=\"elementor-element elementor-element-469b3bb5 color-scheme-inherit text-left elementor-widget elementor-widget-text-editor\" data-id=\"469b3bb5\" data-element_type=\"widget\" data-widget_type=\"text-editor.default\">\n\t\t\t\t<div class=\"elementor-widget-container\">\n\t\t\t\t\t\t\t<p>Nombre: El lago Titicaca: fuente del mundo andino\u00a0<br \/>Dimensiones: <span data-sheets-root=\"1\">100 x 140<\/span> cm <br \/>T\u00e9cnica: Acr\u00edlico, collage y grabado sobre tela<br \/>A\u00f1o: 2025<\/p>\t\t\t\t\t\t<\/div>\n\t\t\t\t<\/div>\n\t\t\t\t<div class=\"elementor-element elementor-element-6cf99788 color-scheme-inherit text-left elementor-widget elementor-widget-text-editor\" data-id=\"6cf99788\" data-element_type=\"widget\" data-widget_type=\"text-editor.default\">\n\t\t\t\t<div class=\"elementor-widget-container\">\n\t\t\t\t\t\t\t<p>Esta obra se inspira en el Lago Titicaca en Bolivia y Per\u00fa. Cuentan las historias del pueblo Aymara que en los tiempos remotos el lago Tititcaca era un llano, no hab\u00eda agua. All\u00ed viv\u00eda Puka Kalsuna, una persona de tama\u00f1o peque\u00f1o. Viv\u00eda en un cerro y por eso sobrevivi\u00f3 al \"juicio del agua\" (el diluvio andino) en el que se inund\u00f3 el mundo y el cerro se convirti\u00f3 en la isla Soto. Los pobladores de alrededor ten\u00edan que llevarle tributos y un d\u00eda pidi\u00f3 a una pareja joven quienes se convirtieron en sus pupilos. Dios presinti\u00f3 que Puka Kalsuna ten\u00eda la intenci\u00f3n de comerse a sus pupilos entonces desat\u00f3 una gran tormenta pero Puka Kalsuna logr\u00f3 huir, llevando consigo a la pareja. Un rayo lo alcanz\u00f3 convirti\u00e9ndolo en una isla rocosa. La pareja sobrevivi\u00f3 el cataclismo y se estableci\u00f3 en una isla del lago que daba buenas cosechas. De ah\u00ed, se fueron a fundar Cusco y se conviertieron en Mama Ocllo y y Manco C\u00e1pac. Cusco se volvi\u00f3 la capital del Tahuantinsuyo, el imperio Inca.<\/p>\t\t\t\t\t\t<\/div>\n\t\t\t\t<\/div>\n\t\t\t\t\t<\/div>\n\t\t<\/div>\n\t\t\t\t\t<\/div>\n\t\t<\/section>\n\t\t\t\t<\/div>","protected":false},"excerpt":{"rendered":"<p>Name: Lake Titicaca: source of the Andean world\u00a0Size: 100 x 140 cm Medium: Acrylic, collage and engraving on fabricYear: 2025<\/p>","protected":false},"author":1,"featured_media":0,"parent":0,"menu_order":0,"comment_status":"closed","ping_status":"closed","template":"","meta":{"footnotes":""},"class_list":["post-11689","page","type-page","status-publish","hentry"],"yoast_head":"<!-- This site is optimized with the Yoast SEO plugin v26.8 - https:\/\/yoast.com\/product\/yoast-seo-wordpress\/ -->\n<title>El lago Titicaca: fuente del mundo Andino - Casa Jaguar<\/title>\n<meta name=\"robots\" content=\"index, follow, max-snippet:-1, max-image-preview:large, max-video-preview:-1\" \/>\n<link rel=\"canonical\" href=\"https:\/\/casajaguarstudio.com\/es\/titicaca\/\" \/>\n<meta property=\"og:locale\" content=\"es_ES\" \/>\n<meta property=\"og:type\" content=\"article\" \/>\n<meta property=\"og:title\" content=\"El lago Titicaca: fuente del mundo Andino - Casa Jaguar\" \/>\n<meta property=\"og:description\" content=\"Name: Lake Titicaca: source of the Andean world\u00a0Size: 100 x 140 cm Medium: Acrylic, collage and engraving on fabricYear: 2025\" \/>\n<meta property=\"og:url\" content=\"https:\/\/casajaguarstudio.com\/es\/titicaca\/\" \/>\n<meta property=\"og:site_name\" content=\"Casa Jaguar\" \/>\n<meta property=\"article:modified_time\" content=\"2026-04-11T00:10:54+00:00\" \/>\n<meta property=\"og:image\" content=\"https:\/\/casajaguarstudio.com\/wp-content\/uploads\/2026\/04\/El-lago-Titicaca-fuente-del-mundo-andino-scaled.jpg\" \/>\n\t<meta property=\"og:image:width\" content=\"1842\" \/>\n\t<meta property=\"og:image:height\" content=\"2560\" \/>\n\t<meta property=\"og:image:type\" content=\"image\/jpeg\" \/>\n<meta name=\"twitter:card\" content=\"summary_large_image\" \/>\n<meta name=\"twitter:label1\" content=\"Tiempo de lectura\" \/>\n\t<meta name=\"twitter:data1\" content=\"2 minutos\" \/>\n<script type=\"application\/ld+json\" class=\"yoast-schema-graph\">{\"@context\":\"https:\/\/schema.org\",\"@graph\":[{\"@type\":\"WebPage\",\"@id\":\"https:\/\/casajaguarstudio.com\/titicaca\/\",\"url\":\"https:\/\/casajaguarstudio.com\/titicaca\/\",\"name\":\"El lago Titicaca: fuente del mundo Andino - Casa Jaguar\",\"isPartOf\":{\"@id\":\"https:\/\/casajaguarstudio.com\/#website\"},\"primaryImageOfPage\":{\"@id\":\"https:\/\/casajaguarstudio.com\/titicaca\/#primaryimage\"},\"image\":{\"@id\":\"https:\/\/casajaguarstudio.com\/titicaca\/#primaryimage\"},\"thumbnailUrl\":\"https:\/\/casajaguarstudio.com\/wp-content\/uploads\/2026\/04\/El-lago-Titicaca-fuente-del-mundo-andino-576x800.jpg\",\"datePublished\":\"2025-12-12T21:53:28+00:00\",\"dateModified\":\"2026-04-11T00:10:54+00:00\",\"breadcrumb\":{\"@id\":\"https:\/\/casajaguarstudio.com\/titicaca\/#breadcrumb\"},\"inLanguage\":\"es-CO\",\"potentialAction\":[{\"@type\":\"ReadAction\",\"target\":[\"https:\/\/casajaguarstudio.com\/titicaca\/\"]}]},{\"@type\":\"ImageObject\",\"inLanguage\":\"es-CO\",\"@id\":\"https:\/\/casajaguarstudio.com\/titicaca\/#primaryimage\",\"url\":\"https:\/\/casajaguarstudio.com\/wp-content\/uploads\/2026\/04\/El-lago-Titicaca-fuente-del-mundo-andino-576x800.jpg\",\"contentUrl\":\"https:\/\/casajaguarstudio.com\/wp-content\/uploads\/2026\/04\/El-lago-Titicaca-fuente-del-mundo-andino-576x800.jpg\"},{\"@type\":\"BreadcrumbList\",\"@id\":\"https:\/\/casajaguarstudio.com\/titicaca\/#breadcrumb\",\"itemListElement\":[{\"@type\":\"ListItem\",\"position\":1,\"name\":\"Home\",\"item\":\"https:\/\/casajaguarstudio.com\/\"},{\"@type\":\"ListItem\",\"position\":2,\"name\":\"El lago Titicaca: fuente del mundo Andino\"}]},{\"@type\":\"WebSite\",\"@id\":\"https:\/\/casajaguarstudio.com\/#website\",\"url\":\"https:\/\/casajaguarstudio.com\/\",\"name\":\"Casa Jaguar\",\"description\":\"Studio\",\"potentialAction\":[{\"@type\":\"SearchAction\",\"target\":{\"@type\":\"EntryPoint\",\"urlTemplate\":\"https:\/\/casajaguarstudio.com\/?s={search_term_string}\"},\"query-input\":{\"@type\":\"PropertyValueSpecification\",\"valueRequired\":true,\"valueName\":\"search_term_string\"}}],\"inLanguage\":\"es-CO\"}]}<\/script>\n<!-- \/ Yoast SEO plugin. -->","yoast_head_json":{"title":"El lago Titicaca: fuente del mundo Andino - Casa Jaguar","robots":{"index":"index","follow":"follow","max-snippet":"max-snippet:-1","max-image-preview":"max-image-preview:large","max-video-preview":"max-video-preview:-1"},"canonical":"https:\/\/casajaguarstudio.com\/es\/titicaca\/","og_locale":"es_ES","og_type":"article","og_title":"El lago Titicaca: fuente del mundo Andino - Casa Jaguar","og_description":"Name: Lake Titicaca: source of the Andean world\u00a0Size: 100 x 140 cm Medium: Acrylic, collage and engraving on fabricYear: 2025","og_url":"https:\/\/casajaguarstudio.com\/es\/titicaca\/","og_site_name":"Casa Jaguar","article_modified_time":"2026-04-11T00:10:54+00:00","og_image":[{"width":1842,"height":2560,"url":"https:\/\/casajaguarstudio.com\/wp-content\/uploads\/2026\/04\/El-lago-Titicaca-fuente-del-mundo-andino-scaled.jpg","type":"image\/jpeg"}],"twitter_card":"summary_large_image","twitter_misc":{"Tiempo de lectura":"2 minutos"},"schema":{"@context":"https:\/\/schema.org","@graph":[{"@type":"WebPage","@id":"https:\/\/casajaguarstudio.com\/titicaca\/","url":"https:\/\/casajaguarstudio.com\/titicaca\/","name":"El lago Titicaca: fuente del mundo Andino - Casa Jaguar","isPartOf":{"@id":"https:\/\/casajaguarstudio.com\/#website"},"primaryImageOfPage":{"@id":"https:\/\/casajaguarstudio.com\/titicaca\/#primaryimage"},"image":{"@id":"https:\/\/casajaguarstudio.com\/titicaca\/#primaryimage"},"thumbnailUrl":"https:\/\/casajaguarstudio.com\/wp-content\/uploads\/2026\/04\/El-lago-Titicaca-fuente-del-mundo-andino-576x800.jpg","datePublished":"2025-12-12T21:53:28+00:00","dateModified":"2026-04-11T00:10:54+00:00","breadcrumb":{"@id":"https:\/\/casajaguarstudio.com\/titicaca\/#breadcrumb"},"inLanguage":"es-CO","potentialAction":[{"@type":"ReadAction","target":["https:\/\/casajaguarstudio.com\/titicaca\/"]}]},{"@type":"ImageObject","inLanguage":"es-CO","@id":"https:\/\/casajaguarstudio.com\/titicaca\/#primaryimage","url":"https:\/\/casajaguarstudio.com\/wp-content\/uploads\/2026\/04\/El-lago-Titicaca-fuente-del-mundo-andino-576x800.jpg","contentUrl":"https:\/\/casajaguarstudio.com\/wp-content\/uploads\/2026\/04\/El-lago-Titicaca-fuente-del-mundo-andino-576x800.jpg"},{"@type":"BreadcrumbList","@id":"https:\/\/casajaguarstudio.com\/titicaca\/#breadcrumb","itemListElement":[{"@type":"ListItem","position":1,"name":"Home","item":"https:\/\/casajaguarstudio.com\/"},{"@type":"ListItem","position":2,"name":"El lago Titicaca: fuente del mundo Andino"}]},{"@type":"WebSite","@id":"https:\/\/casajaguarstudio.com\/#website","url":"https:\/\/casajaguarstudio.com\/","name":"Casa Jaguar","description":"Studio","potentialAction":[{"@type":"SearchAction","target":{"@type":"EntryPoint","urlTemplate":"https:\/\/casajaguarstudio.com\/?s={search_term_string}"},"query-input":{"@type":"PropertyValueSpecification","valueRequired":true,"valueName":"search_term_string"}}],"inLanguage":"es-CO"}]}},"_links":{"self":[{"href":"https:\/\/casajaguarstudio.com\/es\/wp-json\/wp\/v2\/pages\/11689","targetHints":{"allow":["GET"]}}],"collection":[{"href":"https:\/\/casajaguarstudio.com\/es\/wp-json\/wp\/v2\/pages"}],"about":[{"href":"https:\/\/casajaguarstudio.com\/es\/wp-json\/wp\/v2\/types\/page"}],"author":[{"embeddable":true,"href":"https:\/\/casajaguarstudio.com\/es\/wp-json\/wp\/v2\/users\/1"}],"replies":[{"embeddable":true,"href":"https:\/\/casajaguarstudio.com\/es\/wp-json\/wp\/v2\/comments?post=11689"}],"version-history":[{"count":8,"href":"https:\/\/casajaguarstudio.com\/es\/wp-json\/wp\/v2\/pages\/11689\/revisions"}],"predecessor-version":[{"id":12017,"href":"https:\/\/casajaguarstudio.com\/es\/wp-json\/wp\/v2\/pages\/11689\/revisions\/12017"}],"wp:attachment":[{"href":"https:\/\/casajaguarstudio.com\/es\/wp-json\/wp\/v2\/media?parent=11689"}],"curies":[{"name":"wp","href":"https:\/\/api.w.org\/{rel}","templated":true}]}}