{"id":11705,"date":"2025-12-12T22:02:45","date_gmt":"2025-12-12T22:02:45","guid":{"rendered":"https:\/\/casajaguarstudio.com\/?page_id=11705"},"modified":"2025-12-12T22:08:10","modified_gmt":"2025-12-12T22:08:10","slug":"tequendama","status":"publish","type":"page","link":"https:\/\/casajaguarstudio.com\/es\/tequendama\/","title":{"rendered":"Tequendama"},"content":{"rendered":"<div data-elementor-type=\"wp-page\" data-elementor-id=\"11705\" class=\"elementor elementor-11705\">\n\t\t\t\t\t\t<section class=\"elementor-section elementor-top-section elementor-element elementor-element-7061939 elementor-section-boxed elementor-section-height-default elementor-section-height-default wd-section-disabled\" data-id=\"7061939\" data-element_type=\"section\">\n\t\t\t\t\t\t<div class=\"elementor-container elementor-column-gap-default\">\n\t\t\t\t\t<div class=\"elementor-column elementor-col-50 elementor-top-column elementor-element elementor-element-1dada1f9\" data-id=\"1dada1f9\" data-element_type=\"column\">\n\t\t\t<div class=\"elementor-widget-wrap elementor-element-populated\">\n\t\t\t\t\t\t<div class=\"elementor-element elementor-element-4dd3d150 elementor-widget elementor-widget-image\" data-id=\"4dd3d150\" data-element_type=\"widget\" data-widget_type=\"image.default\">\n\t\t\t\t<div class=\"elementor-widget-container\">\n\t\t\t\t\t\t\t\t\t\t\t\t\t<img fetchpriority=\"high\" decoding=\"async\" width=\"626\" height=\"800\" src=\"https:\/\/casajaguarstudio.com\/wp-content\/uploads\/2025\/12\/Tequendama-626x800.jpg\" class=\"attachment-large size-large wp-image-11530\" alt=\"\" srcset=\"https:\/\/casajaguarstudio.com\/wp-content\/uploads\/2025\/12\/Tequendama-626x800.jpg 626w, https:\/\/casajaguarstudio.com\/wp-content\/uploads\/2025\/12\/Tequendama-235x300.jpg 235w, https:\/\/casajaguarstudio.com\/wp-content\/uploads\/2025\/12\/Tequendama-768x982.jpg 768w, https:\/\/casajaguarstudio.com\/wp-content\/uploads\/2025\/12\/Tequendama-9x12.jpg 9w, https:\/\/casajaguarstudio.com\/wp-content\/uploads\/2025\/12\/Tequendama.jpg 900w\" sizes=\"(max-width: 626px) 100vw, 626px\" \/>\t\t\t\t\t\t\t\t\t\t\t\t\t<\/div>\n\t\t\t\t<\/div>\n\t\t\t\t\t<\/div>\n\t\t<\/div>\n\t\t\t\t<div class=\"elementor-column elementor-col-50 elementor-top-column elementor-element elementor-element-60c2ce51\" data-id=\"60c2ce51\" data-element_type=\"column\">\n\t\t\t<div class=\"elementor-widget-wrap elementor-element-populated\">\n\t\t\t\t\t\t<div class=\"elementor-element elementor-element-469b3bb5 color-scheme-inherit text-left elementor-widget elementor-widget-text-editor\" data-id=\"469b3bb5\" data-element_type=\"widget\" data-widget_type=\"text-editor.default\">\n\t\t\t\t<div class=\"elementor-widget-container\">\n\t\t\t\t\t\t\t<p>Nombre: Tequendama<br \/>Dimensiones: <span data-sheets-root=\"1\">103 x 130<\/span>\u00a0cm <br \/>T\u00e9cnica: Acr\u00edlico, collage y litografia sobre tela<br \/>A\u00f1o: 2023<\/p>\t\t\t\t\t\t<\/div>\n\t\t\t\t<\/div>\n\t\t\t\t<div class=\"elementor-element elementor-element-6cf99788 color-scheme-inherit text-left elementor-widget elementor-widget-text-editor\" data-id=\"6cf99788\" data-element_type=\"widget\" data-widget_type=\"text-editor.default\">\n\t\t\t\t<div class=\"elementor-widget-container\">\n\t\t\t\t\t\t\t<p>A las afueras de la capital de Colombia, el r\u00edo Bogot\u00e1 cae 132 metros en el salto del Tequendama. Esta \u00e1rea es uno de los dos asentamientos humanos m\u00e1s antiguos del pa\u00eds. En Muysccubun, el idioma del pueblo ind\u00edgena muisca, Tequendama significa \"el que se precipita hacia abajo\". La historia muisca cuenta que Bochica fue el hombre que les ense\u00f1\u00f3 el trabajo de metales y la agricultura as\u00ed como la solidaridad y generosidad. Una mujer llamada Huitaca se opuso a estas ense\u00f1anzas e hizo al pueblo ego\u00edsta. Los dioses creadores se enfurecieron e inundaron la regi\u00f3n. Bochica apareci\u00f3 y golpe\u00f3 la tierra con su bast\u00f3n de oro y quebr\u00f3 la sierra para que el agua del R\u00edo Bogot\u00e1 huyera por la catarata, salvando al pueblo.\u00a0<\/p>\t\t\t\t\t\t<\/div>\n\t\t\t\t<\/div>\n\t\t\t\t\t<\/div>\n\t\t<\/div>\n\t\t\t\t\t<\/div>\n\t\t<\/section>\n\t\t\t\t<section class=\"elementor-section elementor-top-section elementor-element elementor-element-2eaf8e5 elementor-section-boxed elementor-section-height-default elementor-section-height-default wd-section-disabled\" data-id=\"2eaf8e5\" data-element_type=\"section\">\n\t\t\t\t\t\t<div class=\"elementor-container elementor-column-gap-default\">\n\t\t\t\t\t<div class=\"elementor-column elementor-col-100 elementor-top-column elementor-element elementor-element-71d6714\" data-id=\"71d6714\" data-element_type=\"column\">\n\t\t\t<div class=\"elementor-widget-wrap elementor-element-populated\">\n\t\t\t\t\t\t<div class=\"elementor-element elementor-element-7642316 elementor-widget elementor-widget-wd_text_block\" data-id=\"7642316\" data-element_type=\"widget\" data-widget_type=\"wd_text_block.default\">\n\t\t\t\t<div class=\"elementor-widget-container\">\n\t\t\t\t\t\t<link rel=\"stylesheet\" id=\"wd-text-block-css\" href=\"https:\/\/casajaguarstudio.com\/wp-content\/themes\/woodmart\/css\/parts\/el-text-block.min.css?ver=6.2.3\" type=\"text\/css\" media=\"all\" \/> \t\t\t\t\t<div class=\"wd-text-block reset-last-child text-left\">\n\t\t\t\n\t\t\t<p>Sobre esta pintura en acr\u00edlico estamp\u00e9 litograf\u00edas que replican dos piezas orfebres elaboradas en \u00e9pocas prehisp\u00e1nicas. Estas piezas hacen parte de la exhibici\u00f3n del Museo del Oro de Bogot\u00e1. En la parte superior retrato a una pieza martillada en tumbaga (aleaci\u00f3n de oro y cobre), que en esta obra representa a la diosa rebelde Huitaca. En la parte inferior derecha incluyo la imagen de una pieza con la cara repujada de un cham\u00e1n que en la pieza representa al dios civilizador Bochica. Estas dos deidades muiscas se confrontan en esta composici\u00f3n del paisaje on\u00edrico del Salto del Tequendama.<\/p>\n\t\t\t\t\t<\/div>\n\t\t\t\t<\/div>\n\t\t\t\t<\/div>\n\t\t\t\t\t<\/div>\n\t\t<\/div>\n\t\t\t\t\t<\/div>\n\t\t<\/section>\n\t\t\t\t<\/div>","protected":false},"excerpt":{"rendered":"<p>Name: TequendamaSize: 103 x 130\u00a0cm Medium: Acrylic, collage and lithography on fabricYear: 2023 On the outskirts of Colombia&#8217;s capital, the<\/p>","protected":false},"author":1,"featured_media":0,"parent":0,"menu_order":0,"comment_status":"closed","ping_status":"closed","template":"","meta":{"footnotes":""},"class_list":["post-11705","page","type-page","status-publish","hentry"],"yoast_head":"<!-- This site is optimized with the Yoast SEO plugin v26.8 - https:\/\/yoast.com\/product\/yoast-seo-wordpress\/ -->\n<title>Tequendama - Casa Jaguar<\/title>\n<meta name=\"robots\" content=\"index, follow, max-snippet:-1, max-image-preview:large, max-video-preview:-1\" \/>\n<link rel=\"canonical\" href=\"https:\/\/casajaguarstudio.com\/es\/tequendama\/\" \/>\n<meta property=\"og:locale\" content=\"es_ES\" \/>\n<meta property=\"og:type\" content=\"article\" \/>\n<meta property=\"og:title\" content=\"Tequendama - Casa Jaguar\" \/>\n<meta property=\"og:description\" content=\"Name: TequendamaSize: 103 x 130\u00a0cm Medium: Acrylic, collage and lithography on fabricYear: 2023 On the outskirts of Colombia&#8217;s capital, the\" \/>\n<meta property=\"og:url\" content=\"https:\/\/casajaguarstudio.com\/es\/tequendama\/\" \/>\n<meta property=\"og:site_name\" content=\"Casa Jaguar\" \/>\n<meta property=\"article:modified_time\" content=\"2025-12-12T22:08:10+00:00\" \/>\n<meta property=\"og:image\" content=\"https:\/\/casajaguarstudio.com\/wp-content\/uploads\/2025\/12\/Tequendama.jpg\" \/>\n\t<meta property=\"og:image:width\" content=\"900\" \/>\n\t<meta property=\"og:image:height\" content=\"1151\" \/>\n\t<meta property=\"og:image:type\" content=\"image\/jpeg\" \/>\n<meta name=\"twitter:card\" content=\"summary_large_image\" \/>\n<meta name=\"twitter:label1\" content=\"Tiempo de lectura\" \/>\n\t<meta name=\"twitter:data1\" content=\"2 minutos\" \/>\n<script type=\"application\/ld+json\" class=\"yoast-schema-graph\">{\"@context\":\"https:\/\/schema.org\",\"@graph\":[{\"@type\":\"WebPage\",\"@id\":\"https:\/\/casajaguarstudio.com\/tequendama\/\",\"url\":\"https:\/\/casajaguarstudio.com\/tequendama\/\",\"name\":\"Tequendama - Casa Jaguar\",\"isPartOf\":{\"@id\":\"https:\/\/casajaguarstudio.com\/#website\"},\"primaryImageOfPage\":{\"@id\":\"https:\/\/casajaguarstudio.com\/tequendama\/#primaryimage\"},\"image\":{\"@id\":\"https:\/\/casajaguarstudio.com\/tequendama\/#primaryimage\"},\"thumbnailUrl\":\"https:\/\/casajaguarstudio.com\/wp-content\/uploads\/2025\/12\/Tequendama-626x800.jpg\",\"datePublished\":\"2025-12-12T22:02:45+00:00\",\"dateModified\":\"2025-12-12T22:08:10+00:00\",\"breadcrumb\":{\"@id\":\"https:\/\/casajaguarstudio.com\/tequendama\/#breadcrumb\"},\"inLanguage\":\"es-CO\",\"potentialAction\":[{\"@type\":\"ReadAction\",\"target\":[\"https:\/\/casajaguarstudio.com\/tequendama\/\"]}]},{\"@type\":\"ImageObject\",\"inLanguage\":\"es-CO\",\"@id\":\"https:\/\/casajaguarstudio.com\/tequendama\/#primaryimage\",\"url\":\"https:\/\/casajaguarstudio.com\/wp-content\/uploads\/2025\/12\/Tequendama-626x800.jpg\",\"contentUrl\":\"https:\/\/casajaguarstudio.com\/wp-content\/uploads\/2025\/12\/Tequendama-626x800.jpg\"},{\"@type\":\"BreadcrumbList\",\"@id\":\"https:\/\/casajaguarstudio.com\/tequendama\/#breadcrumb\",\"itemListElement\":[{\"@type\":\"ListItem\",\"position\":1,\"name\":\"Home\",\"item\":\"https:\/\/casajaguarstudio.com\/\"},{\"@type\":\"ListItem\",\"position\":2,\"name\":\"Tequendama\"}]},{\"@type\":\"WebSite\",\"@id\":\"https:\/\/casajaguarstudio.com\/#website\",\"url\":\"https:\/\/casajaguarstudio.com\/\",\"name\":\"Casa Jaguar\",\"description\":\"Studio\",\"potentialAction\":[{\"@type\":\"SearchAction\",\"target\":{\"@type\":\"EntryPoint\",\"urlTemplate\":\"https:\/\/casajaguarstudio.com\/?s={search_term_string}\"},\"query-input\":{\"@type\":\"PropertyValueSpecification\",\"valueRequired\":true,\"valueName\":\"search_term_string\"}}],\"inLanguage\":\"es-CO\"}]}<\/script>\n<!-- \/ Yoast SEO plugin. -->","yoast_head_json":{"title":"Tequendama - Casa Jaguar","robots":{"index":"index","follow":"follow","max-snippet":"max-snippet:-1","max-image-preview":"max-image-preview:large","max-video-preview":"max-video-preview:-1"},"canonical":"https:\/\/casajaguarstudio.com\/es\/tequendama\/","og_locale":"es_ES","og_type":"article","og_title":"Tequendama - Casa Jaguar","og_description":"Name: TequendamaSize: 103 x 130\u00a0cm Medium: Acrylic, collage and lithography on fabricYear: 2023 On the outskirts of Colombia&#8217;s capital, the","og_url":"https:\/\/casajaguarstudio.com\/es\/tequendama\/","og_site_name":"Casa Jaguar","article_modified_time":"2025-12-12T22:08:10+00:00","og_image":[{"width":900,"height":1151,"url":"https:\/\/casajaguarstudio.com\/wp-content\/uploads\/2025\/12\/Tequendama.jpg","type":"image\/jpeg"}],"twitter_card":"summary_large_image","twitter_misc":{"Tiempo de lectura":"2 minutos"},"schema":{"@context":"https:\/\/schema.org","@graph":[{"@type":"WebPage","@id":"https:\/\/casajaguarstudio.com\/tequendama\/","url":"https:\/\/casajaguarstudio.com\/tequendama\/","name":"Tequendama - Casa Jaguar","isPartOf":{"@id":"https:\/\/casajaguarstudio.com\/#website"},"primaryImageOfPage":{"@id":"https:\/\/casajaguarstudio.com\/tequendama\/#primaryimage"},"image":{"@id":"https:\/\/casajaguarstudio.com\/tequendama\/#primaryimage"},"thumbnailUrl":"https:\/\/casajaguarstudio.com\/wp-content\/uploads\/2025\/12\/Tequendama-626x800.jpg","datePublished":"2025-12-12T22:02:45+00:00","dateModified":"2025-12-12T22:08:10+00:00","breadcrumb":{"@id":"https:\/\/casajaguarstudio.com\/tequendama\/#breadcrumb"},"inLanguage":"es-CO","potentialAction":[{"@type":"ReadAction","target":["https:\/\/casajaguarstudio.com\/tequendama\/"]}]},{"@type":"ImageObject","inLanguage":"es-CO","@id":"https:\/\/casajaguarstudio.com\/tequendama\/#primaryimage","url":"https:\/\/casajaguarstudio.com\/wp-content\/uploads\/2025\/12\/Tequendama-626x800.jpg","contentUrl":"https:\/\/casajaguarstudio.com\/wp-content\/uploads\/2025\/12\/Tequendama-626x800.jpg"},{"@type":"BreadcrumbList","@id":"https:\/\/casajaguarstudio.com\/tequendama\/#breadcrumb","itemListElement":[{"@type":"ListItem","position":1,"name":"Home","item":"https:\/\/casajaguarstudio.com\/"},{"@type":"ListItem","position":2,"name":"Tequendama"}]},{"@type":"WebSite","@id":"https:\/\/casajaguarstudio.com\/#website","url":"https:\/\/casajaguarstudio.com\/","name":"Casa Jaguar","description":"Studio","potentialAction":[{"@type":"SearchAction","target":{"@type":"EntryPoint","urlTemplate":"https:\/\/casajaguarstudio.com\/?s={search_term_string}"},"query-input":{"@type":"PropertyValueSpecification","valueRequired":true,"valueName":"search_term_string"}}],"inLanguage":"es-CO"}]}},"_links":{"self":[{"href":"https:\/\/casajaguarstudio.com\/es\/wp-json\/wp\/v2\/pages\/11705","targetHints":{"allow":["GET"]}}],"collection":[{"href":"https:\/\/casajaguarstudio.com\/es\/wp-json\/wp\/v2\/pages"}],"about":[{"href":"https:\/\/casajaguarstudio.com\/es\/wp-json\/wp\/v2\/types\/page"}],"author":[{"embeddable":true,"href":"https:\/\/casajaguarstudio.com\/es\/wp-json\/wp\/v2\/users\/1"}],"replies":[{"embeddable":true,"href":"https:\/\/casajaguarstudio.com\/es\/wp-json\/wp\/v2\/comments?post=11705"}],"version-history":[{"count":13,"href":"https:\/\/casajaguarstudio.com\/es\/wp-json\/wp\/v2\/pages\/11705\/revisions"}],"predecessor-version":[{"id":11718,"href":"https:\/\/casajaguarstudio.com\/es\/wp-json\/wp\/v2\/pages\/11705\/revisions\/11718"}],"wp:attachment":[{"href":"https:\/\/casajaguarstudio.com\/es\/wp-json\/wp\/v2\/media?parent=11705"}],"curies":[{"name":"wp","href":"https:\/\/api.w.org\/{rel}","templated":true}]}}