{"id":11722,"date":"2025-12-12T22:16:06","date_gmt":"2025-12-12T22:16:06","guid":{"rendered":"https:\/\/casajaguarstudio.com\/?page_id=11722"},"modified":"2026-04-11T00:04:06","modified_gmt":"2026-04-11T00:04:06","slug":"sinfonia-polar","status":"publish","type":"page","link":"https:\/\/casajaguarstudio.com\/es\/sinfonia-polar\/","title":{"rendered":"Sinfon\u00eda Polar"},"content":{"rendered":"<div data-elementor-type=\"wp-page\" data-elementor-id=\"11722\" class=\"elementor elementor-11722\">\n\t\t\t\t\t\t<section class=\"elementor-section elementor-top-section elementor-element elementor-element-1fa6bb62 elementor-section-boxed elementor-section-height-default elementor-section-height-default wd-section-disabled\" data-id=\"1fa6bb62\" data-element_type=\"section\">\n\t\t\t\t\t\t<div class=\"elementor-container elementor-column-gap-default\">\n\t\t\t\t\t<div class=\"elementor-column elementor-col-50 elementor-top-column elementor-element elementor-element-6f15942b\" data-id=\"6f15942b\" data-element_type=\"column\">\n\t\t\t<div class=\"elementor-widget-wrap elementor-element-populated\">\n\t\t\t\t\t\t<div class=\"elementor-element elementor-element-52b04818 elementor-widget elementor-widget-image\" data-id=\"52b04818\" data-element_type=\"widget\" data-widget_type=\"image.default\">\n\t\t\t\t<div class=\"elementor-widget-container\">\n\t\t\t\t\t\t\t\t\t\t\t\t\t<img fetchpriority=\"high\" decoding=\"async\" width=\"823\" height=\"800\" src=\"https:\/\/casajaguarstudio.com\/wp-content\/uploads\/2026\/04\/Sinfonia-Polar-823x800.jpg\" class=\"attachment-large size-large wp-image-12003\" alt=\"\" srcset=\"https:\/\/casajaguarstudio.com\/wp-content\/uploads\/2026\/04\/Sinfonia-Polar-823x800.jpg 823w, https:\/\/casajaguarstudio.com\/wp-content\/uploads\/2026\/04\/Sinfonia-Polar-308x300.jpg 308w, https:\/\/casajaguarstudio.com\/wp-content\/uploads\/2026\/04\/Sinfonia-Polar-768x747.jpg 768w, https:\/\/casajaguarstudio.com\/wp-content\/uploads\/2026\/04\/Sinfonia-Polar-12x12.jpg 12w, https:\/\/casajaguarstudio.com\/wp-content\/uploads\/2026\/04\/Sinfonia-Polar.jpg 1200w\" sizes=\"(max-width: 823px) 100vw, 823px\" \/>\t\t\t\t\t\t\t\t\t\t\t\t\t<\/div>\n\t\t\t\t<\/div>\n\t\t\t\t\t<\/div>\n\t\t<\/div>\n\t\t\t\t<div class=\"elementor-column elementor-col-50 elementor-top-column elementor-element elementor-element-51caca5e\" data-id=\"51caca5e\" data-element_type=\"column\">\n\t\t\t<div class=\"elementor-widget-wrap elementor-element-populated\">\n\t\t\t\t\t\t<div class=\"elementor-element elementor-element-7e6f885 color-scheme-inherit text-left elementor-widget elementor-widget-text-editor\" data-id=\"7e6f885\" data-element_type=\"widget\" data-widget_type=\"text-editor.default\">\n\t\t\t\t<div class=\"elementor-widget-container\">\n\t\t\t\t\t\t\t<p>Nombre: Sinfon\u00eda polar<br \/>Tama\u00f1o: 57 x 57.5 cm<br \/>T\u00e9cnica: Acr\u00edlico, \u00f3leo, collage, acuarela y grabado sobre tela<\/p>\t\t\t\t\t\t<\/div>\n\t\t\t\t<\/div>\n\t\t\t\t<div class=\"elementor-element elementor-element-65d5a2e2 color-scheme-inherit text-left elementor-widget elementor-widget-text-editor\" data-id=\"65d5a2e2\" data-element_type=\"widget\" data-widget_type=\"text-editor.default\">\n\t\t\t\t<div class=\"elementor-widget-container\">\n\t\t\t\t\t\t\t<p>Esta obra forma parte de la serie \u201ccantos del paisaje\u201d que se inspira en paisajes \u00fanicos en Latinoam\u00e9rica y las comunidades que resguardan estos territorios para quienes la cultura y la naturaleza no est\u00e1n separadas sino son una sola. En el coraz\u00f3n de la Patagonia, descansa el glaciar Perito Moreno, un gigante blanco que se alza al cielo con torres que brillan bajo el sol y murmullan secretos al viento. Este paisaje conmovedor forma parte de la tercera reserva de agua dulce del mundo. Cuando el hielo se desprende del glaciar la tierra toca una poderosa sinfon\u00eda.<\/p>\t\t\t\t\t\t<\/div>\n\t\t\t\t<\/div>\n\t\t\t\t\t<\/div>\n\t\t<\/div>\n\t\t\t\t\t<\/div>\n\t\t<\/section>\n\t\t\t\t<\/div>","protected":false},"excerpt":{"rendered":"<p>Name: Sinfon\u00eda PolarSize: 57 x 57.5 cmMedium: Acrylic, oil, collage, watercolor and engraving on fabric This work is part of<\/p>","protected":false},"author":1,"featured_media":0,"parent":0,"menu_order":0,"comment_status":"closed","ping_status":"closed","template":"","meta":{"footnotes":""},"class_list":["post-11722","page","type-page","status-publish","hentry"],"yoast_head":"<!-- This site is optimized with the Yoast SEO plugin v26.8 - https:\/\/yoast.com\/product\/yoast-seo-wordpress\/ -->\n<title>Sinfon\u00eda Polar - Casa Jaguar<\/title>\n<meta name=\"robots\" content=\"index, follow, max-snippet:-1, max-image-preview:large, max-video-preview:-1\" \/>\n<link rel=\"canonical\" href=\"https:\/\/casajaguarstudio.com\/es\/sinfonia-polar\/\" \/>\n<meta property=\"og:locale\" content=\"es_ES\" \/>\n<meta property=\"og:type\" content=\"article\" \/>\n<meta property=\"og:title\" content=\"Sinfon\u00eda Polar - Casa Jaguar\" \/>\n<meta property=\"og:description\" content=\"Name: Sinfon\u00eda PolarSize: 57 x 57.5 cmMedium: Acrylic, oil, collage, watercolor and engraving on fabric This work is part of\" \/>\n<meta property=\"og:url\" content=\"https:\/\/casajaguarstudio.com\/es\/sinfonia-polar\/\" \/>\n<meta property=\"og:site_name\" content=\"Casa Jaguar\" \/>\n<meta property=\"article:modified_time\" content=\"2026-04-11T00:04:06+00:00\" \/>\n<meta property=\"og:image\" content=\"https:\/\/casajaguarstudio.com\/wp-content\/uploads\/2026\/04\/Sinfonia-Polar.jpg\" \/>\n\t<meta property=\"og:image:width\" content=\"1200\" \/>\n\t<meta property=\"og:image:height\" content=\"1167\" \/>\n\t<meta property=\"og:image:type\" content=\"image\/jpeg\" \/>\n<meta name=\"twitter:card\" content=\"summary_large_image\" \/>\n<meta name=\"twitter:label1\" content=\"Tiempo de lectura\" \/>\n\t<meta name=\"twitter:data1\" content=\"1 minuto\" \/>\n<script type=\"application\/ld+json\" class=\"yoast-schema-graph\">{\"@context\":\"https:\/\/schema.org\",\"@graph\":[{\"@type\":\"WebPage\",\"@id\":\"https:\/\/casajaguarstudio.com\/sinfonia-polar\/\",\"url\":\"https:\/\/casajaguarstudio.com\/sinfonia-polar\/\",\"name\":\"Sinfon\u00eda Polar - Casa Jaguar\",\"isPartOf\":{\"@id\":\"https:\/\/casajaguarstudio.com\/#website\"},\"primaryImageOfPage\":{\"@id\":\"https:\/\/casajaguarstudio.com\/sinfonia-polar\/#primaryimage\"},\"image\":{\"@id\":\"https:\/\/casajaguarstudio.com\/sinfonia-polar\/#primaryimage\"},\"thumbnailUrl\":\"https:\/\/casajaguarstudio.com\/wp-content\/uploads\/2026\/04\/Sinfonia-Polar-823x800.jpg\",\"datePublished\":\"2025-12-12T22:16:06+00:00\",\"dateModified\":\"2026-04-11T00:04:06+00:00\",\"breadcrumb\":{\"@id\":\"https:\/\/casajaguarstudio.com\/sinfonia-polar\/#breadcrumb\"},\"inLanguage\":\"es-CO\",\"potentialAction\":[{\"@type\":\"ReadAction\",\"target\":[\"https:\/\/casajaguarstudio.com\/sinfonia-polar\/\"]}]},{\"@type\":\"ImageObject\",\"inLanguage\":\"es-CO\",\"@id\":\"https:\/\/casajaguarstudio.com\/sinfonia-polar\/#primaryimage\",\"url\":\"https:\/\/casajaguarstudio.com\/wp-content\/uploads\/2026\/04\/Sinfonia-Polar-823x800.jpg\",\"contentUrl\":\"https:\/\/casajaguarstudio.com\/wp-content\/uploads\/2026\/04\/Sinfonia-Polar-823x800.jpg\"},{\"@type\":\"BreadcrumbList\",\"@id\":\"https:\/\/casajaguarstudio.com\/sinfonia-polar\/#breadcrumb\",\"itemListElement\":[{\"@type\":\"ListItem\",\"position\":1,\"name\":\"Home\",\"item\":\"https:\/\/casajaguarstudio.com\/\"},{\"@type\":\"ListItem\",\"position\":2,\"name\":\"Sinfon\u00eda Polar\"}]},{\"@type\":\"WebSite\",\"@id\":\"https:\/\/casajaguarstudio.com\/#website\",\"url\":\"https:\/\/casajaguarstudio.com\/\",\"name\":\"Casa Jaguar\",\"description\":\"Studio\",\"potentialAction\":[{\"@type\":\"SearchAction\",\"target\":{\"@type\":\"EntryPoint\",\"urlTemplate\":\"https:\/\/casajaguarstudio.com\/?s={search_term_string}\"},\"query-input\":{\"@type\":\"PropertyValueSpecification\",\"valueRequired\":true,\"valueName\":\"search_term_string\"}}],\"inLanguage\":\"es-CO\"}]}<\/script>\n<!-- \/ Yoast SEO plugin. -->","yoast_head_json":{"title":"Sinfon\u00eda Polar - Casa Jaguar","robots":{"index":"index","follow":"follow","max-snippet":"max-snippet:-1","max-image-preview":"max-image-preview:large","max-video-preview":"max-video-preview:-1"},"canonical":"https:\/\/casajaguarstudio.com\/es\/sinfonia-polar\/","og_locale":"es_ES","og_type":"article","og_title":"Sinfon\u00eda Polar - Casa Jaguar","og_description":"Name: Sinfon\u00eda PolarSize: 57 x 57.5 cmMedium: Acrylic, oil, collage, watercolor and engraving on fabric This work is part of","og_url":"https:\/\/casajaguarstudio.com\/es\/sinfonia-polar\/","og_site_name":"Casa Jaguar","article_modified_time":"2026-04-11T00:04:06+00:00","og_image":[{"width":1200,"height":1167,"url":"https:\/\/casajaguarstudio.com\/wp-content\/uploads\/2026\/04\/Sinfonia-Polar.jpg","type":"image\/jpeg"}],"twitter_card":"summary_large_image","twitter_misc":{"Tiempo de lectura":"1 minuto"},"schema":{"@context":"https:\/\/schema.org","@graph":[{"@type":"WebPage","@id":"https:\/\/casajaguarstudio.com\/sinfonia-polar\/","url":"https:\/\/casajaguarstudio.com\/sinfonia-polar\/","name":"Sinfon\u00eda Polar - Casa Jaguar","isPartOf":{"@id":"https:\/\/casajaguarstudio.com\/#website"},"primaryImageOfPage":{"@id":"https:\/\/casajaguarstudio.com\/sinfonia-polar\/#primaryimage"},"image":{"@id":"https:\/\/casajaguarstudio.com\/sinfonia-polar\/#primaryimage"},"thumbnailUrl":"https:\/\/casajaguarstudio.com\/wp-content\/uploads\/2026\/04\/Sinfonia-Polar-823x800.jpg","datePublished":"2025-12-12T22:16:06+00:00","dateModified":"2026-04-11T00:04:06+00:00","breadcrumb":{"@id":"https:\/\/casajaguarstudio.com\/sinfonia-polar\/#breadcrumb"},"inLanguage":"es-CO","potentialAction":[{"@type":"ReadAction","target":["https:\/\/casajaguarstudio.com\/sinfonia-polar\/"]}]},{"@type":"ImageObject","inLanguage":"es-CO","@id":"https:\/\/casajaguarstudio.com\/sinfonia-polar\/#primaryimage","url":"https:\/\/casajaguarstudio.com\/wp-content\/uploads\/2026\/04\/Sinfonia-Polar-823x800.jpg","contentUrl":"https:\/\/casajaguarstudio.com\/wp-content\/uploads\/2026\/04\/Sinfonia-Polar-823x800.jpg"},{"@type":"BreadcrumbList","@id":"https:\/\/casajaguarstudio.com\/sinfonia-polar\/#breadcrumb","itemListElement":[{"@type":"ListItem","position":1,"name":"Home","item":"https:\/\/casajaguarstudio.com\/"},{"@type":"ListItem","position":2,"name":"Sinfon\u00eda Polar"}]},{"@type":"WebSite","@id":"https:\/\/casajaguarstudio.com\/#website","url":"https:\/\/casajaguarstudio.com\/","name":"Casa Jaguar","description":"Studio","potentialAction":[{"@type":"SearchAction","target":{"@type":"EntryPoint","urlTemplate":"https:\/\/casajaguarstudio.com\/?s={search_term_string}"},"query-input":{"@type":"PropertyValueSpecification","valueRequired":true,"valueName":"search_term_string"}}],"inLanguage":"es-CO"}]}},"_links":{"self":[{"href":"https:\/\/casajaguarstudio.com\/es\/wp-json\/wp\/v2\/pages\/11722","targetHints":{"allow":["GET"]}}],"collection":[{"href":"https:\/\/casajaguarstudio.com\/es\/wp-json\/wp\/v2\/pages"}],"about":[{"href":"https:\/\/casajaguarstudio.com\/es\/wp-json\/wp\/v2\/types\/page"}],"author":[{"embeddable":true,"href":"https:\/\/casajaguarstudio.com\/es\/wp-json\/wp\/v2\/users\/1"}],"replies":[{"embeddable":true,"href":"https:\/\/casajaguarstudio.com\/es\/wp-json\/wp\/v2\/comments?post=11722"}],"version-history":[{"count":10,"href":"https:\/\/casajaguarstudio.com\/es\/wp-json\/wp\/v2\/pages\/11722\/revisions"}],"predecessor-version":[{"id":12006,"href":"https:\/\/casajaguarstudio.com\/es\/wp-json\/wp\/v2\/pages\/11722\/revisions\/12006"}],"wp:attachment":[{"href":"https:\/\/casajaguarstudio.com\/es\/wp-json\/wp\/v2\/media?parent=11722"}],"curies":[{"name":"wp","href":"https:\/\/api.w.org\/{rel}","templated":true}]}}