{"id":11730,"date":"2025-12-12T22:48:43","date_gmt":"2025-12-12T22:48:43","guid":{"rendered":"https:\/\/casajaguarstudio.com\/?page_id=11730"},"modified":"2025-12-12T22:50:41","modified_gmt":"2025-12-12T22:50:41","slug":"izta-popoca","status":"publish","type":"page","link":"https:\/\/casajaguarstudio.com\/es\/izta-popoca\/","title":{"rendered":"La princesa Izta y el guerrero Popoca"},"content":{"rendered":"<div data-elementor-type=\"wp-page\" data-elementor-id=\"11730\" class=\"elementor elementor-11730\">\n\t\t\t\t\t\t<section class=\"elementor-section elementor-top-section elementor-element elementor-element-24cc6e66 elementor-section-boxed elementor-section-height-default elementor-section-height-default wd-section-disabled\" data-id=\"24cc6e66\" data-element_type=\"section\">\n\t\t\t\t\t\t<div class=\"elementor-container elementor-column-gap-default\">\n\t\t\t\t\t<div class=\"elementor-column elementor-col-100 elementor-top-column elementor-element elementor-element-63d46150\" data-id=\"63d46150\" data-element_type=\"column\">\n\t\t\t<div class=\"elementor-widget-wrap elementor-element-populated\">\n\t\t\t\t\t\t<div class=\"elementor-element elementor-element-73953d57 elementor-widget elementor-widget-image\" data-id=\"73953d57\" data-element_type=\"widget\" data-widget_type=\"image.default\">\n\t\t\t\t<div class=\"elementor-widget-container\">\n\t\t\t\t\t\t\t\t\t\t\t\t\t<img fetchpriority=\"high\" decoding=\"async\" width=\"1030\" height=\"800\" src=\"https:\/\/casajaguarstudio.com\/wp-content\/uploads\/2025\/12\/La-Princesa-Izta-y-el-Guerrero-Popoca-1030x800.jpg\" class=\"attachment-large size-large wp-image-11528\" alt=\"\" srcset=\"https:\/\/casajaguarstudio.com\/wp-content\/uploads\/2025\/12\/La-Princesa-Izta-y-el-Guerrero-Popoca-1030x800.jpg 1030w, https:\/\/casajaguarstudio.com\/wp-content\/uploads\/2025\/12\/La-Princesa-Izta-y-el-Guerrero-Popoca-386x300.jpg 386w, https:\/\/casajaguarstudio.com\/wp-content\/uploads\/2025\/12\/La-Princesa-Izta-y-el-Guerrero-Popoca-768x596.jpg 768w, https:\/\/casajaguarstudio.com\/wp-content\/uploads\/2025\/12\/La-Princesa-Izta-y-el-Guerrero-Popoca-15x12.jpg 15w, https:\/\/casajaguarstudio.com\/wp-content\/uploads\/2025\/12\/La-Princesa-Izta-y-el-Guerrero-Popoca.jpg 1200w\" sizes=\"(max-width: 1030px) 100vw, 1030px\" \/>\t\t\t\t\t\t\t\t\t\t\t\t\t<\/div>\n\t\t\t\t<\/div>\n\t\t\t\t\t<\/div>\n\t\t<\/div>\n\t\t\t\t\t<\/div>\n\t\t<\/section>\n\t\t\t\t<section class=\"elementor-section elementor-top-section elementor-element elementor-element-bfb3f7d elementor-section-boxed elementor-section-height-default elementor-section-height-default wd-section-disabled\" data-id=\"bfb3f7d\" data-element_type=\"section\">\n\t\t\t\t\t\t<div class=\"elementor-container elementor-column-gap-default\">\n\t\t\t\t\t<div class=\"elementor-column elementor-col-100 elementor-top-column elementor-element elementor-element-30567120\" data-id=\"30567120\" data-element_type=\"column\">\n\t\t\t<div class=\"elementor-widget-wrap elementor-element-populated\">\n\t\t\t\t\t\t<div class=\"elementor-element elementor-element-66b701f3 color-scheme-inherit text-left elementor-widget elementor-widget-text-editor\" data-id=\"66b701f3\" data-element_type=\"widget\" data-widget_type=\"text-editor.default\">\n\t\t\t\t<div class=\"elementor-widget-container\">\n\t\t\t\t\t\t\t<p>Nombre: La princesa Izta y el guerrero Popoca<br \/>Medidas: 119 x 94 cm<br \/>T\u00e9cnica: Acr\u00edlico, collage y grabado sobre tela <br \/>A\u00f1o: 2024<\/p>\t\t\t\t\t\t<\/div>\n\t\t\t\t<\/div>\n\t\t\t\t<div class=\"elementor-element elementor-element-63c946f7 color-scheme-inherit text-left elementor-widget elementor-widget-text-editor\" data-id=\"63c946f7\" data-element_type=\"widget\" data-widget_type=\"text-editor.default\">\n\t\t\t\t<div class=\"elementor-widget-container\">\n\t\t\t\t\t\t\t<p>La tradici\u00f3n nahuatl cuenta que Izta era la princesa Tlaxcalteca m\u00e1s bella. Un d\u00eda un guerrero llamado Popoca la fue a ver y le prometi\u00f3 amarla por quien ella era. Izta se enamor\u00f3 de \u00e9l y su honestidad. El emperador no quer\u00eda que su hija Izta se casara con un soldado, pero le propuso a Popoca que podr\u00eda hacerlo si derrotaba al gobernante de los aztecas\u2014con quienes estaban en guerra. El contrincante de Popoca soborn\u00f3 a uno de los mensajeros tlaxcaltecos para que le dijera a Izta que el guerrero hab\u00eda sido derrotado y asesinado. Adem\u00e1s, le dio una p\u00f3cima a la princesa para que calmara su dolor. Cuando Popoca volvi\u00f3, triunfante de la batalla, Izta no despertaba. La llev\u00f3 a la cima del monte y la acost\u00f3 en una cama de flores. \u00c9l se arrodill\u00f3 a su lado. Pronto, comenz\u00f3 a caer nieve pero \u00e9l no se movi\u00f3 a pesar del fr\u00edo porque siempre permanecer\u00eda con ella. Con el tiempo surgieron all\u00ed dos volcanes, uno frente al otro: Iztacc\u00edhuatl (mujer durmiente) y Popocat\u00e9petl (monte que humea). Iztacc\u00edhuatl contin\u00faa durmiendo, pero Popocat\u00e9petl a veces bota ceniza y humo, como si quisiera despertar a su amada. Estos volcanes custodian El Valle de M\u00e9xico.<\/p>\t\t\t\t\t\t<\/div>\n\t\t\t\t<\/div>\n\t\t\t\t\t<\/div>\n\t\t<\/div>\n\t\t\t\t\t<\/div>\n\t\t<\/section>\n\t\t\t\t<\/div>","protected":false},"excerpt":{"rendered":"<p>Name: Princess Izta and warrior PopocaSize: 119 x 94 cmMedium: Acrylic, collage and engraving on fabric Year: 2024 According to<\/p>","protected":false},"author":1,"featured_media":0,"parent":0,"menu_order":0,"comment_status":"closed","ping_status":"closed","template":"","meta":{"footnotes":""},"class_list":["post-11730","page","type-page","status-publish","hentry"],"yoast_head":"<!-- This site is optimized with the Yoast SEO plugin v26.8 - https:\/\/yoast.com\/product\/yoast-seo-wordpress\/ -->\n<title>La princesa Izta y el guerrero Popoca - Casa Jaguar<\/title>\n<meta name=\"robots\" content=\"index, follow, max-snippet:-1, max-image-preview:large, max-video-preview:-1\" \/>\n<link rel=\"canonical\" href=\"https:\/\/casajaguarstudio.com\/es\/izta-popoca\/\" \/>\n<meta property=\"og:locale\" content=\"es_ES\" \/>\n<meta property=\"og:type\" content=\"article\" \/>\n<meta property=\"og:title\" content=\"La princesa Izta y el guerrero Popoca - Casa Jaguar\" \/>\n<meta property=\"og:description\" content=\"Name: Princess Izta and warrior PopocaSize: 119 x 94 cmMedium: Acrylic, collage and engraving on fabric Year: 2024 According to\" \/>\n<meta property=\"og:url\" content=\"https:\/\/casajaguarstudio.com\/es\/izta-popoca\/\" \/>\n<meta property=\"og:site_name\" content=\"Casa Jaguar\" \/>\n<meta property=\"article:modified_time\" content=\"2025-12-12T22:50:41+00:00\" \/>\n<meta property=\"og:image\" content=\"https:\/\/casajaguarstudio.com\/wp-content\/uploads\/2025\/12\/La-Princesa-Izta-y-el-Guerrero-Popoca.jpg\" \/>\n\t<meta property=\"og:image:width\" content=\"1200\" \/>\n\t<meta property=\"og:image:height\" content=\"932\" \/>\n\t<meta property=\"og:image:type\" content=\"image\/jpeg\" \/>\n<meta name=\"twitter:card\" content=\"summary_large_image\" \/>\n<meta name=\"twitter:label1\" content=\"Tiempo de lectura\" \/>\n\t<meta name=\"twitter:data1\" content=\"2 minutos\" \/>\n<script type=\"application\/ld+json\" class=\"yoast-schema-graph\">{\"@context\":\"https:\/\/schema.org\",\"@graph\":[{\"@type\":\"WebPage\",\"@id\":\"https:\/\/casajaguarstudio.com\/izta-popoca\/\",\"url\":\"https:\/\/casajaguarstudio.com\/izta-popoca\/\",\"name\":\"La princesa Izta y el guerrero Popoca - Casa Jaguar\",\"isPartOf\":{\"@id\":\"https:\/\/casajaguarstudio.com\/#website\"},\"primaryImageOfPage\":{\"@id\":\"https:\/\/casajaguarstudio.com\/izta-popoca\/#primaryimage\"},\"image\":{\"@id\":\"https:\/\/casajaguarstudio.com\/izta-popoca\/#primaryimage\"},\"thumbnailUrl\":\"https:\/\/casajaguarstudio.com\/wp-content\/uploads\/2025\/12\/La-Princesa-Izta-y-el-Guerrero-Popoca-1030x800.jpg\",\"datePublished\":\"2025-12-12T22:48:43+00:00\",\"dateModified\":\"2025-12-12T22:50:41+00:00\",\"breadcrumb\":{\"@id\":\"https:\/\/casajaguarstudio.com\/izta-popoca\/#breadcrumb\"},\"inLanguage\":\"es-CO\",\"potentialAction\":[{\"@type\":\"ReadAction\",\"target\":[\"https:\/\/casajaguarstudio.com\/izta-popoca\/\"]}]},{\"@type\":\"ImageObject\",\"inLanguage\":\"es-CO\",\"@id\":\"https:\/\/casajaguarstudio.com\/izta-popoca\/#primaryimage\",\"url\":\"https:\/\/casajaguarstudio.com\/wp-content\/uploads\/2025\/12\/La-Princesa-Izta-y-el-Guerrero-Popoca-1030x800.jpg\",\"contentUrl\":\"https:\/\/casajaguarstudio.com\/wp-content\/uploads\/2025\/12\/La-Princesa-Izta-y-el-Guerrero-Popoca-1030x800.jpg\"},{\"@type\":\"BreadcrumbList\",\"@id\":\"https:\/\/casajaguarstudio.com\/izta-popoca\/#breadcrumb\",\"itemListElement\":[{\"@type\":\"ListItem\",\"position\":1,\"name\":\"Home\",\"item\":\"https:\/\/casajaguarstudio.com\/\"},{\"@type\":\"ListItem\",\"position\":2,\"name\":\"La princesa Izta y el guerrero Popoca\"}]},{\"@type\":\"WebSite\",\"@id\":\"https:\/\/casajaguarstudio.com\/#website\",\"url\":\"https:\/\/casajaguarstudio.com\/\",\"name\":\"Casa Jaguar\",\"description\":\"Studio\",\"potentialAction\":[{\"@type\":\"SearchAction\",\"target\":{\"@type\":\"EntryPoint\",\"urlTemplate\":\"https:\/\/casajaguarstudio.com\/?s={search_term_string}\"},\"query-input\":{\"@type\":\"PropertyValueSpecification\",\"valueRequired\":true,\"valueName\":\"search_term_string\"}}],\"inLanguage\":\"es-CO\"}]}<\/script>\n<!-- \/ Yoast SEO plugin. -->","yoast_head_json":{"title":"La princesa Izta y el guerrero Popoca - Casa Jaguar","robots":{"index":"index","follow":"follow","max-snippet":"max-snippet:-1","max-image-preview":"max-image-preview:large","max-video-preview":"max-video-preview:-1"},"canonical":"https:\/\/casajaguarstudio.com\/es\/izta-popoca\/","og_locale":"es_ES","og_type":"article","og_title":"La princesa Izta y el guerrero Popoca - Casa Jaguar","og_description":"Name: Princess Izta and warrior PopocaSize: 119 x 94 cmMedium: Acrylic, collage and engraving on fabric Year: 2024 According to","og_url":"https:\/\/casajaguarstudio.com\/es\/izta-popoca\/","og_site_name":"Casa Jaguar","article_modified_time":"2025-12-12T22:50:41+00:00","og_image":[{"width":1200,"height":932,"url":"https:\/\/casajaguarstudio.com\/wp-content\/uploads\/2025\/12\/La-Princesa-Izta-y-el-Guerrero-Popoca.jpg","type":"image\/jpeg"}],"twitter_card":"summary_large_image","twitter_misc":{"Tiempo de lectura":"2 minutos"},"schema":{"@context":"https:\/\/schema.org","@graph":[{"@type":"WebPage","@id":"https:\/\/casajaguarstudio.com\/izta-popoca\/","url":"https:\/\/casajaguarstudio.com\/izta-popoca\/","name":"La princesa Izta y el guerrero Popoca - Casa Jaguar","isPartOf":{"@id":"https:\/\/casajaguarstudio.com\/#website"},"primaryImageOfPage":{"@id":"https:\/\/casajaguarstudio.com\/izta-popoca\/#primaryimage"},"image":{"@id":"https:\/\/casajaguarstudio.com\/izta-popoca\/#primaryimage"},"thumbnailUrl":"https:\/\/casajaguarstudio.com\/wp-content\/uploads\/2025\/12\/La-Princesa-Izta-y-el-Guerrero-Popoca-1030x800.jpg","datePublished":"2025-12-12T22:48:43+00:00","dateModified":"2025-12-12T22:50:41+00:00","breadcrumb":{"@id":"https:\/\/casajaguarstudio.com\/izta-popoca\/#breadcrumb"},"inLanguage":"es-CO","potentialAction":[{"@type":"ReadAction","target":["https:\/\/casajaguarstudio.com\/izta-popoca\/"]}]},{"@type":"ImageObject","inLanguage":"es-CO","@id":"https:\/\/casajaguarstudio.com\/izta-popoca\/#primaryimage","url":"https:\/\/casajaguarstudio.com\/wp-content\/uploads\/2025\/12\/La-Princesa-Izta-y-el-Guerrero-Popoca-1030x800.jpg","contentUrl":"https:\/\/casajaguarstudio.com\/wp-content\/uploads\/2025\/12\/La-Princesa-Izta-y-el-Guerrero-Popoca-1030x800.jpg"},{"@type":"BreadcrumbList","@id":"https:\/\/casajaguarstudio.com\/izta-popoca\/#breadcrumb","itemListElement":[{"@type":"ListItem","position":1,"name":"Home","item":"https:\/\/casajaguarstudio.com\/"},{"@type":"ListItem","position":2,"name":"La princesa Izta y el guerrero Popoca"}]},{"@type":"WebSite","@id":"https:\/\/casajaguarstudio.com\/#website","url":"https:\/\/casajaguarstudio.com\/","name":"Casa Jaguar","description":"Studio","potentialAction":[{"@type":"SearchAction","target":{"@type":"EntryPoint","urlTemplate":"https:\/\/casajaguarstudio.com\/?s={search_term_string}"},"query-input":{"@type":"PropertyValueSpecification","valueRequired":true,"valueName":"search_term_string"}}],"inLanguage":"es-CO"}]}},"_links":{"self":[{"href":"https:\/\/casajaguarstudio.com\/es\/wp-json\/wp\/v2\/pages\/11730","targetHints":{"allow":["GET"]}}],"collection":[{"href":"https:\/\/casajaguarstudio.com\/es\/wp-json\/wp\/v2\/pages"}],"about":[{"href":"https:\/\/casajaguarstudio.com\/es\/wp-json\/wp\/v2\/types\/page"}],"author":[{"embeddable":true,"href":"https:\/\/casajaguarstudio.com\/es\/wp-json\/wp\/v2\/users\/1"}],"replies":[{"embeddable":true,"href":"https:\/\/casajaguarstudio.com\/es\/wp-json\/wp\/v2\/comments?post=11730"}],"version-history":[{"count":4,"href":"https:\/\/casajaguarstudio.com\/es\/wp-json\/wp\/v2\/pages\/11730\/revisions"}],"predecessor-version":[{"id":11737,"href":"https:\/\/casajaguarstudio.com\/es\/wp-json\/wp\/v2\/pages\/11730\/revisions\/11737"}],"wp:attachment":[{"href":"https:\/\/casajaguarstudio.com\/es\/wp-json\/wp\/v2\/media?parent=11730"}],"curies":[{"name":"wp","href":"https:\/\/api.w.org\/{rel}","templated":true}]}}