{"id":11738,"date":"2025-12-12T22:56:29","date_gmt":"2025-12-12T22:56:29","guid":{"rendered":"https:\/\/casajaguarstudio.com\/?page_id=11738"},"modified":"2025-12-12T22:58:16","modified_gmt":"2025-12-12T22:58:16","slug":"waleker","status":"publish","type":"page","link":"https:\/\/casajaguarstudio.com\/es\/waleker\/","title":{"rendered":"La guajira y waleker"},"content":{"rendered":"<div data-elementor-type=\"wp-page\" data-elementor-id=\"11738\" class=\"elementor elementor-11738\">\n\t\t\t\t\t\t<section class=\"elementor-section elementor-top-section elementor-element elementor-element-6c382695 elementor-section-boxed elementor-section-height-default elementor-section-height-default wd-section-disabled\" data-id=\"6c382695\" data-element_type=\"section\">\n\t\t\t\t\t\t<div class=\"elementor-container elementor-column-gap-default\">\n\t\t\t\t\t<div class=\"elementor-column elementor-col-50 elementor-top-column elementor-element elementor-element-18731963\" data-id=\"18731963\" data-element_type=\"column\">\n\t\t\t<div class=\"elementor-widget-wrap elementor-element-populated\">\n\t\t\t\t\t\t<div class=\"elementor-element elementor-element-12db3bb elementor-widget elementor-widget-image\" data-id=\"12db3bb\" data-element_type=\"widget\" data-widget_type=\"image.default\">\n\t\t\t\t<div class=\"elementor-widget-container\">\n\t\t\t\t\t\t\t\t\t\t\t\t\t<img fetchpriority=\"high\" decoding=\"async\" width=\"634\" height=\"800\" src=\"https:\/\/casajaguarstudio.com\/wp-content\/uploads\/2025\/12\/La-Guajira-y-Waleker-634x800.jpg\" class=\"attachment-large size-large wp-image-11524\" alt=\"\" srcset=\"https:\/\/casajaguarstudio.com\/wp-content\/uploads\/2025\/12\/La-Guajira-y-Waleker-634x800.jpg 634w, https:\/\/casajaguarstudio.com\/wp-content\/uploads\/2025\/12\/La-Guajira-y-Waleker-238x300.jpg 238w, https:\/\/casajaguarstudio.com\/wp-content\/uploads\/2025\/12\/La-Guajira-y-Waleker-768x970.jpg 768w, https:\/\/casajaguarstudio.com\/wp-content\/uploads\/2025\/12\/La-Guajira-y-Waleker-1216x1536.jpg 1216w, https:\/\/casajaguarstudio.com\/wp-content\/uploads\/2025\/12\/La-Guajira-y-Waleker-1622x2048.jpg 1622w, https:\/\/casajaguarstudio.com\/wp-content\/uploads\/2025\/12\/La-Guajira-y-Waleker-10x12.jpg 10w, https:\/\/casajaguarstudio.com\/wp-content\/uploads\/2025\/12\/La-Guajira-y-Waleker.jpg 1800w\" sizes=\"(max-width: 634px) 100vw, 634px\" \/>\t\t\t\t\t\t\t\t\t\t\t\t\t<\/div>\n\t\t\t\t<\/div>\n\t\t\t\t\t<\/div>\n\t\t<\/div>\n\t\t\t\t<div class=\"elementor-column elementor-col-50 elementor-top-column elementor-element elementor-element-2d663b6d\" data-id=\"2d663b6d\" data-element_type=\"column\">\n\t\t\t<div class=\"elementor-widget-wrap elementor-element-populated\">\n\t\t\t\t\t\t<div class=\"elementor-element elementor-element-24e8a259 color-scheme-inherit text-left elementor-widget elementor-widget-text-editor\" data-id=\"24e8a259\" data-element_type=\"widget\" data-widget_type=\"text-editor.default\">\n\t\t\t\t<div class=\"elementor-widget-container\">\n\t\t\t\t\t\t\t<p>Nombre: La guajira y waleker<br \/>Dimensiones: <span data-sheets-root=\"1\">95 x 120<\/span> cm <br \/>T\u00e9cnica: Acr\u00edlico, collage, grabado y \u00f3leo sobre tela<br \/>A\u00f1o: 2023<br \/><br \/><\/p>\t\t\t\t\t\t<\/div>\n\t\t\t\t<\/div>\n\t\t\t\t<div class=\"elementor-element elementor-element-1280f06a color-scheme-inherit text-left elementor-widget elementor-widget-text-editor\" data-id=\"1280f06a\" data-element_type=\"widget\" data-widget_type=\"text-editor.default\">\n\t\t\t\t<div class=\"elementor-widget-container\">\n\t\t\t\t\t\t\t<p>Esta obra se inspira en la tradici\u00f3n oral del pueblo way\u00fau, que vive en el extremo norte de Sudam\u00e9rica: una pen\u00ednsula des\u00e9rtica llamada La Guajira. Irunnu era un cazador que trajo a casa a una ni\u00f1a hu\u00e9rfana llamada Waleker. Tras su llegada, la familia de Irunnu empez\u00f3 a encontrar hermosos tejidos, pero nadie sab\u00eda de d\u00f3nde proced\u00edan. Un d\u00eda Irunnu entr\u00f3 en la casa a una hora diferente de la habitual. En el rinc\u00f3n donde le esperaba la ni\u00f1a, vio a una hermosa mujer trabajando en un telar. Irunnu se acerc\u00f3 a ella, pero huy\u00f3 hacia los arbustos. Irunnu la alcanz\u00f3 en el mismo \u00e1rbol donde hab\u00eda conocido a Waleker. Cuando le pregunt\u00f3 qui\u00e9n era, ella respondi\u00f3: \"Soy Waleker, la Ara\u00f1a. Vine a esta tierra para ense\u00f1ar al pueblo wayuu el arte de tejer\". La hermosa Waleker desapareci\u00f3 ante sus ojos. Pero en el tronco del \u00e1rbol, vio a una ara\u00f1a ocupada tejiendo su tela.<\/p>\t\t\t\t\t\t<\/div>\n\t\t\t\t<\/div>\n\t\t\t\t\t<\/div>\n\t\t<\/div>\n\t\t\t\t\t<\/div>\n\t\t<\/section>\n\t\t\t\t<\/div>","protected":false},"excerpt":{"rendered":"<p>Name: La guajira y walekerSize: 95 x 120 cm Medium: Acrylic, oil, collage, engraving on fabricYear: 2023 This work is<\/p>","protected":false},"author":1,"featured_media":0,"parent":0,"menu_order":0,"comment_status":"closed","ping_status":"closed","template":"","meta":{"footnotes":""},"class_list":["post-11738","page","type-page","status-publish","hentry"],"yoast_head":"<!-- This site is optimized with the Yoast SEO plugin v26.8 - https:\/\/yoast.com\/product\/yoast-seo-wordpress\/ -->\n<title>La guajira y waleker - Casa Jaguar<\/title>\n<meta name=\"robots\" content=\"index, follow, max-snippet:-1, max-image-preview:large, max-video-preview:-1\" \/>\n<link rel=\"canonical\" href=\"https:\/\/casajaguarstudio.com\/es\/waleker\/\" \/>\n<meta property=\"og:locale\" content=\"es_ES\" \/>\n<meta property=\"og:type\" content=\"article\" \/>\n<meta property=\"og:title\" content=\"La guajira y waleker - Casa Jaguar\" \/>\n<meta property=\"og:description\" content=\"Name: La guajira y walekerSize: 95 x 120 cm Medium: Acrylic, oil, collage, engraving on fabricYear: 2023 This work is\" \/>\n<meta property=\"og:url\" content=\"https:\/\/casajaguarstudio.com\/es\/waleker\/\" \/>\n<meta property=\"og:site_name\" content=\"Casa Jaguar\" \/>\n<meta property=\"article:modified_time\" content=\"2025-12-12T22:58:16+00:00\" \/>\n<meta property=\"og:image\" content=\"https:\/\/casajaguarstudio.com\/wp-content\/uploads\/2025\/12\/La-Guajira-y-Waleker.jpg\" \/>\n\t<meta property=\"og:image:width\" content=\"1800\" \/>\n\t<meta property=\"og:image:height\" content=\"2273\" \/>\n\t<meta property=\"og:image:type\" content=\"image\/jpeg\" \/>\n<meta name=\"twitter:card\" content=\"summary_large_image\" \/>\n<meta name=\"twitter:label1\" content=\"Tiempo de lectura\" \/>\n\t<meta name=\"twitter:data1\" content=\"1 minuto\" \/>\n<script type=\"application\/ld+json\" class=\"yoast-schema-graph\">{\"@context\":\"https:\/\/schema.org\",\"@graph\":[{\"@type\":\"WebPage\",\"@id\":\"https:\/\/casajaguarstudio.com\/waleker\/\",\"url\":\"https:\/\/casajaguarstudio.com\/waleker\/\",\"name\":\"La guajira y waleker - Casa Jaguar\",\"isPartOf\":{\"@id\":\"https:\/\/casajaguarstudio.com\/#website\"},\"primaryImageOfPage\":{\"@id\":\"https:\/\/casajaguarstudio.com\/waleker\/#primaryimage\"},\"image\":{\"@id\":\"https:\/\/casajaguarstudio.com\/waleker\/#primaryimage\"},\"thumbnailUrl\":\"https:\/\/casajaguarstudio.com\/wp-content\/uploads\/2025\/12\/La-Guajira-y-Waleker-634x800.jpg\",\"datePublished\":\"2025-12-12T22:56:29+00:00\",\"dateModified\":\"2025-12-12T22:58:16+00:00\",\"breadcrumb\":{\"@id\":\"https:\/\/casajaguarstudio.com\/waleker\/#breadcrumb\"},\"inLanguage\":\"es-CO\",\"potentialAction\":[{\"@type\":\"ReadAction\",\"target\":[\"https:\/\/casajaguarstudio.com\/waleker\/\"]}]},{\"@type\":\"ImageObject\",\"inLanguage\":\"es-CO\",\"@id\":\"https:\/\/casajaguarstudio.com\/waleker\/#primaryimage\",\"url\":\"https:\/\/casajaguarstudio.com\/wp-content\/uploads\/2025\/12\/La-Guajira-y-Waleker-634x800.jpg\",\"contentUrl\":\"https:\/\/casajaguarstudio.com\/wp-content\/uploads\/2025\/12\/La-Guajira-y-Waleker-634x800.jpg\"},{\"@type\":\"BreadcrumbList\",\"@id\":\"https:\/\/casajaguarstudio.com\/waleker\/#breadcrumb\",\"itemListElement\":[{\"@type\":\"ListItem\",\"position\":1,\"name\":\"Home\",\"item\":\"https:\/\/casajaguarstudio.com\/\"},{\"@type\":\"ListItem\",\"position\":2,\"name\":\"La guajira y waleker\"}]},{\"@type\":\"WebSite\",\"@id\":\"https:\/\/casajaguarstudio.com\/#website\",\"url\":\"https:\/\/casajaguarstudio.com\/\",\"name\":\"Casa Jaguar\",\"description\":\"Studio\",\"potentialAction\":[{\"@type\":\"SearchAction\",\"target\":{\"@type\":\"EntryPoint\",\"urlTemplate\":\"https:\/\/casajaguarstudio.com\/?s={search_term_string}\"},\"query-input\":{\"@type\":\"PropertyValueSpecification\",\"valueRequired\":true,\"valueName\":\"search_term_string\"}}],\"inLanguage\":\"es-CO\"}]}<\/script>\n<!-- \/ Yoast SEO plugin. -->","yoast_head_json":{"title":"La guajira y waleker - Casa Jaguar","robots":{"index":"index","follow":"follow","max-snippet":"max-snippet:-1","max-image-preview":"max-image-preview:large","max-video-preview":"max-video-preview:-1"},"canonical":"https:\/\/casajaguarstudio.com\/es\/waleker\/","og_locale":"es_ES","og_type":"article","og_title":"La guajira y waleker - Casa Jaguar","og_description":"Name: La guajira y walekerSize: 95 x 120 cm Medium: Acrylic, oil, collage, engraving on fabricYear: 2023 This work is","og_url":"https:\/\/casajaguarstudio.com\/es\/waleker\/","og_site_name":"Casa Jaguar","article_modified_time":"2025-12-12T22:58:16+00:00","og_image":[{"width":1800,"height":2273,"url":"https:\/\/casajaguarstudio.com\/wp-content\/uploads\/2025\/12\/La-Guajira-y-Waleker.jpg","type":"image\/jpeg"}],"twitter_card":"summary_large_image","twitter_misc":{"Tiempo de lectura":"1 minuto"},"schema":{"@context":"https:\/\/schema.org","@graph":[{"@type":"WebPage","@id":"https:\/\/casajaguarstudio.com\/waleker\/","url":"https:\/\/casajaguarstudio.com\/waleker\/","name":"La guajira y waleker - Casa Jaguar","isPartOf":{"@id":"https:\/\/casajaguarstudio.com\/#website"},"primaryImageOfPage":{"@id":"https:\/\/casajaguarstudio.com\/waleker\/#primaryimage"},"image":{"@id":"https:\/\/casajaguarstudio.com\/waleker\/#primaryimage"},"thumbnailUrl":"https:\/\/casajaguarstudio.com\/wp-content\/uploads\/2025\/12\/La-Guajira-y-Waleker-634x800.jpg","datePublished":"2025-12-12T22:56:29+00:00","dateModified":"2025-12-12T22:58:16+00:00","breadcrumb":{"@id":"https:\/\/casajaguarstudio.com\/waleker\/#breadcrumb"},"inLanguage":"es-CO","potentialAction":[{"@type":"ReadAction","target":["https:\/\/casajaguarstudio.com\/waleker\/"]}]},{"@type":"ImageObject","inLanguage":"es-CO","@id":"https:\/\/casajaguarstudio.com\/waleker\/#primaryimage","url":"https:\/\/casajaguarstudio.com\/wp-content\/uploads\/2025\/12\/La-Guajira-y-Waleker-634x800.jpg","contentUrl":"https:\/\/casajaguarstudio.com\/wp-content\/uploads\/2025\/12\/La-Guajira-y-Waleker-634x800.jpg"},{"@type":"BreadcrumbList","@id":"https:\/\/casajaguarstudio.com\/waleker\/#breadcrumb","itemListElement":[{"@type":"ListItem","position":1,"name":"Home","item":"https:\/\/casajaguarstudio.com\/"},{"@type":"ListItem","position":2,"name":"La guajira y waleker"}]},{"@type":"WebSite","@id":"https:\/\/casajaguarstudio.com\/#website","url":"https:\/\/casajaguarstudio.com\/","name":"Casa Jaguar","description":"Studio","potentialAction":[{"@type":"SearchAction","target":{"@type":"EntryPoint","urlTemplate":"https:\/\/casajaguarstudio.com\/?s={search_term_string}"},"query-input":{"@type":"PropertyValueSpecification","valueRequired":true,"valueName":"search_term_string"}}],"inLanguage":"es-CO"}]}},"_links":{"self":[{"href":"https:\/\/casajaguarstudio.com\/es\/wp-json\/wp\/v2\/pages\/11738","targetHints":{"allow":["GET"]}}],"collection":[{"href":"https:\/\/casajaguarstudio.com\/es\/wp-json\/wp\/v2\/pages"}],"about":[{"href":"https:\/\/casajaguarstudio.com\/es\/wp-json\/wp\/v2\/types\/page"}],"author":[{"embeddable":true,"href":"https:\/\/casajaguarstudio.com\/es\/wp-json\/wp\/v2\/users\/1"}],"replies":[{"embeddable":true,"href":"https:\/\/casajaguarstudio.com\/es\/wp-json\/wp\/v2\/comments?post=11738"}],"version-history":[{"count":4,"href":"https:\/\/casajaguarstudio.com\/es\/wp-json\/wp\/v2\/pages\/11738\/revisions"}],"predecessor-version":[{"id":11745,"href":"https:\/\/casajaguarstudio.com\/es\/wp-json\/wp\/v2\/pages\/11738\/revisions\/11745"}],"wp:attachment":[{"href":"https:\/\/casajaguarstudio.com\/es\/wp-json\/wp\/v2\/media?parent=11738"}],"curies":[{"name":"wp","href":"https:\/\/api.w.org\/{rel}","templated":true}]}}