{"id":11765,"date":"2025-12-16T16:15:49","date_gmt":"2025-12-16T16:15:49","guid":{"rendered":"https:\/\/casajaguarstudio.com\/?page_id=11765"},"modified":"2025-12-16T16:46:26","modified_gmt":"2025-12-16T16:46:26","slug":"el-olivo","status":"publish","type":"page","link":"https:\/\/casajaguarstudio.com\/es\/el-olivo\/","title":{"rendered":"El olivo es el color de la paz"},"content":{"rendered":"<div data-elementor-type=\"wp-page\" data-elementor-id=\"11765\" class=\"elementor elementor-11765\">\n\t\t\t\t\t\t<section class=\"elementor-section elementor-top-section elementor-element elementor-element-1fa6bb62 elementor-section-boxed elementor-section-height-default elementor-section-height-default wd-section-disabled\" data-id=\"1fa6bb62\" data-element_type=\"section\">\n\t\t\t\t\t\t<div class=\"elementor-container elementor-column-gap-default\">\n\t\t\t\t\t<div class=\"elementor-column elementor-col-50 elementor-top-column elementor-element elementor-element-6f15942b\" data-id=\"6f15942b\" data-element_type=\"column\">\n\t\t\t<div class=\"elementor-widget-wrap elementor-element-populated\">\n\t\t\t\t\t\t<div class=\"elementor-element elementor-element-52b04818 elementor-widget elementor-widget-image\" data-id=\"52b04818\" data-element_type=\"widget\" data-widget_type=\"image.default\">\n\t\t\t\t<div class=\"elementor-widget-container\">\n\t\t\t\t\t\t\t\t\t\t\t\t\t<img fetchpriority=\"high\" decoding=\"async\" width=\"824\" height=\"800\" src=\"https:\/\/casajaguarstudio.com\/wp-content\/uploads\/2025\/12\/El-olivo-es-el-color-de-la-paz-824x800.jpg\" class=\"attachment-large size-large wp-image-11521\" alt=\"\" srcset=\"https:\/\/casajaguarstudio.com\/wp-content\/uploads\/2025\/12\/El-olivo-es-el-color-de-la-paz-824x800.jpg 824w, https:\/\/casajaguarstudio.com\/wp-content\/uploads\/2025\/12\/El-olivo-es-el-color-de-la-paz-309x300.jpg 309w, https:\/\/casajaguarstudio.com\/wp-content\/uploads\/2025\/12\/El-olivo-es-el-color-de-la-paz-768x746.jpg 768w, https:\/\/casajaguarstudio.com\/wp-content\/uploads\/2025\/12\/El-olivo-es-el-color-de-la-paz-12x12.jpg 12w, https:\/\/casajaguarstudio.com\/wp-content\/uploads\/2025\/12\/El-olivo-es-el-color-de-la-paz.jpg 960w\" sizes=\"(max-width: 824px) 100vw, 824px\" \/>\t\t\t\t\t\t\t\t\t\t\t\t\t<\/div>\n\t\t\t\t<\/div>\n\t\t\t\t\t<\/div>\n\t\t<\/div>\n\t\t\t\t<div class=\"elementor-column elementor-col-50 elementor-top-column elementor-element elementor-element-51caca5e\" data-id=\"51caca5e\" data-element_type=\"column\">\n\t\t\t<div class=\"elementor-widget-wrap elementor-element-populated\">\n\t\t\t\t\t\t<div class=\"elementor-element elementor-element-7e6f885 color-scheme-inherit text-left elementor-widget elementor-widget-text-editor\" data-id=\"7e6f885\" data-element_type=\"widget\" data-widget_type=\"text-editor.default\">\n\t\t\t\t<div class=\"elementor-widget-container\">\n\t\t\t\t\t\t\tNombre: El olivo es el color de la paz <br>Tama\u00f1o: 90 x 90 cm <br>T\u00e9cnica: Acuarela, acr\u00edlico y collage sobre tela\t\t\t\t\t\t<\/div>\n\t\t\t\t<\/div>\n\t\t\t\t<div class=\"elementor-element elementor-element-65d5a2e2 color-scheme-inherit text-left elementor-widget elementor-widget-text-editor\" data-id=\"65d5a2e2\" data-element_type=\"widget\" data-widget_type=\"text-editor.default\">\n\t\t\t\t<div class=\"elementor-widget-container\">\n\t\t\t\t\t\t\t<p>En esta obra, el olivo es protagonista. La mujer y su hijo descansan a los pies y a la sombra del \u00e1rbol. Ellos representan a las familias y generaciones de agricultoras y agricultores que sembraron, cultivaron y cosecharon olivares centenarios y contin\u00faan haci\u00e9ndolo en la regi\u00f3n mediterr\u00e1nea. Esta escena encapsula la reciprocidad entre plantas y personas que hay en la agricultura. El olivo protege a la mujer y el ni\u00f1o, los cuida y los resguarda, as\u00ed como ellos cuidan al olivo. La escena transmite mucha serenidad y esperanza: aquella esperanza que sostiene el trabajo de cultivar la tierra con el anhelo de la cosecha. El t\u00edtulo de esta obra est\u00e1 inspirado en una l\u00ednea del poeta palestino Mahmoud Darwish de su poema El Segundo Olivo: \u201cEl olivo es el color de la paz, si la paz necesitara un color.\u201d<\/p>\t\t\t\t\t\t<\/div>\n\t\t\t\t<\/div>\n\t\t\t\t\t<\/div>\n\t\t<\/div>\n\t\t\t\t\t<\/div>\n\t\t<\/section>\n\t\t\t\t<\/div>","protected":false},"excerpt":{"rendered":"<p>Name: The olive tree is the color of peace Size: 90 x 90 cm Medium: Watercolor, acrylic and collage on<\/p>","protected":false},"author":1,"featured_media":0,"parent":0,"menu_order":0,"comment_status":"closed","ping_status":"closed","template":"","meta":{"footnotes":""},"class_list":["post-11765","page","type-page","status-publish","hentry"],"yoast_head":"<!-- This site is optimized with the Yoast SEO plugin v26.8 - https:\/\/yoast.com\/product\/yoast-seo-wordpress\/ -->\n<title>El olivo es el color de la paz - Casa Jaguar<\/title>\n<meta name=\"robots\" content=\"index, follow, max-snippet:-1, max-image-preview:large, max-video-preview:-1\" \/>\n<link rel=\"canonical\" href=\"https:\/\/casajaguarstudio.com\/es\/el-olivo\/\" \/>\n<meta property=\"og:locale\" content=\"es_ES\" \/>\n<meta property=\"og:type\" content=\"article\" \/>\n<meta property=\"og:title\" content=\"El olivo es el color de la paz - Casa Jaguar\" \/>\n<meta property=\"og:description\" content=\"Name: The olive tree is the color of peace Size: 90 x 90 cm Medium: Watercolor, acrylic and collage on\" \/>\n<meta property=\"og:url\" content=\"https:\/\/casajaguarstudio.com\/es\/el-olivo\/\" \/>\n<meta property=\"og:site_name\" content=\"Casa Jaguar\" \/>\n<meta property=\"article:modified_time\" content=\"2025-12-16T16:46:26+00:00\" \/>\n<meta property=\"og:image\" content=\"https:\/\/casajaguarstudio.com\/wp-content\/uploads\/2025\/12\/El-olivo-es-el-color-de-la-paz.jpg\" \/>\n\t<meta property=\"og:image:width\" content=\"960\" \/>\n\t<meta property=\"og:image:height\" content=\"932\" \/>\n\t<meta property=\"og:image:type\" content=\"image\/jpeg\" \/>\n<meta name=\"twitter:card\" content=\"summary_large_image\" \/>\n<meta name=\"twitter:label1\" content=\"Tiempo de lectura\" \/>\n\t<meta name=\"twitter:data1\" content=\"1 minuto\" \/>\n<script type=\"application\/ld+json\" class=\"yoast-schema-graph\">{\"@context\":\"https:\/\/schema.org\",\"@graph\":[{\"@type\":\"WebPage\",\"@id\":\"https:\/\/casajaguarstudio.com\/el-olivo\/\",\"url\":\"https:\/\/casajaguarstudio.com\/el-olivo\/\",\"name\":\"El olivo es el color de la paz - Casa Jaguar\",\"isPartOf\":{\"@id\":\"https:\/\/casajaguarstudio.com\/#website\"},\"primaryImageOfPage\":{\"@id\":\"https:\/\/casajaguarstudio.com\/el-olivo\/#primaryimage\"},\"image\":{\"@id\":\"https:\/\/casajaguarstudio.com\/el-olivo\/#primaryimage\"},\"thumbnailUrl\":\"https:\/\/casajaguarstudio.com\/wp-content\/uploads\/2025\/12\/El-olivo-es-el-color-de-la-paz-824x800.jpg\",\"datePublished\":\"2025-12-16T16:15:49+00:00\",\"dateModified\":\"2025-12-16T16:46:26+00:00\",\"breadcrumb\":{\"@id\":\"https:\/\/casajaguarstudio.com\/el-olivo\/#breadcrumb\"},\"inLanguage\":\"es-CO\",\"potentialAction\":[{\"@type\":\"ReadAction\",\"target\":[\"https:\/\/casajaguarstudio.com\/el-olivo\/\"]}]},{\"@type\":\"ImageObject\",\"inLanguage\":\"es-CO\",\"@id\":\"https:\/\/casajaguarstudio.com\/el-olivo\/#primaryimage\",\"url\":\"https:\/\/casajaguarstudio.com\/wp-content\/uploads\/2025\/12\/El-olivo-es-el-color-de-la-paz-824x800.jpg\",\"contentUrl\":\"https:\/\/casajaguarstudio.com\/wp-content\/uploads\/2025\/12\/El-olivo-es-el-color-de-la-paz-824x800.jpg\"},{\"@type\":\"BreadcrumbList\",\"@id\":\"https:\/\/casajaguarstudio.com\/el-olivo\/#breadcrumb\",\"itemListElement\":[{\"@type\":\"ListItem\",\"position\":1,\"name\":\"Home\",\"item\":\"https:\/\/casajaguarstudio.com\/\"},{\"@type\":\"ListItem\",\"position\":2,\"name\":\"El olivo es el color de la paz\"}]},{\"@type\":\"WebSite\",\"@id\":\"https:\/\/casajaguarstudio.com\/#website\",\"url\":\"https:\/\/casajaguarstudio.com\/\",\"name\":\"Casa Jaguar\",\"description\":\"Studio\",\"potentialAction\":[{\"@type\":\"SearchAction\",\"target\":{\"@type\":\"EntryPoint\",\"urlTemplate\":\"https:\/\/casajaguarstudio.com\/?s={search_term_string}\"},\"query-input\":{\"@type\":\"PropertyValueSpecification\",\"valueRequired\":true,\"valueName\":\"search_term_string\"}}],\"inLanguage\":\"es-CO\"}]}<\/script>\n<!-- \/ Yoast SEO plugin. -->","yoast_head_json":{"title":"El olivo es el color de la paz - Casa Jaguar","robots":{"index":"index","follow":"follow","max-snippet":"max-snippet:-1","max-image-preview":"max-image-preview:large","max-video-preview":"max-video-preview:-1"},"canonical":"https:\/\/casajaguarstudio.com\/es\/el-olivo\/","og_locale":"es_ES","og_type":"article","og_title":"El olivo es el color de la paz - Casa Jaguar","og_description":"Name: The olive tree is the color of peace Size: 90 x 90 cm Medium: Watercolor, acrylic and collage on","og_url":"https:\/\/casajaguarstudio.com\/es\/el-olivo\/","og_site_name":"Casa Jaguar","article_modified_time":"2025-12-16T16:46:26+00:00","og_image":[{"width":960,"height":932,"url":"https:\/\/casajaguarstudio.com\/wp-content\/uploads\/2025\/12\/El-olivo-es-el-color-de-la-paz.jpg","type":"image\/jpeg"}],"twitter_card":"summary_large_image","twitter_misc":{"Tiempo de lectura":"1 minuto"},"schema":{"@context":"https:\/\/schema.org","@graph":[{"@type":"WebPage","@id":"https:\/\/casajaguarstudio.com\/el-olivo\/","url":"https:\/\/casajaguarstudio.com\/el-olivo\/","name":"El olivo es el color de la paz - Casa Jaguar","isPartOf":{"@id":"https:\/\/casajaguarstudio.com\/#website"},"primaryImageOfPage":{"@id":"https:\/\/casajaguarstudio.com\/el-olivo\/#primaryimage"},"image":{"@id":"https:\/\/casajaguarstudio.com\/el-olivo\/#primaryimage"},"thumbnailUrl":"https:\/\/casajaguarstudio.com\/wp-content\/uploads\/2025\/12\/El-olivo-es-el-color-de-la-paz-824x800.jpg","datePublished":"2025-12-16T16:15:49+00:00","dateModified":"2025-12-16T16:46:26+00:00","breadcrumb":{"@id":"https:\/\/casajaguarstudio.com\/el-olivo\/#breadcrumb"},"inLanguage":"es-CO","potentialAction":[{"@type":"ReadAction","target":["https:\/\/casajaguarstudio.com\/el-olivo\/"]}]},{"@type":"ImageObject","inLanguage":"es-CO","@id":"https:\/\/casajaguarstudio.com\/el-olivo\/#primaryimage","url":"https:\/\/casajaguarstudio.com\/wp-content\/uploads\/2025\/12\/El-olivo-es-el-color-de-la-paz-824x800.jpg","contentUrl":"https:\/\/casajaguarstudio.com\/wp-content\/uploads\/2025\/12\/El-olivo-es-el-color-de-la-paz-824x800.jpg"},{"@type":"BreadcrumbList","@id":"https:\/\/casajaguarstudio.com\/el-olivo\/#breadcrumb","itemListElement":[{"@type":"ListItem","position":1,"name":"Home","item":"https:\/\/casajaguarstudio.com\/"},{"@type":"ListItem","position":2,"name":"El olivo es el color de la paz"}]},{"@type":"WebSite","@id":"https:\/\/casajaguarstudio.com\/#website","url":"https:\/\/casajaguarstudio.com\/","name":"Casa Jaguar","description":"Studio","potentialAction":[{"@type":"SearchAction","target":{"@type":"EntryPoint","urlTemplate":"https:\/\/casajaguarstudio.com\/?s={search_term_string}"},"query-input":{"@type":"PropertyValueSpecification","valueRequired":true,"valueName":"search_term_string"}}],"inLanguage":"es-CO"}]}},"_links":{"self":[{"href":"https:\/\/casajaguarstudio.com\/es\/wp-json\/wp\/v2\/pages\/11765","targetHints":{"allow":["GET"]}}],"collection":[{"href":"https:\/\/casajaguarstudio.com\/es\/wp-json\/wp\/v2\/pages"}],"about":[{"href":"https:\/\/casajaguarstudio.com\/es\/wp-json\/wp\/v2\/types\/page"}],"author":[{"embeddable":true,"href":"https:\/\/casajaguarstudio.com\/es\/wp-json\/wp\/v2\/users\/1"}],"replies":[{"embeddable":true,"href":"https:\/\/casajaguarstudio.com\/es\/wp-json\/wp\/v2\/comments?post=11765"}],"version-history":[{"count":7,"href":"https:\/\/casajaguarstudio.com\/es\/wp-json\/wp\/v2\/pages\/11765\/revisions"}],"predecessor-version":[{"id":11793,"href":"https:\/\/casajaguarstudio.com\/es\/wp-json\/wp\/v2\/pages\/11765\/revisions\/11793"}],"wp:attachment":[{"href":"https:\/\/casajaguarstudio.com\/es\/wp-json\/wp\/v2\/media?parent=11765"}],"curies":[{"name":"wp","href":"https:\/\/api.w.org\/{rel}","templated":true}]}}