{"id":11770,"date":"2025-12-16T16:19:52","date_gmt":"2025-12-16T16:19:52","guid":{"rendered":"https:\/\/casajaguarstudio.com\/?page_id=11770"},"modified":"2025-12-16T16:45:30","modified_gmt":"2025-12-16T16:45:30","slug":"descalzos","status":"publish","type":"page","link":"https:\/\/casajaguarstudio.com\/es\/descalzos\/","title":{"rendered":"Sue\u00f1os descalzos"},"content":{"rendered":"<div data-elementor-type=\"wp-page\" data-elementor-id=\"11770\" class=\"elementor elementor-11770\">\n\t\t\t\t\t\t<section class=\"elementor-section elementor-top-section elementor-element elementor-element-1fa6bb62 elementor-section-boxed elementor-section-height-default elementor-section-height-default wd-section-disabled\" data-id=\"1fa6bb62\" data-element_type=\"section\">\n\t\t\t\t\t\t<div class=\"elementor-container elementor-column-gap-default\">\n\t\t\t\t\t<div class=\"elementor-column elementor-col-50 elementor-top-column elementor-element elementor-element-6f15942b\" data-id=\"6f15942b\" data-element_type=\"column\">\n\t\t\t<div class=\"elementor-widget-wrap elementor-element-populated\">\n\t\t\t\t\t\t<div class=\"elementor-element elementor-element-52b04818 elementor-widget elementor-widget-image\" data-id=\"52b04818\" data-element_type=\"widget\" data-widget_type=\"image.default\">\n\t\t\t\t<div class=\"elementor-widget-container\">\n\t\t\t\t\t\t\t\t\t\t\t\t\t<img fetchpriority=\"high\" decoding=\"async\" width=\"875\" height=\"800\" src=\"https:\/\/casajaguarstudio.com\/wp-content\/uploads\/2025\/12\/suenos-descalzos-875x800.jpg\" class=\"attachment-large size-large wp-image-11520\" alt=\"\" srcset=\"https:\/\/casajaguarstudio.com\/wp-content\/uploads\/2025\/12\/suenos-descalzos-875x800.jpg 875w, https:\/\/casajaguarstudio.com\/wp-content\/uploads\/2025\/12\/suenos-descalzos-328x300.jpg 328w, https:\/\/casajaguarstudio.com\/wp-content\/uploads\/2025\/12\/suenos-descalzos-768x702.jpg 768w, https:\/\/casajaguarstudio.com\/wp-content\/uploads\/2025\/12\/suenos-descalzos-13x12.jpg 13w, https:\/\/casajaguarstudio.com\/wp-content\/uploads\/2025\/12\/suenos-descalzos.jpg 960w\" sizes=\"(max-width: 875px) 100vw, 875px\" \/>\t\t\t\t\t\t\t\t\t\t\t\t\t<\/div>\n\t\t\t\t<\/div>\n\t\t\t\t\t<\/div>\n\t\t<\/div>\n\t\t\t\t<div class=\"elementor-column elementor-col-50 elementor-top-column elementor-element elementor-element-51caca5e\" data-id=\"51caca5e\" data-element_type=\"column\">\n\t\t\t<div class=\"elementor-widget-wrap elementor-element-populated\">\n\t\t\t\t\t\t<div class=\"elementor-element elementor-element-7e6f885 color-scheme-inherit text-left elementor-widget elementor-widget-text-editor\" data-id=\"7e6f885\" data-element_type=\"widget\" data-widget_type=\"text-editor.default\">\n\t\t\t\t<div class=\"elementor-widget-container\">\n\t\t\t\t\t\t\tNombre: Sue\u00f1os descalzos<br>Tama\u00f1o: 60 x 55 cm <br>T\u00e9cnica: \u00f3leo, acuarela y collage sobre tela\t\t\t\t\t\t<\/div>\n\t\t\t\t<\/div>\n\t\t\t\t<div class=\"elementor-element elementor-element-65d5a2e2 color-scheme-inherit text-left elementor-widget elementor-widget-text-editor\" data-id=\"65d5a2e2\" data-element_type=\"widget\" data-widget_type=\"text-editor.default\">\n\t\t\t\t<div class=\"elementor-widget-container\">\n\t\t\t\t\t\t\t<p>\u00a0<\/p><p>El juego de los ni\u00f1os representa un tiempo de libertad y alegr\u00eda sin preocupaciones; un tiempo en el que todos los sue\u00f1os son posibles. Los pies descalzos conectan a los ni\u00f1os con la sabidur\u00eda de la tierra y el olivo representa la permanencia de la vida. Entre el juego, la risa y la naturaleza hay esperanza de un futuro donde prospera la vida.<\/p>\t\t\t\t\t\t<\/div>\n\t\t\t\t<\/div>\n\t\t\t\t\t<\/div>\n\t\t<\/div>\n\t\t\t\t\t<\/div>\n\t\t<\/section>\n\t\t\t\t<\/div>","protected":false},"excerpt":{"rendered":"<p>Name: Sue\u00f1os descalzosSize: 60 x 55 cm Medium: Oil, watercolor, and collage on fabric \u00a0 Children&#8217;s play represents a time<\/p>","protected":false},"author":1,"featured_media":0,"parent":0,"menu_order":0,"comment_status":"closed","ping_status":"closed","template":"","meta":{"footnotes":""},"class_list":["post-11770","page","type-page","status-publish","hentry"],"yoast_head":"<!-- This site is optimized with the Yoast SEO plugin v26.8 - https:\/\/yoast.com\/product\/yoast-seo-wordpress\/ -->\n<title>Sue\u00f1os descalzos - Casa Jaguar<\/title>\n<meta name=\"robots\" content=\"index, follow, max-snippet:-1, max-image-preview:large, max-video-preview:-1\" \/>\n<link rel=\"canonical\" href=\"https:\/\/casajaguarstudio.com\/es\/descalzos\/\" \/>\n<meta property=\"og:locale\" content=\"es_ES\" \/>\n<meta property=\"og:type\" content=\"article\" \/>\n<meta property=\"og:title\" content=\"Sue\u00f1os descalzos - Casa Jaguar\" \/>\n<meta property=\"og:description\" content=\"Name: Sue\u00f1os descalzosSize: 60 x 55 cm Medium: Oil, watercolor, and collage on fabric \u00a0 Children&#8217;s play represents a time\" \/>\n<meta property=\"og:url\" content=\"https:\/\/casajaguarstudio.com\/es\/descalzos\/\" \/>\n<meta property=\"og:site_name\" content=\"Casa Jaguar\" \/>\n<meta property=\"article:modified_time\" content=\"2025-12-16T16:45:30+00:00\" \/>\n<meta property=\"og:image\" content=\"https:\/\/casajaguarstudio.com\/wp-content\/uploads\/2025\/12\/suenos-descalzos.jpg\" \/>\n\t<meta property=\"og:image:width\" content=\"960\" \/>\n\t<meta property=\"og:image:height\" content=\"878\" \/>\n\t<meta property=\"og:image:type\" content=\"image\/jpeg\" \/>\n<meta name=\"twitter:card\" content=\"summary_large_image\" \/>\n<meta name=\"twitter:label1\" content=\"Tiempo de lectura\" \/>\n\t<meta name=\"twitter:data1\" content=\"1 minuto\" \/>\n<script type=\"application\/ld+json\" class=\"yoast-schema-graph\">{\"@context\":\"https:\/\/schema.org\",\"@graph\":[{\"@type\":\"WebPage\",\"@id\":\"https:\/\/casajaguarstudio.com\/descalzos\/\",\"url\":\"https:\/\/casajaguarstudio.com\/descalzos\/\",\"name\":\"Sue\u00f1os descalzos - Casa Jaguar\",\"isPartOf\":{\"@id\":\"https:\/\/casajaguarstudio.com\/#website\"},\"primaryImageOfPage\":{\"@id\":\"https:\/\/casajaguarstudio.com\/descalzos\/#primaryimage\"},\"image\":{\"@id\":\"https:\/\/casajaguarstudio.com\/descalzos\/#primaryimage\"},\"thumbnailUrl\":\"https:\/\/casajaguarstudio.com\/wp-content\/uploads\/2025\/12\/suenos-descalzos-875x800.jpg\",\"datePublished\":\"2025-12-16T16:19:52+00:00\",\"dateModified\":\"2025-12-16T16:45:30+00:00\",\"breadcrumb\":{\"@id\":\"https:\/\/casajaguarstudio.com\/descalzos\/#breadcrumb\"},\"inLanguage\":\"es-CO\",\"potentialAction\":[{\"@type\":\"ReadAction\",\"target\":[\"https:\/\/casajaguarstudio.com\/descalzos\/\"]}]},{\"@type\":\"ImageObject\",\"inLanguage\":\"es-CO\",\"@id\":\"https:\/\/casajaguarstudio.com\/descalzos\/#primaryimage\",\"url\":\"https:\/\/casajaguarstudio.com\/wp-content\/uploads\/2025\/12\/suenos-descalzos-875x800.jpg\",\"contentUrl\":\"https:\/\/casajaguarstudio.com\/wp-content\/uploads\/2025\/12\/suenos-descalzos-875x800.jpg\"},{\"@type\":\"BreadcrumbList\",\"@id\":\"https:\/\/casajaguarstudio.com\/descalzos\/#breadcrumb\",\"itemListElement\":[{\"@type\":\"ListItem\",\"position\":1,\"name\":\"Home\",\"item\":\"https:\/\/casajaguarstudio.com\/\"},{\"@type\":\"ListItem\",\"position\":2,\"name\":\"Sue\u00f1os descalzos\"}]},{\"@type\":\"WebSite\",\"@id\":\"https:\/\/casajaguarstudio.com\/#website\",\"url\":\"https:\/\/casajaguarstudio.com\/\",\"name\":\"Casa Jaguar\",\"description\":\"Studio\",\"potentialAction\":[{\"@type\":\"SearchAction\",\"target\":{\"@type\":\"EntryPoint\",\"urlTemplate\":\"https:\/\/casajaguarstudio.com\/?s={search_term_string}\"},\"query-input\":{\"@type\":\"PropertyValueSpecification\",\"valueRequired\":true,\"valueName\":\"search_term_string\"}}],\"inLanguage\":\"es-CO\"}]}<\/script>\n<!-- \/ Yoast SEO plugin. -->","yoast_head_json":{"title":"Sue\u00f1os descalzos - Casa Jaguar","robots":{"index":"index","follow":"follow","max-snippet":"max-snippet:-1","max-image-preview":"max-image-preview:large","max-video-preview":"max-video-preview:-1"},"canonical":"https:\/\/casajaguarstudio.com\/es\/descalzos\/","og_locale":"es_ES","og_type":"article","og_title":"Sue\u00f1os descalzos - Casa Jaguar","og_description":"Name: Sue\u00f1os descalzosSize: 60 x 55 cm Medium: Oil, watercolor, and collage on fabric \u00a0 Children&#8217;s play represents a time","og_url":"https:\/\/casajaguarstudio.com\/es\/descalzos\/","og_site_name":"Casa Jaguar","article_modified_time":"2025-12-16T16:45:30+00:00","og_image":[{"width":960,"height":878,"url":"https:\/\/casajaguarstudio.com\/wp-content\/uploads\/2025\/12\/suenos-descalzos.jpg","type":"image\/jpeg"}],"twitter_card":"summary_large_image","twitter_misc":{"Tiempo de lectura":"1 minuto"},"schema":{"@context":"https:\/\/schema.org","@graph":[{"@type":"WebPage","@id":"https:\/\/casajaguarstudio.com\/descalzos\/","url":"https:\/\/casajaguarstudio.com\/descalzos\/","name":"Sue\u00f1os descalzos - Casa Jaguar","isPartOf":{"@id":"https:\/\/casajaguarstudio.com\/#website"},"primaryImageOfPage":{"@id":"https:\/\/casajaguarstudio.com\/descalzos\/#primaryimage"},"image":{"@id":"https:\/\/casajaguarstudio.com\/descalzos\/#primaryimage"},"thumbnailUrl":"https:\/\/casajaguarstudio.com\/wp-content\/uploads\/2025\/12\/suenos-descalzos-875x800.jpg","datePublished":"2025-12-16T16:19:52+00:00","dateModified":"2025-12-16T16:45:30+00:00","breadcrumb":{"@id":"https:\/\/casajaguarstudio.com\/descalzos\/#breadcrumb"},"inLanguage":"es-CO","potentialAction":[{"@type":"ReadAction","target":["https:\/\/casajaguarstudio.com\/descalzos\/"]}]},{"@type":"ImageObject","inLanguage":"es-CO","@id":"https:\/\/casajaguarstudio.com\/descalzos\/#primaryimage","url":"https:\/\/casajaguarstudio.com\/wp-content\/uploads\/2025\/12\/suenos-descalzos-875x800.jpg","contentUrl":"https:\/\/casajaguarstudio.com\/wp-content\/uploads\/2025\/12\/suenos-descalzos-875x800.jpg"},{"@type":"BreadcrumbList","@id":"https:\/\/casajaguarstudio.com\/descalzos\/#breadcrumb","itemListElement":[{"@type":"ListItem","position":1,"name":"Home","item":"https:\/\/casajaguarstudio.com\/"},{"@type":"ListItem","position":2,"name":"Sue\u00f1os descalzos"}]},{"@type":"WebSite","@id":"https:\/\/casajaguarstudio.com\/#website","url":"https:\/\/casajaguarstudio.com\/","name":"Casa Jaguar","description":"Studio","potentialAction":[{"@type":"SearchAction","target":{"@type":"EntryPoint","urlTemplate":"https:\/\/casajaguarstudio.com\/?s={search_term_string}"},"query-input":{"@type":"PropertyValueSpecification","valueRequired":true,"valueName":"search_term_string"}}],"inLanguage":"es-CO"}]}},"_links":{"self":[{"href":"https:\/\/casajaguarstudio.com\/es\/wp-json\/wp\/v2\/pages\/11770","targetHints":{"allow":["GET"]}}],"collection":[{"href":"https:\/\/casajaguarstudio.com\/es\/wp-json\/wp\/v2\/pages"}],"about":[{"href":"https:\/\/casajaguarstudio.com\/es\/wp-json\/wp\/v2\/types\/page"}],"author":[{"embeddable":true,"href":"https:\/\/casajaguarstudio.com\/es\/wp-json\/wp\/v2\/users\/1"}],"replies":[{"embeddable":true,"href":"https:\/\/casajaguarstudio.com\/es\/wp-json\/wp\/v2\/comments?post=11770"}],"version-history":[{"count":10,"href":"https:\/\/casajaguarstudio.com\/es\/wp-json\/wp\/v2\/pages\/11770\/revisions"}],"predecessor-version":[{"id":11790,"href":"https:\/\/casajaguarstudio.com\/es\/wp-json\/wp\/v2\/pages\/11770\/revisions\/11790"}],"wp:attachment":[{"href":"https:\/\/casajaguarstudio.com\/es\/wp-json\/wp\/v2\/media?parent=11770"}],"curies":[{"name":"wp","href":"https:\/\/api.w.org\/{rel}","templated":true}]}}