{"id":11841,"date":"2026-03-06T15:29:35","date_gmt":"2026-03-06T15:29:35","guid":{"rendered":"https:\/\/casajaguarstudio.com\/?page_id=11841"},"modified":"2026-03-06T15:57:27","modified_gmt":"2026-03-06T15:57:27","slug":"aireyagua","status":"publish","type":"page","link":"https:\/\/casajaguarstudio.com\/es\/aireyagua\/","title":{"rendered":"En el aire y en el agua"},"content":{"rendered":"<div data-elementor-type=\"wp-page\" data-elementor-id=\"11841\" class=\"elementor elementor-11841\">\n\t\t\t\t\t\t<section class=\"elementor-section elementor-top-section elementor-element elementor-element-24cc6e66 elementor-section-boxed elementor-section-height-default elementor-section-height-default wd-section-disabled\" data-id=\"24cc6e66\" data-element_type=\"section\">\n\t\t\t\t\t\t<div class=\"elementor-container elementor-column-gap-default\">\n\t\t\t\t\t<div class=\"elementor-column elementor-col-100 elementor-top-column elementor-element elementor-element-63d46150\" data-id=\"63d46150\" data-element_type=\"column\">\n\t\t\t<div class=\"elementor-widget-wrap elementor-element-populated\">\n\t\t\t\t\t\t<div class=\"elementor-element elementor-element-73953d57 elementor-widget elementor-widget-image\" data-id=\"73953d57\" data-element_type=\"widget\" data-widget_type=\"image.default\">\n\t\t\t\t<div class=\"elementor-widget-container\">\n\t\t\t\t\t\t\t\t\t\t\t\t\t<img fetchpriority=\"high\" decoding=\"async\" width=\"952\" height=\"632\" src=\"https:\/\/casajaguarstudio.com\/wp-content\/uploads\/2023\/08\/169_19_en-el-aire-y-en-el-agua-e1772832579821.jpg\" class=\"attachment-large size-large wp-image-10597\" alt=\"\" srcset=\"https:\/\/casajaguarstudio.com\/wp-content\/uploads\/2023\/08\/169_19_en-el-aire-y-en-el-agua-e1772832579821.jpg 952w, https:\/\/casajaguarstudio.com\/wp-content\/uploads\/2023\/08\/169_19_en-el-aire-y-en-el-agua-e1772832579821-400x266.jpg 400w, https:\/\/casajaguarstudio.com\/wp-content\/uploads\/2023\/08\/169_19_en-el-aire-y-en-el-agua-e1772832579821-768x510.jpg 768w, https:\/\/casajaguarstudio.com\/wp-content\/uploads\/2023\/08\/169_19_en-el-aire-y-en-el-agua-e1772832579821-18x12.jpg 18w\" sizes=\"(max-width: 952px) 100vw, 952px\" \/>\t\t\t\t\t\t\t\t\t\t\t\t\t<\/div>\n\t\t\t\t<\/div>\n\t\t\t\t\t<\/div>\n\t\t<\/div>\n\t\t\t\t\t<\/div>\n\t\t<\/section>\n\t\t\t\t<section class=\"elementor-section elementor-top-section elementor-element elementor-element-bfb3f7d elementor-section-boxed elementor-section-height-default elementor-section-height-default wd-section-disabled\" data-id=\"bfb3f7d\" data-element_type=\"section\">\n\t\t\t\t\t\t<div class=\"elementor-container elementor-column-gap-default\">\n\t\t\t\t\t<div class=\"elementor-column elementor-col-100 elementor-top-column elementor-element elementor-element-30567120\" data-id=\"30567120\" data-element_type=\"column\">\n\t\t\t<div class=\"elementor-widget-wrap elementor-element-populated\">\n\t\t\t\t\t\t<div class=\"elementor-element elementor-element-66b701f3 color-scheme-inherit text-left elementor-widget elementor-widget-text-editor\" data-id=\"66b701f3\" data-element_type=\"widget\" data-widget_type=\"text-editor.default\">\n\t\t\t\t<div class=\"elementor-widget-container\">\n\t\t\t\t\t\t\t<p>T\u00edtulo: En el aire y en el agua<br \/>T\u00e9cnica: Fotograf\u00eda anal\u00f3gica de doble exposici\u00f3n sobre pel\u00edcula de 35 mm<br \/>A\u00f1o: 2023<\/p>\t\t\t\t\t\t<\/div>\n\t\t\t\t<\/div>\n\t\t\t\t<div class=\"elementor-element elementor-element-63c946f7 color-scheme-inherit text-left elementor-widget elementor-widget-text-editor\" data-id=\"63c946f7\" data-element_type=\"widget\" data-widget_type=\"text-editor.default\">\n\t\t\t\t<div class=\"elementor-widget-container\">\n\t\t\t\t\t\t\t<p>En esta fotograf\u00eda, se une la obra \u201cLa Ofrenda\u201d con la imagen de orfebrer\u00eda de un pez alado. Esta pieza orfebre que ahora est\u00e1 expuesta en el Museo del Oro de Bogot\u00e1, Colombia fue encontrada en una tumba de la regi\u00f3n de San Agust\u00edn. Esta joya de oro fue elaborada por los habitantes de las monta\u00f1as andinas entre el a\u00f1o 1 D.C. y 900 D.C.<\/p>\n<p>\"La Ofrenda\" se inspira en la Balsa Muisca, una pieza hecha por un orfebre en el per\u00edodo entre el a\u00f1o 600 y 1600 EC del pueblo Muisca en la regi\u00f3n central de Colombia llamada el&nbsp;<em>altiplano cundiboyacense<\/em>Un campesino encontr\u00f3 esta balsa junto con piezas de cer\u00e1mica que conformaban la ofrenda adentro de una cueva en una cumbre en Pasca, Cundinamarca.<\/p>\t\t\t\t\t\t<\/div>\n\t\t\t\t<\/div>\n\t\t\t\t\t<\/div>\n\t\t<\/div>\n\t\t\t\t\t<\/div>\n\t\t<\/section>\n\t\t\t\t<\/div>","protected":false},"excerpt":{"rendered":"<p>Title: In air and in waterMedium: Double exposure analog photography on 35 mm film rollYear: 2023 In this photograph, the<\/p>","protected":false},"author":1,"featured_media":0,"parent":0,"menu_order":0,"comment_status":"closed","ping_status":"closed","template":"","meta":{"footnotes":""},"class_list":["post-11841","page","type-page","status-publish","hentry"],"yoast_head":"<!-- This site is optimized with the Yoast SEO plugin v26.8 - https:\/\/yoast.com\/product\/yoast-seo-wordpress\/ -->\n<title>En el aire y en el agua - Casa Jaguar<\/title>\n<meta name=\"robots\" content=\"index, follow, max-snippet:-1, max-image-preview:large, max-video-preview:-1\" \/>\n<link rel=\"canonical\" href=\"https:\/\/casajaguarstudio.com\/es\/aireyagua\/\" \/>\n<meta property=\"og:locale\" content=\"es_ES\" \/>\n<meta property=\"og:type\" content=\"article\" \/>\n<meta property=\"og:title\" content=\"En el aire y en el agua - Casa Jaguar\" \/>\n<meta property=\"og:description\" content=\"Title: In air and in waterMedium: Double exposure analog photography on 35 mm film rollYear: 2023 In this photograph, the\" \/>\n<meta property=\"og:url\" content=\"https:\/\/casajaguarstudio.com\/es\/aireyagua\/\" \/>\n<meta property=\"og:site_name\" content=\"Casa Jaguar\" \/>\n<meta property=\"article:modified_time\" content=\"2026-03-06T15:57:27+00:00\" \/>\n<meta property=\"og:image\" content=\"https:\/\/casajaguarstudio.com\/wp-content\/uploads\/2023\/08\/169_19_en-el-aire-y-en-el-agua-e1772832579821.jpg\" \/>\n\t<meta property=\"og:image:width\" content=\"952\" \/>\n\t<meta property=\"og:image:height\" content=\"632\" \/>\n\t<meta property=\"og:image:type\" content=\"image\/jpeg\" \/>\n<meta name=\"twitter:card\" content=\"summary_large_image\" \/>\n<meta name=\"twitter:label1\" content=\"Tiempo de lectura\" \/>\n\t<meta name=\"twitter:data1\" content=\"1 minuto\" \/>\n<script type=\"application\/ld+json\" class=\"yoast-schema-graph\">{\"@context\":\"https:\/\/schema.org\",\"@graph\":[{\"@type\":\"WebPage\",\"@id\":\"https:\/\/casajaguarstudio.com\/aireyagua\/\",\"url\":\"https:\/\/casajaguarstudio.com\/aireyagua\/\",\"name\":\"En el aire y en el agua - Casa Jaguar\",\"isPartOf\":{\"@id\":\"https:\/\/casajaguarstudio.com\/#website\"},\"primaryImageOfPage\":{\"@id\":\"https:\/\/casajaguarstudio.com\/aireyagua\/#primaryimage\"},\"image\":{\"@id\":\"https:\/\/casajaguarstudio.com\/aireyagua\/#primaryimage\"},\"thumbnailUrl\":\"https:\/\/casajaguarstudio.com\/wp-content\/uploads\/2023\/08\/169_19_en-el-aire-y-en-el-agua.jpg\",\"datePublished\":\"2026-03-06T15:29:35+00:00\",\"dateModified\":\"2026-03-06T15:57:27+00:00\",\"breadcrumb\":{\"@id\":\"https:\/\/casajaguarstudio.com\/aireyagua\/#breadcrumb\"},\"inLanguage\":\"es-CO\",\"potentialAction\":[{\"@type\":\"ReadAction\",\"target\":[\"https:\/\/casajaguarstudio.com\/aireyagua\/\"]}]},{\"@type\":\"ImageObject\",\"inLanguage\":\"es-CO\",\"@id\":\"https:\/\/casajaguarstudio.com\/aireyagua\/#primaryimage\",\"url\":\"https:\/\/casajaguarstudio.com\/wp-content\/uploads\/2023\/08\/169_19_en-el-aire-y-en-el-agua.jpg\",\"contentUrl\":\"https:\/\/casajaguarstudio.com\/wp-content\/uploads\/2023\/08\/169_19_en-el-aire-y-en-el-agua.jpg\"},{\"@type\":\"BreadcrumbList\",\"@id\":\"https:\/\/casajaguarstudio.com\/aireyagua\/#breadcrumb\",\"itemListElement\":[{\"@type\":\"ListItem\",\"position\":1,\"name\":\"Home\",\"item\":\"https:\/\/casajaguarstudio.com\/\"},{\"@type\":\"ListItem\",\"position\":2,\"name\":\"En el aire y en el agua\"}]},{\"@type\":\"WebSite\",\"@id\":\"https:\/\/casajaguarstudio.com\/#website\",\"url\":\"https:\/\/casajaguarstudio.com\/\",\"name\":\"Casa Jaguar\",\"description\":\"Studio\",\"potentialAction\":[{\"@type\":\"SearchAction\",\"target\":{\"@type\":\"EntryPoint\",\"urlTemplate\":\"https:\/\/casajaguarstudio.com\/?s={search_term_string}\"},\"query-input\":{\"@type\":\"PropertyValueSpecification\",\"valueRequired\":true,\"valueName\":\"search_term_string\"}}],\"inLanguage\":\"es-CO\"}]}<\/script>\n<!-- \/ Yoast SEO plugin. -->","yoast_head_json":{"title":"En el aire y en el agua - Casa Jaguar","robots":{"index":"index","follow":"follow","max-snippet":"max-snippet:-1","max-image-preview":"max-image-preview:large","max-video-preview":"max-video-preview:-1"},"canonical":"https:\/\/casajaguarstudio.com\/es\/aireyagua\/","og_locale":"es_ES","og_type":"article","og_title":"En el aire y en el agua - Casa Jaguar","og_description":"Title: In air and in waterMedium: Double exposure analog photography on 35 mm film rollYear: 2023 In this photograph, the","og_url":"https:\/\/casajaguarstudio.com\/es\/aireyagua\/","og_site_name":"Casa Jaguar","article_modified_time":"2026-03-06T15:57:27+00:00","og_image":[{"width":952,"height":632,"url":"https:\/\/casajaguarstudio.com\/wp-content\/uploads\/2023\/08\/169_19_en-el-aire-y-en-el-agua-e1772832579821.jpg","type":"image\/jpeg"}],"twitter_card":"summary_large_image","twitter_misc":{"Tiempo de lectura":"1 minuto"},"schema":{"@context":"https:\/\/schema.org","@graph":[{"@type":"WebPage","@id":"https:\/\/casajaguarstudio.com\/aireyagua\/","url":"https:\/\/casajaguarstudio.com\/aireyagua\/","name":"En el aire y en el agua - Casa Jaguar","isPartOf":{"@id":"https:\/\/casajaguarstudio.com\/#website"},"primaryImageOfPage":{"@id":"https:\/\/casajaguarstudio.com\/aireyagua\/#primaryimage"},"image":{"@id":"https:\/\/casajaguarstudio.com\/aireyagua\/#primaryimage"},"thumbnailUrl":"https:\/\/casajaguarstudio.com\/wp-content\/uploads\/2023\/08\/169_19_en-el-aire-y-en-el-agua.jpg","datePublished":"2026-03-06T15:29:35+00:00","dateModified":"2026-03-06T15:57:27+00:00","breadcrumb":{"@id":"https:\/\/casajaguarstudio.com\/aireyagua\/#breadcrumb"},"inLanguage":"es-CO","potentialAction":[{"@type":"ReadAction","target":["https:\/\/casajaguarstudio.com\/aireyagua\/"]}]},{"@type":"ImageObject","inLanguage":"es-CO","@id":"https:\/\/casajaguarstudio.com\/aireyagua\/#primaryimage","url":"https:\/\/casajaguarstudio.com\/wp-content\/uploads\/2023\/08\/169_19_en-el-aire-y-en-el-agua.jpg","contentUrl":"https:\/\/casajaguarstudio.com\/wp-content\/uploads\/2023\/08\/169_19_en-el-aire-y-en-el-agua.jpg"},{"@type":"BreadcrumbList","@id":"https:\/\/casajaguarstudio.com\/aireyagua\/#breadcrumb","itemListElement":[{"@type":"ListItem","position":1,"name":"Home","item":"https:\/\/casajaguarstudio.com\/"},{"@type":"ListItem","position":2,"name":"En el aire y en el agua"}]},{"@type":"WebSite","@id":"https:\/\/casajaguarstudio.com\/#website","url":"https:\/\/casajaguarstudio.com\/","name":"Casa Jaguar","description":"Studio","potentialAction":[{"@type":"SearchAction","target":{"@type":"EntryPoint","urlTemplate":"https:\/\/casajaguarstudio.com\/?s={search_term_string}"},"query-input":{"@type":"PropertyValueSpecification","valueRequired":true,"valueName":"search_term_string"}}],"inLanguage":"es-CO"}]}},"_links":{"self":[{"href":"https:\/\/casajaguarstudio.com\/es\/wp-json\/wp\/v2\/pages\/11841","targetHints":{"allow":["GET"]}}],"collection":[{"href":"https:\/\/casajaguarstudio.com\/es\/wp-json\/wp\/v2\/pages"}],"about":[{"href":"https:\/\/casajaguarstudio.com\/es\/wp-json\/wp\/v2\/types\/page"}],"author":[{"embeddable":true,"href":"https:\/\/casajaguarstudio.com\/es\/wp-json\/wp\/v2\/users\/1"}],"replies":[{"embeddable":true,"href":"https:\/\/casajaguarstudio.com\/es\/wp-json\/wp\/v2\/comments?post=11841"}],"version-history":[{"count":7,"href":"https:\/\/casajaguarstudio.com\/es\/wp-json\/wp\/v2\/pages\/11841\/revisions"}],"predecessor-version":[{"id":11912,"href":"https:\/\/casajaguarstudio.com\/es\/wp-json\/wp\/v2\/pages\/11841\/revisions\/11912"}],"wp:attachment":[{"href":"https:\/\/casajaguarstudio.com\/es\/wp-json\/wp\/v2\/media?parent=11841"}],"curies":[{"name":"wp","href":"https:\/\/api.w.org\/{rel}","templated":true}]}}