{"id":11855,"date":"2026-03-06T15:37:24","date_gmt":"2026-03-06T15:37:24","guid":{"rendered":"https:\/\/casajaguarstudio.com\/?page_id=11855"},"modified":"2026-03-06T15:56:34","modified_gmt":"2026-03-06T15:56:34","slug":"muchas-lunas","status":"publish","type":"page","link":"https:\/\/casajaguarstudio.com\/es\/muchas-lunas\/","title":{"rendered":"Hace muchas lunas"},"content":{"rendered":"<div data-elementor-type=\"wp-page\" data-elementor-id=\"11855\" class=\"elementor elementor-11855\">\n\t\t\t\t\t\t<section class=\"elementor-section elementor-top-section elementor-element elementor-element-24cc6e66 elementor-section-boxed elementor-section-height-default elementor-section-height-default wd-section-disabled\" data-id=\"24cc6e66\" data-element_type=\"section\">\n\t\t\t\t\t\t<div class=\"elementor-container elementor-column-gap-default\">\n\t\t\t\t\t<div class=\"elementor-column elementor-col-100 elementor-top-column elementor-element elementor-element-63d46150\" data-id=\"63d46150\" data-element_type=\"column\">\n\t\t\t<div class=\"elementor-widget-wrap elementor-element-populated\">\n\t\t\t\t\t\t<div class=\"elementor-element elementor-element-73953d57 elementor-widget elementor-widget-image\" data-id=\"73953d57\" data-element_type=\"widget\" data-widget_type=\"image.default\">\n\t\t\t\t<div class=\"elementor-widget-container\">\n\t\t\t\t\t\t\t\t\t\t\t\t\t<img fetchpriority=\"high\" decoding=\"async\" width=\"1000\" height=\"685\" src=\"https:\/\/casajaguarstudio.com\/wp-content\/uploads\/2023\/08\/169_37_hace-muchas-lunas.jpg\" class=\"attachment-large size-large wp-image-10599\" alt=\"\" srcset=\"https:\/\/casajaguarstudio.com\/wp-content\/uploads\/2023\/08\/169_37_hace-muchas-lunas.jpg 1000w, https:\/\/casajaguarstudio.com\/wp-content\/uploads\/2023\/08\/169_37_hace-muchas-lunas-400x274.jpg 400w, https:\/\/casajaguarstudio.com\/wp-content\/uploads\/2023\/08\/169_37_hace-muchas-lunas-768x526.jpg 768w, https:\/\/casajaguarstudio.com\/wp-content\/uploads\/2023\/08\/169_37_hace-muchas-lunas-18x12.jpg 18w, https:\/\/casajaguarstudio.com\/wp-content\/uploads\/2023\/08\/169_37_hace-muchas-lunas-860x589.jpg 860w, https:\/\/casajaguarstudio.com\/wp-content\/uploads\/2023\/08\/169_37_hace-muchas-lunas-430x295.jpg 430w, https:\/\/casajaguarstudio.com\/wp-content\/uploads\/2023\/08\/169_37_hace-muchas-lunas-700x480.jpg 700w, https:\/\/casajaguarstudio.com\/wp-content\/uploads\/2023\/08\/169_37_hace-muchas-lunas-150x103.jpg 150w, https:\/\/casajaguarstudio.com\/wp-content\/uploads\/2023\/08\/169_37_hace-muchas-lunas-100x69.jpg 100w\" sizes=\"(max-width: 1000px) 100vw, 1000px\" \/>\t\t\t\t\t\t\t\t\t\t\t\t\t<\/div>\n\t\t\t\t<\/div>\n\t\t\t\t\t<\/div>\n\t\t<\/div>\n\t\t\t\t\t<\/div>\n\t\t<\/section>\n\t\t\t\t<section class=\"elementor-section elementor-top-section elementor-element elementor-element-bfb3f7d elementor-section-boxed elementor-section-height-default elementor-section-height-default wd-section-disabled\" data-id=\"bfb3f7d\" data-element_type=\"section\">\n\t\t\t\t\t\t<div class=\"elementor-container elementor-column-gap-default\">\n\t\t\t\t\t<div class=\"elementor-column elementor-col-100 elementor-top-column elementor-element elementor-element-30567120\" data-id=\"30567120\" data-element_type=\"column\">\n\t\t\t<div class=\"elementor-widget-wrap elementor-element-populated\">\n\t\t\t\t\t\t<div class=\"elementor-element elementor-element-66b701f3 color-scheme-inherit text-left elementor-widget elementor-widget-text-editor\" data-id=\"66b701f3\" data-element_type=\"widget\" data-widget_type=\"text-editor.default\">\n\t\t\t\t<div class=\"elementor-widget-container\">\n\t\t\t\t\t\t\t<p>T\u00edtulo: Hace muchas lunas<br \/>T\u00e9cnica: Fotograf\u00eda anal\u00f3gica de doble exposici\u00f3n sobre pel\u00edcula de 35 mm<br \/>A\u00f1o: 2023<\/p>\t\t\t\t\t\t<\/div>\n\t\t\t\t<\/div>\n\t\t\t\t<div class=\"elementor-element elementor-element-63c946f7 color-scheme-inherit text-left elementor-widget elementor-widget-text-editor\" data-id=\"63c946f7\" data-element_type=\"widget\" data-widget_type=\"text-editor.default\">\n\t\t\t\t<div class=\"elementor-widget-container\">\n\t\t\t\t\t\t\t<p>Esta obra superpone la fotograf\u00eda de varios pectorales en oro provenientes de la Sierra Nevada de Santa Marta junto a la obra pl\u00e1stica  \u201cTiempo Lunar\u201d elaborada en m\u00e1rmol, cal y \u00f3leo. Estos pectorales fueron hechos por los maestros orfebres del per\u00edodo Nahuange (200 d.C. \u2013 900 d.C.)  que habitaron esta cordillera que se alza a m\u00e1s de 5 mil metros sobre el mar Caribe.<\/p><p>Desde el punto de vista de los pueblos ind\u00edgenas que hoy viven en la Sierra Nevada de Santa Marta, las figuras orfebres son entidades sagradas; ofrendas a la tierra que pertenecen a la naturaleza y fueron saqueadas de su territorio desde la invasi\u00f3n espa\u00f1ola.<\/p>\t\t\t\t\t\t<\/div>\n\t\t\t\t<\/div>\n\t\t\t\t\t<\/div>\n\t\t<\/div>\n\t\t\t\t\t<\/div>\n\t\t<\/section>\n\t\t\t\t<\/div>","protected":false},"excerpt":{"rendered":"<p>Title: Many moons agoMedium: Double exposure analog photography on 35 mm film rollYear: 2023 This work overlays the photograph of<\/p>","protected":false},"author":1,"featured_media":0,"parent":0,"menu_order":0,"comment_status":"closed","ping_status":"closed","template":"","meta":{"footnotes":""},"class_list":["post-11855","page","type-page","status-publish","hentry"],"yoast_head":"<!-- This site is optimized with the Yoast SEO plugin v26.8 - https:\/\/yoast.com\/product\/yoast-seo-wordpress\/ -->\n<title>Hace muchas lunas - Casa Jaguar<\/title>\n<meta name=\"robots\" content=\"index, follow, max-snippet:-1, max-image-preview:large, max-video-preview:-1\" \/>\n<link rel=\"canonical\" href=\"https:\/\/casajaguarstudio.com\/es\/muchas-lunas\/\" \/>\n<meta property=\"og:locale\" content=\"es_ES\" \/>\n<meta property=\"og:type\" content=\"article\" \/>\n<meta property=\"og:title\" content=\"Hace muchas lunas - Casa Jaguar\" \/>\n<meta property=\"og:description\" content=\"Title: Many moons agoMedium: Double exposure analog photography on 35 mm film rollYear: 2023 This work overlays the photograph of\" \/>\n<meta property=\"og:url\" content=\"https:\/\/casajaguarstudio.com\/es\/muchas-lunas\/\" \/>\n<meta property=\"og:site_name\" content=\"Casa Jaguar\" \/>\n<meta property=\"article:modified_time\" content=\"2026-03-06T15:56:34+00:00\" \/>\n<meta property=\"og:image\" content=\"https:\/\/casajaguarstudio.com\/wp-content\/uploads\/2023\/08\/169_37_hace-muchas-lunas.jpg\" \/>\n\t<meta property=\"og:image:width\" content=\"1000\" \/>\n\t<meta property=\"og:image:height\" content=\"685\" \/>\n\t<meta property=\"og:image:type\" content=\"image\/jpeg\" \/>\n<meta name=\"twitter:card\" content=\"summary_large_image\" \/>\n<meta name=\"twitter:label1\" content=\"Tiempo de lectura\" \/>\n\t<meta name=\"twitter:data1\" content=\"1 minuto\" \/>\n<script type=\"application\/ld+json\" class=\"yoast-schema-graph\">{\"@context\":\"https:\/\/schema.org\",\"@graph\":[{\"@type\":\"WebPage\",\"@id\":\"https:\/\/casajaguarstudio.com\/muchas-lunas\/\",\"url\":\"https:\/\/casajaguarstudio.com\/muchas-lunas\/\",\"name\":\"Hace muchas lunas - Casa Jaguar\",\"isPartOf\":{\"@id\":\"https:\/\/casajaguarstudio.com\/#website\"},\"primaryImageOfPage\":{\"@id\":\"https:\/\/casajaguarstudio.com\/muchas-lunas\/#primaryimage\"},\"image\":{\"@id\":\"https:\/\/casajaguarstudio.com\/muchas-lunas\/#primaryimage\"},\"thumbnailUrl\":\"https:\/\/casajaguarstudio.com\/wp-content\/uploads\/2023\/08\/169_37_hace-muchas-lunas.jpg\",\"datePublished\":\"2026-03-06T15:37:24+00:00\",\"dateModified\":\"2026-03-06T15:56:34+00:00\",\"breadcrumb\":{\"@id\":\"https:\/\/casajaguarstudio.com\/muchas-lunas\/#breadcrumb\"},\"inLanguage\":\"es-CO\",\"potentialAction\":[{\"@type\":\"ReadAction\",\"target\":[\"https:\/\/casajaguarstudio.com\/muchas-lunas\/\"]}]},{\"@type\":\"ImageObject\",\"inLanguage\":\"es-CO\",\"@id\":\"https:\/\/casajaguarstudio.com\/muchas-lunas\/#primaryimage\",\"url\":\"https:\/\/casajaguarstudio.com\/wp-content\/uploads\/2023\/08\/169_37_hace-muchas-lunas.jpg\",\"contentUrl\":\"https:\/\/casajaguarstudio.com\/wp-content\/uploads\/2023\/08\/169_37_hace-muchas-lunas.jpg\"},{\"@type\":\"BreadcrumbList\",\"@id\":\"https:\/\/casajaguarstudio.com\/muchas-lunas\/#breadcrumb\",\"itemListElement\":[{\"@type\":\"ListItem\",\"position\":1,\"name\":\"Home\",\"item\":\"https:\/\/casajaguarstudio.com\/\"},{\"@type\":\"ListItem\",\"position\":2,\"name\":\"Hace muchas lunas\"}]},{\"@type\":\"WebSite\",\"@id\":\"https:\/\/casajaguarstudio.com\/#website\",\"url\":\"https:\/\/casajaguarstudio.com\/\",\"name\":\"Casa Jaguar\",\"description\":\"Studio\",\"potentialAction\":[{\"@type\":\"SearchAction\",\"target\":{\"@type\":\"EntryPoint\",\"urlTemplate\":\"https:\/\/casajaguarstudio.com\/?s={search_term_string}\"},\"query-input\":{\"@type\":\"PropertyValueSpecification\",\"valueRequired\":true,\"valueName\":\"search_term_string\"}}],\"inLanguage\":\"es-CO\"}]}<\/script>\n<!-- \/ Yoast SEO plugin. -->","yoast_head_json":{"title":"Hace muchas lunas - Casa Jaguar","robots":{"index":"index","follow":"follow","max-snippet":"max-snippet:-1","max-image-preview":"max-image-preview:large","max-video-preview":"max-video-preview:-1"},"canonical":"https:\/\/casajaguarstudio.com\/es\/muchas-lunas\/","og_locale":"es_ES","og_type":"article","og_title":"Hace muchas lunas - Casa Jaguar","og_description":"Title: Many moons agoMedium: Double exposure analog photography on 35 mm film rollYear: 2023 This work overlays the photograph of","og_url":"https:\/\/casajaguarstudio.com\/es\/muchas-lunas\/","og_site_name":"Casa Jaguar","article_modified_time":"2026-03-06T15:56:34+00:00","og_image":[{"width":1000,"height":685,"url":"https:\/\/casajaguarstudio.com\/wp-content\/uploads\/2023\/08\/169_37_hace-muchas-lunas.jpg","type":"image\/jpeg"}],"twitter_card":"summary_large_image","twitter_misc":{"Tiempo de lectura":"1 minuto"},"schema":{"@context":"https:\/\/schema.org","@graph":[{"@type":"WebPage","@id":"https:\/\/casajaguarstudio.com\/muchas-lunas\/","url":"https:\/\/casajaguarstudio.com\/muchas-lunas\/","name":"Hace muchas lunas - Casa Jaguar","isPartOf":{"@id":"https:\/\/casajaguarstudio.com\/#website"},"primaryImageOfPage":{"@id":"https:\/\/casajaguarstudio.com\/muchas-lunas\/#primaryimage"},"image":{"@id":"https:\/\/casajaguarstudio.com\/muchas-lunas\/#primaryimage"},"thumbnailUrl":"https:\/\/casajaguarstudio.com\/wp-content\/uploads\/2023\/08\/169_37_hace-muchas-lunas.jpg","datePublished":"2026-03-06T15:37:24+00:00","dateModified":"2026-03-06T15:56:34+00:00","breadcrumb":{"@id":"https:\/\/casajaguarstudio.com\/muchas-lunas\/#breadcrumb"},"inLanguage":"es-CO","potentialAction":[{"@type":"ReadAction","target":["https:\/\/casajaguarstudio.com\/muchas-lunas\/"]}]},{"@type":"ImageObject","inLanguage":"es-CO","@id":"https:\/\/casajaguarstudio.com\/muchas-lunas\/#primaryimage","url":"https:\/\/casajaguarstudio.com\/wp-content\/uploads\/2023\/08\/169_37_hace-muchas-lunas.jpg","contentUrl":"https:\/\/casajaguarstudio.com\/wp-content\/uploads\/2023\/08\/169_37_hace-muchas-lunas.jpg"},{"@type":"BreadcrumbList","@id":"https:\/\/casajaguarstudio.com\/muchas-lunas\/#breadcrumb","itemListElement":[{"@type":"ListItem","position":1,"name":"Home","item":"https:\/\/casajaguarstudio.com\/"},{"@type":"ListItem","position":2,"name":"Hace muchas lunas"}]},{"@type":"WebSite","@id":"https:\/\/casajaguarstudio.com\/#website","url":"https:\/\/casajaguarstudio.com\/","name":"Casa Jaguar","description":"Studio","potentialAction":[{"@type":"SearchAction","target":{"@type":"EntryPoint","urlTemplate":"https:\/\/casajaguarstudio.com\/?s={search_term_string}"},"query-input":{"@type":"PropertyValueSpecification","valueRequired":true,"valueName":"search_term_string"}}],"inLanguage":"es-CO"}]}},"_links":{"self":[{"href":"https:\/\/casajaguarstudio.com\/es\/wp-json\/wp\/v2\/pages\/11855","targetHints":{"allow":["GET"]}}],"collection":[{"href":"https:\/\/casajaguarstudio.com\/es\/wp-json\/wp\/v2\/pages"}],"about":[{"href":"https:\/\/casajaguarstudio.com\/es\/wp-json\/wp\/v2\/types\/page"}],"author":[{"embeddable":true,"href":"https:\/\/casajaguarstudio.com\/es\/wp-json\/wp\/v2\/users\/1"}],"replies":[{"embeddable":true,"href":"https:\/\/casajaguarstudio.com\/es\/wp-json\/wp\/v2\/comments?post=11855"}],"version-history":[{"count":7,"href":"https:\/\/casajaguarstudio.com\/es\/wp-json\/wp\/v2\/pages\/11855\/revisions"}],"predecessor-version":[{"id":11909,"href":"https:\/\/casajaguarstudio.com\/es\/wp-json\/wp\/v2\/pages\/11855\/revisions\/11909"}],"wp:attachment":[{"href":"https:\/\/casajaguarstudio.com\/es\/wp-json\/wp\/v2\/media?parent=11855"}],"curies":[{"name":"wp","href":"https:\/\/api.w.org\/{rel}","templated":true}]}}