{"id":11915,"date":"2026-03-06T20:16:33","date_gmt":"2026-03-06T20:16:33","guid":{"rendered":"https:\/\/casajaguarstudio.com\/?page_id=11915"},"modified":"2026-03-06T20:19:18","modified_gmt":"2026-03-06T20:19:18","slug":"en-las-riberas","status":"publish","type":"page","link":"https:\/\/casajaguarstudio.com\/es\/en-las-riberas\/","title":{"rendered":"En las riberas"},"content":{"rendered":"<div data-elementor-type=\"wp-page\" data-elementor-id=\"11915\" class=\"elementor elementor-11915\">\n\t\t\t\t\t\t<section class=\"elementor-section elementor-top-section elementor-element elementor-element-6c382695 elementor-section-boxed elementor-section-height-default elementor-section-height-default wd-section-disabled\" data-id=\"6c382695\" data-element_type=\"section\">\n\t\t\t\t\t\t<div class=\"elementor-container elementor-column-gap-default\">\n\t\t\t\t\t<div class=\"elementor-column elementor-col-50 elementor-top-column elementor-element elementor-element-18731963\" data-id=\"18731963\" data-element_type=\"column\">\n\t\t\t<div class=\"elementor-widget-wrap elementor-element-populated\">\n\t\t\t\t\t\t<div class=\"elementor-element elementor-element-12db3bb elementor-widget elementor-widget-image\" data-id=\"12db3bb\" data-element_type=\"widget\" data-widget_type=\"image.default\">\n\t\t\t\t<div class=\"elementor-widget-container\">\n\t\t\t\t\t\t\t\t\t\t\t\t\t<img fetchpriority=\"high\" decoding=\"async\" width=\"505\" height=\"800\" src=\"https:\/\/casajaguarstudio.com\/wp-content\/uploads\/2026\/03\/169_21_contemplando-las-riberas-505x800.jpg\" class=\"attachment-large size-large wp-image-11809\" alt=\"\" srcset=\"https:\/\/casajaguarstudio.com\/wp-content\/uploads\/2026\/03\/169_21_contemplando-las-riberas-505x800.jpg 505w, https:\/\/casajaguarstudio.com\/wp-content\/uploads\/2026\/03\/169_21_contemplando-las-riberas-189x300.jpg 189w, https:\/\/casajaguarstudio.com\/wp-content\/uploads\/2026\/03\/169_21_contemplando-las-riberas-768x1217.jpg 768w, https:\/\/casajaguarstudio.com\/wp-content\/uploads\/2026\/03\/169_21_contemplando-las-riberas-969x1536.jpg 969w, https:\/\/casajaguarstudio.com\/wp-content\/uploads\/2026\/03\/169_21_contemplando-las-riberas-1292x2048.jpg 1292w, https:\/\/casajaguarstudio.com\/wp-content\/uploads\/2026\/03\/169_21_contemplando-las-riberas-8x12.jpg 8w, https:\/\/casajaguarstudio.com\/wp-content\/uploads\/2026\/03\/169_21_contemplando-las-riberas.jpg 1511w\" sizes=\"(max-width: 505px) 100vw, 505px\" \/>\t\t\t\t\t\t\t\t\t\t\t\t\t<\/div>\n\t\t\t\t<\/div>\n\t\t\t\t\t<\/div>\n\t\t<\/div>\n\t\t\t\t<div class=\"elementor-column elementor-col-50 elementor-top-column elementor-element elementor-element-2d663b6d\" data-id=\"2d663b6d\" data-element_type=\"column\">\n\t\t\t<div class=\"elementor-widget-wrap elementor-element-populated\">\n\t\t\t\t\t\t<div class=\"elementor-element elementor-element-473b46c elementor-widget elementor-widget-spacer\" data-id=\"473b46c\" data-element_type=\"widget\" data-widget_type=\"spacer.default\">\n\t\t\t\t<div class=\"elementor-widget-container\">\n\t\t\t\t\t<div class=\"elementor-spacer\">\n\t\t\t<div class=\"elementor-spacer-inner\"><\/div>\n\t\t<\/div>\n\t\t\t\t<\/div>\n\t\t\t\t<\/div>\n\t\t\t\t<div class=\"elementor-element elementor-element-24e8a259 color-scheme-inherit text-left elementor-widget elementor-widget-text-editor\" data-id=\"24e8a259\" data-element_type=\"widget\" data-widget_type=\"text-editor.default\">\n\t\t\t\t<div class=\"elementor-widget-container\">\n\t\t\t\t\t\t\t<p>T\u00edtulo: En las riberas<br \/>T\u00e9cnica: Fotograf\u00eda anal\u00f3gica de doble exposici\u00f3n sobre pel\u00edcula de 35 mm<br \/>A\u00f1o: 2023<\/p>\t\t\t\t\t\t<\/div>\n\t\t\t\t<\/div>\n\t\t\t\t\t<\/div>\n\t\t<\/div>\n\t\t\t\t\t<\/div>\n\t\t<\/section>\n\t\t\t\t<\/div>","protected":false},"excerpt":{"rendered":"<p>Title: On the riverbanksMedium: Double exposure analog photography on 35 mm filmYear: 2023<\/p>","protected":false},"author":1,"featured_media":0,"parent":0,"menu_order":0,"comment_status":"closed","ping_status":"closed","template":"","meta":{"footnotes":""},"class_list":["post-11915","page","type-page","status-publish","hentry"],"yoast_head":"<!-- This site is optimized with the Yoast SEO plugin v26.8 - https:\/\/yoast.com\/product\/yoast-seo-wordpress\/ -->\n<title>En las riberas - Casa Jaguar<\/title>\n<meta name=\"robots\" content=\"index, follow, max-snippet:-1, max-image-preview:large, max-video-preview:-1\" \/>\n<link rel=\"canonical\" href=\"https:\/\/casajaguarstudio.com\/es\/en-las-riberas\/\" \/>\n<meta property=\"og:locale\" content=\"es_ES\" \/>\n<meta property=\"og:type\" content=\"article\" \/>\n<meta property=\"og:title\" content=\"En las riberas - Casa Jaguar\" \/>\n<meta property=\"og:description\" content=\"Title: On the riverbanksMedium: Double exposure analog photography on 35 mm filmYear: 2023\" \/>\n<meta property=\"og:url\" content=\"https:\/\/casajaguarstudio.com\/es\/en-las-riberas\/\" \/>\n<meta property=\"og:site_name\" content=\"Casa Jaguar\" \/>\n<meta property=\"article:modified_time\" content=\"2026-03-06T20:19:18+00:00\" \/>\n<meta property=\"og:image\" content=\"https:\/\/casajaguarstudio.com\/wp-content\/uploads\/2026\/03\/169_21_contemplando-las-riberas.jpg\" \/>\n\t<meta property=\"og:image:width\" content=\"1511\" \/>\n\t<meta property=\"og:image:height\" content=\"2395\" \/>\n\t<meta property=\"og:image:type\" content=\"image\/jpeg\" \/>\n<meta name=\"twitter:card\" content=\"summary_large_image\" \/>\n<meta name=\"twitter:label1\" content=\"Tiempo de lectura\" \/>\n\t<meta name=\"twitter:data1\" content=\"1 minuto\" \/>\n<script type=\"application\/ld+json\" class=\"yoast-schema-graph\">{\"@context\":\"https:\/\/schema.org\",\"@graph\":[{\"@type\":\"WebPage\",\"@id\":\"https:\/\/casajaguarstudio.com\/en-las-riberas\/\",\"url\":\"https:\/\/casajaguarstudio.com\/en-las-riberas\/\",\"name\":\"En las riberas - Casa Jaguar\",\"isPartOf\":{\"@id\":\"https:\/\/casajaguarstudio.com\/#website\"},\"primaryImageOfPage\":{\"@id\":\"https:\/\/casajaguarstudio.com\/en-las-riberas\/#primaryimage\"},\"image\":{\"@id\":\"https:\/\/casajaguarstudio.com\/en-las-riberas\/#primaryimage\"},\"thumbnailUrl\":\"https:\/\/casajaguarstudio.com\/wp-content\/uploads\/2026\/03\/169_21_contemplando-las-riberas-505x800.jpg\",\"datePublished\":\"2026-03-06T20:16:33+00:00\",\"dateModified\":\"2026-03-06T20:19:18+00:00\",\"breadcrumb\":{\"@id\":\"https:\/\/casajaguarstudio.com\/en-las-riberas\/#breadcrumb\"},\"inLanguage\":\"es-CO\",\"potentialAction\":[{\"@type\":\"ReadAction\",\"target\":[\"https:\/\/casajaguarstudio.com\/en-las-riberas\/\"]}]},{\"@type\":\"ImageObject\",\"inLanguage\":\"es-CO\",\"@id\":\"https:\/\/casajaguarstudio.com\/en-las-riberas\/#primaryimage\",\"url\":\"https:\/\/casajaguarstudio.com\/wp-content\/uploads\/2026\/03\/169_21_contemplando-las-riberas-505x800.jpg\",\"contentUrl\":\"https:\/\/casajaguarstudio.com\/wp-content\/uploads\/2026\/03\/169_21_contemplando-las-riberas-505x800.jpg\"},{\"@type\":\"BreadcrumbList\",\"@id\":\"https:\/\/casajaguarstudio.com\/en-las-riberas\/#breadcrumb\",\"itemListElement\":[{\"@type\":\"ListItem\",\"position\":1,\"name\":\"Home\",\"item\":\"https:\/\/casajaguarstudio.com\/\"},{\"@type\":\"ListItem\",\"position\":2,\"name\":\"En las riberas\"}]},{\"@type\":\"WebSite\",\"@id\":\"https:\/\/casajaguarstudio.com\/#website\",\"url\":\"https:\/\/casajaguarstudio.com\/\",\"name\":\"Casa Jaguar\",\"description\":\"Studio\",\"potentialAction\":[{\"@type\":\"SearchAction\",\"target\":{\"@type\":\"EntryPoint\",\"urlTemplate\":\"https:\/\/casajaguarstudio.com\/?s={search_term_string}\"},\"query-input\":{\"@type\":\"PropertyValueSpecification\",\"valueRequired\":true,\"valueName\":\"search_term_string\"}}],\"inLanguage\":\"es-CO\"}]}<\/script>\n<!-- \/ Yoast SEO plugin. -->","yoast_head_json":{"title":"En las riberas - Casa Jaguar","robots":{"index":"index","follow":"follow","max-snippet":"max-snippet:-1","max-image-preview":"max-image-preview:large","max-video-preview":"max-video-preview:-1"},"canonical":"https:\/\/casajaguarstudio.com\/es\/en-las-riberas\/","og_locale":"es_ES","og_type":"article","og_title":"En las riberas - Casa Jaguar","og_description":"Title: On the riverbanksMedium: Double exposure analog photography on 35 mm filmYear: 2023","og_url":"https:\/\/casajaguarstudio.com\/es\/en-las-riberas\/","og_site_name":"Casa Jaguar","article_modified_time":"2026-03-06T20:19:18+00:00","og_image":[{"width":1511,"height":2395,"url":"https:\/\/casajaguarstudio.com\/wp-content\/uploads\/2026\/03\/169_21_contemplando-las-riberas.jpg","type":"image\/jpeg"}],"twitter_card":"summary_large_image","twitter_misc":{"Tiempo de lectura":"1 minuto"},"schema":{"@context":"https:\/\/schema.org","@graph":[{"@type":"WebPage","@id":"https:\/\/casajaguarstudio.com\/en-las-riberas\/","url":"https:\/\/casajaguarstudio.com\/en-las-riberas\/","name":"En las riberas - Casa Jaguar","isPartOf":{"@id":"https:\/\/casajaguarstudio.com\/#website"},"primaryImageOfPage":{"@id":"https:\/\/casajaguarstudio.com\/en-las-riberas\/#primaryimage"},"image":{"@id":"https:\/\/casajaguarstudio.com\/en-las-riberas\/#primaryimage"},"thumbnailUrl":"https:\/\/casajaguarstudio.com\/wp-content\/uploads\/2026\/03\/169_21_contemplando-las-riberas-505x800.jpg","datePublished":"2026-03-06T20:16:33+00:00","dateModified":"2026-03-06T20:19:18+00:00","breadcrumb":{"@id":"https:\/\/casajaguarstudio.com\/en-las-riberas\/#breadcrumb"},"inLanguage":"es-CO","potentialAction":[{"@type":"ReadAction","target":["https:\/\/casajaguarstudio.com\/en-las-riberas\/"]}]},{"@type":"ImageObject","inLanguage":"es-CO","@id":"https:\/\/casajaguarstudio.com\/en-las-riberas\/#primaryimage","url":"https:\/\/casajaguarstudio.com\/wp-content\/uploads\/2026\/03\/169_21_contemplando-las-riberas-505x800.jpg","contentUrl":"https:\/\/casajaguarstudio.com\/wp-content\/uploads\/2026\/03\/169_21_contemplando-las-riberas-505x800.jpg"},{"@type":"BreadcrumbList","@id":"https:\/\/casajaguarstudio.com\/en-las-riberas\/#breadcrumb","itemListElement":[{"@type":"ListItem","position":1,"name":"Home","item":"https:\/\/casajaguarstudio.com\/"},{"@type":"ListItem","position":2,"name":"En las riberas"}]},{"@type":"WebSite","@id":"https:\/\/casajaguarstudio.com\/#website","url":"https:\/\/casajaguarstudio.com\/","name":"Casa Jaguar","description":"Studio","potentialAction":[{"@type":"SearchAction","target":{"@type":"EntryPoint","urlTemplate":"https:\/\/casajaguarstudio.com\/?s={search_term_string}"},"query-input":{"@type":"PropertyValueSpecification","valueRequired":true,"valueName":"search_term_string"}}],"inLanguage":"es-CO"}]}},"_links":{"self":[{"href":"https:\/\/casajaguarstudio.com\/es\/wp-json\/wp\/v2\/pages\/11915","targetHints":{"allow":["GET"]}}],"collection":[{"href":"https:\/\/casajaguarstudio.com\/es\/wp-json\/wp\/v2\/pages"}],"about":[{"href":"https:\/\/casajaguarstudio.com\/es\/wp-json\/wp\/v2\/types\/page"}],"author":[{"embeddable":true,"href":"https:\/\/casajaguarstudio.com\/es\/wp-json\/wp\/v2\/users\/1"}],"replies":[{"embeddable":true,"href":"https:\/\/casajaguarstudio.com\/es\/wp-json\/wp\/v2\/comments?post=11915"}],"version-history":[{"count":7,"href":"https:\/\/casajaguarstudio.com\/es\/wp-json\/wp\/v2\/pages\/11915\/revisions"}],"predecessor-version":[{"id":11925,"href":"https:\/\/casajaguarstudio.com\/es\/wp-json\/wp\/v2\/pages\/11915\/revisions\/11925"}],"wp:attachment":[{"href":"https:\/\/casajaguarstudio.com\/es\/wp-json\/wp\/v2\/media?parent=11915"}],"curies":[{"name":"wp","href":"https:\/\/api.w.org\/{rel}","templated":true}]}}