{"id":11926,"date":"2026-03-06T20:45:25","date_gmt":"2026-03-06T20:45:25","guid":{"rendered":"https:\/\/casajaguarstudio.com\/?page_id=11926"},"modified":"2026-03-06T20:46:27","modified_gmt":"2026-03-06T20:46:27","slug":"padre-sol-laguna","status":"publish","type":"page","link":"https:\/\/casajaguarstudio.com\/es\/padre-sol-laguna\/","title":{"rendered":"El padre sol en la laguna"},"content":{"rendered":"<div data-elementor-type=\"wp-page\" data-elementor-id=\"11926\" class=\"elementor elementor-11926\">\n\t\t\t\t\t\t<section class=\"elementor-section elementor-top-section elementor-element elementor-element-24cc6e66 elementor-section-boxed elementor-section-height-default elementor-section-height-default wd-section-disabled\" data-id=\"24cc6e66\" data-element_type=\"section\">\n\t\t\t\t\t\t<div class=\"elementor-container elementor-column-gap-default\">\n\t\t\t\t\t<div class=\"elementor-column elementor-col-100 elementor-top-column elementor-element elementor-element-63d46150\" data-id=\"63d46150\" data-element_type=\"column\">\n\t\t\t<div class=\"elementor-widget-wrap elementor-element-populated\">\n\t\t\t\t\t\t<div class=\"elementor-element elementor-element-73953d57 elementor-widget elementor-widget-image\" data-id=\"73953d57\" data-element_type=\"widget\" data-widget_type=\"image.default\">\n\t\t\t\t<div class=\"elementor-widget-container\">\n\t\t\t\t\t\t\t\t\t\t\t\t\t<img fetchpriority=\"high\" decoding=\"async\" width=\"1300\" height=\"600\" src=\"https:\/\/casajaguarstudio.com\/wp-content\/uploads\/2026\/03\/169_30_el-padre-sol-en-la-laguna-1300x600.jpg\" class=\"attachment-large size-large wp-image-11812\" alt=\"\" srcset=\"https:\/\/casajaguarstudio.com\/wp-content\/uploads\/2026\/03\/169_30_el-padre-sol-en-la-laguna-1300x600.jpg 1300w, https:\/\/casajaguarstudio.com\/wp-content\/uploads\/2026\/03\/169_30_el-padre-sol-en-la-laguna-400x185.jpg 400w, https:\/\/casajaguarstudio.com\/wp-content\/uploads\/2026\/03\/169_30_el-padre-sol-en-la-laguna-768x354.jpg 768w, https:\/\/casajaguarstudio.com\/wp-content\/uploads\/2026\/03\/169_30_el-padre-sol-en-la-laguna-1536x708.jpg 1536w, https:\/\/casajaguarstudio.com\/wp-content\/uploads\/2026\/03\/169_30_el-padre-sol-en-la-laguna-2048x945.jpg 2048w, https:\/\/casajaguarstudio.com\/wp-content\/uploads\/2026\/03\/169_30_el-padre-sol-en-la-laguna-18x8.jpg 18w\" sizes=\"(max-width: 1300px) 100vw, 1300px\" \/>\t\t\t\t\t\t\t\t\t\t\t\t\t<\/div>\n\t\t\t\t<\/div>\n\t\t\t\t\t<\/div>\n\t\t<\/div>\n\t\t\t\t\t<\/div>\n\t\t<\/section>\n\t\t\t\t<section class=\"elementor-section elementor-top-section elementor-element elementor-element-bfb3f7d elementor-section-boxed elementor-section-height-default elementor-section-height-default wd-section-disabled\" data-id=\"bfb3f7d\" data-element_type=\"section\">\n\t\t\t\t\t\t<div class=\"elementor-container elementor-column-gap-default\">\n\t\t\t\t\t<div class=\"elementor-column elementor-col-100 elementor-top-column elementor-element elementor-element-30567120\" data-id=\"30567120\" data-element_type=\"column\">\n\t\t\t<div class=\"elementor-widget-wrap elementor-element-populated\">\n\t\t\t\t\t\t<div class=\"elementor-element elementor-element-66b701f3 color-scheme-inherit text-left elementor-widget elementor-widget-text-editor\" data-id=\"66b701f3\" data-element_type=\"widget\" data-widget_type=\"text-editor.default\">\n\t\t\t\t<div class=\"elementor-widget-container\">\n\t\t\t\t\t\t\t<p>T\u00edtulo: El padre sol en la laguna<br \/>T\u00e9cnica: Fotograf\u00eda anal\u00f3gica de doble exposici\u00f3n sobre pel\u00edcula de 35 mm<br \/>A\u00f1o: 2023<\/p>\t\t\t\t\t\t<\/div>\n\t\t\t\t<\/div>\n\t\t\t\t\t<\/div>\n\t\t<\/div>\n\t\t\t\t\t<\/div>\n\t\t<\/section>\n\t\t\t\t<\/div>","protected":false},"excerpt":{"rendered":"<p>Title: Father sun in the lagoonMedium: Double exposure analog photography on 35 mm film rollYear: 2023<\/p>","protected":false},"author":1,"featured_media":0,"parent":0,"menu_order":0,"comment_status":"closed","ping_status":"closed","template":"","meta":{"footnotes":""},"class_list":["post-11926","page","type-page","status-publish","hentry"],"yoast_head":"<!-- This site is optimized with the Yoast SEO plugin v26.8 - https:\/\/yoast.com\/product\/yoast-seo-wordpress\/ -->\n<title>El padre sol en la laguna - Casa Jaguar<\/title>\n<meta name=\"robots\" content=\"index, follow, max-snippet:-1, max-image-preview:large, max-video-preview:-1\" \/>\n<link rel=\"canonical\" href=\"https:\/\/casajaguarstudio.com\/es\/padre-sol-laguna\/\" \/>\n<meta property=\"og:locale\" content=\"es_ES\" \/>\n<meta property=\"og:type\" content=\"article\" \/>\n<meta property=\"og:title\" content=\"El padre sol en la laguna - Casa Jaguar\" \/>\n<meta property=\"og:description\" content=\"Title: Father sun in the lagoonMedium: Double exposure analog photography on 35 mm film rollYear: 2023\" \/>\n<meta property=\"og:url\" content=\"https:\/\/casajaguarstudio.com\/es\/padre-sol-laguna\/\" \/>\n<meta property=\"og:site_name\" content=\"Casa Jaguar\" \/>\n<meta property=\"article:modified_time\" content=\"2026-03-06T20:46:27+00:00\" \/>\n<meta property=\"og:image\" content=\"https:\/\/casajaguarstudio.com\/wp-content\/uploads\/2026\/03\/169_30_el-padre-sol-en-la-laguna-scaled.jpg\" \/>\n\t<meta property=\"og:image:width\" content=\"2560\" \/>\n\t<meta property=\"og:image:height\" content=\"1181\" \/>\n\t<meta property=\"og:image:type\" content=\"image\/jpeg\" \/>\n<meta name=\"twitter:card\" content=\"summary_large_image\" \/>\n<meta name=\"twitter:label1\" content=\"Tiempo de lectura\" \/>\n\t<meta name=\"twitter:data1\" content=\"1 minuto\" \/>\n<script type=\"application\/ld+json\" class=\"yoast-schema-graph\">{\"@context\":\"https:\/\/schema.org\",\"@graph\":[{\"@type\":\"WebPage\",\"@id\":\"https:\/\/casajaguarstudio.com\/padre-sol-laguna\/\",\"url\":\"https:\/\/casajaguarstudio.com\/padre-sol-laguna\/\",\"name\":\"El padre sol en la laguna - Casa Jaguar\",\"isPartOf\":{\"@id\":\"https:\/\/casajaguarstudio.com\/#website\"},\"primaryImageOfPage\":{\"@id\":\"https:\/\/casajaguarstudio.com\/padre-sol-laguna\/#primaryimage\"},\"image\":{\"@id\":\"https:\/\/casajaguarstudio.com\/padre-sol-laguna\/#primaryimage\"},\"thumbnailUrl\":\"https:\/\/casajaguarstudio.com\/wp-content\/uploads\/2026\/03\/169_30_el-padre-sol-en-la-laguna-1300x600.jpg\",\"datePublished\":\"2026-03-06T20:45:25+00:00\",\"dateModified\":\"2026-03-06T20:46:27+00:00\",\"breadcrumb\":{\"@id\":\"https:\/\/casajaguarstudio.com\/padre-sol-laguna\/#breadcrumb\"},\"inLanguage\":\"es-CO\",\"potentialAction\":[{\"@type\":\"ReadAction\",\"target\":[\"https:\/\/casajaguarstudio.com\/padre-sol-laguna\/\"]}]},{\"@type\":\"ImageObject\",\"inLanguage\":\"es-CO\",\"@id\":\"https:\/\/casajaguarstudio.com\/padre-sol-laguna\/#primaryimage\",\"url\":\"https:\/\/casajaguarstudio.com\/wp-content\/uploads\/2026\/03\/169_30_el-padre-sol-en-la-laguna-1300x600.jpg\",\"contentUrl\":\"https:\/\/casajaguarstudio.com\/wp-content\/uploads\/2026\/03\/169_30_el-padre-sol-en-la-laguna-1300x600.jpg\"},{\"@type\":\"BreadcrumbList\",\"@id\":\"https:\/\/casajaguarstudio.com\/padre-sol-laguna\/#breadcrumb\",\"itemListElement\":[{\"@type\":\"ListItem\",\"position\":1,\"name\":\"Home\",\"item\":\"https:\/\/casajaguarstudio.com\/\"},{\"@type\":\"ListItem\",\"position\":2,\"name\":\"El padre sol en la laguna\"}]},{\"@type\":\"WebSite\",\"@id\":\"https:\/\/casajaguarstudio.com\/#website\",\"url\":\"https:\/\/casajaguarstudio.com\/\",\"name\":\"Casa Jaguar\",\"description\":\"Studio\",\"potentialAction\":[{\"@type\":\"SearchAction\",\"target\":{\"@type\":\"EntryPoint\",\"urlTemplate\":\"https:\/\/casajaguarstudio.com\/?s={search_term_string}\"},\"query-input\":{\"@type\":\"PropertyValueSpecification\",\"valueRequired\":true,\"valueName\":\"search_term_string\"}}],\"inLanguage\":\"es-CO\"}]}<\/script>\n<!-- \/ Yoast SEO plugin. -->","yoast_head_json":{"title":"El padre sol en la laguna - Casa Jaguar","robots":{"index":"index","follow":"follow","max-snippet":"max-snippet:-1","max-image-preview":"max-image-preview:large","max-video-preview":"max-video-preview:-1"},"canonical":"https:\/\/casajaguarstudio.com\/es\/padre-sol-laguna\/","og_locale":"es_ES","og_type":"article","og_title":"El padre sol en la laguna - Casa Jaguar","og_description":"Title: Father sun in the lagoonMedium: Double exposure analog photography on 35 mm film rollYear: 2023","og_url":"https:\/\/casajaguarstudio.com\/es\/padre-sol-laguna\/","og_site_name":"Casa Jaguar","article_modified_time":"2026-03-06T20:46:27+00:00","og_image":[{"width":2560,"height":1181,"url":"https:\/\/casajaguarstudio.com\/wp-content\/uploads\/2026\/03\/169_30_el-padre-sol-en-la-laguna-scaled.jpg","type":"image\/jpeg"}],"twitter_card":"summary_large_image","twitter_misc":{"Tiempo de lectura":"1 minuto"},"schema":{"@context":"https:\/\/schema.org","@graph":[{"@type":"WebPage","@id":"https:\/\/casajaguarstudio.com\/padre-sol-laguna\/","url":"https:\/\/casajaguarstudio.com\/padre-sol-laguna\/","name":"El padre sol en la laguna - Casa Jaguar","isPartOf":{"@id":"https:\/\/casajaguarstudio.com\/#website"},"primaryImageOfPage":{"@id":"https:\/\/casajaguarstudio.com\/padre-sol-laguna\/#primaryimage"},"image":{"@id":"https:\/\/casajaguarstudio.com\/padre-sol-laguna\/#primaryimage"},"thumbnailUrl":"https:\/\/casajaguarstudio.com\/wp-content\/uploads\/2026\/03\/169_30_el-padre-sol-en-la-laguna-1300x600.jpg","datePublished":"2026-03-06T20:45:25+00:00","dateModified":"2026-03-06T20:46:27+00:00","breadcrumb":{"@id":"https:\/\/casajaguarstudio.com\/padre-sol-laguna\/#breadcrumb"},"inLanguage":"es-CO","potentialAction":[{"@type":"ReadAction","target":["https:\/\/casajaguarstudio.com\/padre-sol-laguna\/"]}]},{"@type":"ImageObject","inLanguage":"es-CO","@id":"https:\/\/casajaguarstudio.com\/padre-sol-laguna\/#primaryimage","url":"https:\/\/casajaguarstudio.com\/wp-content\/uploads\/2026\/03\/169_30_el-padre-sol-en-la-laguna-1300x600.jpg","contentUrl":"https:\/\/casajaguarstudio.com\/wp-content\/uploads\/2026\/03\/169_30_el-padre-sol-en-la-laguna-1300x600.jpg"},{"@type":"BreadcrumbList","@id":"https:\/\/casajaguarstudio.com\/padre-sol-laguna\/#breadcrumb","itemListElement":[{"@type":"ListItem","position":1,"name":"Home","item":"https:\/\/casajaguarstudio.com\/"},{"@type":"ListItem","position":2,"name":"El padre sol en la laguna"}]},{"@type":"WebSite","@id":"https:\/\/casajaguarstudio.com\/#website","url":"https:\/\/casajaguarstudio.com\/","name":"Casa Jaguar","description":"Studio","potentialAction":[{"@type":"SearchAction","target":{"@type":"EntryPoint","urlTemplate":"https:\/\/casajaguarstudio.com\/?s={search_term_string}"},"query-input":{"@type":"PropertyValueSpecification","valueRequired":true,"valueName":"search_term_string"}}],"inLanguage":"es-CO"}]}},"_links":{"self":[{"href":"https:\/\/casajaguarstudio.com\/es\/wp-json\/wp\/v2\/pages\/11926","targetHints":{"allow":["GET"]}}],"collection":[{"href":"https:\/\/casajaguarstudio.com\/es\/wp-json\/wp\/v2\/pages"}],"about":[{"href":"https:\/\/casajaguarstudio.com\/es\/wp-json\/wp\/v2\/types\/page"}],"author":[{"embeddable":true,"href":"https:\/\/casajaguarstudio.com\/es\/wp-json\/wp\/v2\/users\/1"}],"replies":[{"embeddable":true,"href":"https:\/\/casajaguarstudio.com\/es\/wp-json\/wp\/v2\/comments?post=11926"}],"version-history":[{"count":4,"href":"https:\/\/casajaguarstudio.com\/es\/wp-json\/wp\/v2\/pages\/11926\/revisions"}],"predecessor-version":[{"id":11936,"href":"https:\/\/casajaguarstudio.com\/es\/wp-json\/wp\/v2\/pages\/11926\/revisions\/11936"}],"wp:attachment":[{"href":"https:\/\/casajaguarstudio.com\/es\/wp-json\/wp\/v2\/media?parent=11926"}],"curies":[{"name":"wp","href":"https:\/\/api.w.org\/{rel}","templated":true}]}}