{"id":11993,"date":"2026-04-10T23:40:57","date_gmt":"2026-04-10T23:40:57","guid":{"rendered":"https:\/\/casajaguarstudio.com\/?page_id=11993"},"modified":"2026-04-12T21:00:42","modified_gmt":"2026-04-12T21:00:42","slug":"agchen","status":"publish","type":"page","link":"https:\/\/casajaguarstudio.com\/es\/agchen\/","title":{"rendered":"La morada de Agchen"},"content":{"rendered":"<div data-elementor-type=\"wp-page\" data-elementor-id=\"11993\" class=\"elementor elementor-11993\">\n\t\t\t\t\t\t<section class=\"elementor-section elementor-top-section elementor-element elementor-element-c58bb24 elementor-section-full_width elementor-section-height-default elementor-section-height-default wd-section-disabled\" data-id=\"c58bb24\" data-element_type=\"section\">\n\t\t\t\t\t\t<div class=\"elementor-container elementor-column-gap-default\">\n\t\t\t\t\t<div class=\"elementor-column elementor-col-50 elementor-top-column elementor-element elementor-element-0d6478e\" data-id=\"0d6478e\" data-element_type=\"column\">\n\t\t\t<div class=\"elementor-widget-wrap elementor-element-populated\">\n\t\t\t\t\t\t<div class=\"elementor-element elementor-element-8bff708 elementor-widget elementor-widget-image\" data-id=\"8bff708\" data-element_type=\"widget\" data-widget_type=\"image.default\">\n\t\t\t\t<div class=\"elementor-widget-container\">\n\t\t\t\t\t\t\t\t\t\t\t\t\t<img fetchpriority=\"high\" decoding=\"async\" width=\"687\" height=\"800\" src=\"https:\/\/casajaguarstudio.com\/wp-content\/uploads\/2026\/04\/La-morada-de-Agchen-687x800.jpeg\" class=\"attachment-large size-large wp-image-11980\" alt=\"\" srcset=\"https:\/\/casajaguarstudio.com\/wp-content\/uploads\/2026\/04\/La-morada-de-Agchen-687x800.jpeg 687w, https:\/\/casajaguarstudio.com\/wp-content\/uploads\/2026\/04\/La-morada-de-Agchen-258x300.jpeg 258w, https:\/\/casajaguarstudio.com\/wp-content\/uploads\/2026\/04\/La-morada-de-Agchen-768x894.jpeg 768w, https:\/\/casajaguarstudio.com\/wp-content\/uploads\/2026\/04\/La-morada-de-Agchen-10x12.jpeg 10w, https:\/\/casajaguarstudio.com\/wp-content\/uploads\/2026\/04\/La-morada-de-Agchen.jpeg 1200w\" sizes=\"(max-width: 687px) 100vw, 687px\" \/>\t\t\t\t\t\t\t\t\t\t\t\t\t<\/div>\n\t\t\t\t<\/div>\n\t\t\t\t\t<\/div>\n\t\t<\/div>\n\t\t\t\t<div class=\"elementor-column elementor-col-50 elementor-top-column elementor-element elementor-element-2a18075\" data-id=\"2a18075\" data-element_type=\"column\">\n\t\t\t<div class=\"elementor-widget-wrap elementor-element-populated\">\n\t\t\t\t\t\t<div class=\"elementor-element elementor-element-81893c4 color-scheme-inherit text-left elementor-widget elementor-widget-text-editor\" data-id=\"81893c4\" data-element_type=\"widget\" data-widget_type=\"text-editor.default\">\n\t\t\t\t<div class=\"elementor-widget-container\">\n\t\t\t\t\t\t\t<p>Nombre: La morada de Agchen<br \/>Tama\u00f1o: 100 x 120 cm<span data-sheets-root=\"1\">\u00a0cm<\/span><br \/>T\u00e9cnica: Acr\u00edlico, collage, grabado y \u00f3leo sobre tela\u00a0<br \/>A\u00f1o: 2026<\/p><p>\u00a0<\/p>\t\t\t\t\t\t<\/div>\n\t\t\t\t<\/div>\n\t\t\t\t\t<\/div>\n\t\t<\/div>\n\t\t\t\t\t<\/div>\n\t\t<\/section>\n\t\t\t\t<section class=\"elementor-section elementor-top-section elementor-element elementor-element-1217c05 elementor-section-full_width elementor-section-height-default elementor-section-height-default wd-section-disabled\" data-id=\"1217c05\" data-element_type=\"section\">\n\t\t\t\t\t\t<div class=\"elementor-container elementor-column-gap-default\">\n\t\t\t\t\t<div class=\"elementor-column elementor-col-100 elementor-top-column elementor-element elementor-element-b2bab3f\" data-id=\"b2bab3f\" data-element_type=\"column\">\n\t\t\t<div class=\"elementor-widget-wrap elementor-element-populated\">\n\t\t\t\t\t\t<div class=\"elementor-element elementor-element-a038a28 color-scheme-inherit text-left elementor-widget elementor-widget-text-editor\" data-id=\"a038a28\" data-element_type=\"widget\" data-widget_type=\"text-editor.default\">\n\t\t\t\t<div class=\"elementor-widget-container\">\n\t\t\t\t\t\t\t<p class=\"p1\">Esta obra est\u00e1 inspirada en el Lago Sarmiento de Gamboa en la regi\u00f3n Ant\u00e1rtica Chilena. Es el lago m\u00e1s grande dentro del parque nacional Torres del Paine. Aunque este lago lleva el nombre de un colonizador espa\u00f1ol, estos paisajes sostienen las memorias de sus pobladores milenarios. El pueblo Aonikenk concibe al macizo del Paine como una cordillera temible porque all\u00ed reside Agchen; la deidad del fuego de aspecto terror\u00edfico que ocasiona incendios forestales, truenos y las erupciones de ceniza de los volcanes activos. Agchen mora en ventisqueros, lagunas o glaciares y cuando las incursiones humanas lo molestan, causa mal tiempo y desprendimientos de hielo.<\/p>\t\t\t\t\t\t<\/div>\n\t\t\t\t<\/div>\n\t\t\t\t\t<\/div>\n\t\t<\/div>\n\t\t\t\t\t<\/div>\n\t\t<\/section>\n\t\t\t\t<\/div>","protected":false},"excerpt":{"rendered":"<p>Name: Agchen&#8217;s abodeSize: 100 x 120\u00a0cmMedium: Acrylic, oil, collage, engraving on fabric\u00a0Year: 2026 \u00a0 This work is inspired by the<\/p>","protected":false},"author":1,"featured_media":0,"parent":0,"menu_order":0,"comment_status":"closed","ping_status":"closed","template":"","meta":{"footnotes":""},"class_list":["post-11993","page","type-page","status-publish","hentry"],"yoast_head":"<!-- This site is optimized with the Yoast SEO plugin v26.8 - https:\/\/yoast.com\/product\/yoast-seo-wordpress\/ -->\n<title>La morada de Agchen - Casa Jaguar<\/title>\n<meta name=\"robots\" content=\"index, follow, max-snippet:-1, max-image-preview:large, max-video-preview:-1\" \/>\n<link rel=\"canonical\" href=\"https:\/\/casajaguarstudio.com\/es\/agchen\/\" \/>\n<meta property=\"og:locale\" content=\"es_ES\" \/>\n<meta property=\"og:type\" content=\"article\" \/>\n<meta property=\"og:title\" content=\"La morada de Agchen - Casa Jaguar\" \/>\n<meta property=\"og:description\" content=\"Name: Agchen&#8217;s abodeSize: 100 x 120\u00a0cmMedium: Acrylic, oil, collage, engraving on fabric\u00a0Year: 2026 \u00a0 This work is inspired by the\" \/>\n<meta property=\"og:url\" content=\"https:\/\/casajaguarstudio.com\/es\/agchen\/\" \/>\n<meta property=\"og:site_name\" content=\"Casa Jaguar\" \/>\n<meta property=\"article:modified_time\" content=\"2026-04-12T21:00:42+00:00\" \/>\n<meta property=\"og:image\" content=\"https:\/\/casajaguarstudio.com\/wp-content\/uploads\/2026\/04\/La-morada-de-Agchen.jpeg\" \/>\n\t<meta property=\"og:image:width\" content=\"1200\" \/>\n\t<meta property=\"og:image:height\" content=\"1397\" \/>\n\t<meta property=\"og:image:type\" content=\"image\/jpeg\" \/>\n<meta name=\"twitter:card\" content=\"summary_large_image\" \/>\n<meta name=\"twitter:label1\" content=\"Tiempo de lectura\" \/>\n\t<meta name=\"twitter:data1\" content=\"1 minuto\" \/>\n<script type=\"application\/ld+json\" class=\"yoast-schema-graph\">{\"@context\":\"https:\/\/schema.org\",\"@graph\":[{\"@type\":\"WebPage\",\"@id\":\"https:\/\/casajaguarstudio.com\/agchen\/\",\"url\":\"https:\/\/casajaguarstudio.com\/agchen\/\",\"name\":\"La morada de Agchen - Casa Jaguar\",\"isPartOf\":{\"@id\":\"https:\/\/casajaguarstudio.com\/#website\"},\"primaryImageOfPage\":{\"@id\":\"https:\/\/casajaguarstudio.com\/agchen\/#primaryimage\"},\"image\":{\"@id\":\"https:\/\/casajaguarstudio.com\/agchen\/#primaryimage\"},\"thumbnailUrl\":\"https:\/\/casajaguarstudio.com\/wp-content\/uploads\/2026\/04\/La-morada-de-Agchen-687x800.jpeg\",\"datePublished\":\"2026-04-10T23:40:57+00:00\",\"dateModified\":\"2026-04-12T21:00:42+00:00\",\"breadcrumb\":{\"@id\":\"https:\/\/casajaguarstudio.com\/agchen\/#breadcrumb\"},\"inLanguage\":\"es-CO\",\"potentialAction\":[{\"@type\":\"ReadAction\",\"target\":[\"https:\/\/casajaguarstudio.com\/agchen\/\"]}]},{\"@type\":\"ImageObject\",\"inLanguage\":\"es-CO\",\"@id\":\"https:\/\/casajaguarstudio.com\/agchen\/#primaryimage\",\"url\":\"https:\/\/casajaguarstudio.com\/wp-content\/uploads\/2026\/04\/La-morada-de-Agchen-687x800.jpeg\",\"contentUrl\":\"https:\/\/casajaguarstudio.com\/wp-content\/uploads\/2026\/04\/La-morada-de-Agchen-687x800.jpeg\"},{\"@type\":\"BreadcrumbList\",\"@id\":\"https:\/\/casajaguarstudio.com\/agchen\/#breadcrumb\",\"itemListElement\":[{\"@type\":\"ListItem\",\"position\":1,\"name\":\"Home\",\"item\":\"https:\/\/casajaguarstudio.com\/\"},{\"@type\":\"ListItem\",\"position\":2,\"name\":\"La morada de Agchen\"}]},{\"@type\":\"WebSite\",\"@id\":\"https:\/\/casajaguarstudio.com\/#website\",\"url\":\"https:\/\/casajaguarstudio.com\/\",\"name\":\"Casa Jaguar\",\"description\":\"Studio\",\"potentialAction\":[{\"@type\":\"SearchAction\",\"target\":{\"@type\":\"EntryPoint\",\"urlTemplate\":\"https:\/\/casajaguarstudio.com\/?s={search_term_string}\"},\"query-input\":{\"@type\":\"PropertyValueSpecification\",\"valueRequired\":true,\"valueName\":\"search_term_string\"}}],\"inLanguage\":\"es-CO\"}]}<\/script>\n<!-- \/ Yoast SEO plugin. -->","yoast_head_json":{"title":"La morada de Agchen - Casa Jaguar","robots":{"index":"index","follow":"follow","max-snippet":"max-snippet:-1","max-image-preview":"max-image-preview:large","max-video-preview":"max-video-preview:-1"},"canonical":"https:\/\/casajaguarstudio.com\/es\/agchen\/","og_locale":"es_ES","og_type":"article","og_title":"La morada de Agchen - Casa Jaguar","og_description":"Name: Agchen&#8217;s abodeSize: 100 x 120\u00a0cmMedium: Acrylic, oil, collage, engraving on fabric\u00a0Year: 2026 \u00a0 This work is inspired by the","og_url":"https:\/\/casajaguarstudio.com\/es\/agchen\/","og_site_name":"Casa Jaguar","article_modified_time":"2026-04-12T21:00:42+00:00","og_image":[{"width":1200,"height":1397,"url":"https:\/\/casajaguarstudio.com\/wp-content\/uploads\/2026\/04\/La-morada-de-Agchen.jpeg","type":"image\/jpeg"}],"twitter_card":"summary_large_image","twitter_misc":{"Tiempo de lectura":"1 minuto"},"schema":{"@context":"https:\/\/schema.org","@graph":[{"@type":"WebPage","@id":"https:\/\/casajaguarstudio.com\/agchen\/","url":"https:\/\/casajaguarstudio.com\/agchen\/","name":"La morada de Agchen - Casa Jaguar","isPartOf":{"@id":"https:\/\/casajaguarstudio.com\/#website"},"primaryImageOfPage":{"@id":"https:\/\/casajaguarstudio.com\/agchen\/#primaryimage"},"image":{"@id":"https:\/\/casajaguarstudio.com\/agchen\/#primaryimage"},"thumbnailUrl":"https:\/\/casajaguarstudio.com\/wp-content\/uploads\/2026\/04\/La-morada-de-Agchen-687x800.jpeg","datePublished":"2026-04-10T23:40:57+00:00","dateModified":"2026-04-12T21:00:42+00:00","breadcrumb":{"@id":"https:\/\/casajaguarstudio.com\/agchen\/#breadcrumb"},"inLanguage":"es-CO","potentialAction":[{"@type":"ReadAction","target":["https:\/\/casajaguarstudio.com\/agchen\/"]}]},{"@type":"ImageObject","inLanguage":"es-CO","@id":"https:\/\/casajaguarstudio.com\/agchen\/#primaryimage","url":"https:\/\/casajaguarstudio.com\/wp-content\/uploads\/2026\/04\/La-morada-de-Agchen-687x800.jpeg","contentUrl":"https:\/\/casajaguarstudio.com\/wp-content\/uploads\/2026\/04\/La-morada-de-Agchen-687x800.jpeg"},{"@type":"BreadcrumbList","@id":"https:\/\/casajaguarstudio.com\/agchen\/#breadcrumb","itemListElement":[{"@type":"ListItem","position":1,"name":"Home","item":"https:\/\/casajaguarstudio.com\/"},{"@type":"ListItem","position":2,"name":"La morada de Agchen"}]},{"@type":"WebSite","@id":"https:\/\/casajaguarstudio.com\/#website","url":"https:\/\/casajaguarstudio.com\/","name":"Casa Jaguar","description":"Studio","potentialAction":[{"@type":"SearchAction","target":{"@type":"EntryPoint","urlTemplate":"https:\/\/casajaguarstudio.com\/?s={search_term_string}"},"query-input":{"@type":"PropertyValueSpecification","valueRequired":true,"valueName":"search_term_string"}}],"inLanguage":"es-CO"}]}},"_links":{"self":[{"href":"https:\/\/casajaguarstudio.com\/es\/wp-json\/wp\/v2\/pages\/11993","targetHints":{"allow":["GET"]}}],"collection":[{"href":"https:\/\/casajaguarstudio.com\/es\/wp-json\/wp\/v2\/pages"}],"about":[{"href":"https:\/\/casajaguarstudio.com\/es\/wp-json\/wp\/v2\/types\/page"}],"author":[{"embeddable":true,"href":"https:\/\/casajaguarstudio.com\/es\/wp-json\/wp\/v2\/users\/1"}],"replies":[{"embeddable":true,"href":"https:\/\/casajaguarstudio.com\/es\/wp-json\/wp\/v2\/comments?post=11993"}],"version-history":[{"count":7,"href":"https:\/\/casajaguarstudio.com\/es\/wp-json\/wp\/v2\/pages\/11993\/revisions"}],"predecessor-version":[{"id":12125,"href":"https:\/\/casajaguarstudio.com\/es\/wp-json\/wp\/v2\/pages\/11993\/revisions\/12125"}],"wp:attachment":[{"href":"https:\/\/casajaguarstudio.com\/es\/wp-json\/wp\/v2\/media?parent=11993"}],"curies":[{"name":"wp","href":"https:\/\/api.w.org\/{rel}","templated":true}]}}