{"id":11998,"date":"2026-04-10T23:50:14","date_gmt":"2026-04-10T23:50:14","guid":{"rendered":"https:\/\/casajaguarstudio.com\/?page_id=11998"},"modified":"2026-04-12T21:29:51","modified_gmt":"2026-04-12T21:29:51","slug":"antes-del-alfabeto","status":"publish","type":"page","link":"https:\/\/casajaguarstudio.com\/es\/antes-del-alfabeto\/","title":{"rendered":"Antes del alfabeto"},"content":{"rendered":"<div data-elementor-type=\"wp-page\" data-elementor-id=\"11998\" class=\"elementor elementor-11998\">\n\t\t\t\t\t\t<section class=\"elementor-section elementor-top-section elementor-element elementor-element-1302dec elementor-section-boxed elementor-section-height-default elementor-section-height-default wd-section-disabled\" data-id=\"1302dec\" data-element_type=\"section\">\n\t\t\t\t\t\t<div class=\"elementor-container elementor-column-gap-default\">\n\t\t\t\t\t<div class=\"elementor-column elementor-col-100 elementor-top-column elementor-element elementor-element-d54d456\" data-id=\"d54d456\" data-element_type=\"column\">\n\t\t\t<div class=\"elementor-widget-wrap\">\n\t\t\t\t\t\t\t<\/div>\n\t\t<\/div>\n\t\t\t\t\t<\/div>\n\t\t<\/section>\n\t\t\t\t<section class=\"elementor-section elementor-top-section elementor-element elementor-element-68db3d8 elementor-section-full_width elementor-section-height-default elementor-section-height-default wd-section-disabled\" data-id=\"68db3d8\" data-element_type=\"section\">\n\t\t\t\t\t\t<div class=\"elementor-container elementor-column-gap-default\">\n\t\t\t\t\t<div class=\"elementor-column elementor-col-66 elementor-top-column elementor-element elementor-element-d3e3902\" data-id=\"d3e3902\" data-element_type=\"column\">\n\t\t\t<div class=\"elementor-widget-wrap elementor-element-populated\">\n\t\t\t\t\t\t<div class=\"elementor-element elementor-element-abd9682 elementor-widget elementor-widget-image\" data-id=\"abd9682\" data-element_type=\"widget\" data-widget_type=\"image.default\">\n\t\t\t\t<div class=\"elementor-widget-container\">\n\t\t\t\t\t\t\t\t\t\t\t\t\t<img fetchpriority=\"high\" decoding=\"async\" width=\"1134\" height=\"800\" src=\"https:\/\/casajaguarstudio.com\/wp-content\/uploads\/2026\/04\/Antes-del-alfabeto-1134x800.jpg\" class=\"attachment-large size-large wp-image-11985\" alt=\"\" srcset=\"https:\/\/casajaguarstudio.com\/wp-content\/uploads\/2026\/04\/Antes-del-alfabeto-1134x800.jpg 1134w, https:\/\/casajaguarstudio.com\/wp-content\/uploads\/2026\/04\/Antes-del-alfabeto-400x282.jpg 400w, https:\/\/casajaguarstudio.com\/wp-content\/uploads\/2026\/04\/Antes-del-alfabeto-768x542.jpg 768w, https:\/\/casajaguarstudio.com\/wp-content\/uploads\/2026\/04\/Antes-del-alfabeto-1536x1084.jpg 1536w, https:\/\/casajaguarstudio.com\/wp-content\/uploads\/2026\/04\/Antes-del-alfabeto-18x12.jpg 18w, https:\/\/casajaguarstudio.com\/wp-content\/uploads\/2026\/04\/Antes-del-alfabeto.jpg 1701w\" sizes=\"(max-width: 1134px) 100vw, 1134px\" \/>\t\t\t\t\t\t\t\t\t\t\t\t\t<\/div>\n\t\t\t\t<\/div>\n\t\t\t\t\t<\/div>\n\t\t<\/div>\n\t\t\t\t<div class=\"elementor-column elementor-col-33 elementor-top-column elementor-element elementor-element-6137503\" data-id=\"6137503\" data-element_type=\"column\">\n\t\t\t<div class=\"elementor-widget-wrap elementor-element-populated\">\n\t\t\t\t\t\t<div class=\"elementor-element elementor-element-f521e47 color-scheme-inherit text-left elementor-widget elementor-widget-text-editor\" data-id=\"f521e47\" data-element_type=\"widget\" data-widget_type=\"text-editor.default\">\n\t\t\t\t<div class=\"elementor-widget-container\">\n\t\t\t\t\t\t\t<p>Nombre: <br \/>Antes del alfabeto: cuando el paisaje era palabra\u00a0<\/p><p>Tama\u00f1o: 100 x 141<span data-sheets-root=\"1\">\u00a0cm<\/span><\/p><p>T\u00e9cnica: <span data-sheets-root=\"1\">Acr\u00edlico, collage, \u00f3leo y grabado sobre tela<\/span><\/p><p>A\u00f1o: 2025<\/p>\t\t\t\t\t\t<\/div>\n\t\t\t\t<\/div>\n\t\t\t\t\t<\/div>\n\t\t<\/div>\n\t\t\t\t\t<\/div>\n\t\t<\/section>\n\t\t\t\t<section class=\"elementor-section elementor-top-section elementor-element elementor-element-9e1908d elementor-section-boxed elementor-section-height-default elementor-section-height-default wd-section-disabled\" data-id=\"9e1908d\" data-element_type=\"section\">\n\t\t\t\t\t\t<div class=\"elementor-container elementor-column-gap-default\">\n\t\t\t\t\t<div class=\"elementor-column elementor-col-100 elementor-top-column elementor-element elementor-element-93c4865\" data-id=\"93c4865\" data-element_type=\"column\">\n\t\t\t<div class=\"elementor-widget-wrap elementor-element-populated\">\n\t\t\t\t\t\t<div class=\"elementor-element elementor-element-207855d elementor-widget elementor-widget-wd_text_block\" data-id=\"207855d\" data-element_type=\"widget\" data-widget_type=\"wd_text_block.default\">\n\t\t\t\t<div class=\"elementor-widget-container\">\n\t\t\t\t\t\t<link rel=\"stylesheet\" id=\"wd-text-block-css\" href=\"https:\/\/casajaguarstudio.com\/wp-content\/themes\/woodmart\/css\/parts\/el-text-block.min.css?ver=6.2.3\" type=\"text\/css\" media=\"all\" \/> \t\t\t\t\t<div class=\"wd-text-block reset-last-child text-left\">\n\t\t\t\n\t\t\t<p>Aunque no existen registros escritos de la lengua Muysca (muysccubun), el arte rupestre de la Sabana de Bogot\u00e1 muestra signos repetidos que sugieren una forma de escritura jerogl\u00edfica. Lastimosamente, la colonizaci\u00f3n fragment\u00f3 este sistema de conocimiento y de expresi\u00f3n. Los jerogl\u00edficos en esta obra hablan de la historia de origen del pueblo muysca, seg\u00fan la investigaci\u00f3n de Lisandro Augusto Ochoa. Narran el mito de Bachu\u00e9, la mujer que emergi\u00f3 de la laguna de Iguaque con un ni\u00f1o. Al crecer, se cas\u00f3 con \u00e9l y sus partos fueron tan prol\u00edficos que poblaron la tierra. Al envejecer, regresaron a la laguna convertidos en serpientes. El arte rupestre es una forma de narrar, no con letras sobre papel, sino con pintura y grabado sobre las piedras. Los petroglifos muyscas se encuentran agrupados en las rocas pero en esta obra los s\u00edmbolos se extienden por el paisaje para sugerir una lectura abierta en la cual la monta\u00f1a entera se convierte en el libro donde la memoria ha quedado escrita.<\/p>\n\t\t\t\t\t<\/div>\n\t\t\t\t<\/div>\n\t\t\t\t<\/div>\n\t\t\t\t\t<\/div>\n\t\t<\/div>\n\t\t\t\t\t<\/div>\n\t\t<\/section>\n\t\t\t\t<\/div>","protected":false},"excerpt":{"rendered":"<p>Name: Before the alphabet: when landscape was language\u00a0 Size: 100 x 141\u00a0cm Medium: Acrylic, collage, oil, engraving on fabric Year:<\/p>","protected":false},"author":1,"featured_media":0,"parent":0,"menu_order":0,"comment_status":"closed","ping_status":"closed","template":"","meta":{"footnotes":""},"class_list":["post-11998","page","type-page","status-publish","hentry"],"yoast_head":"<!-- This site is optimized with the Yoast SEO plugin v26.8 - https:\/\/yoast.com\/product\/yoast-seo-wordpress\/ -->\n<title>Antes del alfabeto - Casa Jaguar<\/title>\n<meta name=\"robots\" content=\"index, follow, max-snippet:-1, max-image-preview:large, max-video-preview:-1\" \/>\n<link rel=\"canonical\" href=\"https:\/\/casajaguarstudio.com\/es\/antes-del-alfabeto\/\" \/>\n<meta property=\"og:locale\" content=\"es_ES\" \/>\n<meta property=\"og:type\" content=\"article\" \/>\n<meta property=\"og:title\" content=\"Antes del alfabeto - Casa Jaguar\" \/>\n<meta property=\"og:description\" content=\"Name: Before the alphabet: when landscape was language\u00a0 Size: 100 x 141\u00a0cm Medium: Acrylic, collage, oil, engraving on fabric Year:\" \/>\n<meta property=\"og:url\" content=\"https:\/\/casajaguarstudio.com\/es\/antes-del-alfabeto\/\" \/>\n<meta property=\"og:site_name\" content=\"Casa Jaguar\" \/>\n<meta property=\"article:modified_time\" content=\"2026-04-12T21:29:51+00:00\" \/>\n<meta property=\"og:image\" content=\"https:\/\/casajaguarstudio.com\/wp-content\/uploads\/2026\/04\/Antes-del-alfabeto.jpg\" \/>\n\t<meta property=\"og:image:width\" content=\"1701\" \/>\n\t<meta property=\"og:image:height\" content=\"1200\" \/>\n\t<meta property=\"og:image:type\" content=\"image\/jpeg\" \/>\n<meta name=\"twitter:card\" content=\"summary_large_image\" \/>\n<meta name=\"twitter:label1\" content=\"Tiempo de lectura\" \/>\n\t<meta name=\"twitter:data1\" content=\"1 minuto\" \/>\n<script type=\"application\/ld+json\" class=\"yoast-schema-graph\">{\"@context\":\"https:\/\/schema.org\",\"@graph\":[{\"@type\":\"WebPage\",\"@id\":\"https:\/\/casajaguarstudio.com\/antes-del-alfabeto\/\",\"url\":\"https:\/\/casajaguarstudio.com\/antes-del-alfabeto\/\",\"name\":\"Antes del alfabeto - Casa Jaguar\",\"isPartOf\":{\"@id\":\"https:\/\/casajaguarstudio.com\/#website\"},\"primaryImageOfPage\":{\"@id\":\"https:\/\/casajaguarstudio.com\/antes-del-alfabeto\/#primaryimage\"},\"image\":{\"@id\":\"https:\/\/casajaguarstudio.com\/antes-del-alfabeto\/#primaryimage\"},\"thumbnailUrl\":\"https:\/\/casajaguarstudio.com\/wp-content\/uploads\/2026\/04\/Antes-del-alfabeto-1134x800.jpg\",\"datePublished\":\"2026-04-10T23:50:14+00:00\",\"dateModified\":\"2026-04-12T21:29:51+00:00\",\"breadcrumb\":{\"@id\":\"https:\/\/casajaguarstudio.com\/antes-del-alfabeto\/#breadcrumb\"},\"inLanguage\":\"es-CO\",\"potentialAction\":[{\"@type\":\"ReadAction\",\"target\":[\"https:\/\/casajaguarstudio.com\/antes-del-alfabeto\/\"]}]},{\"@type\":\"ImageObject\",\"inLanguage\":\"es-CO\",\"@id\":\"https:\/\/casajaguarstudio.com\/antes-del-alfabeto\/#primaryimage\",\"url\":\"https:\/\/casajaguarstudio.com\/wp-content\/uploads\/2026\/04\/Antes-del-alfabeto-1134x800.jpg\",\"contentUrl\":\"https:\/\/casajaguarstudio.com\/wp-content\/uploads\/2026\/04\/Antes-del-alfabeto-1134x800.jpg\"},{\"@type\":\"BreadcrumbList\",\"@id\":\"https:\/\/casajaguarstudio.com\/antes-del-alfabeto\/#breadcrumb\",\"itemListElement\":[{\"@type\":\"ListItem\",\"position\":1,\"name\":\"Home\",\"item\":\"https:\/\/casajaguarstudio.com\/\"},{\"@type\":\"ListItem\",\"position\":2,\"name\":\"Antes del alfabeto\"}]},{\"@type\":\"WebSite\",\"@id\":\"https:\/\/casajaguarstudio.com\/#website\",\"url\":\"https:\/\/casajaguarstudio.com\/\",\"name\":\"Casa Jaguar\",\"description\":\"Studio\",\"potentialAction\":[{\"@type\":\"SearchAction\",\"target\":{\"@type\":\"EntryPoint\",\"urlTemplate\":\"https:\/\/casajaguarstudio.com\/?s={search_term_string}\"},\"query-input\":{\"@type\":\"PropertyValueSpecification\",\"valueRequired\":true,\"valueName\":\"search_term_string\"}}],\"inLanguage\":\"es-CO\"}]}<\/script>\n<!-- \/ Yoast SEO plugin. -->","yoast_head_json":{"title":"Antes del alfabeto - Casa Jaguar","robots":{"index":"index","follow":"follow","max-snippet":"max-snippet:-1","max-image-preview":"max-image-preview:large","max-video-preview":"max-video-preview:-1"},"canonical":"https:\/\/casajaguarstudio.com\/es\/antes-del-alfabeto\/","og_locale":"es_ES","og_type":"article","og_title":"Antes del alfabeto - Casa Jaguar","og_description":"Name: Before the alphabet: when landscape was language\u00a0 Size: 100 x 141\u00a0cm Medium: Acrylic, collage, oil, engraving on fabric Year:","og_url":"https:\/\/casajaguarstudio.com\/es\/antes-del-alfabeto\/","og_site_name":"Casa Jaguar","article_modified_time":"2026-04-12T21:29:51+00:00","og_image":[{"width":1701,"height":1200,"url":"https:\/\/casajaguarstudio.com\/wp-content\/uploads\/2026\/04\/Antes-del-alfabeto.jpg","type":"image\/jpeg"}],"twitter_card":"summary_large_image","twitter_misc":{"Tiempo de lectura":"1 minuto"},"schema":{"@context":"https:\/\/schema.org","@graph":[{"@type":"WebPage","@id":"https:\/\/casajaguarstudio.com\/antes-del-alfabeto\/","url":"https:\/\/casajaguarstudio.com\/antes-del-alfabeto\/","name":"Antes del alfabeto - Casa Jaguar","isPartOf":{"@id":"https:\/\/casajaguarstudio.com\/#website"},"primaryImageOfPage":{"@id":"https:\/\/casajaguarstudio.com\/antes-del-alfabeto\/#primaryimage"},"image":{"@id":"https:\/\/casajaguarstudio.com\/antes-del-alfabeto\/#primaryimage"},"thumbnailUrl":"https:\/\/casajaguarstudio.com\/wp-content\/uploads\/2026\/04\/Antes-del-alfabeto-1134x800.jpg","datePublished":"2026-04-10T23:50:14+00:00","dateModified":"2026-04-12T21:29:51+00:00","breadcrumb":{"@id":"https:\/\/casajaguarstudio.com\/antes-del-alfabeto\/#breadcrumb"},"inLanguage":"es-CO","potentialAction":[{"@type":"ReadAction","target":["https:\/\/casajaguarstudio.com\/antes-del-alfabeto\/"]}]},{"@type":"ImageObject","inLanguage":"es-CO","@id":"https:\/\/casajaguarstudio.com\/antes-del-alfabeto\/#primaryimage","url":"https:\/\/casajaguarstudio.com\/wp-content\/uploads\/2026\/04\/Antes-del-alfabeto-1134x800.jpg","contentUrl":"https:\/\/casajaguarstudio.com\/wp-content\/uploads\/2026\/04\/Antes-del-alfabeto-1134x800.jpg"},{"@type":"BreadcrumbList","@id":"https:\/\/casajaguarstudio.com\/antes-del-alfabeto\/#breadcrumb","itemListElement":[{"@type":"ListItem","position":1,"name":"Home","item":"https:\/\/casajaguarstudio.com\/"},{"@type":"ListItem","position":2,"name":"Antes del alfabeto"}]},{"@type":"WebSite","@id":"https:\/\/casajaguarstudio.com\/#website","url":"https:\/\/casajaguarstudio.com\/","name":"Casa Jaguar","description":"Studio","potentialAction":[{"@type":"SearchAction","target":{"@type":"EntryPoint","urlTemplate":"https:\/\/casajaguarstudio.com\/?s={search_term_string}"},"query-input":{"@type":"PropertyValueSpecification","valueRequired":true,"valueName":"search_term_string"}}],"inLanguage":"es-CO"}]}},"_links":{"self":[{"href":"https:\/\/casajaguarstudio.com\/es\/wp-json\/wp\/v2\/pages\/11998","targetHints":{"allow":["GET"]}}],"collection":[{"href":"https:\/\/casajaguarstudio.com\/es\/wp-json\/wp\/v2\/pages"}],"about":[{"href":"https:\/\/casajaguarstudio.com\/es\/wp-json\/wp\/v2\/types\/page"}],"author":[{"embeddable":true,"href":"https:\/\/casajaguarstudio.com\/es\/wp-json\/wp\/v2\/users\/1"}],"replies":[{"embeddable":true,"href":"https:\/\/casajaguarstudio.com\/es\/wp-json\/wp\/v2\/comments?post=11998"}],"version-history":[{"count":13,"href":"https:\/\/casajaguarstudio.com\/es\/wp-json\/wp\/v2\/pages\/11998\/revisions"}],"predecessor-version":[{"id":12164,"href":"https:\/\/casajaguarstudio.com\/es\/wp-json\/wp\/v2\/pages\/11998\/revisions\/12164"}],"wp:attachment":[{"href":"https:\/\/casajaguarstudio.com\/es\/wp-json\/wp\/v2\/media?parent=11998"}],"curies":[{"name":"wp","href":"https:\/\/api.w.org\/{rel}","templated":true}]}}