{"id":12027,"date":"2026-04-12T18:44:46","date_gmt":"2026-04-12T18:44:46","guid":{"rendered":"https:\/\/casajaguarstudio.com\/?page_id=12027"},"modified":"2026-04-12T21:04:13","modified_gmt":"2026-04-12T21:04:13","slug":"hacia-jepira","status":"publish","type":"page","link":"https:\/\/casajaguarstudio.com\/es\/hacia-jepira\/","title":{"rendered":"Hacia Jepira"},"content":{"rendered":"<div data-elementor-type=\"wp-page\" data-elementor-id=\"12027\" class=\"elementor elementor-12027\">\n\t\t\t\t\t\t<section class=\"elementor-section elementor-top-section elementor-element elementor-element-1fa6bb62 elementor-section-boxed elementor-section-height-default elementor-section-height-default wd-section-disabled\" data-id=\"1fa6bb62\" data-element_type=\"section\">\n\t\t\t\t\t\t<div class=\"elementor-container elementor-column-gap-default\">\n\t\t\t\t\t<div class=\"elementor-column elementor-col-50 elementor-top-column elementor-element elementor-element-6f15942b\" data-id=\"6f15942b\" data-element_type=\"column\">\n\t\t\t<div class=\"elementor-widget-wrap elementor-element-populated\">\n\t\t\t\t\t\t<div class=\"elementor-element elementor-element-52b04818 elementor-widget elementor-widget-image\" data-id=\"52b04818\" data-element_type=\"widget\" data-widget_type=\"image.default\">\n\t\t\t\t<div class=\"elementor-widget-container\">\n\t\t\t\t\t\t\t\t\t\t\t\t\t<img fetchpriority=\"high\" decoding=\"async\" width=\"808\" height=\"800\" src=\"https:\/\/casajaguarstudio.com\/wp-content\/uploads\/2026\/04\/Hacia-Jepira-808x800.jpg\" class=\"attachment-large size-large wp-image-11987\" alt=\"\" srcset=\"https:\/\/casajaguarstudio.com\/wp-content\/uploads\/2026\/04\/Hacia-Jepira-808x800.jpg 808w, https:\/\/casajaguarstudio.com\/wp-content\/uploads\/2026\/04\/Hacia-Jepira-303x300.jpg 303w, https:\/\/casajaguarstudio.com\/wp-content\/uploads\/2026\/04\/Hacia-Jepira-150x150.jpg 150w, https:\/\/casajaguarstudio.com\/wp-content\/uploads\/2026\/04\/Hacia-Jepira-768x760.jpg 768w, https:\/\/casajaguarstudio.com\/wp-content\/uploads\/2026\/04\/Hacia-Jepira-12x12.jpg 12w, https:\/\/casajaguarstudio.com\/wp-content\/uploads\/2026\/04\/Hacia-Jepira.jpg 900w\" sizes=\"(max-width: 808px) 100vw, 808px\" \/>\t\t\t\t\t\t\t\t\t\t\t\t\t<\/div>\n\t\t\t\t<\/div>\n\t\t\t\t\t<\/div>\n\t\t<\/div>\n\t\t\t\t<div class=\"elementor-column elementor-col-50 elementor-top-column elementor-element elementor-element-51caca5e\" data-id=\"51caca5e\" data-element_type=\"column\">\n\t\t\t<div class=\"elementor-widget-wrap elementor-element-populated\">\n\t\t\t\t\t\t<div class=\"elementor-element elementor-element-7e6f885 color-scheme-inherit text-left elementor-widget elementor-widget-text-editor\" data-id=\"7e6f885\" data-element_type=\"widget\" data-widget_type=\"text-editor.default\">\n\t\t\t\t<div class=\"elementor-widget-container\">\n\t\t\t\t\t\t\t<p>Nombre: Hacia Jepira<br \/>Tama\u00f1o: 100 x 100 cm<br \/>T\u00e9cnica: Arcr\u00edlico, collage, grabado y \u00f3leo sobre tela<br \/>A\u00f1o: 2026<\/p>\t\t\t\t\t\t<\/div>\n\t\t\t\t<\/div>\n\t\t\t\t<div class=\"elementor-element elementor-element-65d5a2e2 color-scheme-inherit text-left elementor-widget elementor-widget-text-editor\" data-id=\"65d5a2e2\" data-element_type=\"widget\" data-widget_type=\"text-editor.default\">\n\t\t\t\t<div class=\"elementor-widget-container\">\n\t\t\t\t\t\t\t<p>El pueblo Way\u00fau, que habita en el extremo norte de Sudam\u00e9rica entre Colombia y Venezuela, entierra a sus muertos dos veces. Cuando alguien muere, su comunidad realiza un primer entierro en el cementerio. Unos a\u00f1os despu\u00e9s, la familia exhuma los restos y designa a una mujer para limpiar los huesos. Despu\u00e9s de limpiarlos, pone los huesos en una vasija de barro para llevarlos a Jepira, un lugar monta\u00f1oso y des\u00e9rtico en el Cabo de la Vela en la pen\u00ednsula norte de Colombia rodeada por el mar caribe. Los esp\u00edritus van a Jepira para descansar en el mar. Los muertos recorren el camino hacia Jepira siguiendo a la v\u00eda l\u00e1ctea que los lleva a la vida espiritual.<\/p>\t\t\t\t\t\t<\/div>\n\t\t\t\t<\/div>\n\t\t\t\t\t<\/div>\n\t\t<\/div>\n\t\t\t\t\t<\/div>\n\t\t<\/section>\n\t\t\t\t<\/div>","protected":false},"excerpt":{"rendered":"<p>Name: Towards JepiraSize: 100 x 100 cmMedium: Acrylic, collage, engraving and oil on fabricYear: 2026 The Way\u00fau people, who live<\/p>","protected":false},"author":1,"featured_media":0,"parent":0,"menu_order":0,"comment_status":"closed","ping_status":"closed","template":"","meta":{"footnotes":""},"class_list":["post-12027","page","type-page","status-publish","hentry"],"yoast_head":"<!-- This site is optimized with the Yoast SEO plugin v26.8 - https:\/\/yoast.com\/product\/yoast-seo-wordpress\/ -->\n<title>Hacia Jepira - Casa Jaguar<\/title>\n<meta name=\"robots\" content=\"index, follow, max-snippet:-1, max-image-preview:large, max-video-preview:-1\" \/>\n<link rel=\"canonical\" href=\"https:\/\/casajaguarstudio.com\/es\/hacia-jepira\/\" \/>\n<meta property=\"og:locale\" content=\"es_ES\" \/>\n<meta property=\"og:type\" content=\"article\" \/>\n<meta property=\"og:title\" content=\"Hacia Jepira - Casa Jaguar\" \/>\n<meta property=\"og:description\" content=\"Name: Towards JepiraSize: 100 x 100 cmMedium: Acrylic, collage, engraving and oil on fabricYear: 2026 The Way\u00fau people, who live\" \/>\n<meta property=\"og:url\" content=\"https:\/\/casajaguarstudio.com\/es\/hacia-jepira\/\" \/>\n<meta property=\"og:site_name\" content=\"Casa Jaguar\" \/>\n<meta property=\"article:modified_time\" content=\"2026-04-12T21:04:13+00:00\" \/>\n<meta property=\"og:image\" content=\"https:\/\/casajaguarstudio.com\/wp-content\/uploads\/2026\/04\/Hacia-Jepira.jpg\" \/>\n\t<meta property=\"og:image:width\" content=\"900\" \/>\n\t<meta property=\"og:image:height\" content=\"891\" \/>\n\t<meta property=\"og:image:type\" content=\"image\/jpeg\" \/>\n<meta name=\"twitter:card\" content=\"summary_large_image\" \/>\n<meta name=\"twitter:label1\" content=\"Tiempo de lectura\" \/>\n\t<meta name=\"twitter:data1\" content=\"1 minuto\" \/>\n<script type=\"application\/ld+json\" class=\"yoast-schema-graph\">{\"@context\":\"https:\/\/schema.org\",\"@graph\":[{\"@type\":\"WebPage\",\"@id\":\"https:\/\/casajaguarstudio.com\/hacia-jepira\/\",\"url\":\"https:\/\/casajaguarstudio.com\/hacia-jepira\/\",\"name\":\"Hacia Jepira - Casa Jaguar\",\"isPartOf\":{\"@id\":\"https:\/\/casajaguarstudio.com\/#website\"},\"primaryImageOfPage\":{\"@id\":\"https:\/\/casajaguarstudio.com\/hacia-jepira\/#primaryimage\"},\"image\":{\"@id\":\"https:\/\/casajaguarstudio.com\/hacia-jepira\/#primaryimage\"},\"thumbnailUrl\":\"https:\/\/casajaguarstudio.com\/wp-content\/uploads\/2026\/04\/Hacia-Jepira-808x800.jpg\",\"datePublished\":\"2026-04-12T18:44:46+00:00\",\"dateModified\":\"2026-04-12T21:04:13+00:00\",\"breadcrumb\":{\"@id\":\"https:\/\/casajaguarstudio.com\/hacia-jepira\/#breadcrumb\"},\"inLanguage\":\"es-CO\",\"potentialAction\":[{\"@type\":\"ReadAction\",\"target\":[\"https:\/\/casajaguarstudio.com\/hacia-jepira\/\"]}]},{\"@type\":\"ImageObject\",\"inLanguage\":\"es-CO\",\"@id\":\"https:\/\/casajaguarstudio.com\/hacia-jepira\/#primaryimage\",\"url\":\"https:\/\/casajaguarstudio.com\/wp-content\/uploads\/2026\/04\/Hacia-Jepira-808x800.jpg\",\"contentUrl\":\"https:\/\/casajaguarstudio.com\/wp-content\/uploads\/2026\/04\/Hacia-Jepira-808x800.jpg\"},{\"@type\":\"BreadcrumbList\",\"@id\":\"https:\/\/casajaguarstudio.com\/hacia-jepira\/#breadcrumb\",\"itemListElement\":[{\"@type\":\"ListItem\",\"position\":1,\"name\":\"Home\",\"item\":\"https:\/\/casajaguarstudio.com\/\"},{\"@type\":\"ListItem\",\"position\":2,\"name\":\"Hacia Jepira\"}]},{\"@type\":\"WebSite\",\"@id\":\"https:\/\/casajaguarstudio.com\/#website\",\"url\":\"https:\/\/casajaguarstudio.com\/\",\"name\":\"Casa Jaguar\",\"description\":\"Studio\",\"potentialAction\":[{\"@type\":\"SearchAction\",\"target\":{\"@type\":\"EntryPoint\",\"urlTemplate\":\"https:\/\/casajaguarstudio.com\/?s={search_term_string}\"},\"query-input\":{\"@type\":\"PropertyValueSpecification\",\"valueRequired\":true,\"valueName\":\"search_term_string\"}}],\"inLanguage\":\"es-CO\"}]}<\/script>\n<!-- \/ Yoast SEO plugin. -->","yoast_head_json":{"title":"Hacia Jepira - Casa Jaguar","robots":{"index":"index","follow":"follow","max-snippet":"max-snippet:-1","max-image-preview":"max-image-preview:large","max-video-preview":"max-video-preview:-1"},"canonical":"https:\/\/casajaguarstudio.com\/es\/hacia-jepira\/","og_locale":"es_ES","og_type":"article","og_title":"Hacia Jepira - Casa Jaguar","og_description":"Name: Towards JepiraSize: 100 x 100 cmMedium: Acrylic, collage, engraving and oil on fabricYear: 2026 The Way\u00fau people, who live","og_url":"https:\/\/casajaguarstudio.com\/es\/hacia-jepira\/","og_site_name":"Casa Jaguar","article_modified_time":"2026-04-12T21:04:13+00:00","og_image":[{"width":900,"height":891,"url":"https:\/\/casajaguarstudio.com\/wp-content\/uploads\/2026\/04\/Hacia-Jepira.jpg","type":"image\/jpeg"}],"twitter_card":"summary_large_image","twitter_misc":{"Tiempo de lectura":"1 minuto"},"schema":{"@context":"https:\/\/schema.org","@graph":[{"@type":"WebPage","@id":"https:\/\/casajaguarstudio.com\/hacia-jepira\/","url":"https:\/\/casajaguarstudio.com\/hacia-jepira\/","name":"Hacia Jepira - Casa Jaguar","isPartOf":{"@id":"https:\/\/casajaguarstudio.com\/#website"},"primaryImageOfPage":{"@id":"https:\/\/casajaguarstudio.com\/hacia-jepira\/#primaryimage"},"image":{"@id":"https:\/\/casajaguarstudio.com\/hacia-jepira\/#primaryimage"},"thumbnailUrl":"https:\/\/casajaguarstudio.com\/wp-content\/uploads\/2026\/04\/Hacia-Jepira-808x800.jpg","datePublished":"2026-04-12T18:44:46+00:00","dateModified":"2026-04-12T21:04:13+00:00","breadcrumb":{"@id":"https:\/\/casajaguarstudio.com\/hacia-jepira\/#breadcrumb"},"inLanguage":"es-CO","potentialAction":[{"@type":"ReadAction","target":["https:\/\/casajaguarstudio.com\/hacia-jepira\/"]}]},{"@type":"ImageObject","inLanguage":"es-CO","@id":"https:\/\/casajaguarstudio.com\/hacia-jepira\/#primaryimage","url":"https:\/\/casajaguarstudio.com\/wp-content\/uploads\/2026\/04\/Hacia-Jepira-808x800.jpg","contentUrl":"https:\/\/casajaguarstudio.com\/wp-content\/uploads\/2026\/04\/Hacia-Jepira-808x800.jpg"},{"@type":"BreadcrumbList","@id":"https:\/\/casajaguarstudio.com\/hacia-jepira\/#breadcrumb","itemListElement":[{"@type":"ListItem","position":1,"name":"Home","item":"https:\/\/casajaguarstudio.com\/"},{"@type":"ListItem","position":2,"name":"Hacia Jepira"}]},{"@type":"WebSite","@id":"https:\/\/casajaguarstudio.com\/#website","url":"https:\/\/casajaguarstudio.com\/","name":"Casa Jaguar","description":"Studio","potentialAction":[{"@type":"SearchAction","target":{"@type":"EntryPoint","urlTemplate":"https:\/\/casajaguarstudio.com\/?s={search_term_string}"},"query-input":{"@type":"PropertyValueSpecification","valueRequired":true,"valueName":"search_term_string"}}],"inLanguage":"es-CO"}]}},"_links":{"self":[{"href":"https:\/\/casajaguarstudio.com\/es\/wp-json\/wp\/v2\/pages\/12027","targetHints":{"allow":["GET"]}}],"collection":[{"href":"https:\/\/casajaguarstudio.com\/es\/wp-json\/wp\/v2\/pages"}],"about":[{"href":"https:\/\/casajaguarstudio.com\/es\/wp-json\/wp\/v2\/types\/page"}],"author":[{"embeddable":true,"href":"https:\/\/casajaguarstudio.com\/es\/wp-json\/wp\/v2\/users\/1"}],"replies":[{"embeddable":true,"href":"https:\/\/casajaguarstudio.com\/es\/wp-json\/wp\/v2\/comments?post=12027"}],"version-history":[{"count":7,"href":"https:\/\/casajaguarstudio.com\/es\/wp-json\/wp\/v2\/pages\/12027\/revisions"}],"predecessor-version":[{"id":12134,"href":"https:\/\/casajaguarstudio.com\/es\/wp-json\/wp\/v2\/pages\/12027\/revisions\/12134"}],"wp:attachment":[{"href":"https:\/\/casajaguarstudio.com\/es\/wp-json\/wp\/v2\/media?parent=12027"}],"curies":[{"name":"wp","href":"https:\/\/api.w.org\/{rel}","templated":true}]}}