{"id":12032,"date":"2026-04-12T18:55:42","date_gmt":"2026-04-12T18:55:42","guid":{"rendered":"https:\/\/casajaguarstudio.com\/?page_id=12032"},"modified":"2026-04-12T21:05:43","modified_gmt":"2026-04-12T21:05:43","slug":"sira-baukara","status":"publish","type":"page","link":"https:\/\/casajaguarstudio.com\/es\/sira-baukara\/","title":{"rendered":"Sira y Baukara"},"content":{"rendered":"<div data-elementor-type=\"wp-page\" data-elementor-id=\"12032\" class=\"elementor elementor-12032\">\n\t\t\t\t\t\t<section class=\"elementor-section elementor-top-section elementor-element elementor-element-1fa6bb62 elementor-section-boxed elementor-section-height-default elementor-section-height-default wd-section-disabled\" data-id=\"1fa6bb62\" data-element_type=\"section\">\n\t\t\t\t\t\t<div class=\"elementor-container elementor-column-gap-default\">\n\t\t\t\t\t<div class=\"elementor-column elementor-col-50 elementor-top-column elementor-element elementor-element-6f15942b\" data-id=\"6f15942b\" data-element_type=\"column\">\n\t\t\t<div class=\"elementor-widget-wrap elementor-element-populated\">\n\t\t\t\t\t\t<div class=\"elementor-element elementor-element-52b04818 elementor-widget elementor-widget-image\" data-id=\"52b04818\" data-element_type=\"widget\" data-widget_type=\"image.default\">\n\t\t\t\t<div class=\"elementor-widget-container\">\n\t\t\t\t\t\t\t\t\t\t\t\t\t<img fetchpriority=\"high\" decoding=\"async\" width=\"815\" height=\"800\" src=\"https:\/\/casajaguarstudio.com\/wp-content\/uploads\/2026\/04\/Sira-y-Baukara-815x800.jpg\" class=\"attachment-large size-large wp-image-11981\" alt=\"\" srcset=\"https:\/\/casajaguarstudio.com\/wp-content\/uploads\/2026\/04\/Sira-y-Baukara-815x800.jpg 815w, https:\/\/casajaguarstudio.com\/wp-content\/uploads\/2026\/04\/Sira-y-Baukara-306x300.jpg 306w, https:\/\/casajaguarstudio.com\/wp-content\/uploads\/2026\/04\/Sira-y-Baukara-768x754.jpg 768w, https:\/\/casajaguarstudio.com\/wp-content\/uploads\/2026\/04\/Sira-y-Baukara-12x12.jpg 12w, https:\/\/casajaguarstudio.com\/wp-content\/uploads\/2026\/04\/Sira-y-Baukara.jpg 1500w\" sizes=\"(max-width: 815px) 100vw, 815px\" \/>\t\t\t\t\t\t\t\t\t\t\t\t\t<\/div>\n\t\t\t\t<\/div>\n\t\t\t\t\t<\/div>\n\t\t<\/div>\n\t\t\t\t<div class=\"elementor-column elementor-col-50 elementor-top-column elementor-element elementor-element-51caca5e\" data-id=\"51caca5e\" data-element_type=\"column\">\n\t\t\t<div class=\"elementor-widget-wrap elementor-element-populated\">\n\t\t\t\t\t\t<div class=\"elementor-element elementor-element-7e6f885 color-scheme-inherit text-left elementor-widget elementor-widget-text-editor\" data-id=\"7e6f885\" data-element_type=\"widget\" data-widget_type=\"text-editor.default\">\n\t\t\t\t<div class=\"elementor-widget-container\">\n\t\t\t\t\t\t\t<p>Nombre: Sira y Baukara<br \/>Tama\u00f1o: 100 x 100 cm<br \/>T\u00e9cnica: Acr\u00edlico, collage, grabado y \u00f3leo sobre tela<br \/>A\u00f1o: 2025<\/p>\t\t\t\t\t\t<\/div>\n\t\t\t\t<\/div>\n\t\t\t\t<div class=\"elementor-element elementor-element-65d5a2e2 color-scheme-inherit text-left elementor-widget elementor-widget-text-editor\" data-id=\"65d5a2e2\" data-element_type=\"widget\" data-widget_type=\"text-editor.default\">\n\t\t\t\t<div class=\"elementor-widget-container\">\n\t\t\t\t\t\t\t<p>Esta obra retrata al P\u00falpito del Diablo en las alturas de la Sierra Nevada del Cocuy en Colombia. Cumbres como estas que superan los 5600 metros son sagradas para el pueblo U'wa pues son el dominio de seres inmortales de su mitolog\u00eda. Sus mitos cantados se narran en ceremonias y celebraciones de largas horas. Uno de ellos es el mito Aya de la creaci\u00f3n del mundo que evoca a Sira y Baukara. Sira, que se traduce a Luz, crea el mundo con su pensamiento y da origen al calor del sol y el agua de las lagunas para generar vida. Baukara es una deidad femenina creadora de los \u00fateros de la madre tierra donde naci\u00f3 la vida: las lagunas.<\/p>\t\t\t\t\t\t<\/div>\n\t\t\t\t<\/div>\n\t\t\t\t\t<\/div>\n\t\t<\/div>\n\t\t\t\t\t<\/div>\n\t\t<\/section>\n\t\t\t\t<\/div>","protected":false},"excerpt":{"rendered":"<p>Name: Sira and BaukaraSize: 100 x 100 cmMedium: Acrylic, collage, engraving, and oil on fabricYear: 2025 This work depicts the<\/p>","protected":false},"author":1,"featured_media":0,"parent":0,"menu_order":0,"comment_status":"closed","ping_status":"closed","template":"","meta":{"footnotes":""},"class_list":["post-12032","page","type-page","status-publish","hentry"],"yoast_head":"<!-- This site is optimized with the Yoast SEO plugin v26.8 - https:\/\/yoast.com\/product\/yoast-seo-wordpress\/ -->\n<title>Sira y Baukara - Casa Jaguar<\/title>\n<meta name=\"robots\" content=\"index, follow, max-snippet:-1, max-image-preview:large, max-video-preview:-1\" \/>\n<link rel=\"canonical\" href=\"https:\/\/casajaguarstudio.com\/es\/sira-baukara\/\" \/>\n<meta property=\"og:locale\" content=\"es_ES\" \/>\n<meta property=\"og:type\" content=\"article\" \/>\n<meta property=\"og:title\" content=\"Sira y Baukara - Casa Jaguar\" \/>\n<meta property=\"og:description\" content=\"Name: Sira and BaukaraSize: 100 x 100 cmMedium: Acrylic, collage, engraving, and oil on fabricYear: 2025 This work depicts the\" \/>\n<meta property=\"og:url\" content=\"https:\/\/casajaguarstudio.com\/es\/sira-baukara\/\" \/>\n<meta property=\"og:site_name\" content=\"Casa Jaguar\" \/>\n<meta property=\"article:modified_time\" content=\"2026-04-12T21:05:43+00:00\" \/>\n<meta property=\"og:image\" content=\"https:\/\/casajaguarstudio.com\/wp-content\/uploads\/2026\/04\/Sira-y-Baukara.jpg\" \/>\n\t<meta property=\"og:image:width\" content=\"1500\" \/>\n\t<meta property=\"og:image:height\" content=\"1472\" \/>\n\t<meta property=\"og:image:type\" content=\"image\/jpeg\" \/>\n<meta name=\"twitter:card\" content=\"summary_large_image\" \/>\n<meta name=\"twitter:label1\" content=\"Tiempo de lectura\" \/>\n\t<meta name=\"twitter:data1\" content=\"1 minuto\" \/>\n<script type=\"application\/ld+json\" class=\"yoast-schema-graph\">{\"@context\":\"https:\/\/schema.org\",\"@graph\":[{\"@type\":\"WebPage\",\"@id\":\"https:\/\/casajaguarstudio.com\/sira-baukara\/\",\"url\":\"https:\/\/casajaguarstudio.com\/sira-baukara\/\",\"name\":\"Sira y Baukara - Casa Jaguar\",\"isPartOf\":{\"@id\":\"https:\/\/casajaguarstudio.com\/#website\"},\"primaryImageOfPage\":{\"@id\":\"https:\/\/casajaguarstudio.com\/sira-baukara\/#primaryimage\"},\"image\":{\"@id\":\"https:\/\/casajaguarstudio.com\/sira-baukara\/#primaryimage\"},\"thumbnailUrl\":\"https:\/\/casajaguarstudio.com\/wp-content\/uploads\/2026\/04\/Sira-y-Baukara-815x800.jpg\",\"datePublished\":\"2026-04-12T18:55:42+00:00\",\"dateModified\":\"2026-04-12T21:05:43+00:00\",\"breadcrumb\":{\"@id\":\"https:\/\/casajaguarstudio.com\/sira-baukara\/#breadcrumb\"},\"inLanguage\":\"es-CO\",\"potentialAction\":[{\"@type\":\"ReadAction\",\"target\":[\"https:\/\/casajaguarstudio.com\/sira-baukara\/\"]}]},{\"@type\":\"ImageObject\",\"inLanguage\":\"es-CO\",\"@id\":\"https:\/\/casajaguarstudio.com\/sira-baukara\/#primaryimage\",\"url\":\"https:\/\/casajaguarstudio.com\/wp-content\/uploads\/2026\/04\/Sira-y-Baukara-815x800.jpg\",\"contentUrl\":\"https:\/\/casajaguarstudio.com\/wp-content\/uploads\/2026\/04\/Sira-y-Baukara-815x800.jpg\"},{\"@type\":\"BreadcrumbList\",\"@id\":\"https:\/\/casajaguarstudio.com\/sira-baukara\/#breadcrumb\",\"itemListElement\":[{\"@type\":\"ListItem\",\"position\":1,\"name\":\"Home\",\"item\":\"https:\/\/casajaguarstudio.com\/\"},{\"@type\":\"ListItem\",\"position\":2,\"name\":\"Sira y Baukara\"}]},{\"@type\":\"WebSite\",\"@id\":\"https:\/\/casajaguarstudio.com\/#website\",\"url\":\"https:\/\/casajaguarstudio.com\/\",\"name\":\"Casa Jaguar\",\"description\":\"Studio\",\"potentialAction\":[{\"@type\":\"SearchAction\",\"target\":{\"@type\":\"EntryPoint\",\"urlTemplate\":\"https:\/\/casajaguarstudio.com\/?s={search_term_string}\"},\"query-input\":{\"@type\":\"PropertyValueSpecification\",\"valueRequired\":true,\"valueName\":\"search_term_string\"}}],\"inLanguage\":\"es-CO\"}]}<\/script>\n<!-- \/ Yoast SEO plugin. -->","yoast_head_json":{"title":"Sira y Baukara - Casa Jaguar","robots":{"index":"index","follow":"follow","max-snippet":"max-snippet:-1","max-image-preview":"max-image-preview:large","max-video-preview":"max-video-preview:-1"},"canonical":"https:\/\/casajaguarstudio.com\/es\/sira-baukara\/","og_locale":"es_ES","og_type":"article","og_title":"Sira y Baukara - Casa Jaguar","og_description":"Name: Sira and BaukaraSize: 100 x 100 cmMedium: Acrylic, collage, engraving, and oil on fabricYear: 2025 This work depicts the","og_url":"https:\/\/casajaguarstudio.com\/es\/sira-baukara\/","og_site_name":"Casa Jaguar","article_modified_time":"2026-04-12T21:05:43+00:00","og_image":[{"width":1500,"height":1472,"url":"https:\/\/casajaguarstudio.com\/wp-content\/uploads\/2026\/04\/Sira-y-Baukara.jpg","type":"image\/jpeg"}],"twitter_card":"summary_large_image","twitter_misc":{"Tiempo de lectura":"1 minuto"},"schema":{"@context":"https:\/\/schema.org","@graph":[{"@type":"WebPage","@id":"https:\/\/casajaguarstudio.com\/sira-baukara\/","url":"https:\/\/casajaguarstudio.com\/sira-baukara\/","name":"Sira y Baukara - Casa Jaguar","isPartOf":{"@id":"https:\/\/casajaguarstudio.com\/#website"},"primaryImageOfPage":{"@id":"https:\/\/casajaguarstudio.com\/sira-baukara\/#primaryimage"},"image":{"@id":"https:\/\/casajaguarstudio.com\/sira-baukara\/#primaryimage"},"thumbnailUrl":"https:\/\/casajaguarstudio.com\/wp-content\/uploads\/2026\/04\/Sira-y-Baukara-815x800.jpg","datePublished":"2026-04-12T18:55:42+00:00","dateModified":"2026-04-12T21:05:43+00:00","breadcrumb":{"@id":"https:\/\/casajaguarstudio.com\/sira-baukara\/#breadcrumb"},"inLanguage":"es-CO","potentialAction":[{"@type":"ReadAction","target":["https:\/\/casajaguarstudio.com\/sira-baukara\/"]}]},{"@type":"ImageObject","inLanguage":"es-CO","@id":"https:\/\/casajaguarstudio.com\/sira-baukara\/#primaryimage","url":"https:\/\/casajaguarstudio.com\/wp-content\/uploads\/2026\/04\/Sira-y-Baukara-815x800.jpg","contentUrl":"https:\/\/casajaguarstudio.com\/wp-content\/uploads\/2026\/04\/Sira-y-Baukara-815x800.jpg"},{"@type":"BreadcrumbList","@id":"https:\/\/casajaguarstudio.com\/sira-baukara\/#breadcrumb","itemListElement":[{"@type":"ListItem","position":1,"name":"Home","item":"https:\/\/casajaguarstudio.com\/"},{"@type":"ListItem","position":2,"name":"Sira y Baukara"}]},{"@type":"WebSite","@id":"https:\/\/casajaguarstudio.com\/#website","url":"https:\/\/casajaguarstudio.com\/","name":"Casa Jaguar","description":"Studio","potentialAction":[{"@type":"SearchAction","target":{"@type":"EntryPoint","urlTemplate":"https:\/\/casajaguarstudio.com\/?s={search_term_string}"},"query-input":{"@type":"PropertyValueSpecification","valueRequired":true,"valueName":"search_term_string"}}],"inLanguage":"es-CO"}]}},"_links":{"self":[{"href":"https:\/\/casajaguarstudio.com\/es\/wp-json\/wp\/v2\/pages\/12032","targetHints":{"allow":["GET"]}}],"collection":[{"href":"https:\/\/casajaguarstudio.com\/es\/wp-json\/wp\/v2\/pages"}],"about":[{"href":"https:\/\/casajaguarstudio.com\/es\/wp-json\/wp\/v2\/types\/page"}],"author":[{"embeddable":true,"href":"https:\/\/casajaguarstudio.com\/es\/wp-json\/wp\/v2\/users\/1"}],"replies":[{"embeddable":true,"href":"https:\/\/casajaguarstudio.com\/es\/wp-json\/wp\/v2\/comments?post=12032"}],"version-history":[{"count":7,"href":"https:\/\/casajaguarstudio.com\/es\/wp-json\/wp\/v2\/pages\/12032\/revisions"}],"predecessor-version":[{"id":12137,"href":"https:\/\/casajaguarstudio.com\/es\/wp-json\/wp\/v2\/pages\/12032\/revisions\/12137"}],"wp:attachment":[{"href":"https:\/\/casajaguarstudio.com\/es\/wp-json\/wp\/v2\/media?parent=12032"}],"curies":[{"name":"wp","href":"https:\/\/api.w.org\/{rel}","templated":true}]}}