{"id":12046,"date":"2026-04-12T18:58:20","date_gmt":"2026-04-12T18:58:20","guid":{"rendered":"https:\/\/casajaguarstudio.com\/?page_id=12046"},"modified":"2026-04-12T21:07:59","modified_gmt":"2026-04-12T21:07:59","slug":"purace","status":"publish","type":"page","link":"https:\/\/casajaguarstudio.com\/es\/purace\/","title":{"rendered":"Purac\u00e9: serpiente de agua y fuego"},"content":{"rendered":"<div data-elementor-type=\"wp-page\" data-elementor-id=\"12046\" class=\"elementor elementor-12046\">\n\t\t\t\t\t\t<section class=\"elementor-section elementor-top-section elementor-element elementor-element-4b94642a elementor-section-boxed elementor-section-height-default elementor-section-height-default wd-section-disabled\" data-id=\"4b94642a\" data-element_type=\"section\">\n\t\t\t\t\t\t<div class=\"elementor-container elementor-column-gap-default\">\n\t\t\t\t\t<div class=\"elementor-column elementor-col-100 elementor-top-column elementor-element elementor-element-18ccdb0c\" data-id=\"18ccdb0c\" data-element_type=\"column\">\n\t\t\t<div class=\"elementor-widget-wrap elementor-element-populated\">\n\t\t\t\t\t\t<div class=\"elementor-element elementor-element-560c6298 elementor-widget elementor-widget-image\" data-id=\"560c6298\" data-element_type=\"widget\" data-widget_type=\"image.default\">\n\t\t\t\t<div class=\"elementor-widget-container\">\n\t\t\t\t\t\t\t\t\t\t\t\t\t<img fetchpriority=\"high\" decoding=\"async\" width=\"1300\" height=\"733\" src=\"https:\/\/casajaguarstudio.com\/wp-content\/uploads\/2025\/09\/Purace-serpiente-de-agua-y-fuego-1300x733.jpg\" class=\"attachment-large size-large wp-image-11061\" alt=\"\" srcset=\"https:\/\/casajaguarstudio.com\/wp-content\/uploads\/2025\/09\/Purace-serpiente-de-agua-y-fuego-1300x733.jpg 1300w, https:\/\/casajaguarstudio.com\/wp-content\/uploads\/2025\/09\/Purace-serpiente-de-agua-y-fuego-400x225.jpg 400w, https:\/\/casajaguarstudio.com\/wp-content\/uploads\/2025\/09\/Purace-serpiente-de-agua-y-fuego-768x433.jpg 768w, https:\/\/casajaguarstudio.com\/wp-content\/uploads\/2025\/09\/Purace-serpiente-de-agua-y-fuego-1536x866.jpg 1536w, https:\/\/casajaguarstudio.com\/wp-content\/uploads\/2025\/09\/Purace-serpiente-de-agua-y-fuego-18x10.jpg 18w, https:\/\/casajaguarstudio.com\/wp-content\/uploads\/2025\/09\/Purace-serpiente-de-agua-y-fuego.jpg 1703w\" sizes=\"(max-width: 1300px) 100vw, 1300px\" \/>\t\t\t\t\t\t\t\t\t\t\t\t\t<\/div>\n\t\t\t\t<\/div>\n\t\t\t\t\t<\/div>\n\t\t<\/div>\n\t\t\t\t\t<\/div>\n\t\t<\/section>\n\t\t\t\t<section class=\"elementor-section elementor-top-section elementor-element elementor-element-4c3823f9 elementor-section-boxed elementor-section-height-default elementor-section-height-default wd-section-disabled\" data-id=\"4c3823f9\" data-element_type=\"section\">\n\t\t\t\t\t\t<div class=\"elementor-container elementor-column-gap-default\">\n\t\t\t\t\t<div class=\"elementor-column elementor-col-100 elementor-top-column elementor-element elementor-element-60881225\" data-id=\"60881225\" data-element_type=\"column\">\n\t\t\t<div class=\"elementor-widget-wrap elementor-element-populated\">\n\t\t\t\t\t\t<div class=\"elementor-element elementor-element-788e19b5 color-scheme-inherit text-left elementor-widget elementor-widget-text-editor\" data-id=\"788e19b5\" data-element_type=\"widget\" data-widget_type=\"text-editor.default\">\n\t\t\t\t<div class=\"elementor-widget-container\">\n\t\t\t\t\t\t\t<p>Nombre: Purac\u00e9: serpiente de agua y fuego<\/p><p>Medidas: 155 x 90 cm<\/p><p>T\u00e9cnica: Arcr\u00edlico, collage, grabado y \u00f3leo sobre tela<\/p><p>A\u00f1o: 2025<\/p>\t\t\t\t\t\t<\/div>\n\t\t\t\t<\/div>\n\t\t\t\t<div class=\"elementor-element elementor-element-1cc233ba color-scheme-inherit text-left elementor-widget elementor-widget-text-editor\" data-id=\"1cc233ba\" data-element_type=\"widget\" data-widget_type=\"text-editor.default\">\n\t\t\t\t<div class=\"elementor-widget-container\">\n\t\t\t\t\t\t\t<p class=\"p1\">El Purac\u00e9 es uno de los volcanes m\u00e1s activos en Colombia. Se encuentra en la zona norte del cintur\u00f3n volc\u00e1nico de los Andes. El pueblo Kokonuko cuenta que en el principio de los tiempos, el volc\u00e1n Purac\u00e9 y el nevado Sotar\u00e1 se comunicaban a trav\u00e9s de bolas de fuego y as\u00ed manten\u00edan su equilibro. Lleg\u00f3 un momento en el que Purac\u00e9 y Sotar\u00e1 hicieron una erupci\u00f3n tan fuerte que derriti\u00f3 el hielo que los cubr\u00eda y se convirti\u00f3 en agua que baj\u00f3 en una avalancha dentro de la cual ven\u00eda una serpiente. Esta serpiente le dio vida al pueblo Kokonuko, a los tres mundos de su cosmovisi\u00f3n y a todas las formas de vida en ellos.<\/p>\t\t\t\t\t\t<\/div>\n\t\t\t\t<\/div>\n\t\t\t\t\t<\/div>\n\t\t<\/div>\n\t\t\t\t\t<\/div>\n\t\t<\/section>\n\t\t\t\t<\/div>","protected":false},"excerpt":{"rendered":"<p>Name: Purac\u00e9: air and water serpent Size: 155 x 90 cm Medium: Acrylic, collage, engraving and oil on fabric Year:<\/p>","protected":false},"author":1,"featured_media":0,"parent":0,"menu_order":0,"comment_status":"closed","ping_status":"closed","template":"","meta":{"footnotes":""},"class_list":["post-12046","page","type-page","status-publish","hentry"],"yoast_head":"<!-- This site is optimized with the Yoast SEO plugin v26.8 - https:\/\/yoast.com\/product\/yoast-seo-wordpress\/ -->\n<title>Purac\u00e9: serpiente de agua y fuego - Casa Jaguar<\/title>\n<meta name=\"robots\" content=\"index, follow, max-snippet:-1, max-image-preview:large, max-video-preview:-1\" \/>\n<link rel=\"canonical\" href=\"https:\/\/casajaguarstudio.com\/es\/purace\/\" \/>\n<meta property=\"og:locale\" content=\"es_ES\" \/>\n<meta property=\"og:type\" content=\"article\" \/>\n<meta property=\"og:title\" content=\"Purac\u00e9: serpiente de agua y fuego - Casa Jaguar\" \/>\n<meta property=\"og:description\" content=\"Name: Purac\u00e9: air and water serpent Size: 155 x 90 cm Medium: Acrylic, collage, engraving and oil on fabric Year:\" \/>\n<meta property=\"og:url\" content=\"https:\/\/casajaguarstudio.com\/es\/purace\/\" \/>\n<meta property=\"og:site_name\" content=\"Casa Jaguar\" \/>\n<meta property=\"article:modified_time\" content=\"2026-04-12T21:07:59+00:00\" \/>\n<meta property=\"og:image\" content=\"https:\/\/casajaguarstudio.com\/wp-content\/uploads\/2025\/09\/Purace-serpiente-de-agua-y-fuego.jpg\" \/>\n\t<meta property=\"og:image:width\" content=\"1703\" \/>\n\t<meta property=\"og:image:height\" content=\"960\" \/>\n\t<meta property=\"og:image:type\" content=\"image\/jpeg\" \/>\n<meta name=\"twitter:card\" content=\"summary_large_image\" \/>\n<meta name=\"twitter:label1\" content=\"Tiempo de lectura\" \/>\n\t<meta name=\"twitter:data1\" content=\"1 minuto\" \/>\n<script type=\"application\/ld+json\" class=\"yoast-schema-graph\">{\"@context\":\"https:\/\/schema.org\",\"@graph\":[{\"@type\":\"WebPage\",\"@id\":\"https:\/\/casajaguarstudio.com\/purace\/\",\"url\":\"https:\/\/casajaguarstudio.com\/purace\/\",\"name\":\"Purac\u00e9: serpiente de agua y fuego - Casa Jaguar\",\"isPartOf\":{\"@id\":\"https:\/\/casajaguarstudio.com\/#website\"},\"primaryImageOfPage\":{\"@id\":\"https:\/\/casajaguarstudio.com\/purace\/#primaryimage\"},\"image\":{\"@id\":\"https:\/\/casajaguarstudio.com\/purace\/#primaryimage\"},\"thumbnailUrl\":\"https:\/\/casajaguarstudio.com\/wp-content\/uploads\/2025\/09\/Purace-serpiente-de-agua-y-fuego-1300x733.jpg\",\"datePublished\":\"2026-04-12T18:58:20+00:00\",\"dateModified\":\"2026-04-12T21:07:59+00:00\",\"breadcrumb\":{\"@id\":\"https:\/\/casajaguarstudio.com\/purace\/#breadcrumb\"},\"inLanguage\":\"es-CO\",\"potentialAction\":[{\"@type\":\"ReadAction\",\"target\":[\"https:\/\/casajaguarstudio.com\/purace\/\"]}]},{\"@type\":\"ImageObject\",\"inLanguage\":\"es-CO\",\"@id\":\"https:\/\/casajaguarstudio.com\/purace\/#primaryimage\",\"url\":\"https:\/\/casajaguarstudio.com\/wp-content\/uploads\/2025\/09\/Purace-serpiente-de-agua-y-fuego-1300x733.jpg\",\"contentUrl\":\"https:\/\/casajaguarstudio.com\/wp-content\/uploads\/2025\/09\/Purace-serpiente-de-agua-y-fuego-1300x733.jpg\"},{\"@type\":\"BreadcrumbList\",\"@id\":\"https:\/\/casajaguarstudio.com\/purace\/#breadcrumb\",\"itemListElement\":[{\"@type\":\"ListItem\",\"position\":1,\"name\":\"Home\",\"item\":\"https:\/\/casajaguarstudio.com\/\"},{\"@type\":\"ListItem\",\"position\":2,\"name\":\"Purac\u00e9: serpiente de agua y fuego\"}]},{\"@type\":\"WebSite\",\"@id\":\"https:\/\/casajaguarstudio.com\/#website\",\"url\":\"https:\/\/casajaguarstudio.com\/\",\"name\":\"Casa Jaguar\",\"description\":\"Studio\",\"potentialAction\":[{\"@type\":\"SearchAction\",\"target\":{\"@type\":\"EntryPoint\",\"urlTemplate\":\"https:\/\/casajaguarstudio.com\/?s={search_term_string}\"},\"query-input\":{\"@type\":\"PropertyValueSpecification\",\"valueRequired\":true,\"valueName\":\"search_term_string\"}}],\"inLanguage\":\"es-CO\"}]}<\/script>\n<!-- \/ Yoast SEO plugin. -->","yoast_head_json":{"title":"Purac\u00e9: serpiente de agua y fuego - Casa Jaguar","robots":{"index":"index","follow":"follow","max-snippet":"max-snippet:-1","max-image-preview":"max-image-preview:large","max-video-preview":"max-video-preview:-1"},"canonical":"https:\/\/casajaguarstudio.com\/es\/purace\/","og_locale":"es_ES","og_type":"article","og_title":"Purac\u00e9: serpiente de agua y fuego - Casa Jaguar","og_description":"Name: Purac\u00e9: air and water serpent Size: 155 x 90 cm Medium: Acrylic, collage, engraving and oil on fabric Year:","og_url":"https:\/\/casajaguarstudio.com\/es\/purace\/","og_site_name":"Casa Jaguar","article_modified_time":"2026-04-12T21:07:59+00:00","og_image":[{"width":1703,"height":960,"url":"https:\/\/casajaguarstudio.com\/wp-content\/uploads\/2025\/09\/Purace-serpiente-de-agua-y-fuego.jpg","type":"image\/jpeg"}],"twitter_card":"summary_large_image","twitter_misc":{"Tiempo de lectura":"1 minuto"},"schema":{"@context":"https:\/\/schema.org","@graph":[{"@type":"WebPage","@id":"https:\/\/casajaguarstudio.com\/purace\/","url":"https:\/\/casajaguarstudio.com\/purace\/","name":"Purac\u00e9: serpiente de agua y fuego - Casa Jaguar","isPartOf":{"@id":"https:\/\/casajaguarstudio.com\/#website"},"primaryImageOfPage":{"@id":"https:\/\/casajaguarstudio.com\/purace\/#primaryimage"},"image":{"@id":"https:\/\/casajaguarstudio.com\/purace\/#primaryimage"},"thumbnailUrl":"https:\/\/casajaguarstudio.com\/wp-content\/uploads\/2025\/09\/Purace-serpiente-de-agua-y-fuego-1300x733.jpg","datePublished":"2026-04-12T18:58:20+00:00","dateModified":"2026-04-12T21:07:59+00:00","breadcrumb":{"@id":"https:\/\/casajaguarstudio.com\/purace\/#breadcrumb"},"inLanguage":"es-CO","potentialAction":[{"@type":"ReadAction","target":["https:\/\/casajaguarstudio.com\/purace\/"]}]},{"@type":"ImageObject","inLanguage":"es-CO","@id":"https:\/\/casajaguarstudio.com\/purace\/#primaryimage","url":"https:\/\/casajaguarstudio.com\/wp-content\/uploads\/2025\/09\/Purace-serpiente-de-agua-y-fuego-1300x733.jpg","contentUrl":"https:\/\/casajaguarstudio.com\/wp-content\/uploads\/2025\/09\/Purace-serpiente-de-agua-y-fuego-1300x733.jpg"},{"@type":"BreadcrumbList","@id":"https:\/\/casajaguarstudio.com\/purace\/#breadcrumb","itemListElement":[{"@type":"ListItem","position":1,"name":"Home","item":"https:\/\/casajaguarstudio.com\/"},{"@type":"ListItem","position":2,"name":"Purac\u00e9: serpiente de agua y fuego"}]},{"@type":"WebSite","@id":"https:\/\/casajaguarstudio.com\/#website","url":"https:\/\/casajaguarstudio.com\/","name":"Casa Jaguar","description":"Studio","potentialAction":[{"@type":"SearchAction","target":{"@type":"EntryPoint","urlTemplate":"https:\/\/casajaguarstudio.com\/?s={search_term_string}"},"query-input":{"@type":"PropertyValueSpecification","valueRequired":true,"valueName":"search_term_string"}}],"inLanguage":"es-CO"}]}},"_links":{"self":[{"href":"https:\/\/casajaguarstudio.com\/es\/wp-json\/wp\/v2\/pages\/12046","targetHints":{"allow":["GET"]}}],"collection":[{"href":"https:\/\/casajaguarstudio.com\/es\/wp-json\/wp\/v2\/pages"}],"about":[{"href":"https:\/\/casajaguarstudio.com\/es\/wp-json\/wp\/v2\/types\/page"}],"author":[{"embeddable":true,"href":"https:\/\/casajaguarstudio.com\/es\/wp-json\/wp\/v2\/users\/1"}],"replies":[{"embeddable":true,"href":"https:\/\/casajaguarstudio.com\/es\/wp-json\/wp\/v2\/comments?post=12046"}],"version-history":[{"count":10,"href":"https:\/\/casajaguarstudio.com\/es\/wp-json\/wp\/v2\/pages\/12046\/revisions"}],"predecessor-version":[{"id":12140,"href":"https:\/\/casajaguarstudio.com\/es\/wp-json\/wp\/v2\/pages\/12046\/revisions\/12140"}],"wp:attachment":[{"href":"https:\/\/casajaguarstudio.com\/es\/wp-json\/wp\/v2\/media?parent=12046"}],"curies":[{"name":"wp","href":"https:\/\/api.w.org\/{rel}","templated":true}]}}