{"id":12060,"date":"2026-04-12T19:06:40","date_gmt":"2026-04-12T19:06:40","guid":{"rendered":"https:\/\/casajaguarstudio.com\/?page_id=12060"},"modified":"2026-04-12T21:08:53","modified_gmt":"2026-04-12T21:08:53","slug":"las-flores-del-cacao","status":"publish","type":"page","link":"https:\/\/casajaguarstudio.com\/es\/las-flores-del-cacao\/","title":{"rendered":"Las flores del cacao"},"content":{"rendered":"<div data-elementor-type=\"wp-page\" data-elementor-id=\"12060\" class=\"elementor elementor-12060\">\n\t\t\t\t\t\t<section class=\"elementor-section elementor-top-section elementor-element elementor-element-c58bb24 elementor-section-full_width elementor-section-height-default elementor-section-height-default wd-section-disabled\" data-id=\"c58bb24\" data-element_type=\"section\">\n\t\t\t\t\t\t<div class=\"elementor-container elementor-column-gap-default\">\n\t\t\t\t\t<div class=\"elementor-column elementor-col-50 elementor-top-column elementor-element elementor-element-0d6478e\" data-id=\"0d6478e\" data-element_type=\"column\">\n\t\t\t<div class=\"elementor-widget-wrap elementor-element-populated\">\n\t\t\t\t\t\t<div class=\"elementor-element elementor-element-8bff708 elementor-widget elementor-widget-image\" data-id=\"8bff708\" data-element_type=\"widget\" data-widget_type=\"image.default\">\n\t\t\t\t<div class=\"elementor-widget-container\">\n\t\t\t\t\t\t\t\t\t\t\t\t\t<img fetchpriority=\"high\" decoding=\"async\" width=\"633\" height=\"800\" src=\"https:\/\/casajaguarstudio.com\/wp-content\/uploads\/2026\/04\/Las-flores-del-cacao-633x800.jpeg\" class=\"attachment-large size-large wp-image-11983\" alt=\"\" srcset=\"https:\/\/casajaguarstudio.com\/wp-content\/uploads\/2026\/04\/Las-flores-del-cacao-633x800.jpeg 633w, https:\/\/casajaguarstudio.com\/wp-content\/uploads\/2026\/04\/Las-flores-del-cacao-237x300.jpeg 237w, https:\/\/casajaguarstudio.com\/wp-content\/uploads\/2026\/04\/Las-flores-del-cacao-768x970.jpeg 768w, https:\/\/casajaguarstudio.com\/wp-content\/uploads\/2026\/04\/Las-flores-del-cacao-9x12.jpeg 9w, https:\/\/casajaguarstudio.com\/wp-content\/uploads\/2026\/04\/Las-flores-del-cacao.jpeg 1200w\" sizes=\"(max-width: 633px) 100vw, 633px\" \/>\t\t\t\t\t\t\t\t\t\t\t\t\t<\/div>\n\t\t\t\t<\/div>\n\t\t\t\t\t<\/div>\n\t\t<\/div>\n\t\t\t\t<div class=\"elementor-column elementor-col-50 elementor-top-column elementor-element elementor-element-2a18075\" data-id=\"2a18075\" data-element_type=\"column\">\n\t\t\t<div class=\"elementor-widget-wrap elementor-element-populated\">\n\t\t\t\t\t\t<div class=\"elementor-element elementor-element-81893c4 color-scheme-inherit text-left elementor-widget elementor-widget-text-editor\" data-id=\"81893c4\" data-element_type=\"widget\" data-widget_type=\"text-editor.default\">\n\t\t\t\t<div class=\"elementor-widget-container\">\n\t\t\t\t\t\t\t<p>Nombre: Las flores del cacao<br \/>Tama\u00f1o: 100 x 147<span data-sheets-root=\"1\">\u00a0cm<\/span><br \/>T\u00e9cnica: Acr\u00edlico, collage, grabado y \u00f3leo sobre tela<br \/>A\u00f1o: 2025<\/p>\t\t\t\t\t\t<\/div>\n\t\t\t\t<\/div>\n\t\t\t\t\t<\/div>\n\t\t<\/div>\n\t\t\t\t\t<\/div>\n\t\t<\/section>\n\t\t\t\t<section class=\"elementor-section elementor-top-section elementor-element elementor-element-1217c05 elementor-section-full_width elementor-section-height-default elementor-section-height-default wd-section-disabled\" data-id=\"1217c05\" data-element_type=\"section\">\n\t\t\t\t\t\t<div class=\"elementor-container elementor-column-gap-default\">\n\t\t\t\t\t<div class=\"elementor-column elementor-col-100 elementor-top-column elementor-element elementor-element-b2bab3f\" data-id=\"b2bab3f\" data-element_type=\"column\">\n\t\t\t<div class=\"elementor-widget-wrap elementor-element-populated\">\n\t\t\t\t\t\t<div class=\"elementor-element elementor-element-a038a28 color-scheme-inherit text-left elementor-widget elementor-widget-text-editor\" data-id=\"a038a28\" data-element_type=\"widget\" data-widget_type=\"text-editor.default\">\n\t\t\t\t<div class=\"elementor-widget-container\">\n\t\t\t\t\t\t\t<p class=\"p1\">Para esta pieza, me inspir\u00e9 en los sistemas de cultivo amaz\u00f3nicos y las plantas comestibles domesticadas por los pueblos de esta regi\u00f3n del mundo. El \u00e1rbol del cacao, de donde viene el chocolate, fue domesticado hace alrededor de 5000 a\u00f1os por los pueblos amaz\u00f3nicos en sus huertos o jardines inmersos en la selva y su biodiversidad. De las chagras o chakras amaz\u00f3nicas, el cacao viaj\u00f3 por rutas de intercambio y comercio hacia Mesoam\u00e9rica a trav\u00e9s de la costa Pac\u00edfica de lo que hoy es el norte de Sudam\u00e9rica. Los Olmecas fueron los primeros en cultivar el cacao hace m\u00e1s de tres mil a\u00f1os en Mesoamerica. Con el tiempo, el cacao fue sembrado y utilizado por las poblaciones mayas y aztecas. Para ellas, la bebida que se preparaba con las semillas tostadas y molidas era de mucho valor y s\u00f3lo las \u00e9lites pod\u00edan consumirla. Varios poetas nahuas de lo que hoy es el centro de M\u00e9xico, le dedicaron poemas al \u00e1rbol, sus flores y fruto. El poeta Xayacamach de Tizatl\u00e1n escribi\u00f3 en el siglo XV: Se embriaga con el coraz\u00f3n de la flor de cacao. Resuena un hermoso canto, eleva su canto Tlapalteuccitzin. Fragantes son sus flores, se estremecen las flores, Las flores del cacao.\"<\/p>\t\t\t\t\t\t<\/div>\n\t\t\t\t<\/div>\n\t\t\t\t\t<\/div>\n\t\t<\/div>\n\t\t\t\t\t<\/div>\n\t\t<\/section>\n\t\t\t\t<\/div>","protected":false},"excerpt":{"rendered":"<p>Name: The flowers of cacaoSize: 100 x 147\u00a0cmMedium: Acrylic, oil, collage, engraving on fabricYear: 2025 For this piece, I was<\/p>","protected":false},"author":1,"featured_media":0,"parent":0,"menu_order":0,"comment_status":"closed","ping_status":"closed","template":"","meta":{"footnotes":""},"class_list":["post-12060","page","type-page","status-publish","hentry"],"yoast_head":"<!-- This site is optimized with the Yoast SEO plugin v26.8 - https:\/\/yoast.com\/product\/yoast-seo-wordpress\/ -->\n<title>Las flores del cacao - Casa Jaguar<\/title>\n<meta name=\"robots\" content=\"index, follow, max-snippet:-1, max-image-preview:large, max-video-preview:-1\" \/>\n<link rel=\"canonical\" href=\"https:\/\/casajaguarstudio.com\/es\/las-flores-del-cacao\/\" \/>\n<meta property=\"og:locale\" content=\"es_ES\" \/>\n<meta property=\"og:type\" content=\"article\" \/>\n<meta property=\"og:title\" content=\"Las flores del cacao - Casa Jaguar\" \/>\n<meta property=\"og:description\" content=\"Name: The flowers of cacaoSize: 100 x 147\u00a0cmMedium: Acrylic, oil, collage, engraving on fabricYear: 2025 For this piece, I was\" \/>\n<meta property=\"og:url\" content=\"https:\/\/casajaguarstudio.com\/es\/las-flores-del-cacao\/\" \/>\n<meta property=\"og:site_name\" content=\"Casa Jaguar\" \/>\n<meta property=\"article:modified_time\" content=\"2026-04-12T21:08:53+00:00\" \/>\n<meta property=\"og:image\" content=\"https:\/\/casajaguarstudio.com\/wp-content\/uploads\/2026\/04\/Las-flores-del-cacao.jpeg\" \/>\n\t<meta property=\"og:image:width\" content=\"1200\" \/>\n\t<meta property=\"og:image:height\" content=\"1516\" \/>\n\t<meta property=\"og:image:type\" content=\"image\/jpeg\" \/>\n<meta name=\"twitter:card\" content=\"summary_large_image\" \/>\n<meta name=\"twitter:label1\" content=\"Tiempo de lectura\" \/>\n\t<meta name=\"twitter:data1\" content=\"2 minutos\" \/>\n<script type=\"application\/ld+json\" class=\"yoast-schema-graph\">{\"@context\":\"https:\/\/schema.org\",\"@graph\":[{\"@type\":\"WebPage\",\"@id\":\"https:\/\/casajaguarstudio.com\/las-flores-del-cacao\/\",\"url\":\"https:\/\/casajaguarstudio.com\/las-flores-del-cacao\/\",\"name\":\"Las flores del cacao - Casa Jaguar\",\"isPartOf\":{\"@id\":\"https:\/\/casajaguarstudio.com\/#website\"},\"primaryImageOfPage\":{\"@id\":\"https:\/\/casajaguarstudio.com\/las-flores-del-cacao\/#primaryimage\"},\"image\":{\"@id\":\"https:\/\/casajaguarstudio.com\/las-flores-del-cacao\/#primaryimage\"},\"thumbnailUrl\":\"https:\/\/casajaguarstudio.com\/wp-content\/uploads\/2026\/04\/Las-flores-del-cacao-633x800.jpeg\",\"datePublished\":\"2026-04-12T19:06:40+00:00\",\"dateModified\":\"2026-04-12T21:08:53+00:00\",\"breadcrumb\":{\"@id\":\"https:\/\/casajaguarstudio.com\/las-flores-del-cacao\/#breadcrumb\"},\"inLanguage\":\"es-CO\",\"potentialAction\":[{\"@type\":\"ReadAction\",\"target\":[\"https:\/\/casajaguarstudio.com\/las-flores-del-cacao\/\"]}]},{\"@type\":\"ImageObject\",\"inLanguage\":\"es-CO\",\"@id\":\"https:\/\/casajaguarstudio.com\/las-flores-del-cacao\/#primaryimage\",\"url\":\"https:\/\/casajaguarstudio.com\/wp-content\/uploads\/2026\/04\/Las-flores-del-cacao-633x800.jpeg\",\"contentUrl\":\"https:\/\/casajaguarstudio.com\/wp-content\/uploads\/2026\/04\/Las-flores-del-cacao-633x800.jpeg\"},{\"@type\":\"BreadcrumbList\",\"@id\":\"https:\/\/casajaguarstudio.com\/las-flores-del-cacao\/#breadcrumb\",\"itemListElement\":[{\"@type\":\"ListItem\",\"position\":1,\"name\":\"Home\",\"item\":\"https:\/\/casajaguarstudio.com\/\"},{\"@type\":\"ListItem\",\"position\":2,\"name\":\"Las flores del cacao\"}]},{\"@type\":\"WebSite\",\"@id\":\"https:\/\/casajaguarstudio.com\/#website\",\"url\":\"https:\/\/casajaguarstudio.com\/\",\"name\":\"Casa Jaguar\",\"description\":\"Studio\",\"potentialAction\":[{\"@type\":\"SearchAction\",\"target\":{\"@type\":\"EntryPoint\",\"urlTemplate\":\"https:\/\/casajaguarstudio.com\/?s={search_term_string}\"},\"query-input\":{\"@type\":\"PropertyValueSpecification\",\"valueRequired\":true,\"valueName\":\"search_term_string\"}}],\"inLanguage\":\"es-CO\"}]}<\/script>\n<!-- \/ Yoast SEO plugin. -->","yoast_head_json":{"title":"Las flores del cacao - Casa Jaguar","robots":{"index":"index","follow":"follow","max-snippet":"max-snippet:-1","max-image-preview":"max-image-preview:large","max-video-preview":"max-video-preview:-1"},"canonical":"https:\/\/casajaguarstudio.com\/es\/las-flores-del-cacao\/","og_locale":"es_ES","og_type":"article","og_title":"Las flores del cacao - Casa Jaguar","og_description":"Name: The flowers of cacaoSize: 100 x 147\u00a0cmMedium: Acrylic, oil, collage, engraving on fabricYear: 2025 For this piece, I was","og_url":"https:\/\/casajaguarstudio.com\/es\/las-flores-del-cacao\/","og_site_name":"Casa Jaguar","article_modified_time":"2026-04-12T21:08:53+00:00","og_image":[{"width":1200,"height":1516,"url":"https:\/\/casajaguarstudio.com\/wp-content\/uploads\/2026\/04\/Las-flores-del-cacao.jpeg","type":"image\/jpeg"}],"twitter_card":"summary_large_image","twitter_misc":{"Tiempo de lectura":"2 minutos"},"schema":{"@context":"https:\/\/schema.org","@graph":[{"@type":"WebPage","@id":"https:\/\/casajaguarstudio.com\/las-flores-del-cacao\/","url":"https:\/\/casajaguarstudio.com\/las-flores-del-cacao\/","name":"Las flores del cacao - Casa Jaguar","isPartOf":{"@id":"https:\/\/casajaguarstudio.com\/#website"},"primaryImageOfPage":{"@id":"https:\/\/casajaguarstudio.com\/las-flores-del-cacao\/#primaryimage"},"image":{"@id":"https:\/\/casajaguarstudio.com\/las-flores-del-cacao\/#primaryimage"},"thumbnailUrl":"https:\/\/casajaguarstudio.com\/wp-content\/uploads\/2026\/04\/Las-flores-del-cacao-633x800.jpeg","datePublished":"2026-04-12T19:06:40+00:00","dateModified":"2026-04-12T21:08:53+00:00","breadcrumb":{"@id":"https:\/\/casajaguarstudio.com\/las-flores-del-cacao\/#breadcrumb"},"inLanguage":"es-CO","potentialAction":[{"@type":"ReadAction","target":["https:\/\/casajaguarstudio.com\/las-flores-del-cacao\/"]}]},{"@type":"ImageObject","inLanguage":"es-CO","@id":"https:\/\/casajaguarstudio.com\/las-flores-del-cacao\/#primaryimage","url":"https:\/\/casajaguarstudio.com\/wp-content\/uploads\/2026\/04\/Las-flores-del-cacao-633x800.jpeg","contentUrl":"https:\/\/casajaguarstudio.com\/wp-content\/uploads\/2026\/04\/Las-flores-del-cacao-633x800.jpeg"},{"@type":"BreadcrumbList","@id":"https:\/\/casajaguarstudio.com\/las-flores-del-cacao\/#breadcrumb","itemListElement":[{"@type":"ListItem","position":1,"name":"Home","item":"https:\/\/casajaguarstudio.com\/"},{"@type":"ListItem","position":2,"name":"Las flores del cacao"}]},{"@type":"WebSite","@id":"https:\/\/casajaguarstudio.com\/#website","url":"https:\/\/casajaguarstudio.com\/","name":"Casa Jaguar","description":"Studio","potentialAction":[{"@type":"SearchAction","target":{"@type":"EntryPoint","urlTemplate":"https:\/\/casajaguarstudio.com\/?s={search_term_string}"},"query-input":{"@type":"PropertyValueSpecification","valueRequired":true,"valueName":"search_term_string"}}],"inLanguage":"es-CO"}]}},"_links":{"self":[{"href":"https:\/\/casajaguarstudio.com\/es\/wp-json\/wp\/v2\/pages\/12060","targetHints":{"allow":["GET"]}}],"collection":[{"href":"https:\/\/casajaguarstudio.com\/es\/wp-json\/wp\/v2\/pages"}],"about":[{"href":"https:\/\/casajaguarstudio.com\/es\/wp-json\/wp\/v2\/types\/page"}],"author":[{"embeddable":true,"href":"https:\/\/casajaguarstudio.com\/es\/wp-json\/wp\/v2\/users\/1"}],"replies":[{"embeddable":true,"href":"https:\/\/casajaguarstudio.com\/es\/wp-json\/wp\/v2\/comments?post=12060"}],"version-history":[{"count":7,"href":"https:\/\/casajaguarstudio.com\/es\/wp-json\/wp\/v2\/pages\/12060\/revisions"}],"predecessor-version":[{"id":12143,"href":"https:\/\/casajaguarstudio.com\/es\/wp-json\/wp\/v2\/pages\/12060\/revisions\/12143"}],"wp:attachment":[{"href":"https:\/\/casajaguarstudio.com\/es\/wp-json\/wp\/v2\/media?parent=12060"}],"curies":[{"name":"wp","href":"https:\/\/api.w.org\/{rel}","templated":true}]}}