{"id":12071,"date":"2026-04-12T19:30:08","date_gmt":"2026-04-12T19:30:08","guid":{"rendered":"https:\/\/casajaguarstudio.com\/?page_id=12071"},"modified":"2026-04-12T21:10:15","modified_gmt":"2026-04-12T21:10:15","slug":"la-resistencia-del-metal","status":"publish","type":"page","link":"https:\/\/casajaguarstudio.com\/es\/la-resistencia-del-metal\/","title":{"rendered":"La resistencia del metal"},"content":{"rendered":"<div data-elementor-type=\"wp-page\" data-elementor-id=\"12071\" class=\"elementor elementor-12071\">\n\t\t\t\t\t\t<section class=\"elementor-section elementor-top-section elementor-element elementor-element-1fa6bb62 elementor-section-boxed elementor-section-height-default elementor-section-height-default wd-section-disabled\" data-id=\"1fa6bb62\" data-element_type=\"section\">\n\t\t\t\t\t\t<div class=\"elementor-container elementor-column-gap-default\">\n\t\t\t\t\t<div class=\"elementor-column elementor-col-50 elementor-top-column elementor-element elementor-element-6f15942b\" data-id=\"6f15942b\" data-element_type=\"column\">\n\t\t\t<div class=\"elementor-widget-wrap elementor-element-populated\">\n\t\t\t\t\t\t<div class=\"elementor-element elementor-element-52b04818 elementor-widget elementor-widget-image\" data-id=\"52b04818\" data-element_type=\"widget\" data-widget_type=\"image.default\">\n\t\t\t\t<div class=\"elementor-widget-container\">\n\t\t\t\t\t\t\t\t\t\t\t\t\t<img fetchpriority=\"high\" decoding=\"async\" width=\"794\" height=\"800\" src=\"https:\/\/casajaguarstudio.com\/wp-content\/uploads\/2026\/04\/La-resistencia-del-metal-794x800.jpg\" class=\"attachment-large size-large wp-image-11982\" alt=\"\" srcset=\"https:\/\/casajaguarstudio.com\/wp-content\/uploads\/2026\/04\/La-resistencia-del-metal-794x800.jpg 794w, https:\/\/casajaguarstudio.com\/wp-content\/uploads\/2026\/04\/La-resistencia-del-metal-298x300.jpg 298w, https:\/\/casajaguarstudio.com\/wp-content\/uploads\/2026\/04\/La-resistencia-del-metal-150x150.jpg 150w, https:\/\/casajaguarstudio.com\/wp-content\/uploads\/2026\/04\/La-resistencia-del-metal-768x773.jpg 768w, https:\/\/casajaguarstudio.com\/wp-content\/uploads\/2026\/04\/La-resistencia-del-metal-1525x1536.jpg 1525w, https:\/\/casajaguarstudio.com\/wp-content\/uploads\/2026\/04\/La-resistencia-del-metal-12x12.jpg 12w, https:\/\/casajaguarstudio.com\/wp-content\/uploads\/2026\/04\/La-resistencia-del-metal.jpg 1986w\" sizes=\"(max-width: 794px) 100vw, 794px\" \/>\t\t\t\t\t\t\t\t\t\t\t\t\t<\/div>\n\t\t\t\t<\/div>\n\t\t\t\t\t<\/div>\n\t\t<\/div>\n\t\t\t\t<div class=\"elementor-column elementor-col-50 elementor-top-column elementor-element elementor-element-51caca5e\" data-id=\"51caca5e\" data-element_type=\"column\">\n\t\t\t<div class=\"elementor-widget-wrap elementor-element-populated\">\n\t\t\t\t\t\t<div class=\"elementor-element elementor-element-7e6f885 color-scheme-inherit text-left elementor-widget elementor-widget-text-editor\" data-id=\"7e6f885\" data-element_type=\"widget\" data-widget_type=\"text-editor.default\">\n\t\t\t\t<div class=\"elementor-widget-container\">\n\t\t\t\t\t\t\t<p>Nombre: La resistencia del metal<br \/>Tama\u00f1o: 100 x 100 cm<br \/>T\u00e9cnica: Acr\u00edlico, collage de papel met\u00e1lico y grabado sobre arpillera<br \/>A\u00f1o: 2025<\/p>\t\t\t\t\t\t<\/div>\n\t\t\t\t<\/div>\n\t\t\t\t<div class=\"elementor-element elementor-element-65d5a2e2 color-scheme-inherit text-left elementor-widget elementor-widget-text-editor\" data-id=\"65d5a2e2\" data-element_type=\"widget\" data-widget_type=\"text-editor.default\">\n\t\t\t\t<div class=\"elementor-widget-container\">\n\t\t\t\t\t\t\t<p>En Am\u00e9rica Latina, el oro lleva la memoria del saqueo colonial y sus secuelas. Utilizo la arpillera como base porque es una tela de trabajo hecha para resistir. Sobre esa superficie aplico acr\u00edlico, que la sella y la prepara. Luego pego recortes de papel de oro y cobre. Ese papel, tan ligado a la riqueza mineral se une a la arpillera y, al tocarla, revela lo que los dos materiales tienen en com\u00fan: memoria y resistencia. Por \u00faltimo, grabo dejando huellas. Las hojas de oro y las ramas de cobre flotan como ecos suspendidos de la historia. Flotan porque han sido arrancadas y, sin embargo, insisten en permanecer; porque incluso lo despojado deja un rastro.<\/p>\t\t\t\t\t\t<\/div>\n\t\t\t\t<\/div>\n\t\t\t\t\t<\/div>\n\t\t<\/div>\n\t\t\t\t\t<\/div>\n\t\t<\/section>\n\t\t\t\t<\/div>","protected":false},"excerpt":{"rendered":"<p>Name: The resistance of metalSize: 100 x 100 cmMedium: Acrylic, metallic paper collage, and engraving on burlapYear: 2025 In Latin<\/p>","protected":false},"author":1,"featured_media":0,"parent":0,"menu_order":0,"comment_status":"closed","ping_status":"closed","template":"","meta":{"footnotes":""},"class_list":["post-12071","page","type-page","status-publish","hentry"],"yoast_head":"<!-- This site is optimized with the Yoast SEO plugin v26.8 - https:\/\/yoast.com\/product\/yoast-seo-wordpress\/ -->\n<title>La resistencia del metal - Casa Jaguar<\/title>\n<meta name=\"robots\" content=\"index, follow, max-snippet:-1, max-image-preview:large, max-video-preview:-1\" \/>\n<link rel=\"canonical\" href=\"https:\/\/casajaguarstudio.com\/es\/la-resistencia-del-metal\/\" \/>\n<meta property=\"og:locale\" content=\"es_ES\" \/>\n<meta property=\"og:type\" content=\"article\" \/>\n<meta property=\"og:title\" content=\"La resistencia del metal - Casa Jaguar\" \/>\n<meta property=\"og:description\" content=\"Name: The resistance of metalSize: 100 x 100 cmMedium: Acrylic, metallic paper collage, and engraving on burlapYear: 2025 In Latin\" \/>\n<meta property=\"og:url\" content=\"https:\/\/casajaguarstudio.com\/es\/la-resistencia-del-metal\/\" \/>\n<meta property=\"og:site_name\" content=\"Casa Jaguar\" \/>\n<meta property=\"article:modified_time\" content=\"2026-04-12T21:10:15+00:00\" \/>\n<meta property=\"og:image\" content=\"https:\/\/casajaguarstudio.com\/wp-content\/uploads\/2026\/04\/La-resistencia-del-metal-794x800.jpg\" \/>\n\t<meta property=\"og:image:width\" content=\"794\" \/>\n\t<meta property=\"og:image:height\" content=\"800\" \/>\n\t<meta property=\"og:image:type\" content=\"image\/jpeg\" \/>\n<meta name=\"twitter:card\" content=\"summary_large_image\" \/>\n<meta name=\"twitter:label1\" content=\"Tiempo de lectura\" \/>\n\t<meta name=\"twitter:data1\" content=\"1 minuto\" \/>\n<script type=\"application\/ld+json\" class=\"yoast-schema-graph\">{\"@context\":\"https:\/\/schema.org\",\"@graph\":[{\"@type\":\"WebPage\",\"@id\":\"https:\/\/casajaguarstudio.com\/la-resistencia-del-metal\/\",\"url\":\"https:\/\/casajaguarstudio.com\/la-resistencia-del-metal\/\",\"name\":\"La resistencia del metal - Casa Jaguar\",\"isPartOf\":{\"@id\":\"https:\/\/casajaguarstudio.com\/#website\"},\"primaryImageOfPage\":{\"@id\":\"https:\/\/casajaguarstudio.com\/la-resistencia-del-metal\/#primaryimage\"},\"image\":{\"@id\":\"https:\/\/casajaguarstudio.com\/la-resistencia-del-metal\/#primaryimage\"},\"thumbnailUrl\":\"https:\/\/casajaguarstudio.com\/wp-content\/uploads\/2026\/04\/La-resistencia-del-metal-794x800.jpg\",\"datePublished\":\"2026-04-12T19:30:08+00:00\",\"dateModified\":\"2026-04-12T21:10:15+00:00\",\"breadcrumb\":{\"@id\":\"https:\/\/casajaguarstudio.com\/la-resistencia-del-metal\/#breadcrumb\"},\"inLanguage\":\"es-CO\",\"potentialAction\":[{\"@type\":\"ReadAction\",\"target\":[\"https:\/\/casajaguarstudio.com\/la-resistencia-del-metal\/\"]}]},{\"@type\":\"ImageObject\",\"inLanguage\":\"es-CO\",\"@id\":\"https:\/\/casajaguarstudio.com\/la-resistencia-del-metal\/#primaryimage\",\"url\":\"https:\/\/casajaguarstudio.com\/wp-content\/uploads\/2026\/04\/La-resistencia-del-metal-794x800.jpg\",\"contentUrl\":\"https:\/\/casajaguarstudio.com\/wp-content\/uploads\/2026\/04\/La-resistencia-del-metal-794x800.jpg\"},{\"@type\":\"BreadcrumbList\",\"@id\":\"https:\/\/casajaguarstudio.com\/la-resistencia-del-metal\/#breadcrumb\",\"itemListElement\":[{\"@type\":\"ListItem\",\"position\":1,\"name\":\"Home\",\"item\":\"https:\/\/casajaguarstudio.com\/\"},{\"@type\":\"ListItem\",\"position\":2,\"name\":\"La resistencia del metal\"}]},{\"@type\":\"WebSite\",\"@id\":\"https:\/\/casajaguarstudio.com\/#website\",\"url\":\"https:\/\/casajaguarstudio.com\/\",\"name\":\"Casa Jaguar\",\"description\":\"Studio\",\"potentialAction\":[{\"@type\":\"SearchAction\",\"target\":{\"@type\":\"EntryPoint\",\"urlTemplate\":\"https:\/\/casajaguarstudio.com\/?s={search_term_string}\"},\"query-input\":{\"@type\":\"PropertyValueSpecification\",\"valueRequired\":true,\"valueName\":\"search_term_string\"}}],\"inLanguage\":\"es-CO\"}]}<\/script>\n<!-- \/ Yoast SEO plugin. -->","yoast_head_json":{"title":"La resistencia del metal - Casa Jaguar","robots":{"index":"index","follow":"follow","max-snippet":"max-snippet:-1","max-image-preview":"max-image-preview:large","max-video-preview":"max-video-preview:-1"},"canonical":"https:\/\/casajaguarstudio.com\/es\/la-resistencia-del-metal\/","og_locale":"es_ES","og_type":"article","og_title":"La resistencia del metal - Casa Jaguar","og_description":"Name: The resistance of metalSize: 100 x 100 cmMedium: Acrylic, metallic paper collage, and engraving on burlapYear: 2025 In Latin","og_url":"https:\/\/casajaguarstudio.com\/es\/la-resistencia-del-metal\/","og_site_name":"Casa Jaguar","article_modified_time":"2026-04-12T21:10:15+00:00","og_image":[{"width":794,"height":800,"url":"https:\/\/casajaguarstudio.com\/wp-content\/uploads\/2026\/04\/La-resistencia-del-metal-794x800.jpg","type":"image\/jpeg"}],"twitter_card":"summary_large_image","twitter_misc":{"Tiempo de lectura":"1 minuto"},"schema":{"@context":"https:\/\/schema.org","@graph":[{"@type":"WebPage","@id":"https:\/\/casajaguarstudio.com\/la-resistencia-del-metal\/","url":"https:\/\/casajaguarstudio.com\/la-resistencia-del-metal\/","name":"La resistencia del metal - Casa Jaguar","isPartOf":{"@id":"https:\/\/casajaguarstudio.com\/#website"},"primaryImageOfPage":{"@id":"https:\/\/casajaguarstudio.com\/la-resistencia-del-metal\/#primaryimage"},"image":{"@id":"https:\/\/casajaguarstudio.com\/la-resistencia-del-metal\/#primaryimage"},"thumbnailUrl":"https:\/\/casajaguarstudio.com\/wp-content\/uploads\/2026\/04\/La-resistencia-del-metal-794x800.jpg","datePublished":"2026-04-12T19:30:08+00:00","dateModified":"2026-04-12T21:10:15+00:00","breadcrumb":{"@id":"https:\/\/casajaguarstudio.com\/la-resistencia-del-metal\/#breadcrumb"},"inLanguage":"es-CO","potentialAction":[{"@type":"ReadAction","target":["https:\/\/casajaguarstudio.com\/la-resistencia-del-metal\/"]}]},{"@type":"ImageObject","inLanguage":"es-CO","@id":"https:\/\/casajaguarstudio.com\/la-resistencia-del-metal\/#primaryimage","url":"https:\/\/casajaguarstudio.com\/wp-content\/uploads\/2026\/04\/La-resistencia-del-metal-794x800.jpg","contentUrl":"https:\/\/casajaguarstudio.com\/wp-content\/uploads\/2026\/04\/La-resistencia-del-metal-794x800.jpg"},{"@type":"BreadcrumbList","@id":"https:\/\/casajaguarstudio.com\/la-resistencia-del-metal\/#breadcrumb","itemListElement":[{"@type":"ListItem","position":1,"name":"Home","item":"https:\/\/casajaguarstudio.com\/"},{"@type":"ListItem","position":2,"name":"La resistencia del metal"}]},{"@type":"WebSite","@id":"https:\/\/casajaguarstudio.com\/#website","url":"https:\/\/casajaguarstudio.com\/","name":"Casa Jaguar","description":"Studio","potentialAction":[{"@type":"SearchAction","target":{"@type":"EntryPoint","urlTemplate":"https:\/\/casajaguarstudio.com\/?s={search_term_string}"},"query-input":{"@type":"PropertyValueSpecification","valueRequired":true,"valueName":"search_term_string"}}],"inLanguage":"es-CO"}]}},"_links":{"self":[{"href":"https:\/\/casajaguarstudio.com\/es\/wp-json\/wp\/v2\/pages\/12071","targetHints":{"allow":["GET"]}}],"collection":[{"href":"https:\/\/casajaguarstudio.com\/es\/wp-json\/wp\/v2\/pages"}],"about":[{"href":"https:\/\/casajaguarstudio.com\/es\/wp-json\/wp\/v2\/types\/page"}],"author":[{"embeddable":true,"href":"https:\/\/casajaguarstudio.com\/es\/wp-json\/wp\/v2\/users\/1"}],"replies":[{"embeddable":true,"href":"https:\/\/casajaguarstudio.com\/es\/wp-json\/wp\/v2\/comments?post=12071"}],"version-history":[{"count":7,"href":"https:\/\/casajaguarstudio.com\/es\/wp-json\/wp\/v2\/pages\/12071\/revisions"}],"predecessor-version":[{"id":12149,"href":"https:\/\/casajaguarstudio.com\/es\/wp-json\/wp\/v2\/pages\/12071\/revisions\/12149"}],"wp:attachment":[{"href":"https:\/\/casajaguarstudio.com\/es\/wp-json\/wp\/v2\/media?parent=12071"}],"curies":[{"name":"wp","href":"https:\/\/api.w.org\/{rel}","templated":true}]}}