{"id":12079,"date":"2026-04-12T19:33:06","date_gmt":"2026-04-12T19:33:06","guid":{"rendered":"https:\/\/casajaguarstudio.com\/?page_id=12079"},"modified":"2026-04-12T21:10:56","modified_gmt":"2026-04-12T21:10:56","slug":"veins-of-gold","status":"publish","type":"page","link":"https:\/\/casajaguarstudio.com\/es\/veins-of-gold\/","title":{"rendered":"Veins of gold"},"content":{"rendered":"<div data-elementor-type=\"wp-page\" data-elementor-id=\"12079\" class=\"elementor elementor-12079\">\n\t\t\t\t\t\t<section class=\"elementor-section elementor-top-section elementor-element elementor-element-24f7920e elementor-section-boxed elementor-section-height-default elementor-section-height-default wd-section-disabled\" data-id=\"24f7920e\" data-element_type=\"section\">\n\t\t\t\t\t\t<div class=\"elementor-container elementor-column-gap-default\">\n\t\t\t\t\t<div class=\"elementor-column elementor-col-100 elementor-top-column elementor-element elementor-element-15a9ee93\" data-id=\"15a9ee93\" data-element_type=\"column\">\n\t\t\t<div class=\"elementor-widget-wrap elementor-element-populated\">\n\t\t\t\t\t\t<div class=\"elementor-element elementor-element-28f4f87d elementor-widget elementor-widget-image\" data-id=\"28f4f87d\" data-element_type=\"widget\" data-widget_type=\"image.default\">\n\t\t\t\t<div class=\"elementor-widget-container\">\n\t\t\t\t\t\t\t\t\t\t\t\t\t<img fetchpriority=\"high\" decoding=\"async\" width=\"1096\" height=\"800\" src=\"https:\/\/casajaguarstudio.com\/wp-content\/uploads\/2026\/04\/Veins-of-gold-1096x800.jpeg\" class=\"attachment-large size-large wp-image-11978\" alt=\"\" srcset=\"https:\/\/casajaguarstudio.com\/wp-content\/uploads\/2026\/04\/Veins-of-gold-1096x800.jpeg 1096w, https:\/\/casajaguarstudio.com\/wp-content\/uploads\/2026\/04\/Veins-of-gold-400x292.jpeg 400w, https:\/\/casajaguarstudio.com\/wp-content\/uploads\/2026\/04\/Veins-of-gold-768x561.jpeg 768w, https:\/\/casajaguarstudio.com\/wp-content\/uploads\/2026\/04\/Veins-of-gold-1536x1122.jpeg 1536w, https:\/\/casajaguarstudio.com\/wp-content\/uploads\/2026\/04\/Veins-of-gold-16x12.jpeg 16w, https:\/\/casajaguarstudio.com\/wp-content\/uploads\/2026\/04\/Veins-of-gold.jpeg 1738w\" sizes=\"(max-width: 1096px) 100vw, 1096px\" \/>\t\t\t\t\t\t\t\t\t\t\t\t\t<\/div>\n\t\t\t\t<\/div>\n\t\t\t\t\t<\/div>\n\t\t<\/div>\n\t\t\t\t\t<\/div>\n\t\t<\/section>\n\t\t\t\t<section class=\"elementor-section elementor-top-section elementor-element elementor-element-64dcb738 elementor-section-boxed elementor-section-height-default elementor-section-height-default wd-section-disabled\" data-id=\"64dcb738\" data-element_type=\"section\">\n\t\t\t\t\t\t<div class=\"elementor-container elementor-column-gap-default\">\n\t\t\t\t\t<div class=\"elementor-column elementor-col-100 elementor-top-column elementor-element elementor-element-2d61b14e\" data-id=\"2d61b14e\" data-element_type=\"column\">\n\t\t\t<div class=\"elementor-widget-wrap elementor-element-populated\">\n\t\t\t\t\t\t<div class=\"elementor-element elementor-element-46857f5b color-scheme-inherit text-left elementor-widget elementor-widget-text-editor\" data-id=\"46857f5b\" data-element_type=\"widget\" data-widget_type=\"text-editor.default\">\n\t\t\t\t<div class=\"elementor-widget-container\">\n\t\t\t\t\t\t\t<p>Nombre: Venas de oro<br \/>Tama\u00f1o: 57 x 77 cm <br \/>T\u00e9cnica: Grabado en relieve en matriz de acr\u00edlico tallada a mano sobre papel Somerset con papel met\u00e1lico<br \/>A\u00f1o: 2026<\/p>\t\t\t\t\t\t<\/div>\n\t\t\t\t<\/div>\n\t\t\t\t<div class=\"elementor-element elementor-element-7d9b3e72 color-scheme-inherit text-left elementor-widget elementor-widget-text-editor\" data-id=\"7d9b3e72\" data-element_type=\"widget\" data-widget_type=\"text-editor.default\">\n\t\t\t\t<div class=\"elementor-widget-container\">\n\t\t\t\t\t\t\t<p>Venas de oro se inspira en el Amazonas como un territorio vivo--tanto una red de r\u00edos como un organismo. Las l\u00edneas talladas forman una cartograf\u00eda cambiante que se puede leer como sistemas fluviales y como venas debajo de la piel de la tierra. La imagen se origina en una matriz de acr\u00edlico de 3 mm tallada a mano. Apliqu\u00e9 la tinta con un rodillo para asentarla s\u00f3lo en la superficie elevada. Realic\u00e9 la impresi\u00f3n usando un t\u00f3rculo de grabado. Antes de grabar, adher\u00ed hoja met\u00e1lica al papel Arches, creando un fondo luminoso en el cual la imagen en relieve se transferir\u00eda. Esta obra la conceb\u00ed como un grabado \u00fanico y por eso produje s\u00f3lo una estampa definitiva. La interacci\u00f3n entre la superficie met\u00e1lica y la presi\u00f3n del t\u00f3rculo genera un resultado materialmente singular. Aqu\u00ed, el color oro funciona no como adorno sino como memoria material, recordando su significado sagrado para las culturas ind\u00edgenas de Abya Yala antes de que la extracci\u00f3n colonial lo convirtiera en un objeto de codicia. El Amazonas aparece no como un paisaje, sino como energ\u00eda viva y resiliente-- a\u00fan en movimiento.<\/p>\t\t\t\t\t\t<\/div>\n\t\t\t\t<\/div>\n\t\t\t\t\t<\/div>\n\t\t<\/div>\n\t\t\t\t\t<\/div>\n\t\t<\/section>\n\t\t\t\t<\/div>","protected":false},"excerpt":{"rendered":"<p>Name: Veins of goldSize: 57 x 77 cm Medium: Hand carved acrylic matrix relief print on Somerset paper with golden<\/p>","protected":false},"author":1,"featured_media":0,"parent":0,"menu_order":0,"comment_status":"closed","ping_status":"closed","template":"","meta":{"footnotes":""},"class_list":["post-12079","page","type-page","status-publish","hentry"],"yoast_head":"<!-- This site is optimized with the Yoast SEO plugin v26.8 - https:\/\/yoast.com\/product\/yoast-seo-wordpress\/ -->\n<title>Veins of gold - Casa Jaguar<\/title>\n<meta name=\"robots\" content=\"index, follow, max-snippet:-1, max-image-preview:large, max-video-preview:-1\" \/>\n<link rel=\"canonical\" href=\"https:\/\/casajaguarstudio.com\/es\/veins-of-gold\/\" \/>\n<meta property=\"og:locale\" content=\"es_ES\" \/>\n<meta property=\"og:type\" content=\"article\" \/>\n<meta property=\"og:title\" content=\"Veins of gold - Casa Jaguar\" \/>\n<meta property=\"og:description\" content=\"Name: Veins of goldSize: 57 x 77 cm Medium: Hand carved acrylic matrix relief print on Somerset paper with golden\" \/>\n<meta property=\"og:url\" content=\"https:\/\/casajaguarstudio.com\/es\/veins-of-gold\/\" \/>\n<meta property=\"og:site_name\" content=\"Casa Jaguar\" \/>\n<meta property=\"article:modified_time\" content=\"2026-04-12T21:10:56+00:00\" \/>\n<meta property=\"og:image\" content=\"https:\/\/casajaguarstudio.com\/wp-content\/uploads\/2026\/04\/Veins-of-gold.jpeg\" \/>\n\t<meta property=\"og:image:width\" content=\"1738\" \/>\n\t<meta property=\"og:image:height\" content=\"1269\" \/>\n\t<meta property=\"og:image:type\" content=\"image\/jpeg\" \/>\n<meta name=\"twitter:card\" content=\"summary_large_image\" \/>\n<meta name=\"twitter:label1\" content=\"Tiempo de lectura\" \/>\n\t<meta name=\"twitter:data1\" content=\"2 minutos\" \/>\n<script type=\"application\/ld+json\" class=\"yoast-schema-graph\">{\"@context\":\"https:\/\/schema.org\",\"@graph\":[{\"@type\":\"WebPage\",\"@id\":\"https:\/\/casajaguarstudio.com\/veins-of-gold\/\",\"url\":\"https:\/\/casajaguarstudio.com\/veins-of-gold\/\",\"name\":\"Veins of gold - Casa Jaguar\",\"isPartOf\":{\"@id\":\"https:\/\/casajaguarstudio.com\/#website\"},\"primaryImageOfPage\":{\"@id\":\"https:\/\/casajaguarstudio.com\/veins-of-gold\/#primaryimage\"},\"image\":{\"@id\":\"https:\/\/casajaguarstudio.com\/veins-of-gold\/#primaryimage\"},\"thumbnailUrl\":\"https:\/\/casajaguarstudio.com\/wp-content\/uploads\/2026\/04\/Veins-of-gold-1096x800.jpeg\",\"datePublished\":\"2026-04-12T19:33:06+00:00\",\"dateModified\":\"2026-04-12T21:10:56+00:00\",\"breadcrumb\":{\"@id\":\"https:\/\/casajaguarstudio.com\/veins-of-gold\/#breadcrumb\"},\"inLanguage\":\"es-CO\",\"potentialAction\":[{\"@type\":\"ReadAction\",\"target\":[\"https:\/\/casajaguarstudio.com\/veins-of-gold\/\"]}]},{\"@type\":\"ImageObject\",\"inLanguage\":\"es-CO\",\"@id\":\"https:\/\/casajaguarstudio.com\/veins-of-gold\/#primaryimage\",\"url\":\"https:\/\/casajaguarstudio.com\/wp-content\/uploads\/2026\/04\/Veins-of-gold-1096x800.jpeg\",\"contentUrl\":\"https:\/\/casajaguarstudio.com\/wp-content\/uploads\/2026\/04\/Veins-of-gold-1096x800.jpeg\"},{\"@type\":\"BreadcrumbList\",\"@id\":\"https:\/\/casajaguarstudio.com\/veins-of-gold\/#breadcrumb\",\"itemListElement\":[{\"@type\":\"ListItem\",\"position\":1,\"name\":\"Home\",\"item\":\"https:\/\/casajaguarstudio.com\/\"},{\"@type\":\"ListItem\",\"position\":2,\"name\":\"Veins of gold\"}]},{\"@type\":\"WebSite\",\"@id\":\"https:\/\/casajaguarstudio.com\/#website\",\"url\":\"https:\/\/casajaguarstudio.com\/\",\"name\":\"Casa Jaguar\",\"description\":\"Studio\",\"potentialAction\":[{\"@type\":\"SearchAction\",\"target\":{\"@type\":\"EntryPoint\",\"urlTemplate\":\"https:\/\/casajaguarstudio.com\/?s={search_term_string}\"},\"query-input\":{\"@type\":\"PropertyValueSpecification\",\"valueRequired\":true,\"valueName\":\"search_term_string\"}}],\"inLanguage\":\"es-CO\"}]}<\/script>\n<!-- \/ Yoast SEO plugin. -->","yoast_head_json":{"title":"Veins of gold - Casa Jaguar","robots":{"index":"index","follow":"follow","max-snippet":"max-snippet:-1","max-image-preview":"max-image-preview:large","max-video-preview":"max-video-preview:-1"},"canonical":"https:\/\/casajaguarstudio.com\/es\/veins-of-gold\/","og_locale":"es_ES","og_type":"article","og_title":"Veins of gold - Casa Jaguar","og_description":"Name: Veins of goldSize: 57 x 77 cm Medium: Hand carved acrylic matrix relief print on Somerset paper with golden","og_url":"https:\/\/casajaguarstudio.com\/es\/veins-of-gold\/","og_site_name":"Casa Jaguar","article_modified_time":"2026-04-12T21:10:56+00:00","og_image":[{"width":1738,"height":1269,"url":"https:\/\/casajaguarstudio.com\/wp-content\/uploads\/2026\/04\/Veins-of-gold.jpeg","type":"image\/jpeg"}],"twitter_card":"summary_large_image","twitter_misc":{"Tiempo de lectura":"2 minutos"},"schema":{"@context":"https:\/\/schema.org","@graph":[{"@type":"WebPage","@id":"https:\/\/casajaguarstudio.com\/veins-of-gold\/","url":"https:\/\/casajaguarstudio.com\/veins-of-gold\/","name":"Veins of gold - Casa Jaguar","isPartOf":{"@id":"https:\/\/casajaguarstudio.com\/#website"},"primaryImageOfPage":{"@id":"https:\/\/casajaguarstudio.com\/veins-of-gold\/#primaryimage"},"image":{"@id":"https:\/\/casajaguarstudio.com\/veins-of-gold\/#primaryimage"},"thumbnailUrl":"https:\/\/casajaguarstudio.com\/wp-content\/uploads\/2026\/04\/Veins-of-gold-1096x800.jpeg","datePublished":"2026-04-12T19:33:06+00:00","dateModified":"2026-04-12T21:10:56+00:00","breadcrumb":{"@id":"https:\/\/casajaguarstudio.com\/veins-of-gold\/#breadcrumb"},"inLanguage":"es-CO","potentialAction":[{"@type":"ReadAction","target":["https:\/\/casajaguarstudio.com\/veins-of-gold\/"]}]},{"@type":"ImageObject","inLanguage":"es-CO","@id":"https:\/\/casajaguarstudio.com\/veins-of-gold\/#primaryimage","url":"https:\/\/casajaguarstudio.com\/wp-content\/uploads\/2026\/04\/Veins-of-gold-1096x800.jpeg","contentUrl":"https:\/\/casajaguarstudio.com\/wp-content\/uploads\/2026\/04\/Veins-of-gold-1096x800.jpeg"},{"@type":"BreadcrumbList","@id":"https:\/\/casajaguarstudio.com\/veins-of-gold\/#breadcrumb","itemListElement":[{"@type":"ListItem","position":1,"name":"Home","item":"https:\/\/casajaguarstudio.com\/"},{"@type":"ListItem","position":2,"name":"Veins of gold"}]},{"@type":"WebSite","@id":"https:\/\/casajaguarstudio.com\/#website","url":"https:\/\/casajaguarstudio.com\/","name":"Casa Jaguar","description":"Studio","potentialAction":[{"@type":"SearchAction","target":{"@type":"EntryPoint","urlTemplate":"https:\/\/casajaguarstudio.com\/?s={search_term_string}"},"query-input":{"@type":"PropertyValueSpecification","valueRequired":true,"valueName":"search_term_string"}}],"inLanguage":"es-CO"}]}},"_links":{"self":[{"href":"https:\/\/casajaguarstudio.com\/es\/wp-json\/wp\/v2\/pages\/12079","targetHints":{"allow":["GET"]}}],"collection":[{"href":"https:\/\/casajaguarstudio.com\/es\/wp-json\/wp\/v2\/pages"}],"about":[{"href":"https:\/\/casajaguarstudio.com\/es\/wp-json\/wp\/v2\/types\/page"}],"author":[{"embeddable":true,"href":"https:\/\/casajaguarstudio.com\/es\/wp-json\/wp\/v2\/users\/1"}],"replies":[{"embeddable":true,"href":"https:\/\/casajaguarstudio.com\/es\/wp-json\/wp\/v2\/comments?post=12079"}],"version-history":[{"count":7,"href":"https:\/\/casajaguarstudio.com\/es\/wp-json\/wp\/v2\/pages\/12079\/revisions"}],"predecessor-version":[{"id":12152,"href":"https:\/\/casajaguarstudio.com\/es\/wp-json\/wp\/v2\/pages\/12079\/revisions\/12152"}],"wp:attachment":[{"href":"https:\/\/casajaguarstudio.com\/es\/wp-json\/wp\/v2\/media?parent=12079"}],"curies":[{"name":"wp","href":"https:\/\/api.w.org\/{rel}","templated":true}]}}