{"id":12087,"date":"2026-04-12T20:03:02","date_gmt":"2026-04-12T20:03:02","guid":{"rendered":"https:\/\/casajaguarstudio.com\/?page_id=12087"},"modified":"2026-04-12T21:11:51","modified_gmt":"2026-04-12T21:11:51","slug":"territorio-que-late","status":"publish","type":"page","link":"https:\/\/casajaguarstudio.com\/es\/territorio-que-late\/","title":{"rendered":"Territorio que late"},"content":{"rendered":"<div data-elementor-type=\"wp-page\" data-elementor-id=\"12087\" class=\"elementor elementor-12087\">\n\t\t\t\t\t\t<section class=\"elementor-section elementor-top-section elementor-element elementor-element-c58bb24 elementor-section-full_width elementor-section-height-default elementor-section-height-default wd-section-disabled\" data-id=\"c58bb24\" data-element_type=\"section\">\n\t\t\t\t\t\t<div class=\"elementor-container elementor-column-gap-default\">\n\t\t\t\t\t<div class=\"elementor-column elementor-col-50 elementor-top-column elementor-element elementor-element-0d6478e\" data-id=\"0d6478e\" data-element_type=\"column\">\n\t\t\t<div class=\"elementor-widget-wrap elementor-element-populated\">\n\t\t\t\t\t\t<div class=\"elementor-element elementor-element-8bff708 elementor-widget elementor-widget-image\" data-id=\"8bff708\" data-element_type=\"widget\" data-widget_type=\"image.default\">\n\t\t\t\t<div class=\"elementor-widget-container\">\n\t\t\t\t\t\t\t\t\t\t\t\t\t<img fetchpriority=\"high\" decoding=\"async\" width=\"585\" height=\"800\" src=\"https:\/\/casajaguarstudio.com\/wp-content\/uploads\/2026\/04\/Territorio-que-late-585x800.jpeg\" class=\"attachment-large size-large wp-image-11979\" alt=\"\" srcset=\"https:\/\/casajaguarstudio.com\/wp-content\/uploads\/2026\/04\/Territorio-que-late-585x800.jpeg 585w, https:\/\/casajaguarstudio.com\/wp-content\/uploads\/2026\/04\/Territorio-que-late-219x300.jpeg 219w, https:\/\/casajaguarstudio.com\/wp-content\/uploads\/2026\/04\/Territorio-que-late-768x1051.jpeg 768w, https:\/\/casajaguarstudio.com\/wp-content\/uploads\/2026\/04\/Territorio-que-late-1122x1536.jpeg 1122w, https:\/\/casajaguarstudio.com\/wp-content\/uploads\/2026\/04\/Territorio-que-late-1496x2048.jpeg 1496w, https:\/\/casajaguarstudio.com\/wp-content\/uploads\/2026\/04\/Territorio-que-late-9x12.jpeg 9w, https:\/\/casajaguarstudio.com\/wp-content\/uploads\/2026\/04\/Territorio-que-late-scaled.jpeg 1871w\" sizes=\"(max-width: 585px) 100vw, 585px\" \/>\t\t\t\t\t\t\t\t\t\t\t\t\t<\/div>\n\t\t\t\t<\/div>\n\t\t\t\t\t<\/div>\n\t\t<\/div>\n\t\t\t\t<div class=\"elementor-column elementor-col-50 elementor-top-column elementor-element elementor-element-2a18075\" data-id=\"2a18075\" data-element_type=\"column\">\n\t\t\t<div class=\"elementor-widget-wrap elementor-element-populated\">\n\t\t\t\t\t\t<div class=\"elementor-element elementor-element-81893c4 color-scheme-inherit text-left elementor-widget elementor-widget-text-editor\" data-id=\"81893c4\" data-element_type=\"widget\" data-widget_type=\"text-editor.default\">\n\t\t\t\t<div class=\"elementor-widget-container\">\n\t\t\t\t\t\t\t<p>Nombre: Territorio que late<br \/>Tama\u00f1o: 78 x 106<span data-sheets-root=\"1\">\u00a0cm<br \/><\/span>A\u00f1o: 2026<br \/>T\u00e9cnica:<br \/>Xilograf\u00eda sobre monotipo en capas con plantillas de stencil, transferencias sutiles de textura y papel met\u00e1lico; papel Hahnem\u00fcle 300 g\/m\u00b2<\/p>\t\t\t\t\t\t<\/div>\n\t\t\t\t<\/div>\n\t\t\t\t\t<\/div>\n\t\t<\/div>\n\t\t\t\t\t<\/div>\n\t\t<\/section>\n\t\t\t\t<section class=\"elementor-section elementor-top-section elementor-element elementor-element-1217c05 elementor-section-full_width elementor-section-height-default elementor-section-height-default wd-section-disabled\" data-id=\"1217c05\" data-element_type=\"section\">\n\t\t\t\t\t\t<div class=\"elementor-container elementor-column-gap-default\">\n\t\t\t\t\t<div class=\"elementor-column elementor-col-100 elementor-top-column elementor-element elementor-element-b2bab3f\" data-id=\"b2bab3f\" data-element_type=\"column\">\n\t\t\t<div class=\"elementor-widget-wrap elementor-element-populated\">\n\t\t\t\t\t\t<div class=\"elementor-element elementor-element-a038a28 color-scheme-inherit text-left elementor-widget elementor-widget-text-editor\" data-id=\"a038a28\" data-element_type=\"widget\" data-widget_type=\"text-editor.default\">\n\t\t\t\t<div class=\"elementor-widget-container\">\n\t\t\t\t\t\t\t<p class=\"p1\">Este grabado es sobre memoria, resistencia y territorio. En la imagen retrato el Mapal\u00e9: un baile que naci\u00f3 en las comunidades negras del Caribe para aguantar y sentirse libre en medio del maltrato en tiempos coloniales. La pareja baila en el agua y la espuma recuerda al pez mapal\u00e9, que le dio nombre al baile pues se mueve con fuerza cuando lo sacan del agua. Para m\u00ed, el pez, as\u00ed como el baile, simboliza las ganas de aferrarse a la vida y resistir. El paisaje en el fondo es la Sierra Nevada de Santa Marta, un lugar \u00fanico que va del mar hasta m\u00e1s de 5.000 metros de altura. Estas monta\u00f1as junto al Mar Caribe nos hablan de origen y de fuerza: un territorio enorme que guarda historias de sus pueblos milenarios y mantiene vivas sus culturas.<\/p>\t\t\t\t\t\t<\/div>\n\t\t\t\t<\/div>\n\t\t\t\t\t<\/div>\n\t\t<\/div>\n\t\t\t\t\t<\/div>\n\t\t<\/section>\n\t\t\t\t<\/div>","protected":false},"excerpt":{"rendered":"<p>Name: Beating territorySize: 78 x 106\u00a0cmYear: 2026Medium:Woodcut on layered monotype with stencil templates, subtle texture transfers, and metallic paper; 300<\/p>","protected":false},"author":1,"featured_media":0,"parent":0,"menu_order":0,"comment_status":"closed","ping_status":"closed","template":"","meta":{"footnotes":""},"class_list":["post-12087","page","type-page","status-publish","hentry"],"yoast_head":"<!-- This site is optimized with the Yoast SEO plugin v26.8 - https:\/\/yoast.com\/product\/yoast-seo-wordpress\/ -->\n<title>Territorio que late - Casa Jaguar<\/title>\n<meta name=\"robots\" content=\"index, follow, max-snippet:-1, max-image-preview:large, max-video-preview:-1\" \/>\n<link rel=\"canonical\" href=\"https:\/\/casajaguarstudio.com\/es\/territorio-que-late\/\" \/>\n<meta property=\"og:locale\" content=\"es_ES\" \/>\n<meta property=\"og:type\" content=\"article\" \/>\n<meta property=\"og:title\" content=\"Territorio que late - Casa Jaguar\" \/>\n<meta property=\"og:description\" content=\"Name: Beating territorySize: 78 x 106\u00a0cmYear: 2026Medium:Woodcut on layered monotype with stencil templates, subtle texture transfers, and metallic paper; 300\" \/>\n<meta property=\"og:url\" content=\"https:\/\/casajaguarstudio.com\/es\/territorio-que-late\/\" \/>\n<meta property=\"og:site_name\" content=\"Casa Jaguar\" \/>\n<meta property=\"article:modified_time\" content=\"2026-04-12T21:11:51+00:00\" \/>\n<meta property=\"og:image\" content=\"https:\/\/casajaguarstudio.com\/wp-content\/uploads\/2026\/04\/Territorio-que-late-scaled.jpeg\" \/>\n\t<meta property=\"og:image:width\" content=\"1871\" \/>\n\t<meta property=\"og:image:height\" content=\"2560\" \/>\n\t<meta property=\"og:image:type\" content=\"image\/jpeg\" \/>\n<meta name=\"twitter:card\" content=\"summary_large_image\" \/>\n<meta name=\"twitter:label1\" content=\"Tiempo de lectura\" \/>\n\t<meta name=\"twitter:data1\" content=\"1 minuto\" \/>\n<script type=\"application\/ld+json\" class=\"yoast-schema-graph\">{\"@context\":\"https:\/\/schema.org\",\"@graph\":[{\"@type\":\"WebPage\",\"@id\":\"https:\/\/casajaguarstudio.com\/territorio-que-late\/\",\"url\":\"https:\/\/casajaguarstudio.com\/territorio-que-late\/\",\"name\":\"Territorio que late - Casa Jaguar\",\"isPartOf\":{\"@id\":\"https:\/\/casajaguarstudio.com\/#website\"},\"primaryImageOfPage\":{\"@id\":\"https:\/\/casajaguarstudio.com\/territorio-que-late\/#primaryimage\"},\"image\":{\"@id\":\"https:\/\/casajaguarstudio.com\/territorio-que-late\/#primaryimage\"},\"thumbnailUrl\":\"https:\/\/casajaguarstudio.com\/wp-content\/uploads\/2026\/04\/Territorio-que-late-585x800.jpeg\",\"datePublished\":\"2026-04-12T20:03:02+00:00\",\"dateModified\":\"2026-04-12T21:11:51+00:00\",\"breadcrumb\":{\"@id\":\"https:\/\/casajaguarstudio.com\/territorio-que-late\/#breadcrumb\"},\"inLanguage\":\"es-CO\",\"potentialAction\":[{\"@type\":\"ReadAction\",\"target\":[\"https:\/\/casajaguarstudio.com\/territorio-que-late\/\"]}]},{\"@type\":\"ImageObject\",\"inLanguage\":\"es-CO\",\"@id\":\"https:\/\/casajaguarstudio.com\/territorio-que-late\/#primaryimage\",\"url\":\"https:\/\/casajaguarstudio.com\/wp-content\/uploads\/2026\/04\/Territorio-que-late-585x800.jpeg\",\"contentUrl\":\"https:\/\/casajaguarstudio.com\/wp-content\/uploads\/2026\/04\/Territorio-que-late-585x800.jpeg\"},{\"@type\":\"BreadcrumbList\",\"@id\":\"https:\/\/casajaguarstudio.com\/territorio-que-late\/#breadcrumb\",\"itemListElement\":[{\"@type\":\"ListItem\",\"position\":1,\"name\":\"Home\",\"item\":\"https:\/\/casajaguarstudio.com\/\"},{\"@type\":\"ListItem\",\"position\":2,\"name\":\"Territorio que late\"}]},{\"@type\":\"WebSite\",\"@id\":\"https:\/\/casajaguarstudio.com\/#website\",\"url\":\"https:\/\/casajaguarstudio.com\/\",\"name\":\"Casa Jaguar\",\"description\":\"Studio\",\"potentialAction\":[{\"@type\":\"SearchAction\",\"target\":{\"@type\":\"EntryPoint\",\"urlTemplate\":\"https:\/\/casajaguarstudio.com\/?s={search_term_string}\"},\"query-input\":{\"@type\":\"PropertyValueSpecification\",\"valueRequired\":true,\"valueName\":\"search_term_string\"}}],\"inLanguage\":\"es-CO\"}]}<\/script>\n<!-- \/ Yoast SEO plugin. -->","yoast_head_json":{"title":"Territorio que late - Casa Jaguar","robots":{"index":"index","follow":"follow","max-snippet":"max-snippet:-1","max-image-preview":"max-image-preview:large","max-video-preview":"max-video-preview:-1"},"canonical":"https:\/\/casajaguarstudio.com\/es\/territorio-que-late\/","og_locale":"es_ES","og_type":"article","og_title":"Territorio que late - Casa Jaguar","og_description":"Name: Beating territorySize: 78 x 106\u00a0cmYear: 2026Medium:Woodcut on layered monotype with stencil templates, subtle texture transfers, and metallic paper; 300","og_url":"https:\/\/casajaguarstudio.com\/es\/territorio-que-late\/","og_site_name":"Casa Jaguar","article_modified_time":"2026-04-12T21:11:51+00:00","og_image":[{"width":1871,"height":2560,"url":"https:\/\/casajaguarstudio.com\/wp-content\/uploads\/2026\/04\/Territorio-que-late-scaled.jpeg","type":"image\/jpeg"}],"twitter_card":"summary_large_image","twitter_misc":{"Tiempo de lectura":"1 minuto"},"schema":{"@context":"https:\/\/schema.org","@graph":[{"@type":"WebPage","@id":"https:\/\/casajaguarstudio.com\/territorio-que-late\/","url":"https:\/\/casajaguarstudio.com\/territorio-que-late\/","name":"Territorio que late - Casa Jaguar","isPartOf":{"@id":"https:\/\/casajaguarstudio.com\/#website"},"primaryImageOfPage":{"@id":"https:\/\/casajaguarstudio.com\/territorio-que-late\/#primaryimage"},"image":{"@id":"https:\/\/casajaguarstudio.com\/territorio-que-late\/#primaryimage"},"thumbnailUrl":"https:\/\/casajaguarstudio.com\/wp-content\/uploads\/2026\/04\/Territorio-que-late-585x800.jpeg","datePublished":"2026-04-12T20:03:02+00:00","dateModified":"2026-04-12T21:11:51+00:00","breadcrumb":{"@id":"https:\/\/casajaguarstudio.com\/territorio-que-late\/#breadcrumb"},"inLanguage":"es-CO","potentialAction":[{"@type":"ReadAction","target":["https:\/\/casajaguarstudio.com\/territorio-que-late\/"]}]},{"@type":"ImageObject","inLanguage":"es-CO","@id":"https:\/\/casajaguarstudio.com\/territorio-que-late\/#primaryimage","url":"https:\/\/casajaguarstudio.com\/wp-content\/uploads\/2026\/04\/Territorio-que-late-585x800.jpeg","contentUrl":"https:\/\/casajaguarstudio.com\/wp-content\/uploads\/2026\/04\/Territorio-que-late-585x800.jpeg"},{"@type":"BreadcrumbList","@id":"https:\/\/casajaguarstudio.com\/territorio-que-late\/#breadcrumb","itemListElement":[{"@type":"ListItem","position":1,"name":"Home","item":"https:\/\/casajaguarstudio.com\/"},{"@type":"ListItem","position":2,"name":"Territorio que late"}]},{"@type":"WebSite","@id":"https:\/\/casajaguarstudio.com\/#website","url":"https:\/\/casajaguarstudio.com\/","name":"Casa Jaguar","description":"Studio","potentialAction":[{"@type":"SearchAction","target":{"@type":"EntryPoint","urlTemplate":"https:\/\/casajaguarstudio.com\/?s={search_term_string}"},"query-input":{"@type":"PropertyValueSpecification","valueRequired":true,"valueName":"search_term_string"}}],"inLanguage":"es-CO"}]}},"_links":{"self":[{"href":"https:\/\/casajaguarstudio.com\/es\/wp-json\/wp\/v2\/pages\/12087","targetHints":{"allow":["GET"]}}],"collection":[{"href":"https:\/\/casajaguarstudio.com\/es\/wp-json\/wp\/v2\/pages"}],"about":[{"href":"https:\/\/casajaguarstudio.com\/es\/wp-json\/wp\/v2\/types\/page"}],"author":[{"embeddable":true,"href":"https:\/\/casajaguarstudio.com\/es\/wp-json\/wp\/v2\/users\/1"}],"replies":[{"embeddable":true,"href":"https:\/\/casajaguarstudio.com\/es\/wp-json\/wp\/v2\/comments?post=12087"}],"version-history":[{"count":13,"href":"https:\/\/casajaguarstudio.com\/es\/wp-json\/wp\/v2\/pages\/12087\/revisions"}],"predecessor-version":[{"id":12155,"href":"https:\/\/casajaguarstudio.com\/es\/wp-json\/wp\/v2\/pages\/12087\/revisions\/12155"}],"wp:attachment":[{"href":"https:\/\/casajaguarstudio.com\/es\/wp-json\/wp\/v2\/media?parent=12087"}],"curies":[{"name":"wp","href":"https:\/\/api.w.org\/{rel}","templated":true}]}}