{"id":8651,"date":"2022-04-10T04:05:29","date_gmt":"2022-04-10T04:05:29","guid":{"rendered":"https:\/\/casajaguarstudio.com\/?page_id=8651"},"modified":"2023-12-18T23:32:24","modified_gmt":"2023-12-18T23:32:24","slug":"soundscapes","status":"publish","type":"page","link":"https:\/\/casajaguarstudio.com\/es\/soundscapes\/","title":{"rendered":"PAISAJES SONOROS"},"content":{"rendered":"<div data-elementor-type=\"wp-page\" data-elementor-id=\"8651\" class=\"elementor elementor-8651\">\n\t\t\t\t\t\t<section class=\"elementor-section elementor-inner-section elementor-element elementor-element-58411830 elementor-section-boxed elementor-section-height-default elementor-section-height-default wd-section-disabled\" data-id=\"58411830\" data-element_type=\"section\">\n\t\t\t\t\t\t<div class=\"elementor-container elementor-column-gap-default\">\n\t\t\t\t\t<div class=\"elementor-column elementor-col-50 elementor-inner-column elementor-element elementor-element-5a2cd191\" data-id=\"5a2cd191\" data-element_type=\"column\">\n\t\t\t<div class=\"elementor-widget-wrap elementor-element-populated\">\n\t\t\t\t\t\t<div class=\"elementor-element elementor-element-51e645bf elementor-widget elementor-widget-heading\" data-id=\"51e645bf\" data-element_type=\"widget\" data-widget_type=\"heading.default\">\n\t\t\t\t<div class=\"elementor-widget-container\">\n\t\t\t<h2 class=\"elementor-heading-title elementor-size-default\">PAISAJES SONOROS<\/h2>\t\t<\/div>\n\t\t\t\t<\/div>\n\t\t\t\t<div class=\"elementor-element elementor-element-4e8637f1 color-scheme-inherit text-left elementor-widget elementor-widget-text-editor\" data-id=\"4e8637f1\" data-element_type=\"widget\" data-widget_type=\"text-editor.default\">\n\t\t\t\t<div class=\"elementor-widget-container\">\n\t\t\t\t\t\t\t<p class=\"p1\">\u201cEl origen sagrado de una persona\u201d es el soundtrack compuesto por Pape Arce para nuestro documental C'UNDUA.<\/p><p class=\"p1\">Est\u00e1 basado en el libro de Gabriel Garc\u00eda M\u00e1rquez \"Cr\u00f3nica de una muerte anunciada\", as\u00ed como la historia familiar de los abuelos maternos de Pape: dos amantes, escapando de un convento para vivir en las monta\u00f1as.<\/p><p class=\"p1\">Fue compuesta junto con la violinista Zoe De B\u00e9chevel, la compositora y violonchelista Oda Dyrnes y la compositora y violista Pauline Hogstrand.<\/p>\t\t\t\t\t\t<\/div>\n\t\t\t\t<\/div>\n\t\t\t\t\t<\/div>\n\t\t<\/div>\n\t\t\t\t<div class=\"elementor-column elementor-col-50 elementor-inner-column elementor-element elementor-element-69672162\" data-id=\"69672162\" data-element_type=\"column\">\n\t\t\t<div class=\"elementor-widget-wrap elementor-element-populated\">\n\t\t\t\t\t\t<div class=\"elementor-element elementor-element-b90bdc3 elementor-widget elementor-widget-image\" data-id=\"b90bdc3\" data-element_type=\"widget\" data-widget_type=\"image.default\">\n\t\t\t\t<div class=\"elementor-widget-container\">\n\t\t\t\t\t\t\t\t\t\t\t\t\t<img fetchpriority=\"high\" decoding=\"async\" width=\"802\" height=\"800\" src=\"https:\/\/casajaguarstudio.com\/wp-content\/uploads\/2022\/04\/new-logo-802x800.png\" class=\"attachment-large size-large wp-image-8919\" alt=\"\" srcset=\"https:\/\/casajaguarstudio.com\/wp-content\/uploads\/2022\/04\/new-logo-802x800.png 802w, https:\/\/casajaguarstudio.com\/wp-content\/uploads\/2022\/04\/new-logo-301x300.png 301w, https:\/\/casajaguarstudio.com\/wp-content\/uploads\/2022\/04\/new-logo-150x150.png 150w, https:\/\/casajaguarstudio.com\/wp-content\/uploads\/2022\/04\/new-logo-768x766.png 768w, https:\/\/casajaguarstudio.com\/wp-content\/uploads\/2022\/04\/new-logo-12x12.png 12w, https:\/\/casajaguarstudio.com\/wp-content\/uploads\/2022\/04\/new-logo-860x858.png 860w, https:\/\/casajaguarstudio.com\/wp-content\/uploads\/2022\/04\/new-logo-430x429.png 430w, https:\/\/casajaguarstudio.com\/wp-content\/uploads\/2022\/04\/new-logo-700x699.png 700w, https:\/\/casajaguarstudio.com\/wp-content\/uploads\/2022\/04\/new-logo-100x100.png 100w, https:\/\/casajaguarstudio.com\/wp-content\/uploads\/2022\/04\/new-logo.png 973w\" sizes=\"(max-width: 802px) 100vw, 802px\" \/>\t\t\t\t\t\t\t\t\t\t\t\t\t<\/div>\n\t\t\t\t<\/div>\n\t\t\t\t\t<\/div>\n\t\t<\/div>\n\t\t\t\t\t<\/div>\n\t\t<\/section>\n\t\t\t\t<section class=\"elementor-section elementor-top-section elementor-element elementor-element-23a4f70 elementor-section-boxed elementor-section-height-default elementor-section-height-default wd-section-disabled\" data-id=\"23a4f70\" data-element_type=\"section\" data-settings=\"{&quot;background_background&quot;:&quot;classic&quot;}\">\n\t\t\t\t\t\t\t<div class=\"elementor-background-overlay\"><\/div>\n\t\t\t\t\t\t\t<div class=\"elementor-container elementor-column-gap-default\">\n\t\t\t\t\t<div class=\"elementor-column elementor-col-50 elementor-top-column elementor-element elementor-element-4ab65fc\" data-id=\"4ab65fc\" data-element_type=\"column\">\n\t\t\t<div class=\"elementor-widget-wrap elementor-element-populated\">\n\t\t\t\t\t\t<div class=\"elementor-element elementor-element-3466c04 elementor-widget elementor-widget-image\" data-id=\"3466c04\" data-element_type=\"widget\" data-widget_type=\"image.default\">\n\t\t\t\t<div class=\"elementor-widget-container\">\n\t\t\t\t\t\t\t\t\t\t\t\t\t<img decoding=\"async\" width=\"1233\" height=\"800\" src=\"https:\/\/casajaguarstudio.com\/wp-content\/uploads\/2022\/04\/Untitled-2-1233x800.jpg\" class=\"attachment-large size-large wp-image-8663\" alt=\"\" srcset=\"https:\/\/casajaguarstudio.com\/wp-content\/uploads\/2022\/04\/Untitled-2-1233x800.jpg 1233w, https:\/\/casajaguarstudio.com\/wp-content\/uploads\/2022\/04\/Untitled-2-400x260.jpg 400w, https:\/\/casajaguarstudio.com\/wp-content\/uploads\/2022\/04\/Untitled-2-768x498.jpg 768w, https:\/\/casajaguarstudio.com\/wp-content\/uploads\/2022\/04\/Untitled-2-1536x997.jpg 1536w, https:\/\/casajaguarstudio.com\/wp-content\/uploads\/2022\/04\/Untitled-2-18x12.jpg 18w, https:\/\/casajaguarstudio.com\/wp-content\/uploads\/2022\/04\/Untitled-2-860x558.jpg 860w, https:\/\/casajaguarstudio.com\/wp-content\/uploads\/2022\/04\/Untitled-2-430x279.jpg 430w, https:\/\/casajaguarstudio.com\/wp-content\/uploads\/2022\/04\/Untitled-2-700x454.jpg 700w, https:\/\/casajaguarstudio.com\/wp-content\/uploads\/2022\/04\/Untitled-2-150x97.jpg 150w, https:\/\/casajaguarstudio.com\/wp-content\/uploads\/2022\/04\/Untitled-2-100x65.jpg 100w, https:\/\/casajaguarstudio.com\/wp-content\/uploads\/2022\/04\/Untitled-2.jpg 1663w\" sizes=\"(max-width: 1233px) 100vw, 1233px\" \/>\t\t\t\t\t\t\t\t\t\t\t\t\t<\/div>\n\t\t\t\t<\/div>\n\t\t\t\t<section class=\"elementor-section elementor-inner-section elementor-element elementor-element-f3dbc65 elementor-section-boxed elementor-section-height-default elementor-section-height-default wd-section-disabled\" data-id=\"f3dbc65\" data-element_type=\"section\" data-settings=\"{&quot;background_background&quot;:&quot;classic&quot;}\">\n\t\t\t\t\t\t<div class=\"elementor-container elementor-column-gap-default\">\n\t\t\t\t\t<div class=\"elementor-column elementor-col-50 elementor-inner-column elementor-element elementor-element-c475d3b\" data-id=\"c475d3b\" data-element_type=\"column\">\n\t\t\t<div class=\"elementor-widget-wrap elementor-element-populated\">\n\t\t\t\t\t\t<div class=\"elementor-element elementor-element-5a25a74 elementor-widget elementor-widget-image\" data-id=\"5a25a74\" data-element_type=\"widget\" data-widget_type=\"image.default\">\n\t\t\t\t<div class=\"elementor-widget-container\">\n\t\t\t\t\t\t\t\t\t\t\t\t\t<img decoding=\"async\" width=\"796\" height=\"800\" src=\"https:\/\/casajaguarstudio.com\/wp-content\/uploads\/2022\/04\/12-796x800.png\" class=\"attachment-large size-large wp-image-8665\" alt=\"\" srcset=\"https:\/\/casajaguarstudio.com\/wp-content\/uploads\/2022\/04\/12-796x800.png 796w, https:\/\/casajaguarstudio.com\/wp-content\/uploads\/2022\/04\/12-298x300.png 298w, https:\/\/casajaguarstudio.com\/wp-content\/uploads\/2022\/04\/12-150x151.png 150w, https:\/\/casajaguarstudio.com\/wp-content\/uploads\/2022\/04\/12-768x772.png 768w, https:\/\/casajaguarstudio.com\/wp-content\/uploads\/2022\/04\/12-12x12.png 12w, https:\/\/casajaguarstudio.com\/wp-content\/uploads\/2022\/04\/12-860x865.png 860w, https:\/\/casajaguarstudio.com\/wp-content\/uploads\/2022\/04\/12-430x432.png 430w, https:\/\/casajaguarstudio.com\/wp-content\/uploads\/2022\/04\/12-700x704.png 700w, https:\/\/casajaguarstudio.com\/wp-content\/uploads\/2022\/04\/12-100x101.png 100w, https:\/\/casajaguarstudio.com\/wp-content\/uploads\/2022\/04\/12.png 1073w\" sizes=\"(max-width: 796px) 100vw, 796px\" \/>\t\t\t\t\t\t\t\t\t\t\t\t\t<\/div>\n\t\t\t\t<\/div>\n\t\t\t\t\t<\/div>\n\t\t<\/div>\n\t\t\t\t<div class=\"elementor-column elementor-col-50 elementor-inner-column elementor-element elementor-element-dc47c5d\" data-id=\"dc47c5d\" data-element_type=\"column\">\n\t\t\t<div class=\"elementor-widget-wrap elementor-element-populated\">\n\t\t\t\t\t\t<div class=\"elementor-element elementor-element-97e7e75 elementor-widget elementor-widget-heading\" data-id=\"97e7e75\" data-element_type=\"widget\" data-widget_type=\"heading.default\">\n\t\t\t\t<div class=\"elementor-widget-container\">\n\t\t\t<h2 class=\"elementor-heading-title elementor-size-default\"><a href=\"https:\/\/open.spotify.com\/artist\/7v9LUTvQ2GEPtIXXPP5NKO?si=6jAuQwlETl6dqT5HR2yoOA%20\">LISTEN ON SPOTIFY<\/a><\/h2>\t\t<\/div>\n\t\t\t\t<\/div>\n\t\t\t\t\t<\/div>\n\t\t<\/div>\n\t\t\t\t\t<\/div>\n\t\t<\/section>\n\t\t\t\t\t<\/div>\n\t\t<\/div>\n\t\t\t\t<div class=\"elementor-column elementor-col-50 elementor-top-column elementor-element elementor-element-a1f5659\" data-id=\"a1f5659\" data-element_type=\"column\">\n\t\t\t<div class=\"elementor-widget-wrap elementor-element-populated\">\n\t\t\t\t\t\t<div class=\"elementor-element elementor-element-8c553a9 elementor-widget elementor-widget-wd_text_block\" data-id=\"8c553a9\" data-element_type=\"widget\" data-widget_type=\"wd_text_block.default\">\n\t\t\t\t<div class=\"elementor-widget-container\">\n\t\t\t\t\t\t<link rel=\"stylesheet\" id=\"wd-text-block-css\" href=\"https:\/\/casajaguarstudio.com\/wp-content\/themes\/woodmart\/css\/parts\/el-text-block.min.css?ver=6.2.3\" type=\"text\/css\" media=\"all\" \/> \t\t\t\t\t<div class=\"wd-text-block reset-last-child text-center color-scheme-dark\">\n\t\t\t\n\t\t\t<p class=\"p1\"><em>\u201cEl origen sagrado de mi amor<\/em><\/p><p class=\"p1\"><em>Eres t\u00fa\u201d<\/em><\/p>\n\t\t\t\t\t<\/div>\n\t\t\t\t<\/div>\n\t\t\t\t<\/div>\n\t\t\t\t\t<\/div>\n\t\t<\/div>\n\t\t\t\t\t<\/div>\n\t\t<\/section>\n\t\t\t\t<\/div>","protected":false},"excerpt":{"rendered":"<p>SOUNDSCAPES \u201cEl origen sagrado de una persona\u201d is the soundtrack composed by Pape Arce for our documentary C&#8217;UNDUA. It is<\/p>","protected":false},"author":1,"featured_media":0,"parent":0,"menu_order":0,"comment_status":"closed","ping_status":"closed","template":"","meta":{"footnotes":""},"class_list":["post-8651","page","type-page","status-publish","hentry"],"yoast_head":"<!-- This site is optimized with the Yoast SEO plugin v26.8 - https:\/\/yoast.com\/product\/yoast-seo-wordpress\/ -->\n<title>SOUNDSCAPES - Casa Jaguar<\/title>\n<meta name=\"robots\" content=\"index, follow, max-snippet:-1, max-image-preview:large, max-video-preview:-1\" \/>\n<link rel=\"canonical\" href=\"https:\/\/casajaguarstudio.com\/es\/soundscapes\/\" \/>\n<meta property=\"og:locale\" content=\"es_ES\" \/>\n<meta property=\"og:type\" content=\"article\" \/>\n<meta property=\"og:title\" content=\"SOUNDSCAPES - Casa Jaguar\" \/>\n<meta property=\"og:description\" content=\"SOUNDSCAPES \u201cEl origen sagrado de una persona\u201d is the soundtrack composed by Pape Arce for our documentary C&#8217;UNDUA. It is\" \/>\n<meta property=\"og:url\" content=\"https:\/\/casajaguarstudio.com\/es\/soundscapes\/\" \/>\n<meta property=\"og:site_name\" content=\"Casa Jaguar\" \/>\n<meta property=\"article:modified_time\" content=\"2023-12-18T23:32:24+00:00\" \/>\n<meta property=\"og:image\" content=\"https:\/\/casajaguarstudio.com\/wp-content\/uploads\/2022\/04\/new-logo-802x800.png\" \/>\n<meta name=\"twitter:card\" content=\"summary_large_image\" \/>\n<script type=\"application\/ld+json\" class=\"yoast-schema-graph\">{\"@context\":\"https:\/\/schema.org\",\"@graph\":[{\"@type\":\"WebPage\",\"@id\":\"https:\/\/casajaguarstudio.com\/soundscapes\/\",\"url\":\"https:\/\/casajaguarstudio.com\/soundscapes\/\",\"name\":\"SOUNDSCAPES - Casa Jaguar\",\"isPartOf\":{\"@id\":\"https:\/\/casajaguarstudio.com\/#website\"},\"primaryImageOfPage\":{\"@id\":\"https:\/\/casajaguarstudio.com\/soundscapes\/#primaryimage\"},\"image\":{\"@id\":\"https:\/\/casajaguarstudio.com\/soundscapes\/#primaryimage\"},\"thumbnailUrl\":\"https:\/\/casajaguarstudio.com\/wp-content\/uploads\/2022\/04\/new-logo-802x800.png\",\"datePublished\":\"2022-04-10T04:05:29+00:00\",\"dateModified\":\"2023-12-18T23:32:24+00:00\",\"breadcrumb\":{\"@id\":\"https:\/\/casajaguarstudio.com\/soundscapes\/#breadcrumb\"},\"inLanguage\":\"es-CO\",\"potentialAction\":[{\"@type\":\"ReadAction\",\"target\":[\"https:\/\/casajaguarstudio.com\/soundscapes\/\"]}]},{\"@type\":\"ImageObject\",\"inLanguage\":\"es-CO\",\"@id\":\"https:\/\/casajaguarstudio.com\/soundscapes\/#primaryimage\",\"url\":\"https:\/\/casajaguarstudio.com\/wp-content\/uploads\/2022\/04\/new-logo-802x800.png\",\"contentUrl\":\"https:\/\/casajaguarstudio.com\/wp-content\/uploads\/2022\/04\/new-logo-802x800.png\"},{\"@type\":\"BreadcrumbList\",\"@id\":\"https:\/\/casajaguarstudio.com\/soundscapes\/#breadcrumb\",\"itemListElement\":[{\"@type\":\"ListItem\",\"position\":1,\"name\":\"Home\",\"item\":\"https:\/\/casajaguarstudio.com\/\"},{\"@type\":\"ListItem\",\"position\":2,\"name\":\"SOUNDSCAPES\"}]},{\"@type\":\"WebSite\",\"@id\":\"https:\/\/casajaguarstudio.com\/#website\",\"url\":\"https:\/\/casajaguarstudio.com\/\",\"name\":\"Casa Jaguar\",\"description\":\"Studio\",\"potentialAction\":[{\"@type\":\"SearchAction\",\"target\":{\"@type\":\"EntryPoint\",\"urlTemplate\":\"https:\/\/casajaguarstudio.com\/?s={search_term_string}\"},\"query-input\":{\"@type\":\"PropertyValueSpecification\",\"valueRequired\":true,\"valueName\":\"search_term_string\"}}],\"inLanguage\":\"es-CO\"}]}<\/script>\n<!-- \/ Yoast SEO plugin. -->","yoast_head_json":{"title":"SOUNDSCAPES - Casa Jaguar","robots":{"index":"index","follow":"follow","max-snippet":"max-snippet:-1","max-image-preview":"max-image-preview:large","max-video-preview":"max-video-preview:-1"},"canonical":"https:\/\/casajaguarstudio.com\/es\/soundscapes\/","og_locale":"es_ES","og_type":"article","og_title":"SOUNDSCAPES - Casa Jaguar","og_description":"SOUNDSCAPES \u201cEl origen sagrado de una persona\u201d is the soundtrack composed by Pape Arce for our documentary C&#8217;UNDUA. It is","og_url":"https:\/\/casajaguarstudio.com\/es\/soundscapes\/","og_site_name":"Casa Jaguar","article_modified_time":"2023-12-18T23:32:24+00:00","og_image":[{"url":"https:\/\/casajaguarstudio.com\/wp-content\/uploads\/2022\/04\/new-logo-802x800.png","type":"","width":"","height":""}],"twitter_card":"summary_large_image","schema":{"@context":"https:\/\/schema.org","@graph":[{"@type":"WebPage","@id":"https:\/\/casajaguarstudio.com\/soundscapes\/","url":"https:\/\/casajaguarstudio.com\/soundscapes\/","name":"SOUNDSCAPES - Casa Jaguar","isPartOf":{"@id":"https:\/\/casajaguarstudio.com\/#website"},"primaryImageOfPage":{"@id":"https:\/\/casajaguarstudio.com\/soundscapes\/#primaryimage"},"image":{"@id":"https:\/\/casajaguarstudio.com\/soundscapes\/#primaryimage"},"thumbnailUrl":"https:\/\/casajaguarstudio.com\/wp-content\/uploads\/2022\/04\/new-logo-802x800.png","datePublished":"2022-04-10T04:05:29+00:00","dateModified":"2023-12-18T23:32:24+00:00","breadcrumb":{"@id":"https:\/\/casajaguarstudio.com\/soundscapes\/#breadcrumb"},"inLanguage":"es-CO","potentialAction":[{"@type":"ReadAction","target":["https:\/\/casajaguarstudio.com\/soundscapes\/"]}]},{"@type":"ImageObject","inLanguage":"es-CO","@id":"https:\/\/casajaguarstudio.com\/soundscapes\/#primaryimage","url":"https:\/\/casajaguarstudio.com\/wp-content\/uploads\/2022\/04\/new-logo-802x800.png","contentUrl":"https:\/\/casajaguarstudio.com\/wp-content\/uploads\/2022\/04\/new-logo-802x800.png"},{"@type":"BreadcrumbList","@id":"https:\/\/casajaguarstudio.com\/soundscapes\/#breadcrumb","itemListElement":[{"@type":"ListItem","position":1,"name":"Home","item":"https:\/\/casajaguarstudio.com\/"},{"@type":"ListItem","position":2,"name":"SOUNDSCAPES"}]},{"@type":"WebSite","@id":"https:\/\/casajaguarstudio.com\/#website","url":"https:\/\/casajaguarstudio.com\/","name":"Casa Jaguar","description":"Studio","potentialAction":[{"@type":"SearchAction","target":{"@type":"EntryPoint","urlTemplate":"https:\/\/casajaguarstudio.com\/?s={search_term_string}"},"query-input":{"@type":"PropertyValueSpecification","valueRequired":true,"valueName":"search_term_string"}}],"inLanguage":"es-CO"}]}},"_links":{"self":[{"href":"https:\/\/casajaguarstudio.com\/es\/wp-json\/wp\/v2\/pages\/8651","targetHints":{"allow":["GET"]}}],"collection":[{"href":"https:\/\/casajaguarstudio.com\/es\/wp-json\/wp\/v2\/pages"}],"about":[{"href":"https:\/\/casajaguarstudio.com\/es\/wp-json\/wp\/v2\/types\/page"}],"author":[{"embeddable":true,"href":"https:\/\/casajaguarstudio.com\/es\/wp-json\/wp\/v2\/users\/1"}],"replies":[{"embeddable":true,"href":"https:\/\/casajaguarstudio.com\/es\/wp-json\/wp\/v2\/comments?post=8651"}],"version-history":[{"count":0,"href":"https:\/\/casajaguarstudio.com\/es\/wp-json\/wp\/v2\/pages\/8651\/revisions"}],"wp:attachment":[{"href":"https:\/\/casajaguarstudio.com\/es\/wp-json\/wp\/v2\/media?parent=8651"}],"curies":[{"name":"wp","href":"https:\/\/api.w.org\/{rel}","templated":true}]}}