{"id":8678,"date":"2022-04-10T04:31:15","date_gmt":"2022-04-10T04:31:15","guid":{"rendered":"https:\/\/casajaguarstudio.com\/?page_id=8678"},"modified":"2022-07-01T02:45:20","modified_gmt":"2022-07-01T02:45:20","slug":"films","status":"publish","type":"page","link":"https:\/\/casajaguarstudio.com\/es\/films\/","title":{"rendered":"DOCUMENTAL"},"content":{"rendered":"<div data-elementor-type=\"wp-page\" data-elementor-id=\"8678\" class=\"elementor elementor-8678\">\n\t\t\t\t\t\t<section class=\"elementor-section elementor-inner-section elementor-element elementor-element-3cdebb29 elementor-section-boxed elementor-section-height-default elementor-section-height-default wd-section-disabled\" data-id=\"3cdebb29\" data-element_type=\"section\">\n\t\t\t\t\t\t<div class=\"elementor-container elementor-column-gap-default\">\n\t\t\t\t\t<div class=\"elementor-column elementor-col-50 elementor-inner-column elementor-element elementor-element-2dd01d5b\" data-id=\"2dd01d5b\" data-element_type=\"column\">\n\t\t\t<div class=\"elementor-widget-wrap elementor-element-populated\">\n\t\t\t\t\t\t<div class=\"elementor-element elementor-element-5e87c6e2 elementor-widget elementor-widget-heading\" data-id=\"5e87c6e2\" data-element_type=\"widget\" data-widget_type=\"heading.default\">\n\t\t\t\t<div class=\"elementor-widget-container\">\n\t\t\t<h2 class=\"elementor-heading-title elementor-size-default\">DOCUMENTAL<\/h2>\t\t<\/div>\n\t\t\t\t<\/div>\n\t\t\t\t<div class=\"elementor-element elementor-element-51b7c05 color-scheme-inherit text-left elementor-widget elementor-widget-text-editor\" data-id=\"51b7c05\" data-element_type=\"widget\" data-widget_type=\"text-editor.default\">\n\t\t\t\t<div class=\"elementor-widget-container\">\n\t\t\t\t\t\t\t<p>A cinco mil metros de altura sobre el mar caribe se alza la Sierra Nevada de Santa Marta en Colombia. La Sierra es el centro del mundo espiritual para los pueblos ind\u00edgenas Kogi, Ika, Wiwa y Arhuaco. El ascenso a sus cimas es un camino sagrado, una ruta que relata el origen de la vida humana. Los pueblos de la Sierra hacen un llamado a todos los habitantes de la tierra a que tengan una relaci\u00f3n rec\u00edproca con ella. Este documental ahonda en su filosof\u00eda y la biodiversidad de sus territorios.<\/p>\t\t\t\t\t\t<\/div>\n\t\t\t\t<\/div>\n\t\t\t\t\t<\/div>\n\t\t<\/div>\n\t\t\t\t<div class=\"elementor-column elementor-col-50 elementor-inner-column elementor-element elementor-element-3771cb96\" data-id=\"3771cb96\" data-element_type=\"column\">\n\t\t\t<div class=\"elementor-widget-wrap elementor-element-populated\">\n\t\t\t\t\t\t<div class=\"elementor-element elementor-element-16da2801 elementor-widget elementor-widget-image\" data-id=\"16da2801\" data-element_type=\"widget\" data-widget_type=\"image.default\">\n\t\t\t\t<div class=\"elementor-widget-container\">\n\t\t\t\t\t\t\t\t\t\t\t\t\t<img fetchpriority=\"high\" decoding=\"async\" width=\"802\" height=\"800\" src=\"https:\/\/casajaguarstudio.com\/wp-content\/uploads\/2022\/04\/new-logo-802x800.png\" class=\"attachment-large size-large wp-image-8919\" alt=\"\" srcset=\"https:\/\/casajaguarstudio.com\/wp-content\/uploads\/2022\/04\/new-logo-802x800.png 802w, https:\/\/casajaguarstudio.com\/wp-content\/uploads\/2022\/04\/new-logo-301x300.png 301w, https:\/\/casajaguarstudio.com\/wp-content\/uploads\/2022\/04\/new-logo-150x150.png 150w, https:\/\/casajaguarstudio.com\/wp-content\/uploads\/2022\/04\/new-logo-768x766.png 768w, https:\/\/casajaguarstudio.com\/wp-content\/uploads\/2022\/04\/new-logo-12x12.png 12w, https:\/\/casajaguarstudio.com\/wp-content\/uploads\/2022\/04\/new-logo-860x858.png 860w, https:\/\/casajaguarstudio.com\/wp-content\/uploads\/2022\/04\/new-logo-430x429.png 430w, https:\/\/casajaguarstudio.com\/wp-content\/uploads\/2022\/04\/new-logo-700x699.png 700w, https:\/\/casajaguarstudio.com\/wp-content\/uploads\/2022\/04\/new-logo-100x100.png 100w, https:\/\/casajaguarstudio.com\/wp-content\/uploads\/2022\/04\/new-logo.png 973w\" sizes=\"(max-width: 802px) 100vw, 802px\" \/>\t\t\t\t\t\t\t\t\t\t\t\t\t<\/div>\n\t\t\t\t<\/div>\n\t\t\t\t\t<\/div>\n\t\t<\/div>\n\t\t\t\t\t<\/div>\n\t\t<\/section>\n\t\t\t\t<section class=\"elementor-section elementor-top-section elementor-element elementor-element-15132fff elementor-section-boxed elementor-section-height-default elementor-section-height-default wd-section-disabled\" data-id=\"15132fff\" data-element_type=\"section\">\n\t\t\t\t\t\t<div class=\"elementor-container elementor-column-gap-default\">\n\t\t\t\t\t<div class=\"elementor-column elementor-col-50 elementor-top-column elementor-element elementor-element-4d1f54b5\" data-id=\"4d1f54b5\" data-element_type=\"column\">\n\t\t\t<div class=\"elementor-widget-wrap elementor-element-populated\">\n\t\t\t\t\t\t<div class=\"elementor-element elementor-element-5e427db5 elementor-widget elementor-widget-image\" data-id=\"5e427db5\" data-element_type=\"widget\" data-widget_type=\"image.default\">\n\t\t\t\t<div class=\"elementor-widget-container\">\n\t\t\t\t\t\t\t\t\t\t\t\t\t\t<a href=\"https:\/\/www.youtube.com\/channel\/UCVsCpG03lmTT9QHWO1L_6QA\">\n\t\t\t\t\t\t\t<img decoding=\"async\" width=\"802\" height=\"800\" src=\"https:\/\/casajaguarstudio.com\/wp-content\/uploads\/2022\/04\/3-1-802x800.jpg\" class=\"attachment-large size-large wp-image-8629\" alt=\"\" srcset=\"https:\/\/casajaguarstudio.com\/wp-content\/uploads\/2022\/04\/3-1-802x800.jpg 802w, https:\/\/casajaguarstudio.com\/wp-content\/uploads\/2022\/04\/3-1-301x300.jpg 301w, https:\/\/casajaguarstudio.com\/wp-content\/uploads\/2022\/04\/3-1-150x150.jpg 150w, https:\/\/casajaguarstudio.com\/wp-content\/uploads\/2022\/04\/3-1-768x766.jpg 768w, https:\/\/casajaguarstudio.com\/wp-content\/uploads\/2022\/04\/3-1-12x12.jpg 12w, https:\/\/casajaguarstudio.com\/wp-content\/uploads\/2022\/04\/3-1-860x858.jpg 860w, https:\/\/casajaguarstudio.com\/wp-content\/uploads\/2022\/04\/3-1-430x429.jpg 430w, https:\/\/casajaguarstudio.com\/wp-content\/uploads\/2022\/04\/3-1-700x699.jpg 700w, https:\/\/casajaguarstudio.com\/wp-content\/uploads\/2022\/04\/3-1-100x100.jpg 100w, https:\/\/casajaguarstudio.com\/wp-content\/uploads\/2022\/04\/3-1.jpg 973w\" sizes=\"(max-width: 802px) 100vw, 802px\" \/>\t\t\t\t\t\t\t\t<\/a>\n\t\t\t\t\t\t\t\t\t\t\t\t\t<\/div>\n\t\t\t\t<\/div>\n\t\t\t\t<section class=\"elementor-section elementor-inner-section elementor-element elementor-element-159fd857 elementor-section-boxed elementor-section-height-default elementor-section-height-default wd-section-disabled\" data-id=\"159fd857\" data-element_type=\"section\" data-settings=\"{&quot;background_background&quot;:&quot;classic&quot;}\">\n\t\t\t\t\t\t<div class=\"elementor-container elementor-column-gap-default\">\n\t\t\t\t\t<div class=\"elementor-column elementor-col-50 elementor-inner-column elementor-element elementor-element-402aef7\" data-id=\"402aef7\" data-element_type=\"column\">\n\t\t\t<div class=\"elementor-widget-wrap elementor-element-populated\">\n\t\t\t\t\t\t<div class=\"elementor-element elementor-element-366afdaf elementor-widget elementor-widget-image\" data-id=\"366afdaf\" data-element_type=\"widget\" data-widget_type=\"image.default\">\n\t\t\t\t<div class=\"elementor-widget-container\">\n\t\t\t\t\t\t\t\t\t\t\t\t\t<img decoding=\"async\" width=\"796\" height=\"800\" src=\"https:\/\/casajaguarstudio.com\/wp-content\/uploads\/2022\/04\/Untitled-1-796x800.png\" class=\"attachment-large size-large wp-image-8687\" alt=\"\" srcset=\"https:\/\/casajaguarstudio.com\/wp-content\/uploads\/2022\/04\/Untitled-1-796x800.png 796w, https:\/\/casajaguarstudio.com\/wp-content\/uploads\/2022\/04\/Untitled-1-298x300.png 298w, https:\/\/casajaguarstudio.com\/wp-content\/uploads\/2022\/04\/Untitled-1-150x151.png 150w, https:\/\/casajaguarstudio.com\/wp-content\/uploads\/2022\/04\/Untitled-1-768x772.png 768w, https:\/\/casajaguarstudio.com\/wp-content\/uploads\/2022\/04\/Untitled-1-12x12.png 12w, https:\/\/casajaguarstudio.com\/wp-content\/uploads\/2022\/04\/Untitled-1-860x865.png 860w, https:\/\/casajaguarstudio.com\/wp-content\/uploads\/2022\/04\/Untitled-1-430x432.png 430w, https:\/\/casajaguarstudio.com\/wp-content\/uploads\/2022\/04\/Untitled-1-700x704.png 700w, https:\/\/casajaguarstudio.com\/wp-content\/uploads\/2022\/04\/Untitled-1-100x101.png 100w, https:\/\/casajaguarstudio.com\/wp-content\/uploads\/2022\/04\/Untitled-1.png 1073w\" sizes=\"(max-width: 796px) 100vw, 796px\" \/>\t\t\t\t\t\t\t\t\t\t\t\t\t<\/div>\n\t\t\t\t<\/div>\n\t\t\t\t\t<\/div>\n\t\t<\/div>\n\t\t\t\t<div class=\"elementor-column elementor-col-50 elementor-inner-column elementor-element elementor-element-68b6403a\" data-id=\"68b6403a\" data-element_type=\"column\">\n\t\t\t<div class=\"elementor-widget-wrap elementor-element-populated\">\n\t\t\t\t\t\t<div class=\"elementor-element elementor-element-1cb1e66f elementor-widget elementor-widget-heading\" data-id=\"1cb1e66f\" data-element_type=\"widget\" data-widget_type=\"heading.default\">\n\t\t\t\t<div class=\"elementor-widget-container\">\n\t\t\t<h2 class=\"elementor-heading-title elementor-size-default\"><a href=\"https:\/\/www.youtube.com\/watch?v=jHOO4U7raNc&#038;feature=youtu.be\">VER EN YOUTUBE<\/a><\/h2>\t\t<\/div>\n\t\t\t\t<\/div>\n\t\t\t\t\t<\/div>\n\t\t<\/div>\n\t\t\t\t\t<\/div>\n\t\t<\/section>\n\t\t\t\t\t<\/div>\n\t\t<\/div>\n\t\t\t\t<div class=\"elementor-column elementor-col-50 elementor-top-column elementor-element elementor-element-77ef8587\" data-id=\"77ef8587\" data-element_type=\"column\">\n\t\t\t<div class=\"elementor-widget-wrap\">\n\t\t\t\t\t\t\t<\/div>\n\t\t<\/div>\n\t\t\t\t\t<\/div>\n\t\t<\/section>\n\t\t\t\t<\/div>","protected":false},"excerpt":{"rendered":"<p>FILMS The Sierra Nevada in Santa Marta rises at five thousand meters above the Caribbean Sea in Colombia. The Sierra<\/p>","protected":false},"author":1,"featured_media":0,"parent":0,"menu_order":0,"comment_status":"closed","ping_status":"closed","template":"","meta":{"footnotes":""},"class_list":["post-8678","page","type-page","status-publish","hentry"],"yoast_head":"<!-- This site is optimized with the Yoast SEO plugin v26.8 - https:\/\/yoast.com\/product\/yoast-seo-wordpress\/ -->\n<title>FILMS - Casa Jaguar<\/title>\n<meta name=\"robots\" content=\"index, follow, max-snippet:-1, max-image-preview:large, max-video-preview:-1\" \/>\n<link rel=\"canonical\" href=\"https:\/\/casajaguarstudio.com\/es\/films\/\" \/>\n<meta property=\"og:locale\" content=\"es_ES\" \/>\n<meta property=\"og:type\" content=\"article\" \/>\n<meta property=\"og:title\" content=\"FILMS - Casa Jaguar\" \/>\n<meta property=\"og:description\" content=\"FILMS The Sierra Nevada in Santa Marta rises at five thousand meters above the Caribbean Sea in Colombia. The Sierra\" \/>\n<meta property=\"og:url\" content=\"https:\/\/casajaguarstudio.com\/es\/films\/\" \/>\n<meta property=\"og:site_name\" content=\"Casa Jaguar\" \/>\n<meta property=\"article:modified_time\" content=\"2022-07-01T02:45:20+00:00\" \/>\n<meta property=\"og:image\" content=\"https:\/\/casajaguarstudio.com\/wp-content\/uploads\/2022\/04\/new-logo-802x800.png\" \/>\n<meta name=\"twitter:card\" content=\"summary_large_image\" \/>\n<script type=\"application\/ld+json\" class=\"yoast-schema-graph\">{\"@context\":\"https:\/\/schema.org\",\"@graph\":[{\"@type\":\"WebPage\",\"@id\":\"https:\/\/casajaguarstudio.com\/es\/films\/\",\"url\":\"https:\/\/casajaguarstudio.com\/es\/films\/\",\"name\":\"FILMS - Casa Jaguar\",\"isPartOf\":{\"@id\":\"https:\/\/casajaguarstudio.com\/#website\"},\"primaryImageOfPage\":{\"@id\":\"https:\/\/casajaguarstudio.com\/es\/films\/#primaryimage\"},\"image\":{\"@id\":\"https:\/\/casajaguarstudio.com\/es\/films\/#primaryimage\"},\"thumbnailUrl\":\"https:\/\/casajaguarstudio.com\/wp-content\/uploads\/2022\/04\/new-logo-802x800.png\",\"datePublished\":\"2022-04-10T04:31:15+00:00\",\"dateModified\":\"2022-07-01T02:45:20+00:00\",\"breadcrumb\":{\"@id\":\"https:\/\/casajaguarstudio.com\/es\/films\/#breadcrumb\"},\"inLanguage\":\"es-CO\",\"potentialAction\":[{\"@type\":\"ReadAction\",\"target\":[\"https:\/\/casajaguarstudio.com\/es\/films\/\"]}]},{\"@type\":\"ImageObject\",\"inLanguage\":\"es-CO\",\"@id\":\"https:\/\/casajaguarstudio.com\/es\/films\/#primaryimage\",\"url\":\"https:\/\/casajaguarstudio.com\/wp-content\/uploads\/2022\/04\/new-logo-802x800.png\",\"contentUrl\":\"https:\/\/casajaguarstudio.com\/wp-content\/uploads\/2022\/04\/new-logo-802x800.png\"},{\"@type\":\"BreadcrumbList\",\"@id\":\"https:\/\/casajaguarstudio.com\/es\/films\/#breadcrumb\",\"itemListElement\":[{\"@type\":\"ListItem\",\"position\":1,\"name\":\"Home\",\"item\":\"https:\/\/casajaguarstudio.com\/\"},{\"@type\":\"ListItem\",\"position\":2,\"name\":\"FILMS\"}]},{\"@type\":\"WebSite\",\"@id\":\"https:\/\/casajaguarstudio.com\/#website\",\"url\":\"https:\/\/casajaguarstudio.com\/\",\"name\":\"Casa Jaguar\",\"description\":\"Studio\",\"potentialAction\":[{\"@type\":\"SearchAction\",\"target\":{\"@type\":\"EntryPoint\",\"urlTemplate\":\"https:\/\/casajaguarstudio.com\/?s={search_term_string}\"},\"query-input\":{\"@type\":\"PropertyValueSpecification\",\"valueRequired\":true,\"valueName\":\"search_term_string\"}}],\"inLanguage\":\"es-CO\"}]}<\/script>\n<!-- \/ Yoast SEO plugin. -->","yoast_head_json":{"title":"FILMS - Casa Jaguar","robots":{"index":"index","follow":"follow","max-snippet":"max-snippet:-1","max-image-preview":"max-image-preview:large","max-video-preview":"max-video-preview:-1"},"canonical":"https:\/\/casajaguarstudio.com\/es\/films\/","og_locale":"es_ES","og_type":"article","og_title":"FILMS - Casa Jaguar","og_description":"FILMS The Sierra Nevada in Santa Marta rises at five thousand meters above the Caribbean Sea in Colombia. The Sierra","og_url":"https:\/\/casajaguarstudio.com\/es\/films\/","og_site_name":"Casa Jaguar","article_modified_time":"2022-07-01T02:45:20+00:00","og_image":[{"url":"https:\/\/casajaguarstudio.com\/wp-content\/uploads\/2022\/04\/new-logo-802x800.png","type":"","width":"","height":""}],"twitter_card":"summary_large_image","schema":{"@context":"https:\/\/schema.org","@graph":[{"@type":"WebPage","@id":"https:\/\/casajaguarstudio.com\/es\/films\/","url":"https:\/\/casajaguarstudio.com\/es\/films\/","name":"FILMS - Casa Jaguar","isPartOf":{"@id":"https:\/\/casajaguarstudio.com\/#website"},"primaryImageOfPage":{"@id":"https:\/\/casajaguarstudio.com\/es\/films\/#primaryimage"},"image":{"@id":"https:\/\/casajaguarstudio.com\/es\/films\/#primaryimage"},"thumbnailUrl":"https:\/\/casajaguarstudio.com\/wp-content\/uploads\/2022\/04\/new-logo-802x800.png","datePublished":"2022-04-10T04:31:15+00:00","dateModified":"2022-07-01T02:45:20+00:00","breadcrumb":{"@id":"https:\/\/casajaguarstudio.com\/es\/films\/#breadcrumb"},"inLanguage":"es-CO","potentialAction":[{"@type":"ReadAction","target":["https:\/\/casajaguarstudio.com\/es\/films\/"]}]},{"@type":"ImageObject","inLanguage":"es-CO","@id":"https:\/\/casajaguarstudio.com\/es\/films\/#primaryimage","url":"https:\/\/casajaguarstudio.com\/wp-content\/uploads\/2022\/04\/new-logo-802x800.png","contentUrl":"https:\/\/casajaguarstudio.com\/wp-content\/uploads\/2022\/04\/new-logo-802x800.png"},{"@type":"BreadcrumbList","@id":"https:\/\/casajaguarstudio.com\/es\/films\/#breadcrumb","itemListElement":[{"@type":"ListItem","position":1,"name":"Home","item":"https:\/\/casajaguarstudio.com\/"},{"@type":"ListItem","position":2,"name":"FILMS"}]},{"@type":"WebSite","@id":"https:\/\/casajaguarstudio.com\/#website","url":"https:\/\/casajaguarstudio.com\/","name":"Casa Jaguar","description":"Studio","potentialAction":[{"@type":"SearchAction","target":{"@type":"EntryPoint","urlTemplate":"https:\/\/casajaguarstudio.com\/?s={search_term_string}"},"query-input":{"@type":"PropertyValueSpecification","valueRequired":true,"valueName":"search_term_string"}}],"inLanguage":"es-CO"}]}},"_links":{"self":[{"href":"https:\/\/casajaguarstudio.com\/es\/wp-json\/wp\/v2\/pages\/8678","targetHints":{"allow":["GET"]}}],"collection":[{"href":"https:\/\/casajaguarstudio.com\/es\/wp-json\/wp\/v2\/pages"}],"about":[{"href":"https:\/\/casajaguarstudio.com\/es\/wp-json\/wp\/v2\/types\/page"}],"author":[{"embeddable":true,"href":"https:\/\/casajaguarstudio.com\/es\/wp-json\/wp\/v2\/users\/1"}],"replies":[{"embeddable":true,"href":"https:\/\/casajaguarstudio.com\/es\/wp-json\/wp\/v2\/comments?post=8678"}],"version-history":[{"count":0,"href":"https:\/\/casajaguarstudio.com\/es\/wp-json\/wp\/v2\/pages\/8678\/revisions"}],"wp:attachment":[{"href":"https:\/\/casajaguarstudio.com\/es\/wp-json\/wp\/v2\/media?parent=8678"}],"curies":[{"name":"wp","href":"https:\/\/api.w.org\/{rel}","templated":true}]}}