{"id":8785,"date":"2022-04-10T05:32:04","date_gmt":"2022-04-10T05:32:04","guid":{"rendered":"https:\/\/casajaguarstudio.com\/?page_id=8785"},"modified":"2025-09-16T20:20:54","modified_gmt":"2025-09-16T20:20:54","slug":"our-origins","status":"publish","type":"page","link":"https:\/\/casajaguarstudio.com\/es\/our-origins\/","title":{"rendered":"NUESTROS OR\u00cdGENES"},"content":{"rendered":"<div data-elementor-type=\"wp-page\" data-elementor-id=\"8785\" class=\"elementor elementor-8785\">\n\t\t\t\t\t\t<section class=\"elementor-section elementor-inner-section elementor-element elementor-element-5adb89da elementor-section-boxed elementor-section-height-default elementor-section-height-default wd-section-disabled\" data-id=\"5adb89da\" data-element_type=\"section\">\n\t\t\t\t\t\t<div class=\"elementor-container elementor-column-gap-default\">\n\t\t\t\t\t<div class=\"elementor-column elementor-col-50 elementor-inner-column elementor-element elementor-element-6f7bce41\" data-id=\"6f7bce41\" data-element_type=\"column\">\n\t\t\t<div class=\"elementor-widget-wrap elementor-element-populated\">\n\t\t\t\t\t\t<div class=\"elementor-element elementor-element-2ac09864 elementor-widget elementor-widget-heading\" data-id=\"2ac09864\" data-element_type=\"widget\" data-widget_type=\"heading.default\">\n\t\t\t\t<div class=\"elementor-widget-container\">\n\t\t\t<h2 class=\"elementor-heading-title elementor-size-default\">NUESTROS OR\u00cdGENES<\/h2>\t\t<\/div>\n\t\t\t\t<\/div>\n\t\t\t\t<div class=\"elementor-element elementor-element-90077e1 color-scheme-inherit text-left elementor-widget elementor-widget-text-editor\" data-id=\"90077e1\" data-element_type=\"widget\" data-widget_type=\"text-editor.default\">\n\t\t\t\t<div class=\"elementor-widget-container\">\n\t\t\t\t\t\t\tEn Casa Jaguar Studio, buscamos que nuestro arte apoye procesos comunitarios de base.\n La venta de nuestro arte y mercanc\u00eda apoya a la Fundaci\u00f3n Gunnekun y la Fundaci\u00f3n Tejiendo Abya Yala.\nEstas dos fundaciones trabajan por la autonom\u00eda y autogesti\u00f3n comunitaria en Colombia.\t\t\t\t\t\t<\/div>\n\t\t\t\t<\/div>\n\t\t\t\t\t<\/div>\n\t\t<\/div>\n\t\t\t\t<div class=\"elementor-column elementor-col-50 elementor-inner-column elementor-element elementor-element-2ddbcaeb\" data-id=\"2ddbcaeb\" data-element_type=\"column\">\n\t\t\t<div class=\"elementor-widget-wrap elementor-element-populated\">\n\t\t\t\t\t\t<div class=\"elementor-element elementor-element-305dde6 elementor-hidden-mobile elementor-widget elementor-widget-image\" data-id=\"305dde6\" data-element_type=\"widget\" data-widget_type=\"image.default\">\n\t\t\t\t<div class=\"elementor-widget-container\">\n\t\t\t\t\t\t\t\t\t\t\t\t\t<img decoding=\"async\" width=\"150\" height=\"150\" src=\"https:\/\/casajaguarstudio.com\/wp-content\/uploads\/2022\/04\/new-logo-150x150.png\" class=\"attachment-thumbnail size-thumbnail wp-image-8919\" alt=\"\" srcset=\"https:\/\/casajaguarstudio.com\/wp-content\/uploads\/2022\/04\/new-logo-150x150.png 150w, https:\/\/casajaguarstudio.com\/wp-content\/uploads\/2022\/04\/new-logo-301x300.png 301w, https:\/\/casajaguarstudio.com\/wp-content\/uploads\/2022\/04\/new-logo-802x800.png 802w, https:\/\/casajaguarstudio.com\/wp-content\/uploads\/2022\/04\/new-logo-768x766.png 768w, https:\/\/casajaguarstudio.com\/wp-content\/uploads\/2022\/04\/new-logo-12x12.png 12w, https:\/\/casajaguarstudio.com\/wp-content\/uploads\/2022\/04\/new-logo-860x858.png 860w, https:\/\/casajaguarstudio.com\/wp-content\/uploads\/2022\/04\/new-logo-430x429.png 430w, https:\/\/casajaguarstudio.com\/wp-content\/uploads\/2022\/04\/new-logo-700x699.png 700w, https:\/\/casajaguarstudio.com\/wp-content\/uploads\/2022\/04\/new-logo-100x100.png 100w, https:\/\/casajaguarstudio.com\/wp-content\/uploads\/2022\/04\/new-logo.png 973w\" sizes=\"(max-width: 150px) 100vw, 150px\" \/>\t\t\t\t\t\t\t\t\t\t\t\t\t<\/div>\n\t\t\t\t<\/div>\n\t\t\t\t\t<\/div>\n\t\t<\/div>\n\t\t\t\t\t<\/div>\n\t\t<\/section>\n\t\t\t\t<section class=\"elementor-section elementor-top-section elementor-element elementor-element-8451364 elementor-section-boxed elementor-section-height-default elementor-section-height-default wd-section-disabled\" data-id=\"8451364\" data-element_type=\"section\">\n\t\t\t\t\t\t<div class=\"elementor-container elementor-column-gap-default\">\n\t\t\t\t\t<div class=\"elementor-column elementor-col-50 elementor-top-column elementor-element elementor-element-eb16c0a\" data-id=\"eb16c0a\" data-element_type=\"column\">\n\t\t\t<div class=\"elementor-widget-wrap elementor-element-populated\">\n\t\t\t\t\t\t<div class=\"elementor-element elementor-element-ff4ec14 elementor-widget elementor-widget-image\" data-id=\"ff4ec14\" data-element_type=\"widget\" data-widget_type=\"image.default\">\n\t\t\t\t<div class=\"elementor-widget-container\">\n\t\t\t\t\t\t\t\t\t\t\t\t\t<img fetchpriority=\"high\" decoding=\"async\" width=\"1300\" height=\"642\" src=\"https:\/\/casajaguarstudio.com\/wp-content\/uploads\/2022\/04\/1-2-1300x642.jpg\" class=\"attachment-large size-large wp-image-8793\" alt=\"\" srcset=\"https:\/\/casajaguarstudio.com\/wp-content\/uploads\/2022\/04\/1-2-1300x642.jpg 1300w, https:\/\/casajaguarstudio.com\/wp-content\/uploads\/2022\/04\/1-2-400x198.jpg 400w, https:\/\/casajaguarstudio.com\/wp-content\/uploads\/2022\/04\/1-2-768x379.jpg 768w, https:\/\/casajaguarstudio.com\/wp-content\/uploads\/2022\/04\/1-2-18x9.jpg 18w, https:\/\/casajaguarstudio.com\/wp-content\/uploads\/2022\/04\/1-2-860x425.jpg 860w, https:\/\/casajaguarstudio.com\/wp-content\/uploads\/2022\/04\/1-2-430x212.jpg 430w, https:\/\/casajaguarstudio.com\/wp-content\/uploads\/2022\/04\/1-2-700x346.jpg 700w, https:\/\/casajaguarstudio.com\/wp-content\/uploads\/2022\/04\/1-2-150x74.jpg 150w, https:\/\/casajaguarstudio.com\/wp-content\/uploads\/2022\/04\/1-2-100x49.jpg 100w, https:\/\/casajaguarstudio.com\/wp-content\/uploads\/2022\/04\/1-2.jpg 1417w\" sizes=\"(max-width: 1300px) 100vw, 1300px\" \/>\t\t\t\t\t\t\t\t\t\t\t\t\t<\/div>\n\t\t\t\t<\/div>\n\t\t\t\t<div class=\"elementor-element elementor-element-ac0cf81 color-scheme-inherit text-left elementor-widget elementor-widget-text-editor\" data-id=\"ac0cf81\" data-element_type=\"widget\" data-widget_type=\"text-editor.default\">\n\t\t\t\t<div class=\"elementor-widget-container\">\n\t\t\t\t\t\t\t\u00a0La Fundaci\u00f3n Gunnekun es liderada por el pueblo Ika de la Sierra Nevada de Santa Marta.\n Esta organizaci\u00f3n impulsa la autogesti\u00f3n de las comunidades ind\u00edgenas de la Sierra y la \npreservaci\u00f3n de la biodiversidad local. Les agradecemos\u00a0por participar en, y colaborar con, \nnuestra pieza audiovisual \"C'UNDUA\" que documenta el rol importante de los pueblos ind\u00edgenas en la salvaguarda de la biodiversidad y de las formas de vida aut\u00f3nomas.\u00a0 \t\t\t\t\t\t<\/div>\n\t\t\t\t<\/div>\n\t\t\t\t<div class=\"elementor-element elementor-element-9604c93 elementor-widget elementor-widget-wd_button\" data-id=\"9604c93\" data-element_type=\"widget\" data-widget_type=\"wd_button.default\">\n\t\t\t\t<div class=\"elementor-widget-container\">\n\t\t\t\t\t<div class=\"wd-button-wrapper text-center\" >\n\t\t\t<a class=\"btn btn-style-default btn-shape-rectangle btn-size-default btn-color-default btn-icon-pos-right\"  href=\"https:\/\/sejoproductions.wixsite.com\/fundaciongunnekun\">\n\t\t\t\t<span class=\"wd-btn-text\" data-elementor-setting-key=\"text\">\n\t\t\t\t\tVISITA SU WEB\t\t\t\t<\/span>\n\n\t\t\t\t\t\t\t<\/a>\n\t\t<\/div>\n\t\t\t\t<\/div>\n\t\t\t\t<\/div>\n\t\t\t\t\t<\/div>\n\t\t<\/div>\n\t\t\t\t<div class=\"elementor-column elementor-col-50 elementor-top-column elementor-element elementor-element-b75a69b\" data-id=\"b75a69b\" data-element_type=\"column\">\n\t\t\t<div class=\"elementor-widget-wrap\">\n\t\t\t\t\t\t\t<\/div>\n\t\t<\/div>\n\t\t\t\t\t<\/div>\n\t\t<\/section>\n\t\t\t\t<section class=\"elementor-section elementor-top-section elementor-element elementor-element-c53eaf6 elementor-section-boxed elementor-section-height-default elementor-section-height-default wd-section-disabled\" data-id=\"c53eaf6\" data-element_type=\"section\">\n\t\t\t\t\t\t<div class=\"elementor-container elementor-column-gap-default\">\n\t\t\t\t\t<div class=\"elementor-column elementor-col-50 elementor-top-column elementor-element elementor-element-cc8c385\" data-id=\"cc8c385\" data-element_type=\"column\">\n\t\t\t<div class=\"elementor-widget-wrap elementor-element-populated\">\n\t\t\t\t\t\t<div class=\"elementor-element elementor-element-7b8ca94 elementor-widget elementor-widget-image\" data-id=\"7b8ca94\" data-element_type=\"widget\" data-widget_type=\"image.default\">\n\t\t\t\t<div class=\"elementor-widget-container\">\n\t\t\t\t\t\t\t\t\t\t\t\t\t<img decoding=\"async\" width=\"594\" height=\"283\" src=\"https:\/\/casajaguarstudio.com\/wp-content\/uploads\/2024\/02\/Logo-Colectivo-Tejiendo-Abya-Yala.png\" class=\"attachment-large size-large wp-image-10767\" alt=\"\" srcset=\"https:\/\/casajaguarstudio.com\/wp-content\/uploads\/2024\/02\/Logo-Colectivo-Tejiendo-Abya-Yala.png 594w, https:\/\/casajaguarstudio.com\/wp-content\/uploads\/2024\/02\/Logo-Colectivo-Tejiendo-Abya-Yala-400x191.png 400w, https:\/\/casajaguarstudio.com\/wp-content\/uploads\/2024\/02\/Logo-Colectivo-Tejiendo-Abya-Yala-18x9.png 18w, https:\/\/casajaguarstudio.com\/wp-content\/uploads\/2024\/02\/Logo-Colectivo-Tejiendo-Abya-Yala-430x205.png 430w, https:\/\/casajaguarstudio.com\/wp-content\/uploads\/2024\/02\/Logo-Colectivo-Tejiendo-Abya-Yala-150x71.png 150w, https:\/\/casajaguarstudio.com\/wp-content\/uploads\/2024\/02\/Logo-Colectivo-Tejiendo-Abya-Yala-100x48.png 100w\" sizes=\"(max-width: 594px) 100vw, 594px\" \/>\t\t\t\t\t\t\t\t\t\t\t\t\t<\/div>\n\t\t\t\t<\/div>\n\t\t\t\t<div class=\"elementor-element elementor-element-8a836c5 color-scheme-inherit text-left elementor-widget elementor-widget-text-editor\" data-id=\"8a836c5\" data-element_type=\"widget\" data-widget_type=\"text-editor.default\">\n\t\t\t\t<div class=\"elementor-widget-container\">\n\t\t\t\t\t\t\t<p>La misi\u00f3n del Colectivo Tejiendo Abya Yala es apoyar la autogesti\u00f3n econ\u00f3mica, territorial y cultural de las comunidades en Colombia que han sido hist\u00f3ricamente privadas de sus derechos\u00a0<\/p>\t\t\t\t\t\t<\/div>\n\t\t\t\t<\/div>\n\t\t\t\t<div class=\"elementor-element elementor-element-b2ef9d5 elementor-widget elementor-widget-wd_button\" data-id=\"b2ef9d5\" data-element_type=\"widget\" data-widget_type=\"wd_button.default\">\n\t\t\t\t<div class=\"elementor-widget-container\">\n\t\t\t\t\t<div class=\"wd-button-wrapper text-center\" >\n\t\t\t<a class=\"btn btn-style-default btn-shape-rectangle btn-size-default btn-color-default btn-icon-pos-right\"  href=\"https:\/\/www.instagram.com\/tejiendo.abyayala\/\">\n\t\t\t\t<span class=\"wd-btn-text\" data-elementor-setting-key=\"text\">\n\t\t\t\t\tVISITA SU WEB\t\t\t\t<\/span>\n\n\t\t\t\t\t\t\t<\/a>\n\t\t<\/div>\n\t\t\t\t<\/div>\n\t\t\t\t<\/div>\n\t\t\t\t\t<\/div>\n\t\t<\/div>\n\t\t\t\t<div class=\"elementor-column elementor-col-50 elementor-top-column elementor-element elementor-element-fefa77e\" data-id=\"fefa77e\" data-element_type=\"column\">\n\t\t\t<div class=\"elementor-widget-wrap\">\n\t\t\t\t\t\t\t<\/div>\n\t\t<\/div>\n\t\t\t\t\t<\/div>\n\t\t<\/section>\n\t\t\t\t<\/div>","protected":false},"excerpt":{"rendered":"<p>OUR ORIGINS At Casa Jaguar Studio, we want our art to support grassroots community processes. The sale of our art<\/p>","protected":false},"author":1,"featured_media":0,"parent":0,"menu_order":0,"comment_status":"closed","ping_status":"closed","template":"","meta":{"footnotes":""},"class_list":["post-8785","page","type-page","status-publish","hentry"],"yoast_head":"<!-- This site is optimized with the Yoast SEO plugin v26.8 - https:\/\/yoast.com\/product\/yoast-seo-wordpress\/ -->\n<title>OUR ORIGINS - Casa Jaguar<\/title>\n<meta name=\"robots\" content=\"index, follow, max-snippet:-1, max-image-preview:large, max-video-preview:-1\" \/>\n<link rel=\"canonical\" href=\"https:\/\/casajaguarstudio.com\/es\/our-origins\/\" \/>\n<meta property=\"og:locale\" content=\"es_ES\" \/>\n<meta property=\"og:type\" content=\"article\" \/>\n<meta property=\"og:title\" content=\"OUR ORIGINS - Casa Jaguar\" \/>\n<meta property=\"og:description\" content=\"OUR ORIGINS At Casa Jaguar Studio, we want our art to support grassroots community processes. The sale of our art\" \/>\n<meta property=\"og:url\" content=\"https:\/\/casajaguarstudio.com\/es\/our-origins\/\" \/>\n<meta property=\"og:site_name\" content=\"Casa Jaguar\" \/>\n<meta property=\"article:modified_time\" content=\"2025-09-16T20:20:54+00:00\" \/>\n<meta property=\"og:image\" content=\"https:\/\/casajaguarstudio.com\/wp-content\/uploads\/2022\/04\/new-logo.png\" \/>\n\t<meta property=\"og:image:width\" content=\"973\" \/>\n\t<meta property=\"og:image:height\" content=\"971\" \/>\n\t<meta property=\"og:image:type\" content=\"image\/png\" \/>\n<meta name=\"twitter:card\" content=\"summary_large_image\" \/>\n<meta name=\"twitter:label1\" content=\"Tiempo de lectura\" \/>\n\t<meta name=\"twitter:data1\" content=\"2 minutos\" \/>\n<script type=\"application\/ld+json\" class=\"yoast-schema-graph\">{\"@context\":\"https:\/\/schema.org\",\"@graph\":[{\"@type\":\"WebPage\",\"@id\":\"https:\/\/casajaguarstudio.com\/our-origins\/\",\"url\":\"https:\/\/casajaguarstudio.com\/our-origins\/\",\"name\":\"OUR ORIGINS - Casa Jaguar\",\"isPartOf\":{\"@id\":\"https:\/\/casajaguarstudio.com\/#website\"},\"primaryImageOfPage\":{\"@id\":\"https:\/\/casajaguarstudio.com\/our-origins\/#primaryimage\"},\"image\":{\"@id\":\"https:\/\/casajaguarstudio.com\/our-origins\/#primaryimage\"},\"thumbnailUrl\":\"https:\/\/casajaguarstudio.com\/wp-content\/uploads\/2022\/04\/new-logo-150x150.png\",\"datePublished\":\"2022-04-10T05:32:04+00:00\",\"dateModified\":\"2025-09-16T20:20:54+00:00\",\"breadcrumb\":{\"@id\":\"https:\/\/casajaguarstudio.com\/our-origins\/#breadcrumb\"},\"inLanguage\":\"es-CO\",\"potentialAction\":[{\"@type\":\"ReadAction\",\"target\":[\"https:\/\/casajaguarstudio.com\/our-origins\/\"]}]},{\"@type\":\"ImageObject\",\"inLanguage\":\"es-CO\",\"@id\":\"https:\/\/casajaguarstudio.com\/our-origins\/#primaryimage\",\"url\":\"https:\/\/casajaguarstudio.com\/wp-content\/uploads\/2022\/04\/new-logo-150x150.png\",\"contentUrl\":\"https:\/\/casajaguarstudio.com\/wp-content\/uploads\/2022\/04\/new-logo-150x150.png\"},{\"@type\":\"BreadcrumbList\",\"@id\":\"https:\/\/casajaguarstudio.com\/our-origins\/#breadcrumb\",\"itemListElement\":[{\"@type\":\"ListItem\",\"position\":1,\"name\":\"Home\",\"item\":\"https:\/\/casajaguarstudio.com\/\"},{\"@type\":\"ListItem\",\"position\":2,\"name\":\"OUR ORIGINS\"}]},{\"@type\":\"WebSite\",\"@id\":\"https:\/\/casajaguarstudio.com\/#website\",\"url\":\"https:\/\/casajaguarstudio.com\/\",\"name\":\"Casa Jaguar\",\"description\":\"Studio\",\"potentialAction\":[{\"@type\":\"SearchAction\",\"target\":{\"@type\":\"EntryPoint\",\"urlTemplate\":\"https:\/\/casajaguarstudio.com\/?s={search_term_string}\"},\"query-input\":{\"@type\":\"PropertyValueSpecification\",\"valueRequired\":true,\"valueName\":\"search_term_string\"}}],\"inLanguage\":\"es-CO\"}]}<\/script>\n<!-- \/ Yoast SEO plugin. -->","yoast_head_json":{"title":"OUR ORIGINS - Casa Jaguar","robots":{"index":"index","follow":"follow","max-snippet":"max-snippet:-1","max-image-preview":"max-image-preview:large","max-video-preview":"max-video-preview:-1"},"canonical":"https:\/\/casajaguarstudio.com\/es\/our-origins\/","og_locale":"es_ES","og_type":"article","og_title":"OUR ORIGINS - Casa Jaguar","og_description":"OUR ORIGINS At Casa Jaguar Studio, we want our art to support grassroots community processes. The sale of our art","og_url":"https:\/\/casajaguarstudio.com\/es\/our-origins\/","og_site_name":"Casa Jaguar","article_modified_time":"2025-09-16T20:20:54+00:00","og_image":[{"width":973,"height":971,"url":"https:\/\/casajaguarstudio.com\/wp-content\/uploads\/2022\/04\/new-logo.png","type":"image\/png"}],"twitter_card":"summary_large_image","twitter_misc":{"Tiempo de lectura":"2 minutos"},"schema":{"@context":"https:\/\/schema.org","@graph":[{"@type":"WebPage","@id":"https:\/\/casajaguarstudio.com\/our-origins\/","url":"https:\/\/casajaguarstudio.com\/our-origins\/","name":"OUR ORIGINS - Casa Jaguar","isPartOf":{"@id":"https:\/\/casajaguarstudio.com\/#website"},"primaryImageOfPage":{"@id":"https:\/\/casajaguarstudio.com\/our-origins\/#primaryimage"},"image":{"@id":"https:\/\/casajaguarstudio.com\/our-origins\/#primaryimage"},"thumbnailUrl":"https:\/\/casajaguarstudio.com\/wp-content\/uploads\/2022\/04\/new-logo-150x150.png","datePublished":"2022-04-10T05:32:04+00:00","dateModified":"2025-09-16T20:20:54+00:00","breadcrumb":{"@id":"https:\/\/casajaguarstudio.com\/our-origins\/#breadcrumb"},"inLanguage":"es-CO","potentialAction":[{"@type":"ReadAction","target":["https:\/\/casajaguarstudio.com\/our-origins\/"]}]},{"@type":"ImageObject","inLanguage":"es-CO","@id":"https:\/\/casajaguarstudio.com\/our-origins\/#primaryimage","url":"https:\/\/casajaguarstudio.com\/wp-content\/uploads\/2022\/04\/new-logo-150x150.png","contentUrl":"https:\/\/casajaguarstudio.com\/wp-content\/uploads\/2022\/04\/new-logo-150x150.png"},{"@type":"BreadcrumbList","@id":"https:\/\/casajaguarstudio.com\/our-origins\/#breadcrumb","itemListElement":[{"@type":"ListItem","position":1,"name":"Home","item":"https:\/\/casajaguarstudio.com\/"},{"@type":"ListItem","position":2,"name":"OUR ORIGINS"}]},{"@type":"WebSite","@id":"https:\/\/casajaguarstudio.com\/#website","url":"https:\/\/casajaguarstudio.com\/","name":"Casa Jaguar","description":"Studio","potentialAction":[{"@type":"SearchAction","target":{"@type":"EntryPoint","urlTemplate":"https:\/\/casajaguarstudio.com\/?s={search_term_string}"},"query-input":{"@type":"PropertyValueSpecification","valueRequired":true,"valueName":"search_term_string"}}],"inLanguage":"es-CO"}]}},"_links":{"self":[{"href":"https:\/\/casajaguarstudio.com\/es\/wp-json\/wp\/v2\/pages\/8785","targetHints":{"allow":["GET"]}}],"collection":[{"href":"https:\/\/casajaguarstudio.com\/es\/wp-json\/wp\/v2\/pages"}],"about":[{"href":"https:\/\/casajaguarstudio.com\/es\/wp-json\/wp\/v2\/types\/page"}],"author":[{"embeddable":true,"href":"https:\/\/casajaguarstudio.com\/es\/wp-json\/wp\/v2\/users\/1"}],"replies":[{"embeddable":true,"href":"https:\/\/casajaguarstudio.com\/es\/wp-json\/wp\/v2\/comments?post=8785"}],"version-history":[{"count":9,"href":"https:\/\/casajaguarstudio.com\/es\/wp-json\/wp\/v2\/pages\/8785\/revisions"}],"predecessor-version":[{"id":11058,"href":"https:\/\/casajaguarstudio.com\/es\/wp-json\/wp\/v2\/pages\/8785\/revisions\/11058"}],"wp:attachment":[{"href":"https:\/\/casajaguarstudio.com\/es\/wp-json\/wp\/v2\/media?parent=8785"}],"curies":[{"name":"wp","href":"https:\/\/api.w.org\/{rel}","templated":true}]}}