{"id":9339,"date":"2022-04-19T06:13:49","date_gmt":"2022-04-19T06:13:49","guid":{"rendered":"https:\/\/casajaguarstudio.com\/?page_id=9339"},"modified":"2025-09-19T16:52:42","modified_gmt":"2025-09-19T16:52:42","slug":"kerepakupai-meru","status":"publish","type":"page","link":"https:\/\/casajaguarstudio.com\/es\/kerepakupai-meru\/","title":{"rendered":"Kerepakupai Mer\u00fa"},"content":{"rendered":"<div data-elementor-type=\"wp-page\" data-elementor-id=\"9339\" class=\"elementor elementor-9339\">\n\t\t\t\t\t\t<section class=\"elementor-section elementor-top-section elementor-element elementor-element-604de074 elementor-section-boxed elementor-section-height-default elementor-section-height-default wd-section-disabled\" data-id=\"604de074\" data-element_type=\"section\">\n\t\t\t\t\t\t<div class=\"elementor-container elementor-column-gap-default\">\n\t\t\t\t\t<div class=\"elementor-column elementor-col-50 elementor-top-column elementor-element elementor-element-6b6fb755\" data-id=\"6b6fb755\" data-element_type=\"column\">\n\t\t\t<div class=\"elementor-widget-wrap elementor-element-populated\">\n\t\t\t\t\t\t<div class=\"elementor-element elementor-element-83d8204 elementor-widget elementor-widget-image\" data-id=\"83d8204\" data-element_type=\"widget\" data-widget_type=\"image.default\">\n\t\t\t\t<div class=\"elementor-widget-container\">\n\t\t\t\t\t\t\t\t\t\t\t\t\t<img fetchpriority=\"high\" decoding=\"async\" width=\"847\" height=\"758\" src=\"https:\/\/casajaguarstudio.com\/wp-content\/uploads\/2022\/04\/arpillera-39.png\" class=\"attachment-large size-large wp-image-9176\" alt=\"\" srcset=\"https:\/\/casajaguarstudio.com\/wp-content\/uploads\/2022\/04\/arpillera-39.png 847w, https:\/\/casajaguarstudio.com\/wp-content\/uploads\/2022\/04\/arpillera-39-335x300.png 335w, https:\/\/casajaguarstudio.com\/wp-content\/uploads\/2022\/04\/arpillera-39-768x687.png 768w, https:\/\/casajaguarstudio.com\/wp-content\/uploads\/2022\/04\/arpillera-39-13x12.png 13w, https:\/\/casajaguarstudio.com\/wp-content\/uploads\/2022\/04\/arpillera-39-430x385.png 430w, https:\/\/casajaguarstudio.com\/wp-content\/uploads\/2022\/04\/arpillera-39-700x626.png 700w, https:\/\/casajaguarstudio.com\/wp-content\/uploads\/2022\/04\/arpillera-39-150x134.png 150w, https:\/\/casajaguarstudio.com\/wp-content\/uploads\/2022\/04\/arpillera-39-100x89.png 100w\" sizes=\"(max-width: 847px) 100vw, 847px\" \/>\t\t\t\t\t\t\t\t\t\t\t\t\t<\/div>\n\t\t\t\t<\/div>\n\t\t\t\t\t<\/div>\n\t\t<\/div>\n\t\t\t\t<div class=\"elementor-column elementor-col-50 elementor-top-column elementor-element elementor-element-45183064\" data-id=\"45183064\" data-element_type=\"column\">\n\t\t\t<div class=\"elementor-widget-wrap elementor-element-populated\">\n\t\t\t\t\t\t<div class=\"elementor-element elementor-element-2d0c93c8 color-scheme-inherit text-left elementor-widget elementor-widget-text-editor\" data-id=\"2d0c93c8\" data-element_type=\"widget\" data-widget_type=\"text-editor.default\">\n\t\t\t\t<div class=\"elementor-widget-container\">\n\t\t\t\t\t\t\t<p>Nombre: Kerepakupai Mer\u00fa <br \/>Tama\u00f1o: 54.5 x 60 cm <br \/>T\u00e9cnica: Xilograf\u00eda y collage sobre arpillera <br \/><br \/><\/p>\t\t\t\t\t\t<\/div>\n\t\t\t\t<\/div>\n\t\t\t\t<div class=\"elementor-element elementor-element-4ef9b347 color-scheme-inherit text-left elementor-widget elementor-widget-text-editor\" data-id=\"4ef9b347\" data-element_type=\"widget\" data-widget_type=\"text-editor.default\">\n\t\t\t\t<div class=\"elementor-widget-container\">\n\t\t\t\t\t\t\t<p>Kerepakupai Mer\u00fa o Parekupa Vena significa \u201csalto del lugar m\u00e1s profundo.\u201d El pueblo ind\u00edgena pem\u00f3n nombra as\u00ed a la cascada m\u00e1s alta del mundo. El agua salta desde Auyantepui, el tepuy m\u00e1s grande en Venezuela. Los tepuys son sabios antiguos pues se elevaron antes que toda otra monta\u00f1a o colina que existe hoy. Estas mesetas altas de paredes verticales y cimas planas erosionadas por el paso del tiempo han mirado a la tierra por encima del suelo por cuatro mil millones de a\u00f1os. Por su aislamiento individual, estas abuelas geol\u00f3gicas albergan formas de vida \u00fanicas que no conocemos.<\/p>\t\t\t\t\t\t<\/div>\n\t\t\t\t<\/div>\n\t\t\t\t\t<\/div>\n\t\t<\/div>\n\t\t\t\t\t<\/div>\n\t\t<\/section>\n\t\t\t\t<\/div>","protected":false},"excerpt":{"rendered":"<p>Name: Kerepakupai Mer\u00fa Size: 54.5 x 60 cm Medium: Woodcut and collage on burlap Kerepakupai Mer\u00fa or Parekupa Vena means<\/p>","protected":false},"author":1,"featured_media":0,"parent":0,"menu_order":0,"comment_status":"closed","ping_status":"closed","template":"","meta":{"footnotes":""},"class_list":["post-9339","page","type-page","status-publish","hentry"],"yoast_head":"<!-- This site is optimized with the Yoast SEO plugin v26.8 - https:\/\/yoast.com\/product\/yoast-seo-wordpress\/ -->\n<title>Kerepakupai Mer\u00fa - Casa Jaguar<\/title>\n<meta name=\"robots\" content=\"index, follow, max-snippet:-1, max-image-preview:large, max-video-preview:-1\" \/>\n<link rel=\"canonical\" href=\"https:\/\/casajaguarstudio.com\/es\/kerepakupai-meru\/\" \/>\n<meta property=\"og:locale\" content=\"es_ES\" \/>\n<meta property=\"og:type\" content=\"article\" \/>\n<meta property=\"og:title\" content=\"Kerepakupai Mer\u00fa - Casa Jaguar\" \/>\n<meta property=\"og:description\" content=\"Name: Kerepakupai Mer\u00fa Size: 54.5 x 60 cm Medium: Woodcut and collage on burlap Kerepakupai Mer\u00fa or Parekupa Vena means\" \/>\n<meta property=\"og:url\" content=\"https:\/\/casajaguarstudio.com\/es\/kerepakupai-meru\/\" \/>\n<meta property=\"og:site_name\" content=\"Casa Jaguar\" \/>\n<meta property=\"article:modified_time\" content=\"2025-09-19T16:52:42+00:00\" \/>\n<meta property=\"og:image\" content=\"https:\/\/casajaguarstudio.com\/wp-content\/uploads\/2022\/04\/arpillera-39.png\" \/>\n\t<meta property=\"og:image:width\" content=\"847\" \/>\n\t<meta property=\"og:image:height\" content=\"758\" \/>\n\t<meta property=\"og:image:type\" content=\"image\/png\" \/>\n<meta name=\"twitter:card\" content=\"summary_large_image\" \/>\n<meta name=\"twitter:label1\" content=\"Tiempo de lectura\" \/>\n\t<meta name=\"twitter:data1\" content=\"1 minuto\" \/>\n<script type=\"application\/ld+json\" class=\"yoast-schema-graph\">{\"@context\":\"https:\/\/schema.org\",\"@graph\":[{\"@type\":\"WebPage\",\"@id\":\"https:\/\/casajaguarstudio.com\/kerepakupai-meru\/\",\"url\":\"https:\/\/casajaguarstudio.com\/kerepakupai-meru\/\",\"name\":\"Kerepakupai Mer\u00fa - Casa Jaguar\",\"isPartOf\":{\"@id\":\"https:\/\/casajaguarstudio.com\/#website\"},\"primaryImageOfPage\":{\"@id\":\"https:\/\/casajaguarstudio.com\/kerepakupai-meru\/#primaryimage\"},\"image\":{\"@id\":\"https:\/\/casajaguarstudio.com\/kerepakupai-meru\/#primaryimage\"},\"thumbnailUrl\":\"https:\/\/casajaguarstudio.com\/wp-content\/uploads\/2022\/04\/arpillera-39.png\",\"datePublished\":\"2022-04-19T06:13:49+00:00\",\"dateModified\":\"2025-09-19T16:52:42+00:00\",\"breadcrumb\":{\"@id\":\"https:\/\/casajaguarstudio.com\/kerepakupai-meru\/#breadcrumb\"},\"inLanguage\":\"es-CO\",\"potentialAction\":[{\"@type\":\"ReadAction\",\"target\":[\"https:\/\/casajaguarstudio.com\/kerepakupai-meru\/\"]}]},{\"@type\":\"ImageObject\",\"inLanguage\":\"es-CO\",\"@id\":\"https:\/\/casajaguarstudio.com\/kerepakupai-meru\/#primaryimage\",\"url\":\"https:\/\/casajaguarstudio.com\/wp-content\/uploads\/2022\/04\/arpillera-39.png\",\"contentUrl\":\"https:\/\/casajaguarstudio.com\/wp-content\/uploads\/2022\/04\/arpillera-39.png\"},{\"@type\":\"BreadcrumbList\",\"@id\":\"https:\/\/casajaguarstudio.com\/kerepakupai-meru\/#breadcrumb\",\"itemListElement\":[{\"@type\":\"ListItem\",\"position\":1,\"name\":\"Home\",\"item\":\"https:\/\/casajaguarstudio.com\/\"},{\"@type\":\"ListItem\",\"position\":2,\"name\":\"Kerepakupai Mer\u00fa\"}]},{\"@type\":\"WebSite\",\"@id\":\"https:\/\/casajaguarstudio.com\/#website\",\"url\":\"https:\/\/casajaguarstudio.com\/\",\"name\":\"Casa Jaguar\",\"description\":\"Studio\",\"potentialAction\":[{\"@type\":\"SearchAction\",\"target\":{\"@type\":\"EntryPoint\",\"urlTemplate\":\"https:\/\/casajaguarstudio.com\/?s={search_term_string}\"},\"query-input\":{\"@type\":\"PropertyValueSpecification\",\"valueRequired\":true,\"valueName\":\"search_term_string\"}}],\"inLanguage\":\"es-CO\"}]}<\/script>\n<!-- \/ Yoast SEO plugin. -->","yoast_head_json":{"title":"Kerepakupai Mer\u00fa - Casa Jaguar","robots":{"index":"index","follow":"follow","max-snippet":"max-snippet:-1","max-image-preview":"max-image-preview:large","max-video-preview":"max-video-preview:-1"},"canonical":"https:\/\/casajaguarstudio.com\/es\/kerepakupai-meru\/","og_locale":"es_ES","og_type":"article","og_title":"Kerepakupai Mer\u00fa - Casa Jaguar","og_description":"Name: Kerepakupai Mer\u00fa Size: 54.5 x 60 cm Medium: Woodcut and collage on burlap Kerepakupai Mer\u00fa or Parekupa Vena means","og_url":"https:\/\/casajaguarstudio.com\/es\/kerepakupai-meru\/","og_site_name":"Casa Jaguar","article_modified_time":"2025-09-19T16:52:42+00:00","og_image":[{"width":847,"height":758,"url":"https:\/\/casajaguarstudio.com\/wp-content\/uploads\/2022\/04\/arpillera-39.png","type":"image\/png"}],"twitter_card":"summary_large_image","twitter_misc":{"Tiempo de lectura":"1 minuto"},"schema":{"@context":"https:\/\/schema.org","@graph":[{"@type":"WebPage","@id":"https:\/\/casajaguarstudio.com\/kerepakupai-meru\/","url":"https:\/\/casajaguarstudio.com\/kerepakupai-meru\/","name":"Kerepakupai Mer\u00fa - Casa Jaguar","isPartOf":{"@id":"https:\/\/casajaguarstudio.com\/#website"},"primaryImageOfPage":{"@id":"https:\/\/casajaguarstudio.com\/kerepakupai-meru\/#primaryimage"},"image":{"@id":"https:\/\/casajaguarstudio.com\/kerepakupai-meru\/#primaryimage"},"thumbnailUrl":"https:\/\/casajaguarstudio.com\/wp-content\/uploads\/2022\/04\/arpillera-39.png","datePublished":"2022-04-19T06:13:49+00:00","dateModified":"2025-09-19T16:52:42+00:00","breadcrumb":{"@id":"https:\/\/casajaguarstudio.com\/kerepakupai-meru\/#breadcrumb"},"inLanguage":"es-CO","potentialAction":[{"@type":"ReadAction","target":["https:\/\/casajaguarstudio.com\/kerepakupai-meru\/"]}]},{"@type":"ImageObject","inLanguage":"es-CO","@id":"https:\/\/casajaguarstudio.com\/kerepakupai-meru\/#primaryimage","url":"https:\/\/casajaguarstudio.com\/wp-content\/uploads\/2022\/04\/arpillera-39.png","contentUrl":"https:\/\/casajaguarstudio.com\/wp-content\/uploads\/2022\/04\/arpillera-39.png"},{"@type":"BreadcrumbList","@id":"https:\/\/casajaguarstudio.com\/kerepakupai-meru\/#breadcrumb","itemListElement":[{"@type":"ListItem","position":1,"name":"Home","item":"https:\/\/casajaguarstudio.com\/"},{"@type":"ListItem","position":2,"name":"Kerepakupai Mer\u00fa"}]},{"@type":"WebSite","@id":"https:\/\/casajaguarstudio.com\/#website","url":"https:\/\/casajaguarstudio.com\/","name":"Casa Jaguar","description":"Studio","potentialAction":[{"@type":"SearchAction","target":{"@type":"EntryPoint","urlTemplate":"https:\/\/casajaguarstudio.com\/?s={search_term_string}"},"query-input":{"@type":"PropertyValueSpecification","valueRequired":true,"valueName":"search_term_string"}}],"inLanguage":"es-CO"}]}},"_links":{"self":[{"href":"https:\/\/casajaguarstudio.com\/es\/wp-json\/wp\/v2\/pages\/9339","targetHints":{"allow":["GET"]}}],"collection":[{"href":"https:\/\/casajaguarstudio.com\/es\/wp-json\/wp\/v2\/pages"}],"about":[{"href":"https:\/\/casajaguarstudio.com\/es\/wp-json\/wp\/v2\/types\/page"}],"author":[{"embeddable":true,"href":"https:\/\/casajaguarstudio.com\/es\/wp-json\/wp\/v2\/users\/1"}],"replies":[{"embeddable":true,"href":"https:\/\/casajaguarstudio.com\/es\/wp-json\/wp\/v2\/comments?post=9339"}],"version-history":[{"count":6,"href":"https:\/\/casajaguarstudio.com\/es\/wp-json\/wp\/v2\/pages\/9339\/revisions"}],"predecessor-version":[{"id":11264,"href":"https:\/\/casajaguarstudio.com\/es\/wp-json\/wp\/v2\/pages\/9339\/revisions\/11264"}],"wp:attachment":[{"href":"https:\/\/casajaguarstudio.com\/es\/wp-json\/wp\/v2\/media?parent=9339"}],"curies":[{"name":"wp","href":"https:\/\/api.w.org\/{rel}","templated":true}]}}