{"id":9362,"date":"2022-04-19T06:27:37","date_gmt":"2022-04-19T06:27:37","guid":{"rendered":"https:\/\/casajaguarstudio.com\/?page_id=9362"},"modified":"2025-12-12T19:13:27","modified_gmt":"2025-12-12T19:13:27","slug":"iguazu","status":"publish","type":"page","link":"https:\/\/casajaguarstudio.com\/es\/iguazu\/","title":{"rendered":"Ci\u00e9naga grande"},"content":{"rendered":"<div data-elementor-type=\"wp-page\" data-elementor-id=\"9362\" class=\"elementor elementor-9362\">\n\t\t\t\t\t\t<section class=\"elementor-section elementor-top-section elementor-element elementor-element-1873ffdf elementor-section-boxed elementor-section-height-default elementor-section-height-default wd-section-disabled\" data-id=\"1873ffdf\" data-element_type=\"section\">\n\t\t\t\t\t\t<div class=\"elementor-container elementor-column-gap-default\">\n\t\t\t\t\t<div class=\"elementor-column elementor-col-50 elementor-top-column elementor-element elementor-element-2d7b5dc0\" data-id=\"2d7b5dc0\" data-element_type=\"column\">\n\t\t\t<div class=\"elementor-widget-wrap elementor-element-populated\">\n\t\t\t\t\t\t<div class=\"elementor-element elementor-element-546fbd23 elementor-widget elementor-widget-image\" data-id=\"546fbd23\" data-element_type=\"widget\" data-widget_type=\"image.default\">\n\t\t\t\t<div class=\"elementor-widget-container\">\n\t\t\t\t\t\t\t\t\t\t\t\t\t<img fetchpriority=\"high\" decoding=\"async\" width=\"880\" height=\"800\" src=\"https:\/\/casajaguarstudio.com\/wp-content\/uploads\/2025\/12\/Arpillera_1_Cienaga-grande-880x800.jpg\" class=\"attachment-large size-large wp-image-11565\" alt=\"\" srcset=\"https:\/\/casajaguarstudio.com\/wp-content\/uploads\/2025\/12\/Arpillera_1_Cienaga-grande-880x800.jpg 880w, https:\/\/casajaguarstudio.com\/wp-content\/uploads\/2025\/12\/Arpillera_1_Cienaga-grande-330x300.jpg 330w, https:\/\/casajaguarstudio.com\/wp-content\/uploads\/2025\/12\/Arpillera_1_Cienaga-grande-768x698.jpg 768w, https:\/\/casajaguarstudio.com\/wp-content\/uploads\/2025\/12\/Arpillera_1_Cienaga-grande-13x12.jpg 13w, https:\/\/casajaguarstudio.com\/wp-content\/uploads\/2025\/12\/Arpillera_1_Cienaga-grande.jpg 900w\" sizes=\"(max-width: 880px) 100vw, 880px\" \/>\t\t\t\t\t\t\t\t\t\t\t\t\t<\/div>\n\t\t\t\t<\/div>\n\t\t\t\t\t<\/div>\n\t\t<\/div>\n\t\t\t\t<div class=\"elementor-column elementor-col-50 elementor-top-column elementor-element elementor-element-63a2c8a5\" data-id=\"63a2c8a5\" data-element_type=\"column\">\n\t\t\t<div class=\"elementor-widget-wrap elementor-element-populated\">\n\t\t\t\t\t\t<div class=\"elementor-element elementor-element-341d34e color-scheme-inherit text-left elementor-widget elementor-widget-text-editor\" data-id=\"341d34e\" data-element_type=\"widget\" data-widget_type=\"text-editor.default\">\n\t\t\t\t<div class=\"elementor-widget-container\">\n\t\t\t\t\t\t\t<p>Nombre: Ci\u00e9naga grande<br \/>Tama\u00f1o: 60 x 55 cm <br \/>T\u00e9cnica: Xilograf\u00eda y collage sobre arpillera <br \/><br \/><\/p>\t\t\t\t\t\t<\/div>\n\t\t\t\t<\/div>\n\t\t\t\t<div class=\"elementor-element elementor-element-5b1d9120 color-scheme-inherit text-left elementor-widget elementor-widget-text-editor\" data-id=\"5b1d9120\" data-element_type=\"widget\" data-widget_type=\"text-editor.default\">\n\t\t\t\t<div class=\"elementor-widget-container\">\n\t\t\t\t\t\t\t<p>La Ci\u00e9naga Grande de Santa Marta es el sistema de humedal m\u00e1s grande de Colombia. Las aguas del mar Caribe que se encuentran con las aguas del poderoso r\u00edo Magdalena y de los r\u00edos que descienden de la Sierra Nevada de Santa Marta mantienen su equilibrio. En su interior, las culturas anfibias, como lo dir\u00eda el soci\u00f3logo Orlando Fals Borda, construyeron varios pueblos flotantes. Muchos de sus habitantes dependen de la pesca. Hoy, la Ci\u00e9naga y sus comunidades agonizan por la construcci\u00f3n de v\u00edas que interrumpen el flujo de aguas, el desv\u00edo de r\u00edos para la agricultura extensiva, la introducci\u00f3n de plantas acu\u00e1ticas invasivas y la contaminaci\u00f3n.\u00a0<\/p>\t\t\t\t\t\t<\/div>\n\t\t\t\t<\/div>\n\t\t\t\t\t<\/div>\n\t\t<\/div>\n\t\t\t\t\t<\/div>\n\t\t<\/section>\n\t\t\t\t<\/div>","protected":false},"excerpt":{"rendered":"<p>Name: Ci\u00e9naga grandeSize: 60 x 55 cm Medium: Woodcut and collage on burlap The Ci\u00e9naga Grande de Santa Marta is<\/p>","protected":false},"author":1,"featured_media":0,"parent":0,"menu_order":0,"comment_status":"closed","ping_status":"closed","template":"","meta":{"footnotes":""},"class_list":["post-9362","page","type-page","status-publish","hentry"],"yoast_head":"<!-- This site is optimized with the Yoast SEO plugin v26.8 - https:\/\/yoast.com\/product\/yoast-seo-wordpress\/ -->\n<title>Ci\u00e9naga grande - Casa Jaguar<\/title>\n<meta name=\"robots\" content=\"index, follow, max-snippet:-1, max-image-preview:large, max-video-preview:-1\" \/>\n<link rel=\"canonical\" href=\"https:\/\/casajaguarstudio.com\/es\/iguazu\/\" \/>\n<meta property=\"og:locale\" content=\"es_ES\" \/>\n<meta property=\"og:type\" content=\"article\" \/>\n<meta property=\"og:title\" content=\"Ci\u00e9naga grande - Casa Jaguar\" \/>\n<meta property=\"og:description\" content=\"Name: Ci\u00e9naga grandeSize: 60 x 55 cm Medium: Woodcut and collage on burlap The Ci\u00e9naga Grande de Santa Marta is\" \/>\n<meta property=\"og:url\" content=\"https:\/\/casajaguarstudio.com\/es\/iguazu\/\" \/>\n<meta property=\"og:site_name\" content=\"Casa Jaguar\" \/>\n<meta property=\"article:modified_time\" content=\"2025-12-12T19:13:27+00:00\" \/>\n<meta property=\"og:image\" content=\"https:\/\/casajaguarstudio.com\/wp-content\/uploads\/2025\/12\/Arpillera_1_Cienaga-grande.jpg\" \/>\n\t<meta property=\"og:image:width\" content=\"900\" \/>\n\t<meta property=\"og:image:height\" content=\"818\" \/>\n\t<meta property=\"og:image:type\" content=\"image\/jpeg\" \/>\n<meta name=\"twitter:card\" content=\"summary_large_image\" \/>\n<meta name=\"twitter:label1\" content=\"Tiempo de lectura\" \/>\n\t<meta name=\"twitter:data1\" content=\"1 minuto\" \/>\n<script type=\"application\/ld+json\" class=\"yoast-schema-graph\">{\"@context\":\"https:\/\/schema.org\",\"@graph\":[{\"@type\":\"WebPage\",\"@id\":\"https:\/\/casajaguarstudio.com\/iguazu\/\",\"url\":\"https:\/\/casajaguarstudio.com\/iguazu\/\",\"name\":\"Ci\u00e9naga grande - Casa Jaguar\",\"isPartOf\":{\"@id\":\"https:\/\/casajaguarstudio.com\/#website\"},\"primaryImageOfPage\":{\"@id\":\"https:\/\/casajaguarstudio.com\/iguazu\/#primaryimage\"},\"image\":{\"@id\":\"https:\/\/casajaguarstudio.com\/iguazu\/#primaryimage\"},\"thumbnailUrl\":\"https:\/\/casajaguarstudio.com\/wp-content\/uploads\/2025\/12\/Arpillera_1_Cienaga-grande-880x800.jpg\",\"datePublished\":\"2022-04-19T06:27:37+00:00\",\"dateModified\":\"2025-12-12T19:13:27+00:00\",\"breadcrumb\":{\"@id\":\"https:\/\/casajaguarstudio.com\/iguazu\/#breadcrumb\"},\"inLanguage\":\"es-CO\",\"potentialAction\":[{\"@type\":\"ReadAction\",\"target\":[\"https:\/\/casajaguarstudio.com\/iguazu\/\"]}]},{\"@type\":\"ImageObject\",\"inLanguage\":\"es-CO\",\"@id\":\"https:\/\/casajaguarstudio.com\/iguazu\/#primaryimage\",\"url\":\"https:\/\/casajaguarstudio.com\/wp-content\/uploads\/2025\/12\/Arpillera_1_Cienaga-grande-880x800.jpg\",\"contentUrl\":\"https:\/\/casajaguarstudio.com\/wp-content\/uploads\/2025\/12\/Arpillera_1_Cienaga-grande-880x800.jpg\"},{\"@type\":\"BreadcrumbList\",\"@id\":\"https:\/\/casajaguarstudio.com\/iguazu\/#breadcrumb\",\"itemListElement\":[{\"@type\":\"ListItem\",\"position\":1,\"name\":\"Home\",\"item\":\"https:\/\/casajaguarstudio.com\/\"},{\"@type\":\"ListItem\",\"position\":2,\"name\":\"Ci\u00e9naga grande\"}]},{\"@type\":\"WebSite\",\"@id\":\"https:\/\/casajaguarstudio.com\/#website\",\"url\":\"https:\/\/casajaguarstudio.com\/\",\"name\":\"Casa Jaguar\",\"description\":\"Studio\",\"potentialAction\":[{\"@type\":\"SearchAction\",\"target\":{\"@type\":\"EntryPoint\",\"urlTemplate\":\"https:\/\/casajaguarstudio.com\/?s={search_term_string}\"},\"query-input\":{\"@type\":\"PropertyValueSpecification\",\"valueRequired\":true,\"valueName\":\"search_term_string\"}}],\"inLanguage\":\"es-CO\"}]}<\/script>\n<!-- \/ Yoast SEO plugin. -->","yoast_head_json":{"title":"Ci\u00e9naga grande - Casa Jaguar","robots":{"index":"index","follow":"follow","max-snippet":"max-snippet:-1","max-image-preview":"max-image-preview:large","max-video-preview":"max-video-preview:-1"},"canonical":"https:\/\/casajaguarstudio.com\/es\/iguazu\/","og_locale":"es_ES","og_type":"article","og_title":"Ci\u00e9naga grande - Casa Jaguar","og_description":"Name: Ci\u00e9naga grandeSize: 60 x 55 cm Medium: Woodcut and collage on burlap The Ci\u00e9naga Grande de Santa Marta is","og_url":"https:\/\/casajaguarstudio.com\/es\/iguazu\/","og_site_name":"Casa Jaguar","article_modified_time":"2025-12-12T19:13:27+00:00","og_image":[{"width":900,"height":818,"url":"https:\/\/casajaguarstudio.com\/wp-content\/uploads\/2025\/12\/Arpillera_1_Cienaga-grande.jpg","type":"image\/jpeg"}],"twitter_card":"summary_large_image","twitter_misc":{"Tiempo de lectura":"1 minuto"},"schema":{"@context":"https:\/\/schema.org","@graph":[{"@type":"WebPage","@id":"https:\/\/casajaguarstudio.com\/iguazu\/","url":"https:\/\/casajaguarstudio.com\/iguazu\/","name":"Ci\u00e9naga grande - Casa Jaguar","isPartOf":{"@id":"https:\/\/casajaguarstudio.com\/#website"},"primaryImageOfPage":{"@id":"https:\/\/casajaguarstudio.com\/iguazu\/#primaryimage"},"image":{"@id":"https:\/\/casajaguarstudio.com\/iguazu\/#primaryimage"},"thumbnailUrl":"https:\/\/casajaguarstudio.com\/wp-content\/uploads\/2025\/12\/Arpillera_1_Cienaga-grande-880x800.jpg","datePublished":"2022-04-19T06:27:37+00:00","dateModified":"2025-12-12T19:13:27+00:00","breadcrumb":{"@id":"https:\/\/casajaguarstudio.com\/iguazu\/#breadcrumb"},"inLanguage":"es-CO","potentialAction":[{"@type":"ReadAction","target":["https:\/\/casajaguarstudio.com\/iguazu\/"]}]},{"@type":"ImageObject","inLanguage":"es-CO","@id":"https:\/\/casajaguarstudio.com\/iguazu\/#primaryimage","url":"https:\/\/casajaguarstudio.com\/wp-content\/uploads\/2025\/12\/Arpillera_1_Cienaga-grande-880x800.jpg","contentUrl":"https:\/\/casajaguarstudio.com\/wp-content\/uploads\/2025\/12\/Arpillera_1_Cienaga-grande-880x800.jpg"},{"@type":"BreadcrumbList","@id":"https:\/\/casajaguarstudio.com\/iguazu\/#breadcrumb","itemListElement":[{"@type":"ListItem","position":1,"name":"Home","item":"https:\/\/casajaguarstudio.com\/"},{"@type":"ListItem","position":2,"name":"Ci\u00e9naga grande"}]},{"@type":"WebSite","@id":"https:\/\/casajaguarstudio.com\/#website","url":"https:\/\/casajaguarstudio.com\/","name":"Casa Jaguar","description":"Studio","potentialAction":[{"@type":"SearchAction","target":{"@type":"EntryPoint","urlTemplate":"https:\/\/casajaguarstudio.com\/?s={search_term_string}"},"query-input":{"@type":"PropertyValueSpecification","valueRequired":true,"valueName":"search_term_string"}}],"inLanguage":"es-CO"}]}},"_links":{"self":[{"href":"https:\/\/casajaguarstudio.com\/es\/wp-json\/wp\/v2\/pages\/9362","targetHints":{"allow":["GET"]}}],"collection":[{"href":"https:\/\/casajaguarstudio.com\/es\/wp-json\/wp\/v2\/pages"}],"about":[{"href":"https:\/\/casajaguarstudio.com\/es\/wp-json\/wp\/v2\/types\/page"}],"author":[{"embeddable":true,"href":"https:\/\/casajaguarstudio.com\/es\/wp-json\/wp\/v2\/users\/1"}],"replies":[{"embeddable":true,"href":"https:\/\/casajaguarstudio.com\/es\/wp-json\/wp\/v2\/comments?post=9362"}],"version-history":[{"count":18,"href":"https:\/\/casajaguarstudio.com\/es\/wp-json\/wp\/v2\/pages\/9362\/revisions"}],"predecessor-version":[{"id":11587,"href":"https:\/\/casajaguarstudio.com\/es\/wp-json\/wp\/v2\/pages\/9362\/revisions\/11587"}],"wp:attachment":[{"href":"https:\/\/casajaguarstudio.com\/es\/wp-json\/wp\/v2\/media?parent=9362"}],"curies":[{"name":"wp","href":"https:\/\/api.w.org\/{rel}","templated":true}]}}