{"id":9392,"date":"2022-04-19T06:42:56","date_gmt":"2022-04-19T06:42:56","guid":{"rendered":"https:\/\/casajaguarstudio.com\/?page_id=9392"},"modified":"2025-09-19T16:34:21","modified_gmt":"2025-09-19T16:34:21","slug":"rigoberta-menchu","status":"publish","type":"page","link":"https:\/\/casajaguarstudio.com\/es\/rigoberta-menchu\/","title":{"rendered":"Rigoberta Mench\u00fa"},"content":{"rendered":"<div data-elementor-type=\"wp-page\" data-elementor-id=\"9392\" class=\"elementor elementor-9392\">\n\t\t\t\t\t\t<section class=\"elementor-section elementor-top-section elementor-element elementor-element-1fefaaf7 elementor-section-boxed elementor-section-height-default elementor-section-height-default wd-section-disabled\" data-id=\"1fefaaf7\" data-element_type=\"section\">\n\t\t\t\t\t\t<div class=\"elementor-container elementor-column-gap-default\">\n\t\t\t\t\t<div class=\"elementor-column elementor-col-50 elementor-top-column elementor-element elementor-element-23864cb8\" data-id=\"23864cb8\" data-element_type=\"column\">\n\t\t\t<div class=\"elementor-widget-wrap elementor-element-populated\">\n\t\t\t\t\t\t<div class=\"elementor-element elementor-element-103b6f95 elementor-widget elementor-widget-image\" data-id=\"103b6f95\" data-element_type=\"widget\" data-widget_type=\"image.default\">\n\t\t\t\t<div class=\"elementor-widget-container\">\n\t\t\t\t\t\t\t\t\t\t\t\t\t<img fetchpriority=\"high\" decoding=\"async\" width=\"609\" height=\"759\" src=\"https:\/\/casajaguarstudio.com\/wp-content\/uploads\/2022\/04\/mujeres-rigoberta-menchu.png\" class=\"attachment-large size-large wp-image-9187\" alt=\"\" srcset=\"https:\/\/casajaguarstudio.com\/wp-content\/uploads\/2022\/04\/mujeres-rigoberta-menchu.png 609w, https:\/\/casajaguarstudio.com\/wp-content\/uploads\/2022\/04\/mujeres-rigoberta-menchu-241x300.png 241w, https:\/\/casajaguarstudio.com\/wp-content\/uploads\/2022\/04\/mujeres-rigoberta-menchu-10x12.png 10w, https:\/\/casajaguarstudio.com\/wp-content\/uploads\/2022\/04\/mujeres-rigoberta-menchu-430x536.png 430w, https:\/\/casajaguarstudio.com\/wp-content\/uploads\/2022\/04\/mujeres-rigoberta-menchu-150x187.png 150w, https:\/\/casajaguarstudio.com\/wp-content\/uploads\/2022\/04\/mujeres-rigoberta-menchu-100x125.png 100w\" sizes=\"(max-width: 609px) 100vw, 609px\" \/>\t\t\t\t\t\t\t\t\t\t\t\t\t<\/div>\n\t\t\t\t<\/div>\n\t\t\t\t\t<\/div>\n\t\t<\/div>\n\t\t\t\t<div class=\"elementor-column elementor-col-50 elementor-top-column elementor-element elementor-element-63fb9df\" data-id=\"63fb9df\" data-element_type=\"column\">\n\t\t\t<div class=\"elementor-widget-wrap elementor-element-populated\">\n\t\t\t\t\t\t<div class=\"elementor-element elementor-element-36ff8710 color-scheme-inherit text-left elementor-widget elementor-widget-text-editor\" data-id=\"36ff8710\" data-element_type=\"widget\" data-widget_type=\"text-editor.default\">\n\t\t\t\t<div class=\"elementor-widget-container\">\n\t\t\t\t\t\t\t<p>Nombre: Rigoberta Mench\u00fa <br \/>Tama\u00f1o: 60 x 73\u00a0<br \/>T\u00e9cnica: \u00d3leo, collage y litografia sobre tela <br \/>A\u00f1o: 2021 <br \/><br \/><\/p>\t\t\t\t\t\t<\/div>\n\t\t\t\t<\/div>\n\t\t\t\t<div class=\"elementor-element elementor-element-63309482 color-scheme-inherit text-left elementor-widget elementor-widget-text-editor\" data-id=\"63309482\" data-element_type=\"widget\" data-widget_type=\"text-editor.default\">\n\t\t\t\t<div class=\"elementor-widget-container\">\n\t\t\t\t\t\t\t<p>Rigoberta Mench\u00fa gan\u00f3 el Nobel de Paz en 1992 a sus 33 a\u00f1os, convirti\u00e9ndose en la primera persona ind\u00edgena, y la m\u00e1s joven, en recibirlo. Ella es una mujer maya quich\u00e9 que ha dedicado su vida al activismo. Vivi\u00f3 muy de cerca la violencia de la guerra en Guatemala (1960-1996) donde el gobierno militar implement\u00f3 una pol\u00edtica de exterminio contra la poblaci\u00f3n maya. A sus 22 a\u00f1os, la persecuci\u00f3n del ej\u00e9rcito la oblig\u00f3 a exiliarse en M\u00e9xico donde aprendi\u00f3 el castellano para contar su historia y luchar por la paz, la justicia social y los derechos de los pueblos ind\u00edgenas.<\/p>\t\t\t\t\t\t<\/div>\n\t\t\t\t<\/div>\n\t\t\t\t\t<\/div>\n\t\t<\/div>\n\t\t\t\t\t<\/div>\n\t\t<\/section>\n\t\t\t\t<\/div>","protected":false},"excerpt":{"rendered":"<p>Name: Rigoberta Mench\u00fa Size: 60 x 73\u00a0Medium: Oil, collage, lithography on fabric Year: 2021 Rigoberta Mench\u00fa won the Nobel Peace<\/p>","protected":false},"author":1,"featured_media":0,"parent":0,"menu_order":0,"comment_status":"closed","ping_status":"closed","template":"","meta":{"footnotes":""},"class_list":["post-9392","page","type-page","status-publish","hentry"],"yoast_head":"<!-- This site is optimized with the Yoast SEO plugin v26.8 - https:\/\/yoast.com\/product\/yoast-seo-wordpress\/ -->\n<title>Rigoberta Mench\u00fa - Casa Jaguar<\/title>\n<meta name=\"robots\" content=\"index, follow, max-snippet:-1, max-image-preview:large, max-video-preview:-1\" \/>\n<link rel=\"canonical\" href=\"https:\/\/casajaguarstudio.com\/es\/rigoberta-menchu\/\" \/>\n<meta property=\"og:locale\" content=\"es_ES\" \/>\n<meta property=\"og:type\" content=\"article\" \/>\n<meta property=\"og:title\" content=\"Rigoberta Mench\u00fa - Casa Jaguar\" \/>\n<meta property=\"og:description\" content=\"Name: Rigoberta Mench\u00fa Size: 60 x 73\u00a0Medium: Oil, collage, lithography on fabric Year: 2021 Rigoberta Mench\u00fa won the Nobel Peace\" \/>\n<meta property=\"og:url\" content=\"https:\/\/casajaguarstudio.com\/es\/rigoberta-menchu\/\" \/>\n<meta property=\"og:site_name\" content=\"Casa Jaguar\" \/>\n<meta property=\"article:modified_time\" content=\"2025-09-19T16:34:21+00:00\" \/>\n<meta property=\"og:image\" content=\"https:\/\/casajaguarstudio.com\/wp-content\/uploads\/2022\/04\/mujeres-rigoberta-menchu.png\" \/>\n\t<meta property=\"og:image:width\" content=\"609\" \/>\n\t<meta property=\"og:image:height\" content=\"759\" \/>\n\t<meta property=\"og:image:type\" content=\"image\/png\" \/>\n<meta name=\"twitter:card\" content=\"summary_large_image\" \/>\n<meta name=\"twitter:label1\" content=\"Tiempo de lectura\" \/>\n\t<meta name=\"twitter:data1\" content=\"1 minuto\" \/>\n<script type=\"application\/ld+json\" class=\"yoast-schema-graph\">{\"@context\":\"https:\/\/schema.org\",\"@graph\":[{\"@type\":\"WebPage\",\"@id\":\"https:\/\/casajaguarstudio.com\/rigoberta-menchu\/\",\"url\":\"https:\/\/casajaguarstudio.com\/rigoberta-menchu\/\",\"name\":\"Rigoberta Mench\u00fa - Casa Jaguar\",\"isPartOf\":{\"@id\":\"https:\/\/casajaguarstudio.com\/#website\"},\"primaryImageOfPage\":{\"@id\":\"https:\/\/casajaguarstudio.com\/rigoberta-menchu\/#primaryimage\"},\"image\":{\"@id\":\"https:\/\/casajaguarstudio.com\/rigoberta-menchu\/#primaryimage\"},\"thumbnailUrl\":\"https:\/\/casajaguarstudio.com\/wp-content\/uploads\/2022\/04\/mujeres-rigoberta-menchu.png\",\"datePublished\":\"2022-04-19T06:42:56+00:00\",\"dateModified\":\"2025-09-19T16:34:21+00:00\",\"breadcrumb\":{\"@id\":\"https:\/\/casajaguarstudio.com\/rigoberta-menchu\/#breadcrumb\"},\"inLanguage\":\"es-CO\",\"potentialAction\":[{\"@type\":\"ReadAction\",\"target\":[\"https:\/\/casajaguarstudio.com\/rigoberta-menchu\/\"]}]},{\"@type\":\"ImageObject\",\"inLanguage\":\"es-CO\",\"@id\":\"https:\/\/casajaguarstudio.com\/rigoberta-menchu\/#primaryimage\",\"url\":\"https:\/\/casajaguarstudio.com\/wp-content\/uploads\/2022\/04\/mujeres-rigoberta-menchu.png\",\"contentUrl\":\"https:\/\/casajaguarstudio.com\/wp-content\/uploads\/2022\/04\/mujeres-rigoberta-menchu.png\"},{\"@type\":\"BreadcrumbList\",\"@id\":\"https:\/\/casajaguarstudio.com\/rigoberta-menchu\/#breadcrumb\",\"itemListElement\":[{\"@type\":\"ListItem\",\"position\":1,\"name\":\"Home\",\"item\":\"https:\/\/casajaguarstudio.com\/\"},{\"@type\":\"ListItem\",\"position\":2,\"name\":\"Rigoberta Mench\u00fa\"}]},{\"@type\":\"WebSite\",\"@id\":\"https:\/\/casajaguarstudio.com\/#website\",\"url\":\"https:\/\/casajaguarstudio.com\/\",\"name\":\"Casa Jaguar\",\"description\":\"Studio\",\"potentialAction\":[{\"@type\":\"SearchAction\",\"target\":{\"@type\":\"EntryPoint\",\"urlTemplate\":\"https:\/\/casajaguarstudio.com\/?s={search_term_string}\"},\"query-input\":{\"@type\":\"PropertyValueSpecification\",\"valueRequired\":true,\"valueName\":\"search_term_string\"}}],\"inLanguage\":\"es-CO\"}]}<\/script>\n<!-- \/ Yoast SEO plugin. -->","yoast_head_json":{"title":"Rigoberta Mench\u00fa - Casa Jaguar","robots":{"index":"index","follow":"follow","max-snippet":"max-snippet:-1","max-image-preview":"max-image-preview:large","max-video-preview":"max-video-preview:-1"},"canonical":"https:\/\/casajaguarstudio.com\/es\/rigoberta-menchu\/","og_locale":"es_ES","og_type":"article","og_title":"Rigoberta Mench\u00fa - Casa Jaguar","og_description":"Name: Rigoberta Mench\u00fa Size: 60 x 73\u00a0Medium: Oil, collage, lithography on fabric Year: 2021 Rigoberta Mench\u00fa won the Nobel Peace","og_url":"https:\/\/casajaguarstudio.com\/es\/rigoberta-menchu\/","og_site_name":"Casa Jaguar","article_modified_time":"2025-09-19T16:34:21+00:00","og_image":[{"width":609,"height":759,"url":"https:\/\/casajaguarstudio.com\/wp-content\/uploads\/2022\/04\/mujeres-rigoberta-menchu.png","type":"image\/png"}],"twitter_card":"summary_large_image","twitter_misc":{"Tiempo de lectura":"1 minuto"},"schema":{"@context":"https:\/\/schema.org","@graph":[{"@type":"WebPage","@id":"https:\/\/casajaguarstudio.com\/rigoberta-menchu\/","url":"https:\/\/casajaguarstudio.com\/rigoberta-menchu\/","name":"Rigoberta Mench\u00fa - Casa Jaguar","isPartOf":{"@id":"https:\/\/casajaguarstudio.com\/#website"},"primaryImageOfPage":{"@id":"https:\/\/casajaguarstudio.com\/rigoberta-menchu\/#primaryimage"},"image":{"@id":"https:\/\/casajaguarstudio.com\/rigoberta-menchu\/#primaryimage"},"thumbnailUrl":"https:\/\/casajaguarstudio.com\/wp-content\/uploads\/2022\/04\/mujeres-rigoberta-menchu.png","datePublished":"2022-04-19T06:42:56+00:00","dateModified":"2025-09-19T16:34:21+00:00","breadcrumb":{"@id":"https:\/\/casajaguarstudio.com\/rigoberta-menchu\/#breadcrumb"},"inLanguage":"es-CO","potentialAction":[{"@type":"ReadAction","target":["https:\/\/casajaguarstudio.com\/rigoberta-menchu\/"]}]},{"@type":"ImageObject","inLanguage":"es-CO","@id":"https:\/\/casajaguarstudio.com\/rigoberta-menchu\/#primaryimage","url":"https:\/\/casajaguarstudio.com\/wp-content\/uploads\/2022\/04\/mujeres-rigoberta-menchu.png","contentUrl":"https:\/\/casajaguarstudio.com\/wp-content\/uploads\/2022\/04\/mujeres-rigoberta-menchu.png"},{"@type":"BreadcrumbList","@id":"https:\/\/casajaguarstudio.com\/rigoberta-menchu\/#breadcrumb","itemListElement":[{"@type":"ListItem","position":1,"name":"Home","item":"https:\/\/casajaguarstudio.com\/"},{"@type":"ListItem","position":2,"name":"Rigoberta Mench\u00fa"}]},{"@type":"WebSite","@id":"https:\/\/casajaguarstudio.com\/#website","url":"https:\/\/casajaguarstudio.com\/","name":"Casa Jaguar","description":"Studio","potentialAction":[{"@type":"SearchAction","target":{"@type":"EntryPoint","urlTemplate":"https:\/\/casajaguarstudio.com\/?s={search_term_string}"},"query-input":{"@type":"PropertyValueSpecification","valueRequired":true,"valueName":"search_term_string"}}],"inLanguage":"es-CO"}]}},"_links":{"self":[{"href":"https:\/\/casajaguarstudio.com\/es\/wp-json\/wp\/v2\/pages\/9392","targetHints":{"allow":["GET"]}}],"collection":[{"href":"https:\/\/casajaguarstudio.com\/es\/wp-json\/wp\/v2\/pages"}],"about":[{"href":"https:\/\/casajaguarstudio.com\/es\/wp-json\/wp\/v2\/types\/page"}],"author":[{"embeddable":true,"href":"https:\/\/casajaguarstudio.com\/es\/wp-json\/wp\/v2\/users\/1"}],"replies":[{"embeddable":true,"href":"https:\/\/casajaguarstudio.com\/es\/wp-json\/wp\/v2\/comments?post=9392"}],"version-history":[{"count":3,"href":"https:\/\/casajaguarstudio.com\/es\/wp-json\/wp\/v2\/pages\/9392\/revisions"}],"predecessor-version":[{"id":11215,"href":"https:\/\/casajaguarstudio.com\/es\/wp-json\/wp\/v2\/pages\/9392\/revisions\/11215"}],"wp:attachment":[{"href":"https:\/\/casajaguarstudio.com\/es\/wp-json\/wp\/v2\/media?parent=9392"}],"curies":[{"name":"wp","href":"https:\/\/api.w.org\/{rel}","templated":true}]}}